{"id":31,"date":"2018-09-12T15:30:49","date_gmt":"2018-09-12T08:30:49","guid":{"rendered":"http:\/\/demo.bmconnect.vn\/xkld3\/?page_id=31"},"modified":"2018-09-14T23:32:52","modified_gmt":"2018-09-14T16:32:52","slug":"gioi-thieu","status":"publish","type":"page","link":"https:\/\/demo.bmconnect.vn\/xkld3\/gioi-thieu\/","title":{"rendered":"Gi\u1edbi thi\u1ec7u"},"content":{"rendered":"\t<section class=\"section\" id=\"section_589940962\">\n\t\t<div class=\"bg section-bg fill bg-fill  \" >\n\n\t\t\t\n\t\t\t<div class=\"section-bg-overlay absolute fill\"><\/div>\n\t\t\t\n\n\t\t<\/div>\n\n\t\t<div class=\"section-content relative\">\n\t\t\t\n<div class=\"row row-small\"  id=\"row-879368957\">\n\n\t<div id=\"col-1143674704\" class=\"col small-12 large-12\"  >\n\t\t\t\t<div class=\"col-inner dark\"  >\n\t\t\t\n\t\t\t\n\t<div id=\"gap-1053915622\" class=\"gap-element clearfix\" style=\"display:block; height:auto;\">\n\t\t\n<style>\n#gap-1053915622 {\n  padding-top: 30px;\n}\n<\/style>\n\t<\/div>\n\t\n<h1><span style=\"font-size: 120%;\">Gi\u1edbi thi\u1ec7u<\/span><\/h1>\n\t\t<\/div>\n\t\t\t\t\t<\/div>\n\n\t\n<\/div>\n\t\t<\/div>\n\n\t\t\n<style>\n#section_589940962 {\n  padding-top: 5px;\n  padding-bottom: 5px;\n}\n#section_589940962 .section-bg-overlay {\n  background-color: rgba(0, 0, 0, 0.34);\n}\n#section_589940962 .section-bg.bg-loaded {\n  background-image: url(https:\/\/demo.bmconnect.vn\/xkld3\/wp-content\/uploads\/2018\/09\/xkld-2.jpg);\n}\n<\/style>\n\t<\/section>\n\t\n\t<section class=\"section noi-dung-gioi-thieu\" id=\"section_243944295\">\n\t\t<div class=\"bg section-bg fill bg-fill  bg-loaded\" >\n\n\t\t\t\n\t\t\t\n\t\t\t\n\n\t\t<\/div>\n\n\t\t<div class=\"section-content relative\">\n\t\t\t\n<div class=\"row\"  id=\"row-1208488721\">\n\n\t<div id=\"col-245759273\" class=\"col medium-9 small-12 large-9\"  >\n\t\t\t\t<div class=\"col-inner\"  >\n\t\t\t\n\t\t\t\n<p>C\u00f4ng Ty C\u1ed5 Ph\u1ea7n Ph\u00e1t Tri\u1ec3n D\u1ecbch v\u1ee5 C.E.O (CEO D\u1ecbch V\u1ee5) \u2013 Ti\u1ec1n th\u00e2n l\u00e0 C\u00f4ng ty C\u1ed5 Ph\u1ea7n Ph\u00e1t Tri\u1ec3n Ngu\u1ed3n Nh\u00e2n L\u1ef1c C.E.O \u0111\u01b0\u1ee3c th\u00e0nh th\u00e0nh l\u1eadp v\u00e0o ng\u00e0y 18\/3\/2008, l\u00e0 m\u1ed9t \u0111\u01a1n v\u1ecb th\u00e0nh vi\u00ean thu\u1ed9c T\u1eadp \u0111o\u00e0n CEO, ho\u1ea1t \u0111\u1ed9ng trong 4 l\u0129nh v\u1ef1c ch\u00ednh: Xu\u1ea5t kh\u1ea9u lao \u0111\u1ed9ng, T\u01b0 v\u1ea5n du h\u1ecdc, \u0110\u00e0o t\u1ea1o ngo\u1ea1i ng\u1eef v\u00e0 T\u01b0 v\u1ea5n \u0111\u1ea7u t\u01b0 v\u1edbi th\u1ecb tr\u01b0\u1eddng tr\u1ecdng t\u00e2m l\u00e0 Nh\u1eadt B\u1ea3n.<\/p>\n<p>V\u1edbi nh\u1eefng b\u01b0\u1edbc ph\u00e1t tri\u1ec3n nhanh, m\u1ea1nh v\u00e0 b\u1ec1n v\u1eefng , CEO D\u1ecbch V\u1ee5 hi\u1ec7n nay l\u00e0 m\u1ed9t trong nh\u1eefng \u0111\u01a1n v\u1ecb uy t\u00edn h\u00e0ng \u0111\u1ea7u ho\u1ea1t \u0111\u1ed9ng trong l\u0129nh v\u1ef1c \u0111\u00e0o t\u1ea1o v\u00e0 cung \u1ee9ng ngu\u1ed3n nh\u00e2n l\u1ef1c cho th\u1ecb tr\u01b0\u1eddng lao \u0111\u1ed9ng t\u1ea1i Nh\u1eadt B\u1ea3n. H\u01b0\u1edbng \u0111\u1ebfn t\u00f4n ch\u1ec9 \u201cV\u00ec cu\u1ed9c s\u1ed1ng ch\u1ea5t l\u01b0\u1ee3ng h\u01a1n\u201d, CEO D\u1ecbch V\u1ee5 kh\u00f4ng ch\u1ec9 \u0111em l\u1ea1i nhi\u1ec1u c\u01a1 h\u1ed9i vi\u1ec7c l\u00e0m t\u1ea1i Nh\u1eadt B\u1ea3n cho ng\u01b0\u1eddi lao \u0111\u1ed9ng Vi\u1ec7t Nam m\u00e0 c\u00f2n \u0111\u00e1p \u1ee9ng \u0111\u01b0\u1ee3c nh\u1eefng y\u00eau c\u1ea7u kh\u1eaft khe v\u1ec1 ch\u1ea5t l\u01b0\u1ee3ng th\u1ef1c t\u1eadp sinh c\u1ee7a th\u1ecb tr\u01b0\u1eddng Nh\u1eadt B\u1ea3n. H\u00e0ng ngh\u00ecn ng\u01b0\u1eddi lao \u0111\u1ed9ng Vi\u1ec7t Nam \u0111\u01b0\u1ee3c CEO D\u1ecbch V\u1ee5 ph\u00e1i c\u1eed sang Nh\u1eadt l\u00e0m vi\u1ec7c trong nh\u1eefng n\u0103m qua \u0111\u1ec1u \u0111\u01b0\u1ee3c cam k\u1ebft \u0111\u1ea3m b\u1ea3o m\u1ee9c thu nh\u1eadp v\u00e0 ch\u1ebf \u0111\u1ed9 \u0111\u00e3i ng\u1ed9 theo \u0111\u00fang quy \u0111\u1ecbnh c\u1ee7a ph\u00e1p lu\u1eadt hi\u1ec7n h\u00e0nh t\u1ea1i Nh\u1eadt B\u1ea3n.<\/p>\n<p>Ho\u1ea1t \u0111\u1ed9ng \u0111\u00e0o t\u1ea1o \u0111\u01b0\u1ee3c coi l\u00e0 \u0111i\u1ec3m c\u1ed1t l\u00f5i \u0111\u1ec3 quy\u1ebft \u0111\u1ecbnh ch\u1ea5t l\u01b0\u1ee3ng th\u1ef1c t\u1eadp sinh. CEO D\u1ecbch v\u1ee5 hi\u1ec7n nay \u0111\u00e3 \u0111\u1ea7u t\u01b0 4 trung t\u00e2m \u0111\u00e0o t\u1ea1o l\u1edbn t\u1ea1i H\u00e0 N\u1ed9i, Chi nh\u00e1nh C\u00f4ng ty t\u1ea1i B\u1eafc Ninh v\u00e0 Th\u00e0nh ph\u1ed1 H\u1ed3 Ch\u00ed Minh. T\u1ea1i \u0111\u00e2y h\u1ecdc vi\u00ean \u0111\u01b0\u1ee3c h\u1ecdc t\u1eadp ng\u00f4n ng\u1eef v\u00e0 r\u00e8n luy\u1ec7n tay ngh\u1ec1 trong \u0111i\u1ec1u ki\u1ec7n t\u1ed1t nh\u1ea5t v\u00e0 ph\u00f9 h\u1ee3p v\u1edbi ti\u00eau chu\u1ea9n v\u00e0 m\u00f4 h\u00ecnh \u0111\u00e0o t\u1ea1o c\u1ee7a Nh\u1eadt B\u1ea3n: t\u1eeb \u0111\u1ed9i ng\u0169 gi\u00e1o vi\u00ean Vi\u1ec7t Nam v\u00e0 gi\u00e1o vi\u00ean Nh\u1eadt B\u1ea3n gi\u00e0u k\u00ednh nghi\u1ec7m \u0111\u1ebfn h\u1ec7 th\u1ed1ng c\u01a1 s\u1edf \u0111\u00e0o t\u1ea1o \u0111\u1ea1t ti\u00eau chu\u1ea9n.<\/p>\n<p>CEO D\u1ecbch V\u1ee5 \u0111\u1eb7c bi\u1ec7t ch\u00fa tr\u1ecdng vi\u1ec7c x\u00e2y d\u1ef1ng \u0111\u1ed9i ng\u0169 CBCNV v\u1eefng chuy\u00ean m\u00f4n, gi\u1ecfi nghi\u1ec7p v\u1ee5 v\u00e0 gi\u00e0u nhi\u1ec7t huy\u1ebft b\u00ean c\u1ea1nh vi\u1ec7c kh\u00f4ng ng\u1eebng c\u1ea3i ti\u1ebfn qui tr\u00ecnh ho\u1ea1t \u0111\u1ed9ng \u0111\u1ec3 ph\u00e1t huy t\u1ed1i \u0111a n\u0103ng su\u1ea5t, hi\u1ec7u qu\u1ea3 c\u00f4ng vi\u1ec7c, gi\u1eef v\u1eefng v\u1ecb th\u1ebf th\u01b0\u01a1ng hi\u1ec7u h\u00e0ng \u0111\u1ea7u t\u1ea1i Vi\u1ec7t Nam.<\/p>\n<p>Tr\u1ea3i qua g\u1ea7n 10 n\u0103m h\u00ecnh th\u00e0nh v\u00e0 ph\u00e1t tri\u1ec3n, CEO D\u1ecbch v\u1ee5 \u0111\u00e3 \u0111\u1ea1t \u0111\u01b0\u1ee3c nh\u1eefng th\u00e0nh qu\u1ea3 \u0111\u00e1ng ghi nh\u1eadn, \u0111\u01b0\u1ee3c kh\u00e1ch h\u00e0ng, \u0111\u1ed1i t\u00e1c v\u00e0 c\u1ed9ng \u0111\u1ed3ng t\u00edn nhi\u1ec7m, \u0111\u01b0\u1ee3c x\u00e3 h\u1ed9i c\u00f4ng nh\u1eadn. V\u1edbi t\u1ea7m nh\u00ecn v\u00e0 s\u1ee9 m\u1ec7nh r\u00f5 r\u00e0ng, CEO D\u1ecbch V\u1ee5 \u0111\u00e3, \u0111ang v\u00e0 s\u1ebd lu\u00f4n \u0111\u00e1p \u1ee9ng \u0111\u01b0\u1ee3c nhu c\u1ea7u vi\u1ec7c l\u00e0m c\u1ee7a ng\u01b0\u1eddi lao \u0111\u1ed9ng c\u0169ng nh\u01b0 c\u00e1c y\u00eau c\u1ea7u t\u1eeb ph\u00eda kh\u00e1ch h\u00e0ng v\u00e0 \u0111\u1ed1i t\u00e1c, g\u00f3p ph\u1ea7n n\u00e2ng cao ch\u1ea5t l\u01b0\u1ee3ng cu\u1ed9c s\u1ed1ng v\u00e0 mang l\u1ea1i nhi\u1ec1u gi\u00e1 tr\u1ecb cho c\u1ed9ng \u0111\u1ed3ng x\u00e3 h\u1ed9i.<\/p>\n\t\t<\/div>\n\t\t\t\t\t<\/div>\n\n\t\n\n\t<div id=\"col-1997885088\" class=\"col cot2 medium-3 small-12 large-3\"  >\n\t\t\t\t<div class=\"col-inner\"  >\n\t\t\t\n\t\t\t\n<div class=\"container section-title-container\" ><h2 class=\"section-title section-title-normal\"><b><\/b><span class=\"section-title-main\" style=\"font-size:80%;color:rgb(255, 100, 0);\">Gi\u1edbi thi\u1ec7u<\/span><b><\/b><\/h2><\/div>\n<p><a href=\"https:\/\/giuseart.com\">Gi\u1edbi thi\u1ec7u<\/a><\/p>\n<p><a href=\"https:\/\/giuseart.com\">Gi\u00e1 tr\u1ecb c\u1ed1t l\u00f5i<\/a><\/p>\n<p><a href=\"https:\/\/giuseart.com\">T\u1ea7m nh\u00ecn &amp; S\u1ee9 m\u1ec7nh<\/a><\/p>\n<p><a href=\"https:\/\/giuseart.com\">L\u1ecbch s\u1eed ph\u00e1t tri\u1ec3n<\/a><\/p>\n<p><a href=\"https:\/\/giuseart.com\">Ban l\u00e3nh \u0111\u1ea1o<\/a><\/p>\n<p><a href=\"https:\/\/giuseart.com\">S\u01a1 \u0111\u1ed3 t\u1ed5 ch\u1ee9c<\/a><\/p>\n<div class=\"container section-title-container\" ><h2 class=\"section-title section-title-normal\"><b><\/b><span class=\"section-title-main\" style=\"font-size:80%;color:rgb(255, 100, 0);\">D\u1ecbch v\u1ee5 CEO's<\/span><b><\/b><\/h2><\/div>\n<p><a href=\"https:\/\/giuseart.com\">Xu\u1ea5t kh\u1ea9u lao \u0111\u1ed9ng<\/a><\/p>\n<p><a href=\"https:\/\/giuseart.com\">Th\u1ef1c t\u1eadp sinh \u0110i\u1ec1u d\u01b0\u1ee1ng<\/a><\/p>\n<p><a href=\"https:\/\/giuseart.com\">Th\u1ef1c t\u1eadp sinh k\u1ef9 n\u0103ng Nh\u1eadt B\u1ea3n<\/a><\/p>\n<p><a href=\"https:\/\/giuseart.com\">K\u1ef9 s\u01b0 Nh\u1eadt B\u1ea3n<\/a><\/p>\n<p><a href=\"https:\/\/giuseart.com\">T\u01b0 v\u1ea5n du h\u1ecdc<\/a><\/p>\n<p><a href=\"https:\/\/giuseart.com\">Du h\u1ecdc ng\u00e0nh \u0111i\u1ec1u d\u01b0\u1ee1ng<\/a><\/p>\n<p><a href=\"https:\/\/giuseart.com\">Du h\u1ecdc Nh\u1eadt B\u1ea3n<\/a><\/p>\n<p><a href=\"https:\/\/giuseart.com\">T\u01b0 v\u1ea5n \u0111\u1ea7u t\u01b0<\/a><\/p>\n<p><a href=\"https:\/\/giuseart.com\">\u0110\u00e0o t\u1ea1o ngo\u1ea1i ng\u1eef<\/a><\/p>\n\t\t<\/div>\n\t\t\t\t\t<\/div>\n\n\t\n<\/div>\n\t\t<\/div>\n\n\t\t\n<style>\n#section_243944295 {\n  padding-top: 30px;\n  padding-bottom: 30px;\n}\n<\/style>\n\t<\/section>\n\t\n","protected":false},"excerpt":{"rendered":"","protected":false},"author":1,"featured_media":0,"parent":0,"menu_order":0,"comment_status":"closed","ping_status":"closed","template":"page-blank.php","meta":[],"_links":{"self":[{"href":"https:\/\/demo.bmconnect.vn\/xkld3\/wp-json\/wp\/v2\/pages\/31"}],"collection":[{"href":"https:\/\/demo.bmconnect.vn\/xkld3\/wp-json\/wp\/v2\/pages"}],"about":[{"href":"https:\/\/demo.bmconnect.vn\/xkld3\/wp-json\/wp\/v2\/types\/page"}],"author":[{"embeddable":true,"href":"https:\/\/demo.bmconnect.vn\/xkld3\/wp-json\/wp\/v2\/users\/1"}],"replies":[{"embeddable":true,"href":"https:\/\/demo.bmconnect.vn\/xkld3\/wp-json\/wp\/v2\/comments?post=31"}],"version-history":[{"count":25,"href":"https:\/\/demo.bmconnect.vn\/xkld3\/wp-json\/wp\/v2\/pages\/31\/revisions"}],"predecessor-version":[{"id":675,"href":"https:\/\/demo.bmconnect.vn\/xkld3\/wp-json\/wp\/v2\/pages\/31\/revisions\/675"}],"wp:attachment":[{"href":"https:\/\/demo.bmconnect.vn\/xkld3\/wp-json\/wp\/v2\/media?parent=31"}],"curies":[{"name":"wp","href":"https:\/\/api.w.org\/{rel}","templated":true}]}}