{"id":374,"date":"2019-01-07T15:43:43","date_gmt":"2019-01-07T08:43:43","guid":{"rendered":"http:\/\/demo.bmconnect.vn\/vientoc\/?page_id=374"},"modified":"2019-01-07T15:56:10","modified_gmt":"2019-01-07T08:56:10","slug":"hinh-anh-lop-hoc","status":"publish","type":"page","link":"https:\/\/demo.bmconnect.vn\/vientoc\/album-anh\/hinh-anh-lop-hoc\/","title":{"rendered":"H\u00ecnh \u1ea3nh l\u1edbp h\u1ecdc"},"content":{"rendered":"\t<div id=\"gap-2117923208\" class=\"gap-element clearfix\" style=\"display:block; height:auto;\">\n\t\t\n<style>\n#gap-2117923208 {\n  padding-top: 30px;\n}\n<\/style>\n\t<\/div>\n\t\n\n  \n    <div class=\"row large-columns-4 medium-columns-3 small-columns-2 row-small\">\n          <div class=\"gallery-col col\" >\n          <div class=\"col-inner\">\n            <a class=\"image-lightbox lightbox-gallery\" href=\"https:\/\/demo.bmconnect.vn\/vientoc\/wp-content\/uploads\/2019\/01\/img9-1.jpg\" title=\"(L\u1ec5 t\u1ed5ng k\u1ebft trao b\u1eb1ng t\u1ed1t nghi\u1ec7p cho 62 h\u1ecdc vi\u00ean kh\u00f3a K803)\n\">            <div class=\"box has-hover gallery-box box-bounce\">\n              <div class=\"box-image image-overlay-add\" >\n                <img width=\"750\" height=\"500\" src=\"https:\/\/demo.bmconnect.vn\/vientoc\/wp-content\/uploads\/2019\/01\/img9-1.jpg\" class=\"attachment-original size-original\" alt=\"\" loading=\"lazy\" ids=\"231,230,229,228,227,226,225,224\" style=\"bounce\" col_spacing=\"small\" image_size=\"original\" image_overlay=\"rgba(0, 0, 0, 0.54)\" image_hover=\"overlay-add\" text_align=\"center\" text_size=\"xsmall\" srcset=\"https:\/\/demo.bmconnect.vn\/vientoc\/wp-content\/uploads\/2019\/01\/img9-1.jpg 750w, https:\/\/demo.bmconnect.vn\/vientoc\/wp-content\/uploads\/2019\/01\/img9-1-300x200.jpg 300w\" sizes=\"(max-width: 750px) 100vw, 750px\" \/>                                  <div class=\"overlay fill\"\n                      style=\"background-color: rgba(0, 0, 0, 0.54)\">\n                  <\/div>\n                                                              <\/div>\n              <div class=\"box-text text-center is-xsmall\" >\n                 <p>(L\u1ec5 t\u1ed5ng k\u1ebft trao b\u1eb1ng t\u1ed1t nghi\u1ec7p cho 62 h\u1ecdc vi\u00ean kh\u00f3a K803)\n<\/p>\n              <\/div>\n            <\/div>\n            <\/a>          <\/div>\n         <\/div>\n                 <div class=\"gallery-col col\" >\n          <div class=\"col-inner\">\n            <a class=\"image-lightbox lightbox-gallery\" href=\"https:\/\/demo.bmconnect.vn\/vientoc\/wp-content\/uploads\/2019\/01\/img9.jpg\" title=\"(H\u1ecdc vi\u00ean \u0111\u01b0\u1ee3c c\u1ea5p b\u1eb1ng ch\u1ee9ng ch\u1ec9 ngh\u1ec1 c\u1ea5p qu\u1ed1c gia)\n\">            <div class=\"box has-hover gallery-box box-bounce\">\n              <div class=\"box-image image-overlay-add\" >\n                <img width=\"750\" height=\"500\" src=\"https:\/\/demo.bmconnect.vn\/vientoc\/wp-content\/uploads\/2019\/01\/img9.jpg\" class=\"attachment-original size-original\" alt=\"\" loading=\"lazy\" ids=\"231,230,229,228,227,226,225,224\" style=\"bounce\" col_spacing=\"small\" image_size=\"original\" image_overlay=\"rgba(0, 0, 0, 0.54)\" image_hover=\"overlay-add\" text_align=\"center\" text_size=\"xsmall\" srcset=\"https:\/\/demo.bmconnect.vn\/vientoc\/wp-content\/uploads\/2019\/01\/img9.jpg 750w, https:\/\/demo.bmconnect.vn\/vientoc\/wp-content\/uploads\/2019\/01\/img9-300x200.jpg 300w\" sizes=\"(max-width: 750px) 100vw, 750px\" \/>                                  <div class=\"overlay fill\"\n                      style=\"background-color: rgba(0, 0, 0, 0.54)\">\n                  <\/div>\n                                                              <\/div>\n              <div class=\"box-text text-center is-xsmall\" >\n                 <p>(H\u1ecdc vi\u00ean \u0111\u01b0\u1ee3c c\u1ea5p b\u1eb1ng ch\u1ee9ng ch\u1ec9 ngh\u1ec1 c\u1ea5p qu\u1ed1c gia)\n<\/p>\n              <\/div>\n            <\/div>\n            <\/a>          <\/div>\n         <\/div>\n                 <div class=\"gallery-col col\" >\n          <div class=\"col-inner\">\n            <a class=\"image-lightbox lightbox-gallery\" href=\"https:\/\/demo.bmconnect.vn\/vientoc\/wp-content\/uploads\/2019\/01\/img8.jpg\" title=\"(H\u1ecdc vi\u00ean \u0111\u01b0\u1ee3c th\u1ef1c h\u00e0nh li\u00ean t\u1ee5c trong su\u1ed1t qu\u00e1 tr\u00ecnh h\u1ecdc)\">            <div class=\"box has-hover gallery-box box-bounce\">\n              <div class=\"box-image image-overlay-add\" >\n                <img width=\"750\" height=\"500\" src=\"https:\/\/demo.bmconnect.vn\/vientoc\/wp-content\/uploads\/2019\/01\/img8.jpg\" class=\"attachment-original size-original\" alt=\"\" loading=\"lazy\" ids=\"231,230,229,228,227,226,225,224\" style=\"bounce\" col_spacing=\"small\" image_size=\"original\" image_overlay=\"rgba(0, 0, 0, 0.54)\" image_hover=\"overlay-add\" text_align=\"center\" text_size=\"xsmall\" srcset=\"https:\/\/demo.bmconnect.vn\/vientoc\/wp-content\/uploads\/2019\/01\/img8.jpg 750w, https:\/\/demo.bmconnect.vn\/vientoc\/wp-content\/uploads\/2019\/01\/img8-300x200.jpg 300w\" sizes=\"(max-width: 750px) 100vw, 750px\" \/>                                  <div class=\"overlay fill\"\n                      style=\"background-color: rgba(0, 0, 0, 0.54)\">\n                  <\/div>\n                                                              <\/div>\n              <div class=\"box-text text-center is-xsmall\" >\n                 <p>(H\u1ecdc vi\u00ean \u0111\u01b0\u1ee3c th\u1ef1c h\u00e0nh li\u00ean t\u1ee5c trong su\u1ed1t qu\u00e1 tr\u00ecnh h\u1ecdc)<\/p>\n              <\/div>\n            <\/div>\n            <\/a>          <\/div>\n         <\/div>\n                 <div class=\"gallery-col col\" >\n          <div class=\"col-inner\">\n            <a class=\"image-lightbox lightbox-gallery\" href=\"https:\/\/demo.bmconnect.vn\/vientoc\/wp-content\/uploads\/2019\/01\/img7.jpg\" title=\"(Gi\u1edd h\u1ecdc th\u1ef1c h\u00e0nh u\u1ed1n t\u00f3c t\u1ea1i h\u1ecdc vi\u1ec7n)\">            <div class=\"box has-hover gallery-box box-bounce\">\n              <div class=\"box-image image-overlay-add\" >\n                <img width=\"750\" height=\"500\" src=\"https:\/\/demo.bmconnect.vn\/vientoc\/wp-content\/uploads\/2019\/01\/img7.jpg\" class=\"attachment-original size-original\" alt=\"\" loading=\"lazy\" ids=\"231,230,229,228,227,226,225,224\" style=\"bounce\" col_spacing=\"small\" image_size=\"original\" image_overlay=\"rgba(0, 0, 0, 0.54)\" image_hover=\"overlay-add\" text_align=\"center\" text_size=\"xsmall\" srcset=\"https:\/\/demo.bmconnect.vn\/vientoc\/wp-content\/uploads\/2019\/01\/img7.jpg 750w, https:\/\/demo.bmconnect.vn\/vientoc\/wp-content\/uploads\/2019\/01\/img7-300x200.jpg 300w\" sizes=\"(max-width: 750px) 100vw, 750px\" \/>                                  <div class=\"overlay fill\"\n                      style=\"background-color: rgba(0, 0, 0, 0.54)\">\n                  <\/div>\n                                                              <\/div>\n              <div class=\"box-text text-center is-xsmall\" >\n                 <p>(Gi\u1edd h\u1ecdc th\u1ef1c h\u00e0nh u\u1ed1n t\u00f3c t\u1ea1i h\u1ecdc vi\u1ec7n)<\/p>\n              <\/div>\n            <\/div>\n            <\/a>          <\/div>\n         <\/div>\n                 <div class=\"gallery-col col\" >\n          <div class=\"col-inner\">\n            <a class=\"image-lightbox lightbox-gallery\" href=\"https:\/\/demo.bmconnect.vn\/vientoc\/wp-content\/uploads\/2019\/01\/img6.jpg\" title=\"(Gi\u1ea3ng vi\u00ean ch\u1ec9nh thao t\u00e1c tay, k\u1ef9 thu\u1eadt k\u1eb9p t\u00f3c)\">            <div class=\"box has-hover gallery-box box-bounce\">\n              <div class=\"box-image image-overlay-add\" >\n                <img width=\"750\" height=\"563\" src=\"https:\/\/demo.bmconnect.vn\/vientoc\/wp-content\/uploads\/2019\/01\/img6.jpg\" class=\"attachment-original size-original\" alt=\"\" loading=\"lazy\" ids=\"231,230,229,228,227,226,225,224\" style=\"bounce\" col_spacing=\"small\" image_size=\"original\" image_overlay=\"rgba(0, 0, 0, 0.54)\" image_hover=\"overlay-add\" text_align=\"center\" text_size=\"xsmall\" srcset=\"https:\/\/demo.bmconnect.vn\/vientoc\/wp-content\/uploads\/2019\/01\/img6.jpg 750w, https:\/\/demo.bmconnect.vn\/vientoc\/wp-content\/uploads\/2019\/01\/img6-300x225.jpg 300w\" sizes=\"(max-width: 750px) 100vw, 750px\" \/>                                  <div class=\"overlay fill\"\n                      style=\"background-color: rgba(0, 0, 0, 0.54)\">\n                  <\/div>\n                                                              <\/div>\n              <div class=\"box-text text-center is-xsmall\" >\n                 <p>(Gi\u1ea3ng vi\u00ean ch\u1ec9nh thao t\u00e1c tay, k\u1ef9 thu\u1eadt k\u1eb9p t\u00f3c)<\/p>\n              <\/div>\n            <\/div>\n            <\/a>          <\/div>\n         <\/div>\n                 <div class=\"gallery-col col\" >\n          <div class=\"col-inner\">\n            <a class=\"image-lightbox lightbox-gallery\" href=\"https:\/\/demo.bmconnect.vn\/vientoc\/wp-content\/uploads\/2019\/01\/img4.jpg\" title=\"\">            <div class=\"box has-hover gallery-box box-bounce\">\n              <div class=\"box-image image-overlay-add\" >\n                <img width=\"750\" height=\"563\" src=\"https:\/\/demo.bmconnect.vn\/vientoc\/wp-content\/uploads\/2019\/01\/img4.jpg\" class=\"attachment-original size-original\" alt=\"\" loading=\"lazy\" ids=\"231,230,229,228,227,226,225,224\" style=\"bounce\" col_spacing=\"small\" image_size=\"original\" image_overlay=\"rgba(0, 0, 0, 0.54)\" image_hover=\"overlay-add\" text_align=\"center\" text_size=\"xsmall\" srcset=\"https:\/\/demo.bmconnect.vn\/vientoc\/wp-content\/uploads\/2019\/01\/img4.jpg 750w, https:\/\/demo.bmconnect.vn\/vientoc\/wp-content\/uploads\/2019\/01\/img4-300x225.jpg 300w\" sizes=\"(max-width: 750px) 100vw, 750px\" \/>                                  <div class=\"overlay fill\"\n                      style=\"background-color: rgba(0, 0, 0, 0.54)\">\n                  <\/div>\n                                                              <\/div>\n              <div class=\"box-text text-center is-xsmall\" >\n                 <p><\/p>\n              <\/div>\n            <\/div>\n            <\/a>          <\/div>\n         <\/div>\n                 <div class=\"gallery-col col\" >\n          <div class=\"col-inner\">\n            <a class=\"image-lightbox lightbox-gallery\" href=\"https:\/\/demo.bmconnect.vn\/vientoc\/wp-content\/uploads\/2019\/01\/img3.jpg\" title=\"(H\u1ecdc vi\u00ean th\u1ef1c h\u00e0nh tr\u00ean kh\u00e1ch h\u00e0ng ch\u1ec9 sau 45 ng\u00e0y h\u1ecdc)\">            <div class=\"box has-hover gallery-box box-bounce\">\n              <div class=\"box-image image-overlay-add\" >\n                <img width=\"750\" height=\"563\" src=\"https:\/\/demo.bmconnect.vn\/vientoc\/wp-content\/uploads\/2019\/01\/img3.jpg\" class=\"attachment-original size-original\" alt=\"\" loading=\"lazy\" ids=\"231,230,229,228,227,226,225,224\" style=\"bounce\" col_spacing=\"small\" image_size=\"original\" image_overlay=\"rgba(0, 0, 0, 0.54)\" image_hover=\"overlay-add\" text_align=\"center\" text_size=\"xsmall\" srcset=\"https:\/\/demo.bmconnect.vn\/vientoc\/wp-content\/uploads\/2019\/01\/img3.jpg 750w, https:\/\/demo.bmconnect.vn\/vientoc\/wp-content\/uploads\/2019\/01\/img3-300x225.jpg 300w\" sizes=\"(max-width: 750px) 100vw, 750px\" \/>                                  <div class=\"overlay fill\"\n                      style=\"background-color: rgba(0, 0, 0, 0.54)\">\n                  <\/div>\n                                                              <\/div>\n              <div class=\"box-text text-center is-xsmall\" >\n                 <p>(H\u1ecdc vi\u00ean th\u1ef1c h\u00e0nh tr\u00ean kh\u00e1ch h\u00e0ng ch\u1ec9 sau 45 ng\u00e0y h\u1ecdc)<\/p>\n              <\/div>\n            <\/div>\n            <\/a>          <\/div>\n         <\/div>\n                 <div class=\"gallery-col col\" >\n          <div class=\"col-inner\">\n            <a class=\"image-lightbox lightbox-gallery\" href=\"https:\/\/demo.bmconnect.vn\/vientoc\/wp-content\/uploads\/2019\/01\/img2.jpg\" title=\"\">            <div class=\"box has-hover gallery-box box-bounce\">\n              <div class=\"box-image image-overlay-add\" >\n                <img width=\"750\" height=\"500\" src=\"https:\/\/demo.bmconnect.vn\/vientoc\/wp-content\/uploads\/2019\/01\/img2.jpg\" class=\"attachment-original size-original\" alt=\"\" loading=\"lazy\" ids=\"231,230,229,228,227,226,225,224\" style=\"bounce\" col_spacing=\"small\" image_size=\"original\" image_overlay=\"rgba(0, 0, 0, 0.54)\" image_hover=\"overlay-add\" text_align=\"center\" text_size=\"xsmall\" srcset=\"https:\/\/demo.bmconnect.vn\/vientoc\/wp-content\/uploads\/2019\/01\/img2.jpg 750w, https:\/\/demo.bmconnect.vn\/vientoc\/wp-content\/uploads\/2019\/01\/img2-300x200.jpg 300w\" sizes=\"(max-width: 750px) 100vw, 750px\" \/>                                  <div class=\"overlay fill\"\n                      style=\"background-color: rgba(0, 0, 0, 0.54)\">\n                  <\/div>\n                                                              <\/div>\n              <div class=\"box-text text-center is-xsmall\" >\n                 <p><\/p>\n              <\/div>\n            <\/div>\n            <\/a>          <\/div>\n         <\/div>\n         <\/div>\n","protected":false},"excerpt":{"rendered":"","protected":false},"author":1,"featured_media":230,"parent":369,"menu_order":0,"comment_status":"closed","ping_status":"closed","template":"page-blank.php","meta":[],"_links":{"self":[{"href":"https:\/\/demo.bmconnect.vn\/vientoc\/wp-json\/wp\/v2\/pages\/374"}],"collection":[{"href":"https:\/\/demo.bmconnect.vn\/vientoc\/wp-json\/wp\/v2\/pages"}],"about":[{"href":"https:\/\/demo.bmconnect.vn\/vientoc\/wp-json\/wp\/v2\/types\/page"}],"author":[{"embeddable":true,"href":"https:\/\/demo.bmconnect.vn\/vientoc\/wp-json\/wp\/v2\/users\/1"}],"replies":[{"embeddable":true,"href":"https:\/\/demo.bmconnect.vn\/vientoc\/wp-json\/wp\/v2\/comments?post=374"}],"version-history":[{"count":0,"href":"https:\/\/demo.bmconnect.vn\/vientoc\/wp-json\/wp\/v2\/pages\/374\/revisions"}],"up":[{"embeddable":true,"href":"https:\/\/demo.bmconnect.vn\/vientoc\/wp-json\/wp\/v2\/pages\/369"}],"wp:featuredmedia":[{"embeddable":true,"href":"https:\/\/demo.bmconnect.vn\/vientoc\/wp-json\/wp\/v2\/media\/230"}],"wp:attachment":[{"href":"https:\/\/demo.bmconnect.vn\/vientoc\/wp-json\/wp\/v2\/media?parent=374"}],"curies":[{"name":"wp","href":"https:\/\/api.w.org\/{rel}","templated":true}]}}