{"id":544,"date":"2018-08-07T10:50:52","date_gmt":"2018-08-07T03:50:52","guid":{"rendered":"https:\/\/demo.bmconnect.vn\/vcheck\/?page_id=544"},"modified":"2018-08-07T10:55:44","modified_gmt":"2018-08-07T03:55:44","slug":"tai-lieu-huong-dan","status":"publish","type":"page","link":"https:\/\/demo.bmconnect.vn\/vcheck\/tai-lieu-huong-dan\/","title":{"rendered":"T\u00e0i li\u1ec7u h\u01b0\u1edbng d\u1eabn"},"content":{"rendered":"\t<section class=\"section\" id=\"section_776422532\">\n\t\t<div class=\"bg section-bg fill bg-fill  \" >\n\n\t\t\t\n\t\t\t\n\t\t\t\n\n\t\t<\/div>\n\n\t\t<div class=\"section-content relative\">\n\t\t\t\n\t<div id=\"gap-1678016663\" class=\"gap-element clearfix\" style=\"display:block; height:auto;\">\n\t\t\n<style>\n#gap-1678016663 {\n  padding-top: 30px;\n}\n<\/style>\n\t<\/div>\n\t\n<div class=\"row\"  id=\"row-1081619656\">\n\n\t<div id=\"col-1636065295\" class=\"col small-12 large-12\"  >\n\t\t\t\t<div class=\"col-inner text-center dark\"  >\n\t\t\t\n\t\t\t\n<h2>C\u00e2u h\u1ecfi th\u01b0\u1eddng g\u1eb7p<\/h2>\n<p>Ch\u00fang t\u00f4i gi\u00fap b\u1ea1n tr\u1ea3 l\u1eddi m\u1ecdi c\u00e2u h\u1ecfi c\u1ee7a b\u1ea1n. H\u00e3y g\u00f5 v\u00e0o d\u01b0\u1edbi \u0111\u00e2y \u0111\u1ec3 t\u00ecm c\u00e2u tr\u1ea3 l\u1eddi b\u1ea1n c\u1ea7n<\/p>\n\t\t<\/div>\n\t\t\t\t\t<\/div>\n\n\t\n<\/div>\n\t\t<\/div>\n\n\t\t\n<style>\n#section_776422532 {\n  padding-top: 0px;\n  padding-bottom: 0px;\n}\n#section_776422532 .section-bg.bg-loaded {\n  background-image: url(https:\/\/demo.bmconnect.vn\/vcheck\/wp-content\/uploads\/2018\/08\/bg3.jpg);\n}\n<\/style>\n\t<\/section>\n\t\n<div class=\"row\"  id=\"row-1682926248\">\n\n\t<div id=\"col-1540449353\" class=\"col medium-4 small-12 large-4\"  >\n\t\t\t\t<div class=\"col-inner text-center\"  >\n\t\t\t\n\t\t\t\n\t<div class=\"img has-hover x md-x lg-x y md-y lg-y\" id=\"image_844105958\">\n\t\t\t\t\t\t\t\t<div class=\"img-inner dark\" >\n\t\t\t<img width=\"95\" height=\"93\" src=\"https:\/\/demo.bmconnect.vn\/vcheck\/wp-content\/uploads\/2018\/08\/pdf-icon.jpg\" class=\"attachment-original size-original\" alt=\"\" loading=\"lazy\" \/>\t\t\t\t\t\t\n\t\t\t\t\t<\/div>\n\t\t\t\t\t\t\t\t\n<style>\n#image_844105958 {\n  width: 27%;\n}\n<\/style>\n\t<\/div>\n\t\n<p style=\"text-align: center;\"><span style=\"color: #000000;\">HDSD Tem QR Code Ch\u1ed1ng Gi\u1ea3<\/p>\n<p><a href=\"http:\/\/qrcode-solution.com\/wp-content\/uploads\/2018\/03\/HDSD-Tem-QR-Code-chong-gia-pdf.pdf\">Xem<\/a> |<a href=\"#\"> T\u1ea3i xu\u1ed1ng<\/a><\/span><\/p>\n\t\t<\/div>\n\t\t\t\t\t<\/div>\n\n\t\n\n\t<div id=\"col-471327885\" class=\"col medium-4 small-12 large-4\"  >\n\t\t\t\t<div class=\"col-inner text-center\"  >\n\t\t\t\n\t\t\t\n\t<div class=\"img has-hover x md-x lg-x y md-y lg-y\" id=\"image_1709725215\">\n\t\t\t\t\t\t\t\t<div class=\"img-inner dark\" >\n\t\t\t<img width=\"95\" height=\"93\" src=\"https:\/\/demo.bmconnect.vn\/vcheck\/wp-content\/uploads\/2018\/08\/pdf-icon.jpg\" class=\"attachment-original size-original\" alt=\"\" loading=\"lazy\" \/>\t\t\t\t\t\t\n\t\t\t\t\t<\/div>\n\t\t\t\t\t\t\t\t\n<style>\n#image_1709725215 {\n  width: 27%;\n}\n<\/style>\n\t<\/div>\n\t\n<p style=\"text-align: center;\"><span style=\"color: #000000;\">H\u01b0\u1edbng D\u1ea5n Qu\u00e9t M\u00e3 QR Code<\/p>\n<p><a href=\"http:\/\/qrcode-solution.com\/wp-content\/uploads\/2018\/03\/HDSD-Tem-QR-Code-chong-gia-pdf.pdf\">Xem<\/a> |<a href=\"#\"> T\u1ea3i xu\u1ed1ng<\/a><\/span><\/p>\n\t\t<\/div>\n\t\t\t\t\t<\/div>\n\n\t\n\n\t<div id=\"col-1688166703\" class=\"col medium-4 small-12 large-4\"  >\n\t\t\t\t<div class=\"col-inner text-center\"  >\n\t\t\t\n\t\t\t\n\t<div class=\"img has-hover x md-x lg-x y md-y lg-y\" id=\"image_1105176383\">\n\t\t\t\t\t\t\t\t<div class=\"img-inner dark\" >\n\t\t\t<img width=\"95\" height=\"93\" src=\"https:\/\/demo.bmconnect.vn\/vcheck\/wp-content\/uploads\/2018\/08\/pdf-icon.jpg\" class=\"attachment-original size-original\" alt=\"\" loading=\"lazy\" \/>\t\t\t\t\t\t\n\t\t\t\t\t<\/div>\n\t\t\t\t\t\t\t\t\n<style>\n#image_1105176383 {\n  width: 27%;\n}\n<\/style>\n\t<\/div>\n\t\n<p style=\"text-align: center;\"><span style=\"color: #000000;\">H\u01b0\u1edbng D\u1eabn T\u1ea1o QR Code<\/p>\n<p><a href=\"http:\/\/qrcode-solution.com\/wp-content\/uploads\/2018\/03\/HDSD-Tem-QR-Code-chong-gia-pdf.pdf\">Xem<\/a> |<a href=\"#\"> T\u1ea3i xu\u1ed1ng<\/a><\/span><\/p>\n\t\t<\/div>\n\t\t\t\t\t<\/div>\n\n\t\n<\/div>\n","protected":false},"excerpt":{"rendered":"","protected":false},"author":1,"featured_media":0,"parent":0,"menu_order":0,"comment_status":"closed","ping_status":"closed","template":"page-blank.php","meta":[],"_links":{"self":[{"href":"https:\/\/demo.bmconnect.vn\/vcheck\/wp-json\/wp\/v2\/pages\/544"}],"collection":[{"href":"https:\/\/demo.bmconnect.vn\/vcheck\/wp-json\/wp\/v2\/pages"}],"about":[{"href":"https:\/\/demo.bmconnect.vn\/vcheck\/wp-json\/wp\/v2\/types\/page"}],"author":[{"embeddable":true,"href":"https:\/\/demo.bmconnect.vn\/vcheck\/wp-json\/wp\/v2\/users\/1"}],"replies":[{"embeddable":true,"href":"https:\/\/demo.bmconnect.vn\/vcheck\/wp-json\/wp\/v2\/comments?post=544"}],"version-history":[{"count":0,"href":"https:\/\/demo.bmconnect.vn\/vcheck\/wp-json\/wp\/v2\/pages\/544\/revisions"}],"wp:attachment":[{"href":"https:\/\/demo.bmconnect.vn\/vcheck\/wp-json\/wp\/v2\/media?parent=544"}],"curies":[{"name":"wp","href":"https:\/\/api.w.org\/{rel}","templated":true}]}}