{"id":165,"date":"2017-09-08T09:05:34","date_gmt":"2017-09-08T02:05:34","guid":{"rendered":"https:\/\/demo.bmconnect.vn\/tuongthachcao\/?post_type=product&#038;p=165"},"modified":"2017-09-09T08:52:45","modified_gmt":"2017-09-09T01:52:45","slug":"em-bup-be-xinh","status":"publish","type":"product","link":"https:\/\/demo.bmconnect.vn\/tuongthachcao\/s\u1ea3n ph\u1ea9m\/em-bup-be-xinh\/","title":{"rendered":"Em b\u00fap b\u00ea xinh"},"content":{"rendered":"<p>T\u01b0\u1ee3ng b\u00e1n th\u00e2n B\u00e1c H\u1ed3 th\u1ea1ch cao th\u01b0\u1eddng \u0111\u01b0\u1ee3c \u0111\u1eb7t t\u1ea1i n\u01a1i trang nghi\u00eam nh\u01b0 ph\u00f2ng h\u1ecdp, v\u0103n ph\u00f2ng c\u00e1c c\u01a1 quan th\u1eadm ch\u00ed l\u00e0 tr\u00ean b\u00e0n th\u1edd c\u1ee7a m\u1ed7i gia \u0111\u00ecnh. N\u00f3 mang \u00fd ngh\u0129a l\u1edbn v\u1ec1 h\u00ecnh t\u01b0\u1ee3ng anh h\u00f9ng d\u00e2n t\u1ed9c Vi\u1ec7t Nam. \u0110\u00f3 v\u1eeba l\u00e0 ngh\u1ec7 thu\u1eadt v\u1eeba l\u00e0 l\u1ecbch s\u1eed, v\u0103n h\u00f3a v\u00e0 tinh hoa c\u1ee7a ng\u01b0\u1eddi Vi\u1ec7t.<\/p>\n<p>Nh\u01b0 B\u00ecnh l\u00e0 m\u1ed9t trong nh\u1eefng c\u01a1 s\u1edf TI\u00caN PHONG trong l\u0129nh v\u1ef1c ch\u1ebf t\u00e1c v\u00e0 ph\u00e2n ph\u1ed1i c\u00e1c lo\u1ea1i t\u01b0\u1ee3ng b\u1eb1ng th\u1ea1ch cao nh\u01b0 t\u01b0\u1ee3ng thi\u1ebfu nhi, t\u01b0\u1ee3ng ph\u1eadt v\u00e0 \u0111\u1eb7c bi\u1ec7t l\u00e0t\u01b0\u1ee3ng b\u00e1n th\u00e2n B\u00e1c H\u1ed3. V\u1edbi h\u01a1n 20 n\u0103m KINH NGHI\u1ec6M, d\u01b0\u1edbi b\u00e0n tay c\u1ee7a nh\u1eefng NGH\u1ec6 NH\u00c2N d\u00e2n t\u1ed9c, TH\u1ed4I H\u1ed2N v\u00e0o nh\u1eefng b\u1ee9c t\u01b0\u1ee3ng b\u00e1n th\u00e2n B\u00e1c H\u1ed3 th\u1ea1ch cao.<\/p>\n<p>T\u01b0\u1ee3ng b\u00e1n th\u00e2n B\u00e1c H\u1ed3 th\u1ea1ch cao th\u01b0\u1eddng \u0111\u01b0\u1ee3c \u0111\u1eb7t t\u1ea1i n\u01a1i trang nghi\u00eam nh\u01b0 ph\u00f2ng h\u1ecdp, v\u0103n ph\u00f2ng c\u00e1c c\u01a1 quan th\u1eadm ch\u00ed l\u00e0 tr\u00ean b\u00e0n th\u1edd c\u1ee7a m\u1ed7i gia \u0111\u00ecnh. N\u00f3 mang \u00fd ngh\u0129a l\u1edbn v\u1ec1 h\u00ecnh t\u01b0\u1ee3ng anh h\u00f9ng d\u00e2n t\u1ed9c Vi\u1ec7t Nam. \u0110\u00f3 v\u1eeba l\u00e0 ngh\u1ec7 thu\u1eadt v\u1eeba l\u00e0 l\u1ecbch s\u1eed, v\u0103n h\u00f3a v\u00e0 tinh hoa c\u1ee7a ng\u01b0\u1eddi Vi\u1ec7t.<\/p>\n<p>Nh\u01b0 B\u00ecnh l\u00e0 m\u1ed9t trong nh\u1eefng c\u01a1 s\u1edf TI\u00caN PHONG trong l\u0129nh v\u1ef1c ch\u1ebf t\u00e1c v\u00e0 ph\u00e2n ph\u1ed1i c\u00e1c lo\u1ea1i t\u01b0\u1ee3ng b\u1eb1ng th\u1ea1ch cao nh\u01b0 t\u01b0\u1ee3ng thi\u1ebfu nhi, t\u01b0\u1ee3ng ph\u1eadt v\u00e0 \u0111\u1eb7c bi\u1ec7t l\u00e0t\u01b0\u1ee3ng b\u00e1n th\u00e2n B\u00e1c H\u1ed3. V\u1edbi h\u01a1n 20 n\u0103m KINH NGHI\u1ec6M, d\u01b0\u1edbi b\u00e0n tay c\u1ee7a nh\u1eefng NGH\u1ec6 NH\u00c2N d\u00e2n t\u1ed9c, TH\u1ed4I H\u1ed2N v\u00e0o nh\u1eefng b\u1ee9c t\u01b0\u1ee3ng b\u00e1n th\u00e2n B\u00e1c H\u1ed3 th\u1ea1ch cao.<\/p>\n","protected":false},"excerpt":{"rendered":"<p>GiuseArt l\u00e0 m\u1ed9t trong nh\u1eefng c\u01a1 s\u1edf TI\u00caN PHONG trong l\u0129nh v\u1ef1c ch\u1ebf t\u00e1c v\u00e0 ph\u00e2n ph\u1ed1i c\u00e1c lo\u1ea1i t\u01b0\u1ee3ng b\u1eb1ng th\u1ea1ch cao nh\u01b0 t\u01b0\u1ee3ng thi\u1ebfu nhi, t\u01b0\u1ee3ng ph\u1eadt v\u00e0 \u0111\u1eb7c bi\u1ec7t l\u00e0t\u01b0\u1ee3ng b\u00e1n th\u00e2n B\u00e1c H\u1ed3. <\/p>\n","protected":false},"featured_media":166,"comment_status":"open","ping_status":"closed","template":"","meta":[],"product_cat":[21],"product_tag":[],"_links":{"self":[{"href":"https:\/\/demo.bmconnect.vn\/tuongthachcao\/wp-json\/wp\/v2\/product\/165"}],"collection":[{"href":"https:\/\/demo.bmconnect.vn\/tuongthachcao\/wp-json\/wp\/v2\/product"}],"about":[{"href":"https:\/\/demo.bmconnect.vn\/tuongthachcao\/wp-json\/wp\/v2\/types\/product"}],"replies":[{"embeddable":true,"href":"https:\/\/demo.bmconnect.vn\/tuongthachcao\/wp-json\/wp\/v2\/comments?post=165"}],"wp:featuredmedia":[{"embeddable":true,"href":"https:\/\/demo.bmconnect.vn\/tuongthachcao\/wp-json\/wp\/v2\/media\/166"}],"wp:attachment":[{"href":"https:\/\/demo.bmconnect.vn\/tuongthachcao\/wp-json\/wp\/v2\/media?parent=165"}],"wp:term":[{"taxonomy":"product_cat","embeddable":true,"href":"https:\/\/demo.bmconnect.vn\/tuongthachcao\/wp-json\/wp\/v2\/product_cat?post=165"},{"taxonomy":"product_tag","embeddable":true,"href":"https:\/\/demo.bmconnect.vn\/tuongthachcao\/wp-json\/wp\/v2\/product_tag?post=165"}],"curies":[{"name":"wp","href":"https:\/\/api.w.org\/{rel}","templated":true}]}}