{"id":8,"date":"2017-09-07T20:12:57","date_gmt":"2017-09-07T13:12:57","guid":{"rendered":"https:\/\/demo.bmconnect.vn\/tuongthachcao\/?page_id=8"},"modified":"2018-03-01T17:27:15","modified_gmt":"2018-03-01T10:27:15","slug":"lien-he","status":"publish","type":"page","link":"https:\/\/demo.bmconnect.vn\/tuongthachcao\/lien-he\/","title":{"rendered":"Li\u00ean h\u1ec7"},"content":{"rendered":"\t<div class=\"img has-hover x md-x lg-x y md-y lg-y\" id=\"image_354033979\">\n\t\t\t\t\t\t\t\t<div class=\"img-inner dark\" >\n\t\t\t<img width=\"1600\" height=\"400\" src=\"https:\/\/demo.bmconnect.vn\/tuongthachcao\/wp-content\/uploads\/2017\/09\/SLIDER5.jpg\" class=\"attachment-original size-original\" alt=\"\" loading=\"lazy\" srcset=\"https:\/\/demo.bmconnect.vn\/tuongthachcao\/wp-content\/uploads\/2017\/09\/SLIDER5.jpg 1600w, https:\/\/demo.bmconnect.vn\/tuongthachcao\/wp-content\/uploads\/2017\/09\/SLIDER5-600x150.jpg 600w, https:\/\/demo.bmconnect.vn\/tuongthachcao\/wp-content\/uploads\/2017\/09\/SLIDER5-300x75.jpg 300w, https:\/\/demo.bmconnect.vn\/tuongthachcao\/wp-content\/uploads\/2017\/09\/SLIDER5-768x192.jpg 768w, https:\/\/demo.bmconnect.vn\/tuongthachcao\/wp-content\/uploads\/2017\/09\/SLIDER5-1024x256.jpg 1024w\" sizes=\"(max-width: 1600px) 100vw, 1600px\" \/>\t\t\t\t\t\t\n\t\t\t\t\t<\/div>\n\t\t\t\t\t\t\t\t\n<style>\n#image_354033979 {\n  width: 100%;\n}\n<\/style>\n\t<\/div>\n\t\n\t<section class=\"section\" id=\"section_376803089\">\n\t\t<div class=\"bg section-bg fill bg-fill  bg-loaded\" >\n\n\t\t\t\n\t\t\t\n\t\t\t\n\n\t\t<\/div>\n\n\t\t<div class=\"section-content relative\">\n\t\t\t\n<div class=\"row row-small\"  id=\"row-731123985\">\n\n\t<div id=\"col-999331477\" class=\"col small-12 large-12\"  >\n\t\t\t\t<div class=\"col-inner\"  >\n\t\t\t\n\t\t\t\n<h4 style=\"text-align: center;\"><span style=\"font-size: 120%;\"><strong><span style=\"color: #000000;\">TH\u00d4NG TIN LI\u00caN H\u1ec6<\/span><\/strong><\/span><\/h4>\n\t<div id=\"gap-1774228525\" class=\"gap-element clearfix\" style=\"display:block; height:auto;\">\n\t\t\n<style>\n#gap-1774228525 {\n  padding-top: 10px;\n}\n<\/style>\n\t<\/div>\n\t\n<div class=\"row row-small\"  id=\"row-216379648\">\n\n\t<div id=\"col-977056965\" class=\"col medium-6 small-12 large-6\"  >\n\t\t\t\t<div class=\"col-inner\"  >\n\t\t\t\n\t\t\t\n<p><span style=\"color: #000000; font-size: 90%;\">X\u01b0\u1edfng th\u1ea1ch cao t\u1ef1 h\u00e0o l\u00e0 \u0111\u01a1n v\u1ecb cung c\u1ea5p t\u01b0\u1ee3ng th\u1ea1ch cao cho c\u00e1c khu vui ch\u01a1i, gi\u1ea3i tr\u00ed kh\u1eafp Mi\u1ec1n B\u1eafc.<\/span><\/p>\n<h5><span style=\"color: #000000;\">CH\u1ea4T L\u01af\u1ee2NG T\u1eea NH\u1eeeNG \u0110I\u1ec0U NH\u1ece NH\u1eb6T NH\u1ea4T<\/span><\/h5>\n<p><span style=\"color: #000000; font-size: 90%;\">V\u1edbi quy m\u00f4 x\u01b0\u1edfng s\u1ea3n xu\u1ea5t &gt;200m2 v\u1edbi 15 nh\u00e2n c\u00f4ng ho\u1ea1t \u0111\u1ed9ng li\u00ean t\u1ee5c, m\u1ed7i th\u00e1ng ch\u00fang t\u00f4i xu\u1ea5t x\u01b0\u1edfng h\u00e0ng tr\u0103m ngh\u00ecn m\u1eabu t\u01b0\u1ee3ng th\u1ea1ch cao kh\u00e1c nhau, \u0111\u00e1p \u01b0ng nhu c\u1ea7u to l\u1edbn c\u1ee7a th\u1ecb tr\u01b0\u1eddng.<\/span><\/p>\n\t\t<\/div>\n\t\t\t\t\t<\/div>\n\n\t\n\n\t<div id=\"col-2109072176\" class=\"col medium-3 small-12 large-3\"  >\n\t\t\t\t<div class=\"col-inner\"  >\n\t\t\t\n\t\t\t\n<h5><span style=\"color: #000000; font-size: 100%;\">\u0110\u1ecaA CH\u1ec8<\/span><\/h5>\n<p><span style=\"color: #000000; font-size: 90%;\">S\u1ed1 29 ng\u00f5 18 L\u01b0\u01a1ng Ng\u1ecdc Quy\u1ebfn, H\u00e0 \u0110\u00f4ng, H\u00e0 N\u1ed9i<\/span><\/p>\n<h5><span style=\"color: #000000; font-size: 100%;\">S\u1ed0 \u0110I\u1ec6N THO\u1ea0I<\/span><\/h5>\n<p><span style=\"color: #000000; font-size: 90%;\">(+028) 22 44 77 88 |\u00a0(+028) 3853 1888<\/span><\/p>\n<p><span style=\"color: #000000; font-size: 90%;\">0937 008 358 | 0972.007.007<\/span><\/p>\n\t\t<\/div>\n\t\t\t\t\t<\/div>\n\n\t\n\n\t<div id=\"col-1389560252\" class=\"col medium-3 small-12 large-3\"  >\n\t\t\t\t<div class=\"col-inner\"  >\n\t\t\t\n\t\t\t\n<h5><span style=\"font-size: 100%; color: #000000;\">TH\u1edcI GIAN L\u00c0M VI\u1ec6C<\/span><\/h5>\n<p><span style=\"font-size: 90%; color: #000000;\">Th\u1ee9 Hai \u0111\u1ebfn Th\u1ee9 B\u1ea3y: 8:00 \u2013 19:00<\/span><\/p>\n<p><span style=\"font-size: 90%; color: #000000;\">Ch\u1ee7 Nh\u1eadt: 8:00 \u2013 12:00<\/span><\/p>\n<h5><span style=\"font-size: 100%; color: #000000;\">K\u1ebeT N\u1ed0I ONLINE<\/span><\/h5>\n<div class=\"social-icons share-icons share-row relative full-width text-left icon-style-fill\" style=\"font-size:70%\"><a href=\"whatsapp:\/\/send?text=Li%C3%AAn%20h%E1%BB%87 - https:\/\/demo.bmconnect.vn\/tuongthachcao\/lien-he\/\" data-action=\"share\/whatsapp\/share\" class=\"icon primary button circle tooltip whatsapp show-for-medium\" title=\"Share on WhatsApp\" aria-label=\"Share on WhatsApp\"><i class=\"icon-whatsapp\"><\/i><\/a><a href=\"https:\/\/www.facebook.com\/sharer.php?u=https:\/\/demo.bmconnect.vn\/tuongthachcao\/lien-he\/\" data-label=\"Facebook\" onclick=\"window.open(this.href,this.title,'width=500,height=500,top=300px,left=300px');  return false;\" rel=\"noopener noreferrer nofollow\" target=\"_blank\" class=\"icon primary button circle tooltip facebook\" title=\"Share on Facebook\" aria-label=\"Share on Facebook\"><i class=\"icon-facebook\" ><\/i><\/a><a href=\"https:\/\/twitter.com\/share?url=https:\/\/demo.bmconnect.vn\/tuongthachcao\/lien-he\/\" onclick=\"window.open(this.href,this.title,'width=500,height=500,top=300px,left=300px');  return false;\" rel=\"noopener noreferrer nofollow\" target=\"_blank\" class=\"icon primary button circle tooltip twitter\" title=\"Share on Twitter\" aria-label=\"Share on Twitter\"><i class=\"icon-twitter\" ><\/i><\/a><a href=\"mailto:enteryour@addresshere.com?subject=Li%C3%AAn%20h%E1%BB%87&amp;body=Check%20this%20out:%20https:\/\/demo.bmconnect.vn\/tuongthachcao\/lien-he\/\" rel=\"nofollow\" class=\"icon primary button circle tooltip email\" title=\"Email to a Friend\" aria-label=\"Email to a Friend\"><i class=\"icon-envelop\" ><\/i><\/a><a href=\"https:\/\/pinterest.com\/pin\/create\/button\/?url=https:\/\/demo.bmconnect.vn\/tuongthachcao\/lien-he\/&amp;media=&amp;description=Li%C3%AAn%20h%E1%BB%87\" onclick=\"window.open(this.href,this.title,'width=500,height=500,top=300px,left=300px');  return false;\" rel=\"noopener noreferrer nofollow\" target=\"_blank\" class=\"icon primary button circle tooltip pinterest\" title=\"Pin on Pinterest\" aria-label=\"Pin on Pinterest\"><i class=\"icon-pinterest\" ><\/i><\/a><a href=\"https:\/\/www.linkedin.com\/shareArticle?mini=true&url=https:\/\/demo.bmconnect.vn\/tuongthachcao\/lien-he\/&title=Li%C3%AAn%20h%E1%BB%87\" onclick=\"window.open(this.href,this.title,'width=500,height=500,top=300px,left=300px');  return false;\"  rel=\"noopener noreferrer nofollow\" target=\"_blank\" class=\"icon primary button circle tooltip linkedin\" title=\"Share on LinkedIn\" aria-label=\"Share on LinkedIn\"><i class=\"icon-linkedin\" ><\/i><\/a><\/div>\n\t\t<\/div>\n\t\t\t\t\t<\/div>\n\n\t\n<\/div>\n<p><iframe loading=\"lazy\" style=\"border: 0;\" src=\"https:\/\/www.google.com\/maps\/embed?pb=!1m18!1m12!1m3!1d3725.207343824048!2d105.79259661463696!3d20.984324094670338!2m3!1f0!2f0!3f0!3m2!1i1024!2i768!4f13.1!3m3!1m2!1s0x3135acc60eedcf1b%3A0x3ffac4b020db073b!2zTMawxqFuZyBOZ-G7jWMgUXV54bq_biwgVsSDbiBRdcOhbiwgSMOgIMSQw7RuZywgSMOgIE7hu5lpLCBWaeG7h3QgTmFt!5e0!3m2!1svi!2s!4v1504853461698\" width=\"100%\" height=\"300\" frameborder=\"0\" allowfullscreen=\"allowfullscreen\"><\/iframe><\/p>\n\t<div id=\"gap-1100513824\" class=\"gap-element clearfix\" style=\"display:block; height:auto;\">\n\t\t\n<style>\n#gap-1100513824 {\n  padding-top: 30px;\n}\n<\/style>\n\t<\/div>\n\t\n<h3 style=\"text-align: center;\"><span style=\"font-size: 120%; color: #000000;\">G\u1eecI MAIL LI\u00caN H\u1ec6<\/span><\/h3>\n\t<div id=\"gap-663629612\" class=\"gap-element clearfix\" style=\"display:block; height:auto;\">\n\t\t\n<style>\n#gap-663629612 {\n  padding-top: 20px;\n}\n<\/style>\n\t<\/div>\n\t\n<div class=\"row row-small\"  id=\"row-1137709679\">\n\n\t<div id=\"col-1956287151\" class=\"col medium-3 small-12 large-3\"  >\n\t\t\t\t<div class=\"col-inner\"  >\n\t\t\t\n\t\t\t\n\t\t<\/div>\n\t\t\t\t\t<\/div>\n\n\t\n\n\t<div id=\"col-299999460\" class=\"col medium-6 small-12 large-6\"  >\n\t\t\t\t<div class=\"col-inner\"  >\n\t\t\t\n\t\t\t\n<div role=\"form\" class=\"wpcf7\" id=\"wpcf7-f69-o1\" lang=\"vi\" dir=\"ltr\">\n<div class=\"screen-reader-response\"><p role=\"status\" aria-live=\"polite\" aria-atomic=\"true\"><\/p> <ul><\/ul><\/div>\n<form action=\"\/tuongthachcao\/wp-json\/wp\/v2\/pages\/8#wpcf7-f69-o1\" method=\"post\" class=\"wpcf7-form init\" novalidate=\"novalidate\" data-status=\"init\">\n<div style=\"display: none;\">\n<input type=\"hidden\" name=\"_wpcf7\" value=\"69\" \/>\n<input type=\"hidden\" name=\"_wpcf7_version\" value=\"5.4.2\" \/>\n<input type=\"hidden\" name=\"_wpcf7_locale\" value=\"vi\" \/>\n<input type=\"hidden\" name=\"_wpcf7_unit_tag\" value=\"wpcf7-f69-o1\" \/>\n<input type=\"hidden\" name=\"_wpcf7_container_post\" value=\"0\" \/>\n<input type=\"hidden\" name=\"_wpcf7_posted_data_hash\" value=\"\" \/>\n<\/div>\n<div class=\"contact-form\">\n<div class=\"row1\">\n<div class=\"left\">\n<span class=\"wpcf7-form-control-wrap text-696\"><input type=\"text\" name=\"text-696\" value=\"\" size=\"40\" class=\"wpcf7-form-control wpcf7-text wpcf7-validates-as-required\" aria-required=\"true\" aria-invalid=\"false\" placeholder=\"T\u00ean c\u1ee7a b\u1ea1n\" \/><\/span>\n<\/div>\n<div class=\"right\">\n<span class=\"wpcf7-form-control-wrap tel-795\"><input type=\"tel\" name=\"tel-795\" value=\"\" size=\"40\" class=\"wpcf7-form-control wpcf7-text wpcf7-tel wpcf7-validates-as-required wpcf7-validates-as-tel\" aria-required=\"true\" aria-invalid=\"false\" placeholder=\"S\u1ed1 \u0111i\u1ec7n tho\u1ea1i c\u1ee7a b\u1ea1n\" \/><\/span>\n<\/div>\n<\/div>\n<div class=\"row2\">\n<div class=\"left\">\n<span class=\"wpcf7-form-control-wrap email-190\"><input type=\"email\" name=\"email-190\" value=\"\" size=\"40\" class=\"wpcf7-form-control wpcf7-text wpcf7-email wpcf7-validates-as-required wpcf7-validates-as-email\" aria-required=\"true\" aria-invalid=\"false\" placeholder=\"Email c\u1ee7a b\u1ea1n\" \/><\/span>\n<\/div>\n<div class=\"right\">\n<span class=\"wpcf7-form-control-wrap text-696\"><input type=\"text\" name=\"text-696\" value=\"\" size=\"40\" class=\"wpcf7-form-control wpcf7-text\" aria-invalid=\"false\" placeholder=\"\u0110\u1ecba ch\u1ec9 c\u1ee7a b\u1ea1n\" \/><\/span>\n<\/div>\n<\/div>\n<p><span class=\"wpcf7-form-control-wrap textarea-272\"><textarea name=\"textarea-272\" cols=\"40\" rows=\"10\" class=\"wpcf7-form-control wpcf7-textarea\" aria-invalid=\"false\" placeholder=\"N\u1ed9i dung tin nh\u1eafn....\"><\/textarea><\/span><br \/>\n<input type=\"submit\" value=\"G\u1eedi tin nh\u1eafn\" class=\"wpcf7-form-control wpcf7-submit\" \/>\n<\/p><\/div>\n<div class=\"wpcf7-response-output\" aria-hidden=\"true\"><\/div><\/form><\/div>\n\t\t<\/div>\n\t\t\t\t\t<\/div>\n\n\t\n\n\t<div id=\"col-1913060908\" class=\"col medium-3 small-12 large-3\"  >\n\t\t\t\t<div class=\"col-inner\"  >\n\t\t\t\n\t\t\t\n\t\t<\/div>\n\t\t\t\t\t<\/div>\n\n\t\n<\/div>\n\t\t<\/div>\n\t\t\t\t\t<\/div>\n\n\t\n<\/div>\n\t\t<\/div>\n\n\t\t\n<style>\n#section_376803089 {\n  padding-top: 30px;\n  padding-bottom: 30px;\n}\n<\/style>\n\t<\/section>\n\t\n","protected":false},"excerpt":{"rendered":"","protected":false},"author":1,"featured_media":0,"parent":0,"menu_order":0,"comment_status":"closed","ping_status":"closed","template":"page-blank.php","meta":[],"_links":{"self":[{"href":"https:\/\/demo.bmconnect.vn\/tuongthachcao\/wp-json\/wp\/v2\/pages\/8"}],"collection":[{"href":"https:\/\/demo.bmconnect.vn\/tuongthachcao\/wp-json\/wp\/v2\/pages"}],"about":[{"href":"https:\/\/demo.bmconnect.vn\/tuongthachcao\/wp-json\/wp\/v2\/types\/page"}],"author":[{"embeddable":true,"href":"https:\/\/demo.bmconnect.vn\/tuongthachcao\/wp-json\/wp\/v2\/users\/1"}],"replies":[{"embeddable":true,"href":"https:\/\/demo.bmconnect.vn\/tuongthachcao\/wp-json\/wp\/v2\/comments?post=8"}],"version-history":[{"count":19,"href":"https:\/\/demo.bmconnect.vn\/tuongthachcao\/wp-json\/wp\/v2\/pages\/8\/revisions"}],"predecessor-version":[{"id":480,"href":"https:\/\/demo.bmconnect.vn\/tuongthachcao\/wp-json\/wp\/v2\/pages\/8\/revisions\/480"}],"wp:attachment":[{"href":"https:\/\/demo.bmconnect.vn\/tuongthachcao\/wp-json\/wp\/v2\/media?parent=8"}],"curies":[{"name":"wp","href":"https:\/\/api.w.org\/{rel}","templated":true}]}}