{"id":258,"date":"2017-09-08T10:52:34","date_gmt":"2017-09-08T03:52:34","guid":{"rendered":"https:\/\/demo.bmconnect.vn\/tuongthachcao\/?page_id=258"},"modified":"2017-09-08T13:45:30","modified_gmt":"2017-09-08T06:45:30","slug":"chinh-sach-giao-hang","status":"publish","type":"page","link":"https:\/\/demo.bmconnect.vn\/tuongthachcao\/chinh-sach-giao-hang\/","title":{"rendered":"Ch\u00ednh s\u00e1ch giao h\u00e0ng"},"content":{"rendered":"","protected":false},"excerpt":{"rendered":"","protected":false},"author":1,"featured_media":0,"parent":0,"menu_order":0,"comment_status":"closed","ping_status":"closed","template":"page-left-sidebar.php","meta":[],"_links":{"self":[{"href":"https:\/\/demo.bmconnect.vn\/tuongthachcao\/wp-json\/wp\/v2\/pages\/258"}],"collection":[{"href":"https:\/\/demo.bmconnect.vn\/tuongthachcao\/wp-json\/wp\/v2\/pages"}],"about":[{"href":"https:\/\/demo.bmconnect.vn\/tuongthachcao\/wp-json\/wp\/v2\/types\/page"}],"author":[{"embeddable":true,"href":"https:\/\/demo.bmconnect.vn\/tuongthachcao\/wp-json\/wp\/v2\/users\/1"}],"replies":[{"embeddable":true,"href":"https:\/\/demo.bmconnect.vn\/tuongthachcao\/wp-json\/wp\/v2\/comments?post=258"}],"version-history":[{"count":1,"href":"https:\/\/demo.bmconnect.vn\/tuongthachcao\/wp-json\/wp\/v2\/pages\/258\/revisions"}],"predecessor-version":[{"id":259,"href":"https:\/\/demo.bmconnect.vn\/tuongthachcao\/wp-json\/wp\/v2\/pages\/258\/revisions\/259"}],"wp:attachment":[{"href":"https:\/\/demo.bmconnect.vn\/tuongthachcao\/wp-json\/wp\/v2\/media?parent=258"}],"curies":[{"name":"wp","href":"https:\/\/api.w.org\/{rel}","templated":true}]}}