{"id":22,"date":"2016-06-24T04:38:55","date_gmt":"2016-06-24T04:38:55","guid":{"rendered":"http:\/\/localhost\/trithay.tv\/?page_id=22"},"modified":"2017-02-09T10:54:54","modified_gmt":"2017-02-09T03:54:54","slug":"lien-he","status":"publish","type":"page","link":"https:\/\/demo.bmconnect.vn\/trithay\/lien-he\/","title":{"rendered":"Li\u00ean h\u1ec7"},"content":{"rendered":"<p>K\u00ednh ch\u00e0o qu\u00fd \u0111\u1ed9c gi\u1ea3!<\/p>\n<p>\u0110\u1ecba ch\u1ec9 li\u00ean h\u1ec7 c\u1ee7a ch\u00fang t\u00f4i l\u00e0:<\/p>\n<p>Aba Coffee s\u1ed1 A40 TT11 khu \u0111\u00f4 th\u1ecb V\u0103n Qu\u00e1n, P. V\u0103n Qu\u00e1n, H\u00e0 \u0110\u00f4ng, H\u00e0 N\u1ed9i<\/p>\n<p>S\u1ed1 \u0110T:<\/p>\n<p>HN: 0902.242409 ho\u1eb7c 0982.252550<\/p>\n<p>TPHCM: 0903.352929<\/p>\n<p>Email: donghanh@trithay.vn<\/p>\n<p>C\u00e1m \u01a1n c\u00e1c \u0110\u1ed9c gi\u1ea3 \u0111\u00e3 quan t\u00e2m!<\/p>\n","protected":false},"excerpt":{"rendered":"<p>K\u00ednh ch\u00e0o qu\u00fd \u0111\u1ed9c gi\u1ea3! \u0110\u1ecba ch\u1ec9 li\u00ean h\u1ec7 c\u1ee7a ch\u00fang t\u00f4i l\u00e0: Aba Coffee s\u1ed1 A40 TT11 khu \u0111\u00f4 th\u1ecb V\u0103n Qu\u00e1n, P. V\u0103n Qu\u00e1n, H\u00e0 \u0110\u00f4ng, H\u00e0 N\u1ed9i S\u1ed1 \u0110T: HN: 0902.242409 ho\u1eb7c 0982.252550 TPHCM: 0903.352929 Email: donghanh@trithay.vn C\u00e1m \u01a1n c\u00e1c \u0110\u1ed9c gi\u1ea3 \u0111\u00e3 quan t\u00e2m!<\/p>\n","protected":false},"author":1,"featured_media":0,"parent":0,"menu_order":0,"comment_status":"closed","ping_status":"closed","template":"","meta":[],"yoast_head":"<!-- This site is optimized with the Yoast SEO plugin v17.0 - https:\/\/yoast.com\/wordpress\/plugins\/seo\/ -->\n<title>Li\u00ean h\u1ec7 - trithay<\/title>\n<meta name=\"robots\" content=\"index, follow, max-snippet:-1, max-image-preview:large, max-video-preview:-1\" \/>\n<link rel=\"canonical\" href=\"https:\/\/demo.bmconnect.vn\/trithay\/lien-he\/\" \/>\n<meta property=\"og:locale\" content=\"vi_VN\" \/>\n<meta property=\"og:type\" content=\"article\" \/>\n<meta property=\"og:title\" content=\"Li\u00ean h\u1ec7 - trithay\" \/>\n<meta property=\"og:description\" content=\"K\u00ednh ch\u00e0o qu\u00fd \u0111\u1ed9c gi\u1ea3! \u0110\u1ecba ch\u1ec9 li\u00ean h\u1ec7 c\u1ee7a ch\u00fang t\u00f4i l\u00e0: Aba Coffee s\u1ed1 A40 TT11 khu \u0111\u00f4 th\u1ecb V\u0103n Qu\u00e1n, P. V\u0103n Qu\u00e1n, H\u00e0 \u0110\u00f4ng, H\u00e0 N\u1ed9i S\u1ed1 \u0110T: HN: 0902.242409 ho\u1eb7c 0982.252550 TPHCM: 0903.352929 Email: donghanh@trithay.vn C\u00e1m \u01a1n c\u00e1c \u0110\u1ed9c gi\u1ea3 \u0111\u00e3 quan t\u00e2m!\" \/>\n<meta property=\"og:url\" content=\"https:\/\/demo.bmconnect.vn\/trithay\/lien-he\/\" \/>\n<meta property=\"og:site_name\" content=\"trithay\" \/>\n<meta property=\"article:modified_time\" content=\"2017-02-09T03:54:54+00:00\" \/>\n<meta name=\"twitter:card\" content=\"summary\" \/>\n<script type=\"application\/ld+json\" class=\"yoast-schema-graph\">{\"@context\":\"https:\/\/schema.org\",\"@graph\":[{\"@type\":\"WebSite\",\"@id\":\"https:\/\/demo.bmconnect.vn\/trithay\/#website\",\"url\":\"https:\/\/demo.bmconnect.vn\/trithay\/\",\"name\":\"trithay\",\"description\":\"\",\"potentialAction\":[{\"@type\":\"SearchAction\",\"target\":{\"@type\":\"EntryPoint\",\"urlTemplate\":\"https:\/\/demo.bmconnect.vn\/trithay\/?s={search_term_string}\"},\"query-input\":\"required name=search_term_string\"}],\"inLanguage\":\"vi\"},{\"@type\":\"WebPage\",\"@id\":\"https:\/\/demo.bmconnect.vn\/trithay\/lien-he\/#webpage\",\"url\":\"https:\/\/demo.bmconnect.vn\/trithay\/lien-he\/\",\"name\":\"Li\\u00ean h\\u1ec7 - trithay\",\"isPartOf\":{\"@id\":\"https:\/\/demo.bmconnect.vn\/trithay\/#website\"},\"datePublished\":\"2016-06-24T04:38:55+00:00\",\"dateModified\":\"2017-02-09T03:54:54+00:00\",\"breadcrumb\":{\"@id\":\"https:\/\/demo.bmconnect.vn\/trithay\/lien-he\/#breadcrumb\"},\"inLanguage\":\"vi\",\"potentialAction\":[{\"@type\":\"ReadAction\",\"target\":[\"https:\/\/demo.bmconnect.vn\/trithay\/lien-he\/\"]}]},{\"@type\":\"BreadcrumbList\",\"@id\":\"https:\/\/demo.bmconnect.vn\/trithay\/lien-he\/#breadcrumb\",\"itemListElement\":[{\"@type\":\"ListItem\",\"position\":1,\"name\":\"Home\",\"item\":\"https:\/\/demo.bmconnect.vn\/trithay\/\"},{\"@type\":\"ListItem\",\"position\":2,\"name\":\"Li\\u00ean h\\u1ec7\"}]}]}<\/script>\n<!-- \/ Yoast SEO plugin. -->","yoast_head_json":{"title":"Li\u00ean h\u1ec7 - trithay","robots":{"index":"index","follow":"follow","max-snippet":"max-snippet:-1","max-image-preview":"max-image-preview:large","max-video-preview":"max-video-preview:-1"},"canonical":"https:\/\/demo.bmconnect.vn\/trithay\/lien-he\/","og_locale":"vi_VN","og_type":"article","og_title":"Li\u00ean h\u1ec7 - trithay","og_description":"K\u00ednh ch\u00e0o qu\u00fd \u0111\u1ed9c gi\u1ea3! \u0110\u1ecba ch\u1ec9 li\u00ean h\u1ec7 c\u1ee7a ch\u00fang t\u00f4i l\u00e0: Aba Coffee s\u1ed1 A40 TT11 khu \u0111\u00f4 th\u1ecb V\u0103n Qu\u00e1n, P. V\u0103n Qu\u00e1n, H\u00e0 \u0110\u00f4ng, H\u00e0 N\u1ed9i S\u1ed1 \u0110T: HN: 0902.242409 ho\u1eb7c 0982.252550 TPHCM: 0903.352929 Email: donghanh@trithay.vn C\u00e1m \u01a1n c\u00e1c \u0110\u1ed9c gi\u1ea3 \u0111\u00e3 quan t\u00e2m!","og_url":"https:\/\/demo.bmconnect.vn\/trithay\/lien-he\/","og_site_name":"trithay","article_modified_time":"2017-02-09T03:54:54+00:00","twitter_card":"summary","schema":{"@context":"https:\/\/schema.org","@graph":[{"@type":"WebSite","@id":"https:\/\/demo.bmconnect.vn\/trithay\/#website","url":"https:\/\/demo.bmconnect.vn\/trithay\/","name":"trithay","description":"","potentialAction":[{"@type":"SearchAction","target":{"@type":"EntryPoint","urlTemplate":"https:\/\/demo.bmconnect.vn\/trithay\/?s={search_term_string}"},"query-input":"required name=search_term_string"}],"inLanguage":"vi"},{"@type":"WebPage","@id":"https:\/\/demo.bmconnect.vn\/trithay\/lien-he\/#webpage","url":"https:\/\/demo.bmconnect.vn\/trithay\/lien-he\/","name":"Li\u00ean h\u1ec7 - trithay","isPartOf":{"@id":"https:\/\/demo.bmconnect.vn\/trithay\/#website"},"datePublished":"2016-06-24T04:38:55+00:00","dateModified":"2017-02-09T03:54:54+00:00","breadcrumb":{"@id":"https:\/\/demo.bmconnect.vn\/trithay\/lien-he\/#breadcrumb"},"inLanguage":"vi","potentialAction":[{"@type":"ReadAction","target":["https:\/\/demo.bmconnect.vn\/trithay\/lien-he\/"]}]},{"@type":"BreadcrumbList","@id":"https:\/\/demo.bmconnect.vn\/trithay\/lien-he\/#breadcrumb","itemListElement":[{"@type":"ListItem","position":1,"name":"Home","item":"https:\/\/demo.bmconnect.vn\/trithay\/"},{"@type":"ListItem","position":2,"name":"Li\u00ean h\u1ec7"}]}]}},"_links":{"self":[{"href":"https:\/\/demo.bmconnect.vn\/trithay\/wp-json\/wp\/v2\/pages\/22"}],"collection":[{"href":"https:\/\/demo.bmconnect.vn\/trithay\/wp-json\/wp\/v2\/pages"}],"about":[{"href":"https:\/\/demo.bmconnect.vn\/trithay\/wp-json\/wp\/v2\/types\/page"}],"author":[{"embeddable":true,"href":"https:\/\/demo.bmconnect.vn\/trithay\/wp-json\/wp\/v2\/users\/1"}],"replies":[{"embeddable":true,"href":"https:\/\/demo.bmconnect.vn\/trithay\/wp-json\/wp\/v2\/comments?post=22"}],"version-history":[{"count":1,"href":"https:\/\/demo.bmconnect.vn\/trithay\/wp-json\/wp\/v2\/pages\/22\/revisions"}],"predecessor-version":[{"id":23,"href":"https:\/\/demo.bmconnect.vn\/trithay\/wp-json\/wp\/v2\/pages\/22\/revisions\/23"}],"wp:attachment":[{"href":"https:\/\/demo.bmconnect.vn\/trithay\/wp-json\/wp\/v2\/media?parent=22"}],"curies":[{"name":"wp","href":"https:\/\/api.w.org\/{rel}","templated":true}]}}