{"id":662,"date":"2017-09-15T01:09:46","date_gmt":"2017-09-14T18:09:46","guid":{"rendered":"http:\/\/demo.bmconnect.vn\/tinhbotnghe\/?page_id=662"},"modified":"2019-03-26T01:04:01","modified_gmt":"2019-03-25T18:04:01","slug":"gioi-thieu","status":"publish","type":"page","link":"https:\/\/demo.bmconnect.vn\/tinhbotnghe\/gioi-thieu\/","title":{"rendered":"Gi\u1edbi thi\u1ec7u"},"content":{"rendered":"\n<div class=\"container section-title-container\" ><h2 class=\"section-title section-title-center\"><b><\/b><span class=\"section-title-main\" style=\"font-size:120%;color:rgb(9, 134, 10);\">C\u1ed1m ngh\u1ec7 Huvahi<\/span><b><\/b><\/h2><\/div>\n\n<p>Tinh b\u1ed9t ngh\u1ec7 nay \u0111\u00e3 \u0111\u01b0\u1ee3c n\u00e2ng l\u00ean m\u1ed9t t\u1ea7m cao m\u1edbi, \u0111\u00f3 ch\u00ednh l\u00e0 c\u1ed1m ngh\u1ec7 HUVAHI, \u0111\u01b0\u1ee3c s\u1ea3n xu\u1ea5t t\u1eeb 100% tinh b\u1ed9t ngh\u1ec7.<\/p>\n<p>V\u1edbi mong mu\u1ed1n mang l\u1ea1i cho kh\u00e1ch h\u00e0ng s\u1ef1 ti\u1ec7n l\u1ee3i khi s\u1eed d\u1ee5ng, m\u1ecdi l\u00fac, m\u1ecdi n\u01a1i. \u0110\u1ed1i T\u01b0\u1ee3ng D\u00f9ng: ph\u1ee5 n\u1eef sau khi sinh, ng\u01b0\u1eddi b\u1ecb \u0111au d\u1ea1 d\u00e0y, ng\u01b0\u1eddi suy nh\u01b0\u1ee3c, ng\u01b0\u1eddi mu\u1ed1n duy tr\u00ec v\u00e0 h\u1ed3i ph\u1ee5c s\u1ee9c kh\u1ecfe.<\/p>\n<p>Ngo\u00e0i ra, c\u00f2n gi\u00fap h\u1ed3i ph\u1ee5c s\u1ee9c kh\u1ecfe sau sinh, gi\u1ea3m tai bi\u1ebfn sau sinh, l\u00e0m \u0111\u1eb9p da, ch\u1ed1ng l\u00e3o ho\u00e1 da, s\u0103n se ni\u00eam m\u1ea1c, gi\u00fap mau l\u00e0nh v\u1ebft th\u01b0\u01a1ng, n\u00e2ng cao kh\u1ea3 n\u0103ng mi\u1ec5n d\u1ecbch\u2026<\/p>\n<div class=\"row row-small\"  id=\"row-1883607158\">\n\n\n\t<div id=\"col-1154173213\" class=\"col medium-5 small-12 large-5\"  >\n\t\t\t\t<div class=\"col-inner\"  >\n\t\t\t\n\t\t\t\n\n\t<div class=\"img has-hover x md-x lg-x y md-y lg-y\" id=\"image_2024867171\">\n\t\t\t\t\t\t\t\t<div class=\"img-inner dark\" >\n\t\t\t<img width=\"400\" height=\"313\" src=\"https:\/\/demo.bmconnect.vn\/tinhbotnghe\/wp-content\/uploads\/2019\/03\/com-nghe-huvahi.png\" class=\"attachment-original size-original\" alt=\"\" loading=\"lazy\" srcset=\"https:\/\/demo.bmconnect.vn\/tinhbotnghe\/wp-content\/uploads\/2019\/03\/com-nghe-huvahi.png 400w, https:\/\/demo.bmconnect.vn\/tinhbotnghe\/wp-content\/uploads\/2019\/03\/com-nghe-huvahi-300x235.png 300w\" sizes=\"(max-width: 400px) 100vw, 400px\" \/>\t\t\t\t\t\t\n\t\t\t\t\t<\/div>\n\t\t\t\t\t\t\t\t\n<style>\n#image_2024867171 {\n  width: 100%;\n}\n<\/style>\n\t<\/div>\n\t\n\n\n\t\t<\/div>\n\t\t\t\t\t<\/div>\n\n\t\n\n\t<div id=\"col-446078006\" class=\"col medium-7 small-12 large-7\"  >\n\t\t\t\t<div class=\"col-inner\"  >\n\t\t\t\n\t\t\t\n\n<div class=\"video video-fit mb\" style=\"padding-top:50%;\"><iframe loading=\"lazy\" width=\"1020\" height=\"574\" src=\"https:\/\/www.youtube.com\/embed\/HH8tlMPfD14?feature=oembed\" frameborder=\"0\" allow=\"accelerometer; autoplay; encrypted-media; gyroscope; picture-in-picture\" allowfullscreen><\/iframe><\/div>\n\n\n\t\t<\/div>\n\t\t\t\t\t<\/div>\n\n\t\n\n<\/div>\n<div class=\"row\"  id=\"row-417789732\">\n\n\n\t<div id=\"col-452152114\" class=\"col medium-6 small-12 large-6\"  >\n\t\t\t\t<div class=\"col-inner\"  >\n\t\t\t\n\t\t\t\n\n<h2><span style=\"color: #26ab26;\">C\u00f4ng ty TNHH HUVAHI<\/span><\/h2>\n<p><strong>\u0110\u1ecba ch\u1ec9: 119A Tr\u1ea7n Qu\u00fd C\u00e1p &#8211; Tp Bu\u00f4n Ma Thu\u1ed9t &#8211; \u0110\u0103kL\u0103k<\/strong><\/p>\n<p>&#8211; \u0110i\u1ec7n tho\u1ea1i: 0907.982.961 &#8211; 0847.102.295<\/p>\n<p>&#8211; Email:\u00a0info.huvahi.com@gmail.com<\/p>\n<p>&#8211; Website: www.huvahi.com<\/p>\n\t<div class=\"img has-hover x md-x lg-x y md-y lg-y\" id=\"image_1485801002\">\n\t\t\t\t\t\t\t\t<div class=\"img-inner dark\" >\n\t\t\t<img width=\"360\" height=\"147\" src=\"https:\/\/demo.bmconnect.vn\/tinhbotnghe\/wp-content\/uploads\/2019\/03\/banner1.jpg\" class=\"attachment-original size-original\" alt=\"\" loading=\"lazy\" srcset=\"https:\/\/demo.bmconnect.vn\/tinhbotnghe\/wp-content\/uploads\/2019\/03\/banner1.jpg 360w, https:\/\/demo.bmconnect.vn\/tinhbotnghe\/wp-content\/uploads\/2019\/03\/banner1-300x123.jpg 300w\" sizes=\"(max-width: 360px) 100vw, 360px\" \/>\t\t\t\t\t\t\n\t\t\t\t\t<\/div>\n\t\t\t\t\t\t\t\t\n<style>\n#image_1485801002 {\n  width: 100%;\n}\n<\/style>\n\t<\/div>\n\t\n\n\n\t\t<\/div>\n\t\t\t\t\t<\/div>\n\n\t\n\n\t<div id=\"col-735301576\" class=\"col medium-6 small-12 large-6\"  >\n\t\t\t\t<div class=\"col-inner\"  >\n\t\t\t\n\t\t\t\n\n[contact-form-7 id=&#8221;933&#8243;]\n\n\n\t\t<\/div>\n\t\t\t\t\t<\/div>\n\n\t\n\n<\/div>\n\n","protected":false},"excerpt":{"rendered":"<p>Tinh b\u1ed9t ngh\u1ec7 nay \u0111\u00e3 \u0111\u01b0\u1ee3c n\u00e2ng l\u00ean m\u1ed9t t\u1ea7m cao m\u1edbi, \u0111\u00f3 ch\u00ednh l\u00e0 c\u1ed1m ngh\u1ec7 HUVAHI, \u0111\u01b0\u1ee3c s\u1ea3n xu\u1ea5t t\u1eeb 100% tinh b\u1ed9t ngh\u1ec7. V\u1edbi mong mu\u1ed1n mang l\u1ea1i cho kh\u00e1ch h\u00e0ng s\u1ef1 ti\u1ec7n l\u1ee3i khi s\u1eed d\u1ee5ng, m\u1ecdi l\u00fac, m\u1ecdi n\u01a1i. \u0110\u1ed1i T\u01b0\u1ee3ng D\u00f9ng: ph\u1ee5 n\u1eef sau khi sinh, ng\u01b0\u1eddi b\u1ecb \u0111au &#8230;<\/p>\n","protected":false},"author":1,"featured_media":0,"parent":0,"menu_order":0,"comment_status":"closed","ping_status":"closed","template":"page-left-sidebar.php","meta":[],"_links":{"self":[{"href":"https:\/\/demo.bmconnect.vn\/tinhbotnghe\/wp-json\/wp\/v2\/pages\/662"}],"collection":[{"href":"https:\/\/demo.bmconnect.vn\/tinhbotnghe\/wp-json\/wp\/v2\/pages"}],"about":[{"href":"https:\/\/demo.bmconnect.vn\/tinhbotnghe\/wp-json\/wp\/v2\/types\/page"}],"author":[{"embeddable":true,"href":"https:\/\/demo.bmconnect.vn\/tinhbotnghe\/wp-json\/wp\/v2\/users\/1"}],"replies":[{"embeddable":true,"href":"https:\/\/demo.bmconnect.vn\/tinhbotnghe\/wp-json\/wp\/v2\/comments?post=662"}],"version-history":[{"count":0,"href":"https:\/\/demo.bmconnect.vn\/tinhbotnghe\/wp-json\/wp\/v2\/pages\/662\/revisions"}],"wp:attachment":[{"href":"https:\/\/demo.bmconnect.vn\/tinhbotnghe\/wp-json\/wp\/v2\/media?parent=662"}],"curies":[{"name":"wp","href":"https:\/\/api.w.org\/{rel}","templated":true}]}}