{"id":35,"date":"2017-09-14T04:26:20","date_gmt":"2017-09-14T04:26:20","guid":{"rendered":"http:\/\/demo.bmconnect.vn\/tinhbotnghe\/?page_id=35"},"modified":"2019-03-26T00:45:48","modified_gmt":"2019-03-25T17:45:48","slug":"lien-he","status":"publish","type":"page","link":"https:\/\/demo.bmconnect.vn\/tinhbotnghe\/lien-he\/","title":{"rendered":"Li\u00ean h\u1ec7"},"content":{"rendered":"\n<div class=\"row\"  id=\"row-1839781302\">\n\n\n\t<div id=\"col-1585596126\" class=\"col medium-7 small-12 large-7\"  >\n\t\t\t\t<div class=\"col-inner\"  >\n\t\t\t\n\t\t\t\n\n\t<div class=\"img has-hover x md-x lg-x y md-y lg-y\" id=\"image_186103087\">\n\t\t\t\t\t\t\t\t<div class=\"img-inner dark\" >\n\t\t\t<img width=\"400\" height=\"313\" src=\"https:\/\/demo.bmconnect.vn\/tinhbotnghe\/wp-content\/uploads\/2019\/03\/com-nghe-huvahi.png\" class=\"attachment-original size-original\" alt=\"\" loading=\"lazy\" srcset=\"https:\/\/demo.bmconnect.vn\/tinhbotnghe\/wp-content\/uploads\/2019\/03\/com-nghe-huvahi.png 400w, https:\/\/demo.bmconnect.vn\/tinhbotnghe\/wp-content\/uploads\/2019\/03\/com-nghe-huvahi-300x235.png 300w\" sizes=\"(max-width: 400px) 100vw, 400px\" \/>\t\t\t\t\t\t\n\t\t\t\t\t<\/div>\n\t\t\t\t\t\t\t\t\n<style>\n#image_186103087 {\n  width: 100%;\n}\n<\/style>\n\t<\/div>\n\t\n\n<div class=\"container section-title-container\" ><h2 class=\"section-title section-title-center\"><b><\/b><span class=\"section-title-main\" style=\"font-size:110%;color:rgb(6, 168, 33);\">\u0110\u1eb7t mua ngay h\u00f4m nay<\/span><b><\/b><\/h2><\/div>\n\n<div class=\"row row-small\"  id=\"row-1775829375\">\n\n\n\t<div id=\"col-1750321980\" class=\"col medium-6 small-12 large-6\"  >\n\t\t\t\t<div class=\"col-inner\"  >\n\t\t\t\n\t\t\t\n\n<a class=\"button primary is-large lowercase expand\"  style=\"border-radius:99px;\">\n    <span>H\u0169 50g: 49.000\u0111<\/span>\n  <\/a>\n\n\n\n\t\t<\/div>\n\t\t\t\t\t<\/div>\n\n\t\n\n\t<div id=\"col-599178990\" class=\"col medium-6 small-12 large-6\"  >\n\t\t\t\t<div class=\"col-inner\"  >\n\t\t\t\n\t\t\t\n\n<a class=\"button secondary is-larger lowercase expand\"  style=\"border-radius:99px;\">\n    <span>H\u0169 150g: 150.000\u0111<\/span>\n  <\/a>\n\n\n\n\t\t<\/div>\n\t\t\t\t\t<\/div>\n\n\t\n\n<\/div>\n\n\t\t<\/div>\n\t\t\t\t\t<\/div>\n\n\t\n\n\t<div id=\"col-212477287\" class=\"col medium-5 small-12 large-5\"  >\n\t\t\t\t<div class=\"col-inner\"  >\n\t\t\t\n\t\t\t\n\n[contact-form-7 id=&#8221;933&#8243;]\n\n\n\t\t<\/div>\n\t\t\t\t\t<\/div>\n\n\t\n\n<\/div>\n<h2>C\u00f4ng ty TNHH HUVAHI<\/h2>\n<p><strong>&#8211; \u0110\u1ecba ch\u1ec9:<\/strong> 119A Tr\u1ea7n Qu\u00fd C\u00e1p &#8211; Tp Bu\u00f4n Ma Thu\u1ed9t &#8211; \u0110\u0103kL\u0103k<\/p>\n<p><strong>&#8211; \u0110i\u1ec7n tho\u1ea1i: <span style=\"color: #ff0000;\">0907.982.961 &#8211; 0847.102.295<\/span><\/strong><\/p>\n<p><strong>&#8211; Email:<\/strong> info.huvahi.com@gmail.com<\/p>\n<p><strong>&#8211; Website:<\/strong> www.huvahi.com<\/p>\n\n","protected":false},"excerpt":{"rendered":"<p>C\u00f4ng ty TNHH HUVAHI &#8211; \u0110\u1ecba ch\u1ec9: 119A Tr\u1ea7n Qu\u00fd C\u00e1p &#8211; Tp Bu\u00f4n Ma Thu\u1ed9t &#8211; \u0110\u0103kL\u0103k &#8211; \u0110i\u1ec7n tho\u1ea1i: 0907.982.961 &#8211; 0847.102.295 &#8211; Email: info.huvahi.com@gmail.com &#8211; Website: www.huvahi.com<\/p>\n","protected":false},"author":1,"featured_media":0,"parent":0,"menu_order":0,"comment_status":"closed","ping_status":"closed","template":"page-left-sidebar.php","meta":[],"_links":{"self":[{"href":"https:\/\/demo.bmconnect.vn\/tinhbotnghe\/wp-json\/wp\/v2\/pages\/35"}],"collection":[{"href":"https:\/\/demo.bmconnect.vn\/tinhbotnghe\/wp-json\/wp\/v2\/pages"}],"about":[{"href":"https:\/\/demo.bmconnect.vn\/tinhbotnghe\/wp-json\/wp\/v2\/types\/page"}],"author":[{"embeddable":true,"href":"https:\/\/demo.bmconnect.vn\/tinhbotnghe\/wp-json\/wp\/v2\/users\/1"}],"replies":[{"embeddable":true,"href":"https:\/\/demo.bmconnect.vn\/tinhbotnghe\/wp-json\/wp\/v2\/comments?post=35"}],"version-history":[{"count":0,"href":"https:\/\/demo.bmconnect.vn\/tinhbotnghe\/wp-json\/wp\/v2\/pages\/35\/revisions"}],"wp:attachment":[{"href":"https:\/\/demo.bmconnect.vn\/tinhbotnghe\/wp-json\/wp\/v2\/media?parent=35"}],"curies":[{"name":"wp","href":"https:\/\/api.w.org\/{rel}","templated":true}]}}