{"id":55,"date":"2019-02-15T10:17:32","date_gmt":"2019-02-15T03:17:32","guid":{"rendered":"http:\/\/demo.bmconnect.vn\/tinhbot\/?page_id=55"},"modified":"2019-02-20T11:38:37","modified_gmt":"2019-02-20T04:38:37","slug":"lien-he","status":"publish","type":"page","link":"https:\/\/demo.bmconnect.vn\/tinhbot\/lien-he\/","title":{"rendered":"Li\u00ean h\u1ec7"},"content":{"rendered":"<p><img loading=\"lazy\" class=\"aligncenter wp-image-395 size-full\" src=\"http:\/\/demo.bmconnect.vn\/tinhbot\/wp-content\/uploads\/2019\/02\/banner-li\u00ean-h\u1ec7.jpg\" alt=\"\" width=\"800\" height=\"242\" srcset=\"https:\/\/demo.bmconnect.vn\/tinhbot\/wp-content\/uploads\/2019\/02\/banner-li\u00ean-h\u1ec7.jpg 800w, https:\/\/demo.bmconnect.vn\/tinhbot\/wp-content\/uploads\/2019\/02\/banner-li\u00ean-h\u1ec7-300x91.jpg 300w, https:\/\/demo.bmconnect.vn\/tinhbot\/wp-content\/uploads\/2019\/02\/banner-li\u00ean-h\u1ec7-768x232.jpg 768w\" sizes=\"(max-width: 800px) 100vw, 800px\" \/><\/p>\n<p><a href=\"tel:098569.106\"><img loading=\"lazy\" class=\"size-full wp-image-377 aligncenter\" src=\"http:\/\/demo.bmconnect.vn\/tinhbot\/wp-content\/uploads\/2019\/02\/hotline-tu-van.png\" alt=\"\" width=\"245\" height=\"91\" \/><\/a><\/p>\n<div role=\"form\" class=\"wpcf7\" id=\"wpcf7-f246-o1\" lang=\"vi\" dir=\"ltr\">\n<div class=\"screen-reader-response\"><p role=\"status\" aria-live=\"polite\" aria-atomic=\"true\"><\/p> <ul><\/ul><\/div>\n<form action=\"\/tinhbot\/wp-json\/wp\/v2\/pages\/55#wpcf7-f246-o1\" method=\"post\" class=\"wpcf7-form init\" novalidate=\"novalidate\" data-status=\"init\">\n<div style=\"display: none;\">\n<input type=\"hidden\" name=\"_wpcf7\" value=\"246\" \/>\n<input type=\"hidden\" name=\"_wpcf7_version\" value=\"5.4.2\" \/>\n<input type=\"hidden\" name=\"_wpcf7_locale\" value=\"vi\" \/>\n<input type=\"hidden\" name=\"_wpcf7_unit_tag\" value=\"wpcf7-f246-o1\" \/>\n<input type=\"hidden\" name=\"_wpcf7_container_post\" value=\"0\" \/>\n<input type=\"hidden\" name=\"_wpcf7_posted_data_hash\" value=\"\" \/>\n<\/div>\n<div class=\"form-lien-he\">\n<h3>\u0110\u0103ng k\u00fd mua s\u1ea3n ph\u1ea9m<\/h3>\n<p><span class=\"wpcf7-form-control-wrap text-65\"><input type=\"text\" name=\"text-65\" value=\"\" size=\"40\" class=\"wpcf7-form-control wpcf7-text wpcf7-validates-as-required\" aria-required=\"true\" aria-invalid=\"false\" placeholder=\"H\u1ecd v\u00e0 t\u00ean...\" \/><\/span><br \/>\n<span class=\"wpcf7-form-control-wrap tel-467\"><input type=\"tel\" name=\"tel-467\" value=\"\" size=\"40\" class=\"wpcf7-form-control wpcf7-text wpcf7-tel wpcf7-validates-as-required wpcf7-validates-as-tel\" aria-required=\"true\" aria-invalid=\"false\" placeholder=\"S\u1ed1 \u0111i\u1ec7n tho\u1ea1i...\" \/><\/span><br \/>\n<span class=\"wpcf7-form-control-wrap text-653\"><input type=\"text\" name=\"text-653\" value=\"\" size=\"40\" class=\"wpcf7-form-control wpcf7-text\" aria-invalid=\"false\" placeholder=\"\u0110\u1ecba ch\u1ec9...\" \/><\/span><br \/>\n<span class=\"wpcf7-form-control-wrap textarea-13\"><textarea name=\"textarea-13\" cols=\"40\" rows=\"10\" class=\"wpcf7-form-control wpcf7-textarea\" aria-invalid=\"false\" placeholder=\"\u0110\u0103ng k\u00fd g\u00f3i...\"><\/textarea><\/span><br \/>\n<input type=\"submit\" value=\"G\u1eedi li\u00ean h\u1ec7\" class=\"wpcf7-form-control wpcf7-submit\" \/><\/p>\n<div class=\"hinh-anh\">\n<img title=\"bac-sy-tu-van\" src=\"\/wp-content\/uploads\/2019\/02\/bac-sy-tu-van.png\"\/>\n<\/div>\n<\/div>\n<div class=\"wpcf7-response-output\" aria-hidden=\"true\"><\/div><\/form><\/div>\n","protected":false},"excerpt":{"rendered":"","protected":false},"author":1,"featured_media":0,"parent":0,"menu_order":0,"comment_status":"closed","ping_status":"closed","template":"page-right-sidebar.php","meta":[],"_links":{"self":[{"href":"https:\/\/demo.bmconnect.vn\/tinhbot\/wp-json\/wp\/v2\/pages\/55"}],"collection":[{"href":"https:\/\/demo.bmconnect.vn\/tinhbot\/wp-json\/wp\/v2\/pages"}],"about":[{"href":"https:\/\/demo.bmconnect.vn\/tinhbot\/wp-json\/wp\/v2\/types\/page"}],"author":[{"embeddable":true,"href":"https:\/\/demo.bmconnect.vn\/tinhbot\/wp-json\/wp\/v2\/users\/1"}],"replies":[{"embeddable":true,"href":"https:\/\/demo.bmconnect.vn\/tinhbot\/wp-json\/wp\/v2\/comments?post=55"}],"version-history":[{"count":0,"href":"https:\/\/demo.bmconnect.vn\/tinhbot\/wp-json\/wp\/v2\/pages\/55\/revisions"}],"wp:attachment":[{"href":"https:\/\/demo.bmconnect.vn\/tinhbot\/wp-json\/wp\/v2\/media?parent=55"}],"curies":[{"name":"wp","href":"https:\/\/api.w.org\/{rel}","templated":true}]}}