{"id":53,"date":"2019-02-15T10:17:28","date_gmt":"2019-02-15T03:17:28","guid":{"rendered":"http:\/\/demo.bmconnect.vn\/tinhbot\/?page_id=53"},"modified":"2019-02-19T03:37:25","modified_gmt":"2019-02-18T20:37:25","slug":"diem-ban","status":"publish","type":"page","link":"https:\/\/demo.bmconnect.vn\/tinhbot\/diem-ban\/","title":{"rendered":"\u0110i\u1ec3m b\u00e1n"},"content":{"rendered":"<div class=\"container section-title-container\" ><h3 class=\"section-title section-title-normal\"><b><\/b><span class=\"section-title-main\" style=\"color:rgb(105, 173, 70);\">\u0110i\u1ec3m b\u00e1n<\/span><b><\/b><\/h3><\/div>\n<table>\n<tbody>\n<tr>\n<th class=\"tinh-thanh tieu-de\">T\u1ec9nh th\u00e0nh<\/th>\n<th class=\"dia-chi tieu-de\">\u0110\u1ecba ch\u1ec9<\/th>\n<th class=\"so-dien-thoai tieu-de\">S\u1ed1 \u0111i\u1ec7n tho\u1ea1i<\/th>\n<\/tr>\n<tr>\n<td>H\u00e0 N\u1ed9i<\/td>\n<td>S\u1ed1 29, ng\u00f5 18 L\u01b0\u01a1ng Ng\u1ecdc Quy\u1ebfn, V\u0103n Qu\u00e1n, H\u00e0 \u0110\u00f4ng, H\u00e0 N\u1ed9i<\/td>\n<td>\u00a00972.939.830<\/td>\n<\/tr>\n<tr>\n<td>Ninh B\u00ecnh<\/td>\n<td>Th\u00f4n L\u00e3ng N\u1ed9i, Gia L\u1eadp, Gia Vi\u1ec5n, Ninh B\u00ecnh<\/td>\n<td>01234.567.890<\/td>\n<\/tr>\n<tr>\n<td>H\u00e0 N\u1ed9i<\/td>\n<td>S\u1ed1 29, ng\u00f5 18 L\u01b0\u01a1ng Ng\u1ecdc Quy\u1ebfn, V\u0103n Qu\u00e1n, H\u00e0 \u0110\u00f4ng, H\u00e0 N\u1ed9i<\/td>\n<td>\u00a00972.939.830<\/td>\n<\/tr>\n<tr>\n<td>Ninh B\u00ecnh<\/td>\n<td>Th\u00f4n L\u00e3ng N\u1ed9i, Gia L\u1eadp, Gia Vi\u1ec5n, Ninh B\u00ecnh<\/td>\n<td>01234.567.890<\/td>\n<\/tr>\n<tr>\n<td>H\u00e0 N\u1ed9i<\/td>\n<td>S\u1ed1 29, ng\u00f5 18 L\u01b0\u01a1ng Ng\u1ecdc Quy\u1ebfn, V\u0103n Qu\u00e1n, H\u00e0 \u0110\u00f4ng, H\u00e0 N\u1ed9i<\/td>\n<td>\u00a00972.939.830<\/td>\n<\/tr>\n<tr>\n<td>Ninh B\u00ecnh<\/td>\n<td>Th\u00f4n L\u00e3ng N\u1ed9i, Gia L\u1eadp, Gia Vi\u1ec5n, Ninh B\u00ecnh<\/td>\n<td>01234.567.890<\/td>\n<\/tr>\n<tr>\n<td>H\u00e0 N\u1ed9i<\/td>\n<td>S\u1ed1 29, ng\u00f5 18 L\u01b0\u01a1ng Ng\u1ecdc Quy\u1ebfn, V\u0103n Qu\u00e1n, H\u00e0 \u0110\u00f4ng, H\u00e0 N\u1ed9i<\/td>\n<td>\u00a00972.939.830<\/td>\n<\/tr>\n<tr>\n<td>Ninh B\u00ecnh<\/td>\n<td>Th\u00f4n L\u00e3ng N\u1ed9i, Gia L\u1eadp, Gia Vi\u1ec5n, Ninh B\u00ecnh<\/td>\n<td>01234.567.890<\/td>\n<\/tr>\n<\/tbody>\n<\/table>\n<div role=\"form\" class=\"wpcf7\" id=\"wpcf7-f246-o1\" lang=\"vi\" dir=\"ltr\">\n<div class=\"screen-reader-response\"><p role=\"status\" aria-live=\"polite\" aria-atomic=\"true\"><\/p> <ul><\/ul><\/div>\n<form action=\"\/tinhbot\/wp-json\/wp\/v2\/pages\/53#wpcf7-f246-o1\" method=\"post\" class=\"wpcf7-form init\" novalidate=\"novalidate\" data-status=\"init\">\n<div style=\"display: none;\">\n<input type=\"hidden\" name=\"_wpcf7\" value=\"246\" \/>\n<input type=\"hidden\" name=\"_wpcf7_version\" value=\"5.4.2\" \/>\n<input type=\"hidden\" name=\"_wpcf7_locale\" value=\"vi\" \/>\n<input type=\"hidden\" name=\"_wpcf7_unit_tag\" value=\"wpcf7-f246-o1\" \/>\n<input type=\"hidden\" name=\"_wpcf7_container_post\" value=\"0\" \/>\n<input type=\"hidden\" name=\"_wpcf7_posted_data_hash\" value=\"\" \/>\n<\/div>\n<div class=\"form-lien-he\">\n<h3>\u0110\u0103ng k\u00fd mua s\u1ea3n ph\u1ea9m<\/h3>\n<p><span class=\"wpcf7-form-control-wrap text-65\"><input type=\"text\" name=\"text-65\" value=\"\" size=\"40\" class=\"wpcf7-form-control wpcf7-text wpcf7-validates-as-required\" aria-required=\"true\" aria-invalid=\"false\" placeholder=\"H\u1ecd v\u00e0 t\u00ean...\" \/><\/span><br \/>\n<span class=\"wpcf7-form-control-wrap tel-467\"><input type=\"tel\" name=\"tel-467\" value=\"\" size=\"40\" class=\"wpcf7-form-control wpcf7-text wpcf7-tel wpcf7-validates-as-required wpcf7-validates-as-tel\" aria-required=\"true\" aria-invalid=\"false\" placeholder=\"S\u1ed1 \u0111i\u1ec7n tho\u1ea1i...\" \/><\/span><br \/>\n<span class=\"wpcf7-form-control-wrap text-653\"><input type=\"text\" name=\"text-653\" value=\"\" size=\"40\" class=\"wpcf7-form-control wpcf7-text\" aria-invalid=\"false\" placeholder=\"\u0110\u1ecba ch\u1ec9...\" \/><\/span><br \/>\n<span class=\"wpcf7-form-control-wrap textarea-13\"><textarea name=\"textarea-13\" cols=\"40\" rows=\"10\" class=\"wpcf7-form-control wpcf7-textarea\" aria-invalid=\"false\" placeholder=\"\u0110\u0103ng k\u00fd g\u00f3i...\"><\/textarea><\/span><br \/>\n<input type=\"submit\" value=\"G\u1eedi li\u00ean h\u1ec7\" class=\"wpcf7-form-control wpcf7-submit\" \/><\/p>\n<div class=\"hinh-anh\">\n<img title=\"bac-sy-tu-van\" src=\"\/wp-content\/uploads\/2019\/02\/bac-sy-tu-van.png\"\/>\n<\/div>\n<\/div>\n<div class=\"wpcf7-response-output\" aria-hidden=\"true\"><\/div><\/form><\/div>\n","protected":false},"excerpt":{"rendered":"<p>T\u1ec9nh th\u00e0nh \u0110\u1ecba ch\u1ec9 S\u1ed1 \u0111i\u1ec7n tho\u1ea1i H\u00e0 N\u1ed9i S\u1ed1 29, ng\u00f5 18 L\u01b0\u01a1ng Ng\u1ecdc Quy\u1ebfn, V\u0103n Qu\u00e1n, H\u00e0 \u0110\u00f4ng, H\u00e0 N\u1ed9i \u00a00972.939.830 Ninh B\u00ecnh Th\u00f4n L\u00e3ng N\u1ed9i, Gia L\u1eadp, Gia Vi\u1ec5n, Ninh B\u00ecnh 01234.567.890 H\u00e0 N\u1ed9i S\u1ed1 29, ng\u00f5 18 L\u01b0\u01a1ng Ng\u1ecdc Quy\u1ebfn, V\u0103n Qu\u00e1n, H\u00e0 \u0110\u00f4ng, H\u00e0 N\u1ed9i \u00a00972.939.830 Ninh B\u00ecnh Th\u00f4n L\u00e3ng &#8230;<\/p>\n","protected":false},"author":1,"featured_media":0,"parent":0,"menu_order":0,"comment_status":"closed","ping_status":"closed","template":"page-right-sidebar.php","meta":[],"_links":{"self":[{"href":"https:\/\/demo.bmconnect.vn\/tinhbot\/wp-json\/wp\/v2\/pages\/53"}],"collection":[{"href":"https:\/\/demo.bmconnect.vn\/tinhbot\/wp-json\/wp\/v2\/pages"}],"about":[{"href":"https:\/\/demo.bmconnect.vn\/tinhbot\/wp-json\/wp\/v2\/types\/page"}],"author":[{"embeddable":true,"href":"https:\/\/demo.bmconnect.vn\/tinhbot\/wp-json\/wp\/v2\/users\/1"}],"replies":[{"embeddable":true,"href":"https:\/\/demo.bmconnect.vn\/tinhbot\/wp-json\/wp\/v2\/comments?post=53"}],"version-history":[{"count":0,"href":"https:\/\/demo.bmconnect.vn\/tinhbot\/wp-json\/wp\/v2\/pages\/53\/revisions"}],"wp:attachment":[{"href":"https:\/\/demo.bmconnect.vn\/tinhbot\/wp-json\/wp\/v2\/media?parent=53"}],"curies":[{"name":"wp","href":"https:\/\/api.w.org\/{rel}","templated":true}]}}