{"id":400,"date":"2019-02-22T11:02:43","date_gmt":"2019-02-22T11:02:43","guid":{"rendered":"http:\/\/demo.bmconnect.vn\/thucphamchucnang3\/?page_id=400"},"modified":"2019-02-22T11:03:42","modified_gmt":"2019-02-22T11:03:42","slug":"lien-he","status":"publish","type":"page","link":"https:\/\/demo.bmconnect.vn\/thucphamchucnang3\/lien-he\/","title":{"rendered":"Li\u00ean h\u1ec7"},"content":{"rendered":"<p><iframe loading=\"lazy\" style=\"border: 0;\" src=\"https:\/\/www.google.com\/maps\/embed?pb=!1m14!1m8!1m3!1d14900.931775031808!2d105.79967699999999!3d20.9832975!3m2!1i1024!2i768!4f13.1!3m3!1m2!1s0x0%3A0x4fc1c256d7cdb4d!2zR2l1c2VBcnQgLSBUaGnhur90IGvhur8gxJHhu5MgaOG7jWEgdsOgIHdlYnNpdGUgY2h1ecOqbiBuZ2hp4buHcA!5e0!3m2!1sen!2s!4v1550726929685\" width=\"100%\" height=\"250\" frameborder=\"0\" allowfullscreen=\"allowfullscreen\"><\/iframe><\/p>\n<div class=\"row row-small page-lien-he\"  id=\"row-1086502154\">\n\n\t<div id=\"col-1020146597\" class=\"col medium-6 small-12 large-6\"  >\n\t\t\t\t<div class=\"col-inner\"  >\n\t\t\t\n\t\t\t\n<div class=\"col-inner\">\n<h3><span style=\"color: #4f3716;\">LI\u00caN H\u1ec6 V\u1edaI CH\u00daNG T\u00d4I<\/span><\/h3>\n<p><span style=\"font-size: 100%;\"><strong>C\u00f4ng ty TNHH GiuseBee \u2013 Chi nh\u00e1nh H\u00e0 N\u1ed9i<\/strong><\/span><\/p>\n<ul>\n<li><span style=\"font-size: 90%;\"><strong>Tr\u1ee5 s\u1edf ch\u00ednh:<\/strong>\u00a0180 \u2013 182 L\u00fd Ch\u00ednh Th\u1eafng, Ph\u01b0\u1eddng 9, Qu\u1eadn 3, TP H\u1ed3 Ch\u00ed Minh\u00a0<\/span><\/li>\n<li><span style=\"font-size: 90%;\"><strong style=\"color: #555555;\">Chi nh\u00e1nh:<\/strong><span style=\"color: #555555;\">\u00a0T\u1ea7ng 4, s\u1ed1 01 ng\u00f5 120 Tr\u01b0\u1eddng Chinh, Thanh Xu\u00e2n , H\u00e0 N\u1ed9i<\/span><\/span><\/li>\n<li class=\"gap-element\"><span style=\"font-size: 90%;\"><strong style=\"color: #555555;\">Hotline:<\/strong><span style=\"color: #555555;\">\u00a0039.465.8880.<\/span><\/span><\/li>\n<li><span style=\"font-size: 90%;\"><strong>Email:<\/strong> info.giuseart.com@gmail.com<\/span><\/li>\n<li><span style=\"font-size: 90%;\"><strong>Website:<\/strong> www.ninhbinhweb.com<\/span><\/li>\n<\/ul>\n<div class=\"social-icons follow-icons \"><\/div>\n<\/div>\n\t\t<\/div>\n\t\t\t\t\t<\/div>\n\n\t\n\n\t<div id=\"col-1553132152\" class=\"col medium-6 small-12 large-6\"  >\n\t\t\t\t<div class=\"col-inner\"  >\n\t\t\t\n\t\t\t\n<div role=\"form\" class=\"wpcf7\" id=\"wpcf7-f152-o1\" lang=\"vi\" dir=\"ltr\">\n<div class=\"screen-reader-response\"><p role=\"status\" aria-live=\"polite\" aria-atomic=\"true\"><\/p> <ul><\/ul><\/div>\n<form action=\"\/thucphamchucnang3\/wp-json\/wp\/v2\/pages\/400#wpcf7-f152-o1\" method=\"post\" class=\"wpcf7-form init\" novalidate=\"novalidate\" data-status=\"init\">\n<div style=\"display: none;\">\n<input type=\"hidden\" name=\"_wpcf7\" value=\"152\" \/>\n<input type=\"hidden\" name=\"_wpcf7_version\" value=\"5.4.2\" \/>\n<input type=\"hidden\" name=\"_wpcf7_locale\" value=\"vi\" \/>\n<input type=\"hidden\" name=\"_wpcf7_unit_tag\" value=\"wpcf7-f152-o1\" \/>\n<input type=\"hidden\" name=\"_wpcf7_container_post\" value=\"0\" \/>\n<input type=\"hidden\" name=\"_wpcf7_posted_data_hash\" value=\"\" \/>\n<\/div>\n<div class=\"form-dat-hang\">\n<h2>Li\u00ean h\u1ec7 \u0111\u1eb7t h\u00e0ng<\/h2>\n<p><span class=\"mo-ta\">\u0110\u1eb7t h\u00e0ng ngay h\u00f4m nay \u0111\u1ec3 nh\u1eadn nh\u1eefng \u01b0u \u0111\u00e3i h\u1ea5p d\u1eabn:<\/span><\/p>\n<ul>\n<li>Mi\u1ec5n ph\u00ed ship h\u00e0ng to\u00e0n qu\u1ed1c.<\/li>\n<li>T\u1eb7ng 01 voucher 100K cho l\u1ea7n mua h\u00e0ng ti\u1ebfp theo<\/li>\n<\/ul>\n<p><span class=\"wpcf7-form-control-wrap text-99\"><input type=\"text\" name=\"text-99\" value=\"\" size=\"40\" class=\"wpcf7-form-control wpcf7-text wpcf7-validates-as-required\" aria-required=\"true\" aria-invalid=\"false\" placeholder=\"H\u1ecd v\u00e0 t\u00ean...\" \/><\/span><br \/>\n<span class=\"wpcf7-form-control-wrap text-934\"><input type=\"text\" name=\"text-934\" value=\"\" size=\"40\" class=\"wpcf7-form-control wpcf7-text\" aria-invalid=\"false\" placeholder=\"\u0110\u1ecba ch\u1ec9 nh\u1eadn h\u00e0ng...\" \/><\/span><\/p>\n<div class=\"form-chinh\">\n<div class=\"left\">\n<span class=\"wpcf7-form-control-wrap tel-496\"><input type=\"tel\" name=\"tel-496\" value=\"\" size=\"40\" class=\"wpcf7-form-control wpcf7-text wpcf7-tel wpcf7-validates-as-required wpcf7-validates-as-tel\" aria-required=\"true\" aria-invalid=\"false\" placeholder=\"S\u1ed1 \u0111i\u1ec7n tho\u1ea1i\" \/><\/span>\n<\/div>\n<div class=\"right\">\n<span class=\"wpcf7-form-control-wrap text-9365\"><input type=\"text\" name=\"text-9365\" value=\"\" size=\"40\" class=\"wpcf7-form-control wpcf7-text\" aria-invalid=\"false\" placeholder=\"S\u1ed1 l\u01b0\u1ee3ng \u0111\u1eb7t h\u00e0ng...\" \/><\/span>\n<\/div>\n<div class=\"clearboth\"><\/div>\n<\/div>\n<p><span class=\"wpcf7-form-control-wrap textarea-807\"><textarea name=\"textarea-807\" cols=\"40\" rows=\"10\" class=\"wpcf7-form-control wpcf7-textarea\" aria-invalid=\"false\" placeholder=\"Ghi ch\u00fa th\u00eam...\"><\/textarea><\/span><br \/>\n<input type=\"submit\" value=\"Li\u00ean h\u1ec7 \u0111\u1eb7t h\u00e0ng\" class=\"wpcf7-form-control wpcf7-submit\" \/>\n<\/p><\/div>\n<div class=\"wpcf7-response-output\" aria-hidden=\"true\"><\/div><\/form><\/div>\n\t\t<\/div>\n\t\t\t\t\t<\/div>\n\n\t\n<\/div>\n","protected":false},"excerpt":{"rendered":"","protected":false},"author":1,"featured_media":0,"parent":0,"menu_order":0,"comment_status":"closed","ping_status":"closed","template":"page-right-sidebar.php","meta":[],"_links":{"self":[{"href":"https:\/\/demo.bmconnect.vn\/thucphamchucnang3\/wp-json\/wp\/v2\/pages\/400"}],"collection":[{"href":"https:\/\/demo.bmconnect.vn\/thucphamchucnang3\/wp-json\/wp\/v2\/pages"}],"about":[{"href":"https:\/\/demo.bmconnect.vn\/thucphamchucnang3\/wp-json\/wp\/v2\/types\/page"}],"author":[{"embeddable":true,"href":"https:\/\/demo.bmconnect.vn\/thucphamchucnang3\/wp-json\/wp\/v2\/users\/1"}],"replies":[{"embeddable":true,"href":"https:\/\/demo.bmconnect.vn\/thucphamchucnang3\/wp-json\/wp\/v2\/comments?post=400"}],"version-history":[{"count":0,"href":"https:\/\/demo.bmconnect.vn\/thucphamchucnang3\/wp-json\/wp\/v2\/pages\/400\/revisions"}],"wp:attachment":[{"href":"https:\/\/demo.bmconnect.vn\/thucphamchucnang3\/wp-json\/wp\/v2\/media?parent=400"}],"curies":[{"name":"wp","href":"https:\/\/api.w.org\/{rel}","templated":true}]}}