{"id":464,"date":"2019-02-14T15:32:32","date_gmt":"2019-02-14T08:32:32","guid":{"rendered":"http:\/\/demo.bmconnect.vn\/suadienthoai\/?post_type=product&#038;p=464"},"modified":"2019-02-14T15:32:32","modified_gmt":"2019-02-14T08:32:32","slug":"samsung-galaxy-note-8","status":"publish","type":"product","link":"https:\/\/demo.bmconnect.vn\/suadienthoai\/san-pham\/samsung-galaxy-note-8\/","title":{"rendered":"Samsung Galaxy Note 8"},"content":{"rendered":"<div class=\"content showContent\">\n<h2><strong>Galaxy Note 8 l\u00e0 ni\u1ec1m hy v\u1ecdng v\u1ef1c l\u1ea1i d\u00f2ng Note danh ti\u1ebfng c\u1ee7a Samsung v\u1edbi di\u1ec7n m\u1ea1o nam t\u00ednh, sang tr\u1ecdng. Trang b\u1ecb camera k\u00e9p x\u00f3a ph\u00f4ng th\u1eddi th\u01b0\u1ee3ng, m\u00e0n h\u00ecnh v\u00f4 c\u1ef1c nh\u01b0 tr\u00ean\u00a0S8 Plus, b\u00fat Spen v\u1edbi nhi\u1ec1u t\u00ednh n\u0103ng m\u1edbi v\u00e0 nhi\u1ec1u c\u00f4ng ngh\u1ec7 \u0111\u01b0\u1ee3c Samsung \u01b0u \u00e1i \u0111em l\u00ean Note 8.<\/strong><\/h2>\n<p><img class=\"lazy\" title=\"1\" src=\"https:\/\/cdn1.tgdd.vn\/Files\/2017\/09\/09\/1020228\/z764741777150_ea3f044fdfc5223e3e5b0c82a4a331f0-_2560x1920-800-resize.jpg\" alt=\"1\" data-original=\"https:\/\/cdn1.tgdd.vn\/Files\/2017\/09\/09\/1020228\/z764741777150_ea3f044fdfc5223e3e5b0c82a4a331f0-_2560x1920-800-resize.jpg\" \/><\/p>\n<p>D\u00f9 \u0111\u01b0\u1ee3c gi\u1edbi thi\u1ec7u l\u00e0 m\u00e0n h\u00ecnh l\u00ean t\u1edbi 6.3 inch nh\u01b0ng th\u1ef1c s\u1ef1 m\u00e1y khi c\u1ea7m tr\u00ean tay r\u1ea5t nh\u1ecf g\u1ecdn nh\u1edd v\u00e0o c\u00f4ng ngh\u1ec7 \u201cm\u00e0n h\u00ecnh v\u00f4 c\u1ef1c\u201d ti\u00ean ti\u1ebfn nh\u1ea5t hi\u1ec7n nay c\u1ee7a Samsung.<\/p>\n<p><img class=\"lazy\" title=\"2\" src=\"https:\/\/cdn3.tgdd.vn\/Files\/2017\/09\/09\/1020228\/z764741903200_347a0ee08cf7acf973047629cf2c29ac-_2560x1920-800-resize.jpg\" alt=\"2\" data-original=\"https:\/\/cdn3.tgdd.vn\/Files\/2017\/09\/09\/1020228\/z764741903200_347a0ee08cf7acf973047629cf2c29ac-_2560x1920-800-resize.jpg\" \/><\/p>\n<p>C\u00e1c c\u1ea1nh b\u00ean m\u00e1y \u0111\u01b0\u1ee3c l\u00e0m cong \u0111\u1ec1u khi\u1ebfn m\u00ecnh khi c\u1ea7m c\u00f3 c\u1ea3m gi\u00e1c \u00f4m tay r\u1ea5t tho\u1ea3i m\u00e1i v\u00e0 kh\u00f4ng h\u1ec1 b\u1ecb c\u1ea5n.<\/p>\n<p><img class=\"lazy\" title=\"3\" src=\"https:\/\/cdn.tgdd.vn\/Files\/2017\/09\/09\/1020228\/z764741534567_c7686e1d5bdbcd1a1a365182240bd1fd-_2560x1920-800-resize.jpg\" alt=\"3\" data-original=\"https:\/\/cdn.tgdd.vn\/Files\/2017\/09\/09\/1020228\/z764741534567_c7686e1d5bdbcd1a1a365182240bd1fd-_2560x1920-800-resize.jpg\" \/><\/p>\n<p>C\u1ea3 m\u1eb7t tr\u01b0\u1edbc v\u00e0 m\u1eb7t sau m\u00e1y \u0111\u1ec1u \u0111\u01b0\u1ee3c ph\u1ee7 k\u00edn b\u1eb1ng l\u1edbp k\u00ednh ph\u1ea3n chi\u1ebfu r\u1ea5t \u0111\u1eb9p nh\u01b0 \u0111\u00e3 t\u1eebng xu\u1ea5t hi\u1ec7n \u1edf b\u1ed9 \u0111\u00f4i S8\/S8+.<\/p>\n<p><img class=\"lazy\" title=\"4\" src=\"https:\/\/cdn2.tgdd.vn\/Files\/2017\/09\/09\/1020228\/z764741713755_8ea6cef957ab32285c205ed57a066367-_2560x1920-800-resize.jpg\" alt=\"4\" data-original=\"https:\/\/cdn2.tgdd.vn\/Files\/2017\/09\/09\/1020228\/z764741713755_8ea6cef957ab32285c205ed57a066367-_2560x1920-800-resize.jpg\" \/><\/p>\n<p>V\u00e0 m\u00e0n h\u00ecnh 2K tr\u00ean Note 8 ho\u1ea1t \u0111\u1ed9ng t\u1ed1t, g\u00f3c nh\u00ecn s\u1eafc n\u00e9t.<\/p>\n<p><img class=\"lazy\" title=\"5\" src=\"https:\/\/cdn4.tgdd.vn\/Files\/2017\/09\/09\/1020228\/z764740566215_8c972c312d8bddcc08180c8590a87824-_2560x1920-800-resize.jpg\" alt=\"5\" data-original=\"https:\/\/cdn4.tgdd.vn\/Files\/2017\/09\/09\/1020228\/z764740566215_8c972c312d8bddcc08180c8590a87824-_2560x1920-800-resize.jpg\" \/><\/p>\n<p>Galaxy Note 8 \u0111\u01b0\u1ee3c c\u00e0i s\u1eb5n h\u1ec7 \u0111i\u1ec1u h\u00e0nh Android Nougat \u0111i k\u00e8m v\u1edbi giao di\u1ec7n Samsung Experience m\u1edbi nh\u1ea5t. Theo nhi\u1ec1u ng\u01b0\u1eddi d\u00f9ng \u0111\u00e1nh gi\u00e1 th\u00ec \u0111\u00e2y c\u00f3 th\u1ec3 n\u00f3i l\u00e0 b\u1ed9 giao di\u1ec7n \u0111\u1eb9p v\u00e0 hi\u1ec7u qu\u1ea3 nh\u1ea5t c\u1ee7a Samsung t\u1edbi t\u1eadn b\u00e2y gi\u1edd.<\/p>\n<p><img class=\"lazy\" title=\"6\" src=\"https:\/\/cdn1.tgdd.vn\/Files\/2017\/09\/09\/1020228\/z764696952365_76c2667ff0451a11b42b27a3f0531a11-_2560x1920-800-resize.jpg\" alt=\"6\" data-original=\"https:\/\/cdn1.tgdd.vn\/Files\/2017\/09\/09\/1020228\/z764696952365_76c2667ff0451a11b42b27a3f0531a11-_2560x1920-800-resize.jpg\" \/><\/p>\n<p>V\u1edbi c\u1ea5u h\u00ecnh kh\u1ee7ng long Exynos 8895 8 nh\u00e2n v\u00e0 RAM 6 GB, Note 8 h\u1ed7 tr\u1ee3 ch\u1ea1y \u0111a nhi\u1ec7m r\u1ea5t t\u1ed1t, \u0111\u00e1p \u1ee9ng h\u1ea7u h\u1ebft c\u00e1c nhu c\u1ea7u ch\u01a1i game 3D n\u1eb7ng.<\/p>\n<p><img class=\"lazy\" title=\"7\" src=\"https:\/\/cdn3.tgdd.vn\/Files\/2017\/09\/09\/1020228\/z764696983446_7e0761bbf40b186fa86ff390e04920d4-_2560x1920-800-resize.jpg\" alt=\"7\" data-original=\"https:\/\/cdn3.tgdd.vn\/Files\/2017\/09\/09\/1020228\/z764696983446_7e0761bbf40b186fa86ff390e04920d4-_2560x1920-800-resize.jpg\" \/><\/p>\n<p>Camera k\u00e9p x\u00f3a ph\u00f4ng tr\u00ean Note 8 c\u00f3 th\u1ec3 n\u00f3i l\u00e0 \u2026 c\u1ea3m gi\u00e1c nh\u01b0 m\u00ecnh \u0111ang s\u1eed d\u1ee5ng m\u1ed9t chi\u1ebfc m\u00e1y \u1ea3nh th\u1ef1c th\u1ee5 v\u1eady.<\/p>\n<\/div>\n","protected":false},"excerpt":{"rendered":"<p>\u00c1o kho\u00e1c (N\u1ebfu kh\u00f4ng c\u00f3 qu\u00e0 s\u1ebd ho\u00e0n 100,000\u0111)<\/p>\n<p>C\u01a1 h\u1ed9i tr\u00fang xe Honda SH150i<\/p>\n<p>Tr\u1ea3 g\u00f3p 0% qua th\u1ebb t\u00edn d\u1ee5ng<\/p>\n<p>1 \u0111\u1ed5i 1 trong 1 th\u00e1ng\u00a0v\u1edbi s\u1ea3n ph\u1ea9m l\u1ed7i.<\/p>\n","protected":false},"featured_media":465,"comment_status":"open","ping_status":"closed","template":"","meta":[],"product_cat":[53],"product_tag":[],"_links":{"self":[{"href":"https:\/\/demo.bmconnect.vn\/suadienthoai\/wp-json\/wp\/v2\/product\/464"}],"collection":[{"href":"https:\/\/demo.bmconnect.vn\/suadienthoai\/wp-json\/wp\/v2\/product"}],"about":[{"href":"https:\/\/demo.bmconnect.vn\/suadienthoai\/wp-json\/wp\/v2\/types\/product"}],"replies":[{"embeddable":true,"href":"https:\/\/demo.bmconnect.vn\/suadienthoai\/wp-json\/wp\/v2\/comments?post=464"}],"wp:featuredmedia":[{"embeddable":true,"href":"https:\/\/demo.bmconnect.vn\/suadienthoai\/wp-json\/wp\/v2\/media\/465"}],"wp:attachment":[{"href":"https:\/\/demo.bmconnect.vn\/suadienthoai\/wp-json\/wp\/v2\/media?parent=464"}],"wp:term":[{"taxonomy":"product_cat","embeddable":true,"href":"https:\/\/demo.bmconnect.vn\/suadienthoai\/wp-json\/wp\/v2\/product_cat?post=464"},{"taxonomy":"product_tag","embeddable":true,"href":"https:\/\/demo.bmconnect.vn\/suadienthoai\/wp-json\/wp\/v2\/product_tag?post=464"}],"curies":[{"name":"wp","href":"https:\/\/api.w.org\/{rel}","templated":true}]}}