{"id":444,"date":"2019-02-14T15:17:33","date_gmt":"2019-02-14T08:17:33","guid":{"rendered":"http:\/\/demo.bmconnect.vn\/suadienthoai\/?post_type=product&#038;p=444"},"modified":"2019-02-14T15:17:33","modified_gmt":"2019-02-14T08:17:33","slug":"samsung-galaxy-s8-plus","status":"publish","type":"product","link":"https:\/\/demo.bmconnect.vn\/suadienthoai\/san-pham\/samsung-galaxy-s8-plus\/","title":{"rendered":"Samsung Galaxy S8 Plus"},"content":{"rendered":"<div class=\"content showContent\">\n<h2><strong>Galaxy S8 v\u00e0 S8 Plus hi\u1ec7n \u0111ang l\u00e0 chu\u1ea9n m\u1ef1c smartphone v\u1ec1 thi\u1ebft k\u1ebf trong t\u01b0\u01a1ng lai. Sau nhi\u1ec1u ng\u00e0y \u0111\u01b0\u1ee3c s\u1eed d\u1ee5ng, m\u00ecnh xin chia s\u1ebb nh\u1eefng c\u1ea3m nh\u1eadn chi ti\u1ebft nh\u1ea5t v\u1ec1 chi\u1ebfc\u00a0Galaxy S8 Plus\u00a0\u2013 thi\u1ebft b\u1ecb \u0111ang c\u00f3 doanh s\u1ed1 \u0111\u1eb7t h\u00e0ng kh\u1ee7ng nh\u1ea5t hi\u1ec7n t\u1ea1i.<\/strong><\/h2>\n<p><img class=\"lazy\" title=\"\u0110\u00e1nh gi\u00e1 chi ti\u1ebft Galaxy S8 Plus\" src=\"https:\/\/cdn4.tgdd.vn\/Files\/2017\/05\/01\/978135\/galaxys8plus_1280x720-800-resize.jpg\" alt=\"\u0110\u00e1nh gi\u00e1 chi ti\u1ebft Galaxy S8 Plus\" data-original=\"https:\/\/cdn4.tgdd.vn\/Files\/2017\/05\/01\/978135\/galaxys8plus_1280x720-800-resize.jpg\" \/><\/p>\n<p><b>Tr\u1ea3i nghi\u1ec7m m\u00e0n h\u00ecnh l\u1edbn, ch\u1ee9 kh\u00f4ng ph\u1ea3i l\u00e0 m\u1ed9t thi\u1ebft b\u1ecb k\u00edch th\u01b0\u1edbc l\u1edbn<\/b><\/p>\n<p>N\u0103m nay, c\u00e1c nh\u00e0 s\u1ea3n xu\u1ea5t H\u00e0n Qu\u1ed1c nh\u01b0 LG v\u00e0 Samsung \u0111\u00e3 \u0111i ti\u00ean phong v\u1edbi m\u00e0n h\u00ecnh t\u1ec9 l\u1ec7 18:9 hay 18,5:9, t\u1ed1i \u01b0u h\u1ebft m\u1ee9c vi\u1ec1n m\u00e0n h\u00ecnh. V\u00e0 Galaxy S8 Plus c\u0169ng v\u1eady, ng\u01b0\u1eddi d\u00f9ng s\u1ebd c\u00f3 m\u1ed9t tr\u1ea3i nghi\u1ec7m m\u00e0n h\u00ecnh l\u1edbn ch\u1ee9 kh\u00f4ng ph\u1ea3i l\u00e0 m\u1ed9t thi\u1ebft b\u1ecb k\u00edch th\u01b0\u1edbc l\u1edbn.<\/p>\n<p><img class=\"lazy\" title=\"M\u00e0n h\u00ecnh\" src=\"https:\/\/cdn1.tgdd.vn\/Products\/Images\/42\/91131\/samsung-galaxy-s8-plus-man-hinh.jpg\" alt=\"M\u00e0n h\u00ecnh\" data-original=\"https:\/\/cdn1.tgdd.vn\/Products\/Images\/42\/91131\/samsung-galaxy-s8-plus-man-hinh.jpg\" \/><\/p>\n<p>Kh\u00f4ng nh\u1eefng m\u1eb7t tr\u01b0\u1edbc bo cong m\u00e0 m\u1eb7t k\u00ednh sau c\u0169ng m\u1ec1m m\u1ea1i, \u00f4m g\u1ecdn trong b\u00e0n tay. C\u1ea3m gi\u00e1c c\u1ea7m n\u1eafm S8 Plus th\u1eadt s\u1ef1 r\u1ea5t d\u1ec5 ch\u1ecbu, d\u01b0\u1eddng nh\u01b0 kh\u00f4ng th\u1ea5y ch\u00fat c\u1ea5n n\u00e0o ngay c\u1ea3 v\u1edbi chi ti\u1ebft nh\u1ecf nh\u1ea5t. Tuy nhi\u00ean, k\u00edch th\u01b0\u1edbc 6.2 inch khi\u1ebfn cho vi\u1ec7c d\u00f9ng v\u00e2n tay c\u1ee7a m\u00ecnh kh\u00e1 l\u00e0 kh\u00f3 kh\u0103n.<\/p>\n<p><img class=\"lazy\" title=\"\u0110\u00e1nh gi\u00e1 chi ti\u1ebft Galaxy S8 plus\" src=\"https:\/\/cdn3.tgdd.vn\/Files\/2017\/05\/01\/978135\/img_0203_1280x720-800-resize.jpg\" alt=\"\u0110\u00e1nh gi\u00e1 chi ti\u1ebft Galaxy S8 plus\" data-original=\"https:\/\/cdn3.tgdd.vn\/Files\/2017\/05\/01\/978135\/img_0203_1280x720-800-resize.jpg\" \/><\/p>\n<p>Trong qu\u00e1 tr\u00ecnh s\u1eed d\u1ee5ng, \u0111\u00f4i khi m\u00ecnh hay \u1ea5n nh\u1ea7m n\u00fat volume v\u00e0 Bixby trong nh\u1eefng ng\u00e0y \u0111\u1ea7u, do Samsung thi\u1ebft k\u1ebf v\u1ecb tr\u00ed kh\u00e1 g\u1ea7n nhau.<\/p>\n<p><img class=\"lazy\" title=\"\u0110\u00e1nh gi\u00e1 chi ti\u1ebft Galaxy S8 Plus\" src=\"https:\/\/cdn.tgdd.vn\/Files\/2017\/05\/01\/978135\/img_1839_1280x720-800-resize.jpg\" alt=\"\u0110\u00e1nh gi\u00e1 chi ti\u1ebft Galaxy S8 Plus\" data-original=\"https:\/\/cdn.tgdd.vn\/Files\/2017\/05\/01\/978135\/img_1839_1280x720-800-resize.jpg\" \/><\/p>\n<div class=\"ratingbox owl-carousel owl-theme\">\n<div class=\"owl-wrapper-outer autoHeight\">\n<div class=\"owl-wrapper\">\n<div class=\"owl-item\">\n<div class=\"item\">\n<p><b>\u275d<\/b>Tuy\u1ec7t v\u1eddi qu\u00e1 Samsung \u01a1i!!! Mua m\u00e1y n\u00e0y v\u1ec1 l\u0169 b\u1ea1n tr\u1ea7m tr\u1ed3 qu\u00e1 tr\u1eddi. M\u00e1y \u0111\u1eb9p, sang ch\u1ea3nh, camera qu\u00e1 ngon, b\u1ea3o m\u1eadt m\u1ed1ng m\u1eaft r\u1ea5t nh\u1ea1y, c\u00f3 \u0111i\u1ec1u h\u01a1i d\u1ec5 tu\u1ed9t kh\u1ecfi tay nh\u01b0ng m\u00ecnh \u0111\u00e3 mua th\u00eam \u1ed1p nh\u1ef1a d\u1ebbo n\u00ean ch\u1eb3ng sao c\u1ea3.<b>\u275e<\/b><\/p>\n<p><label class=\"line\"><\/label><span class=\"info\"><b>Ng\u1ecdc D\u00e2n<\/b>\u00a0\u2013 Q1, Tp HCM<label class=\"sttB\"><i class=\"iconcom-checkbuy\"><\/i>\u0110\u00e3 mua t\u1ea1i Th\u1ebf gi\u1edbi di \u0111\u1ed9ng<\/label><\/span><\/p>\n<\/div>\n<\/div>\n<\/div>\n<\/div>\n<\/div>\n<p><strong>M\u00e0n h\u00ecnh v\u00f4 c\u1ef1c, tr\u1ea3i nghi\u1ec7m th\u1eadt \u0111\u00e3<\/strong><\/p>\n<p>Galaxy S8 Plus \u0111\u01b0\u1ee3c trang b\u1ecb m\u00e0n h\u00ecnh 6.2 inch \u0111\u1ed9 ph\u00e2n gi\u1ea3i 2K+, t\u1ec9 l\u1ec7 18,5:9 tr\u00ean t\u1ea5m n\u1ec1n Super AMOLED. V\u1edbi nhi\u1ec1u c\u00f4ng ngh\u1ec7 \u0111i k\u00e8m \u0111\u1eb7c bi\u1ec7t l\u00e0 HDR10 khi\u1ebfn cho g\u00f3c nh\u00ecn r\u1ed9ng, \u0111\u1ed9 s\u00e1ng cao, m\u00e0u \u0111en s\u00e2u c\u00f9ng t\u01b0\u01a1ng ph\u1ea3n m\u00e0u s\u1eafc \u0111\u1ec9nh, kh\u00f4ng c\u00f3 g\u00ec \u0111\u1ec1 ph\u00e0n n\u00e0n v\u1ec1 m\u00e0n h\u00ecnh tr\u00ean S8 Plus.<\/p>\n<p><img class=\"lazy\" title=\"\u0110\u00e1nh gi\u00e1 chi ti\u1ebft Galaxy S8 plus\" src=\"https:\/\/cdn2.tgdd.vn\/Files\/2017\/05\/01\/978135\/img_0206_1280x720-800-resize.jpg\" alt=\"\u0110\u00e1nh gi\u00e1 chi ti\u1ebft Galaxy S8 plus\" data-original=\"https:\/\/cdn2.tgdd.vn\/Files\/2017\/05\/01\/978135\/img_0206_1280x720-800-resize.jpg\" \/><\/p>\n<p>Vi\u1ec7c thay th\u1ebf n\u00fat home v\u1eadt l\u00fd b\u1eb1ng ph\u00edm \u0111i\u1ec1u h\u01b0\u1edbng m\u00e0n h\u00ecnh tr\u00ean S8 Plus m\u00ecnh th\u1ea5y b\u00ecnh th\u01b0\u1eddng kh\u00f4ng g\u00e2y kh\u00f3 \u00a0kh\u0103n g\u00ec trong qu\u00e1 tr\u00ecnh s\u1eed d\u1ee5ng.<\/p>\n<p><img class=\"lazy\" title=\"\u0110\u00e1nh gi\u00e1 chi ti\u1ebft Galaxy S8 plus\" src=\"https:\/\/cdn4.tgdd.vn\/Files\/2017\/05\/01\/978135\/img_0207_1280x720-800-resize.jpg\" alt=\"\u0110\u00e1nh gi\u00e1 chi ti\u1ebft Galaxy S8 plus\" data-original=\"https:\/\/cdn4.tgdd.vn\/Files\/2017\/05\/01\/978135\/img_0207_1280x720-800-resize.jpg\" \/><\/p>\n<p>N\u1ebfu ng\u1ea1i m\u00e0n h\u00ecnh to kh\u00f3 thao t\u00e1c ngo\u00e0i \u0111\u01b0\u1eddng, kh\u00f4ng sao, Galaxy S8 Plus v\u1eabn h\u1ed7 tr\u1ee3 t\u00ednh n\u0103ng m\u00e0n h\u00ecnh nh\u1ecf \u0111\u1ec3 thao t\u00e1c m\u1ed9t tay.<\/p>\n<p><img class=\"lazy\" title=\"\u0110\u00e1nh gi\u00e1 chi ti\u1ebft Galaxy S8 plus\" src=\"https:\/\/cdn1.tgdd.vn\/Files\/2017\/05\/01\/978135\/img_0214_1280x720-800-resize.jpg\" alt=\"\u0110\u00e1nh gi\u00e1 chi ti\u1ebft Galaxy S8 plus\" data-original=\"https:\/\/cdn1.tgdd.vn\/Files\/2017\/05\/01\/978135\/img_0214_1280x720-800-resize.jpg\" \/><\/p>\n<p>Ngo\u00e0i ra, Samsung c\u0169ng cho ph\u00e9p t\u00f9y bi\u1ebfn thanh \u0111i\u1ec1u h\u01b0\u1edbng v\u1edbi vi\u1ec7c thay \u0111\u1ed5i v\u1ecb tr\u00ed, m\u00e0u s\u1eafc c\u0169ng nh\u01b0 t\u1ed1c \u0111\u1ed9 ph\u1ea3n h\u1ed3i n\u00fat home.<\/p>\n<div class=\"ratingbox owl-carousel owl-theme\">\n<div class=\"owl-wrapper-outer autoHeight\">\n<div class=\"owl-wrapper\">\n<div class=\"owl-item\">\n<div class=\"item\">\n<p><b>\u275d<\/b>M\u00e1y \u0111\u1eb9p, l\u1ea7n \u0111\u1ea7u ti\u00ean m\u00ecnh b\u1ecf s\u1ed1 ti\u1ec1n l\u1edbn ra mua \u0111i\u1ec7n tho\u1ea1i, c\u0169ng \u0111\u1eafn \u0111o l\u1eafm ch\u1ee9. Nh\u01b0ng Galaxy S8 Plus kh\u00f4ng l\u00e0m m\u00ecnh th\u1ea5t v\u1ecdng. Thi\u1ebft k\u1ebf m\u00e0n h\u00ecnh h\u1ea7u nh\u01b0 kh\u00f4ng vi\u1ec1n, v\u00e0 m\u00e0n h\u00ecnh nh\u00ecn nh\u01b0 th\u1eadt. B\u1ed9 qu\u00e0 t\u1eb7ng th\u00ec kh\u1ecfi ch\u00ea\u2026 \u0111\u1eb9p v\u00e0 chuy\u00ean nghi\u1ec7p k\u00e8m theo nh\u1eefng \u0111\u1eb7c quy\u1ec1n c\u1ee7a Samsung. N\u00e0o l\u00e0 coi phim CGV m\u1ed7i th\u1ee9 7, u\u1ed1ng cafe Highland m\u1ed7i tu\u1ea7n c\u0169ng v\u00e0o th\u1ee9 7, ph\u00f2ng ch\u1edd h\u1ea1ng th\u01b0\u01a1ng gia \u1edf s\u00e2n bay. N\u00f3i chung m\u00ecnh r\u1ea5t h\u00e0i l\u00f2ng. C\u1ea3m \u01a1n TGDD \u0111\u00e3 mang l\u1ea1i cho m\u00ecnh c\u01a1 h\u1ed9i \u0111\u1ec3 tr\u1ea3i nghi\u1ec7m m\u1ed9t ki\u1ec7t t\u00e1c.<b>\u275e<\/b><\/p>\n<p><label class=\"line\"><\/label><span class=\"info\"><b>Th\u1ea1nh<\/b>\u00a0\u2013 H\u1ea3i D\u01b0\u01a1ng<label class=\"sttB\"><i class=\"iconcom-checkbuy\"><\/i>\u0110\u00e3 mua t\u1ea1i Th\u1ebf gi\u1edbi di \u0111\u1ed9ng<\/label><\/span><\/p>\n<\/div>\n<\/div>\n<\/div>\n<\/div>\n<\/div>\n<h3><strong>Camera c\u1ea3i thi\u1ec7n, nh\u01b0ng Samsung kh\u00f4ng h\u1ec1 n\u00f3i ra<\/strong><\/h3>\n<p>N\u1ebfu nh\u00ecn s\u01a1 qua, Galaxy S8 hay S8 Plus \u0111\u1ec1u kh\u00f4ng qu\u00e1 kh\u00e1c bi\u1ec7t v\u1edbi ng\u01b0\u1eddi ti\u1ec1n nhi\u1ec7m S7. V\u1eabn l\u00e0 \u0111\u1ed9 ph\u00e2n gi\u1ea3i 12 MP, kh\u1ea9u \u0111\u1ed9 F\/1.7, c\u00f4ng ngh\u1ec7 l\u1ea5y n\u00e9t Dual-pixel qu\u00e1 nhanh qu\u00e1 nguy hi\u1ec3m c\u00f9ng k\u00edch th\u01b0\u1edbc c\u1ea3m bi\u1ebfn l\u1edbn 1.4 micromet.<\/p>\n<p><img class=\"lazy\" title=\"\u0110\u00e1nh gi\u00e1 chi ti\u1ebft Galaxy S8 plus\" src=\"https:\/\/cdn3.tgdd.vn\/Files\/2017\/05\/01\/978135\/img_0218_1280x720-800-resize.jpg\" alt=\"\u0110\u00e1nh gi\u00e1 chi ti\u1ebft Galaxy S8 plus\" data-original=\"https:\/\/cdn3.tgdd.vn\/Files\/2017\/05\/01\/978135\/img_0218_1280x720-800-resize.jpg\" \/><\/p>\n<p>Tuy nhi\u00ean, s\u1ef1 n\u00e2ng c\u1ea5p c\u1ee7a Samsung kh\u00e1 \u00e2m th\u1ea7m v\u00e0 ch\u1ee7 y\u1ebfu l\u00e0 ch\u1ea5t l\u01b0\u1ee3ng th\u1ea5u k\u00ednh. M\u00ecnh r\u1ea5t h\u00e0i l\u00f2ng v\u1ec1 camera tr\u00ean Galaxy S8 Plus, v\u1edbi m\u00ecnh n\u00f3 x\u1ee9ng \u0111\u00e1ng l\u00e0 m\u1ed9t chi\u1ebfc camera-phone auto x\u1ebfp h\u00e0ng top cao.<\/p>\n<p>C\u00e1c b\u1ea1n c\u00f3 th\u1ec3 xem m\u1ed9t v\u00e0i h\u00ecnh \u1ea3nh m\u00ecnh ch\u1ee5p t\u1eeb Galaxy S8 Plus:<\/p>\n<p><img class=\"lazy\" title=\"\u1ea2nh ch\u1ee5p c\u1eadn c\u1ea3nh trong nh\u00e0\" src=\"https:\/\/cdn.tgdd.vn\/Products\/Images\/42\/91131\/samsung-galaxy-s8-plus2-1.jpg\" alt=\"\u1ea2nh ch\u1ee5p c\u1eadn c\u1ea3nh trong nh\u00e0\" data-original=\"https:\/\/cdn.tgdd.vn\/Products\/Images\/42\/91131\/samsung-galaxy-s8-plus2-1.jpg\" \/><br \/>\n<i>\u1ea2nh c\u1eadn c\u1ea3nh trong ph\u00f2ng<\/i><\/p>\n<p><img class=\"lazy\" title=\"M\u00e0u s\u1eafc g\u1ea7n s\u00e1t v\u1edbi th\u1ef1c t\u1ebf\" src=\"https:\/\/cdn2.tgdd.vn\/Products\/Images\/42\/91131\/samsung-galaxy-s8-plus3-1.jpg\" alt=\"M\u00e0u s\u1eafc g\u1ea7n s\u00e1t v\u1edbi th\u1ef1c t\u1ebf\" data-original=\"https:\/\/cdn2.tgdd.vn\/Products\/Images\/42\/91131\/samsung-galaxy-s8-plus3-1.jpg\" \/><br \/>\n<i>M\u00e0u s\u1eafc g\u1ea7n s\u00e1t v\u1edbi th\u1ef1c t\u1ebf<\/i><\/p>\n<p><img class=\"lazy\" title=\"\u1ea2nh ch\u1ee5p thi\u1ebfu s\u00e1ng\" src=\"https:\/\/cdn4.tgdd.vn\/Products\/Images\/42\/91131\/samsung-galaxy-s8-plus1-2.jpg\" alt=\"\u1ea2nh ch\u1ee5p thi\u1ebfu s\u00e1ng\" data-original=\"https:\/\/cdn4.tgdd.vn\/Products\/Images\/42\/91131\/samsung-galaxy-s8-plus1-2.jpg\" \/><\/p>\n<p>Thu\u1eadt to\u00e1n x\u1eed l\u00fd trong nhi\u1ec1u t\u00ecnh hu\u1ed1ng \u0111\u1ec1u t\u01b0\u01a1ng \u0111\u1ed3ng ng\u01b0\u1eddi ti\u1ec1n nhi\u1ec7m Galaxy S7, tuy nhi\u00ean s\u1ef1 kh\u00e1c nhau \u0111\u1ebfn t\u1eeb ch\u1ebf \u0111\u1ed9 HDR mang l\u1ea1i m\u1ed9t b\u1ee9c \u1ea3nh c\u00f3 d\u1ea3i nh\u1ea1y s\u00e1ng tuy\u1ec7t v\u1eddi. Ch\u01b0a k\u1ec3 vi\u1ec7c flare t\u00edm hay th\u1ea5y khi ch\u1ee5p c\u00f3 tia \u0111\u00e8n tr\u00ean camera Galaxy S7 hay d\u00f2ng A 2017, \u0111\u00e3 ho\u00e0n to\u00e0n \u0111\u01b0\u1ee3c kh\u1eafc ph\u1ee5c tr\u00ean c\u1ea3m bi\u1ebfn S5K2L2 c\u1ee7a Galaxy S8 Plus.<\/p>\n<p><strong>Tr\u1ea3i nghi\u1ec7m ng\u01b0\u1eddi d\u00f9ng c\u00f9ng Samsung Experience 8.1<\/strong><\/p>\n<p>M\u00ecnh s\u1ebd kh\u00f4ng n\u00f3i qu\u00e1 nhi\u1ec1u v\u1ec1 hi\u1ec7u n\u0103ng n\u1eefa, do Galaxy S8 Plus ch\u1ea1y tr\u00ean con chip Exynos 8895 c\u00f9ng 4 GB RAM, 64 GB b\u1ed9 nh\u1edb trong n\u00ean m\u1ecdi t\u00e1c v\u1ee5 \u0111\u1ec1u r\u1ea5t m\u01b0\u1ee3t m\u00e0.<\/p>\n<p><img class=\"lazy\" title=\"\u0110\u00e1nh gi\u00e1 chi ti\u1ebft Galaxy S8 Plus\" src=\"https:\/\/cdn1.tgdd.vn\/Files\/2017\/05\/01\/978135\/img_0223_1280x720-800-resize.jpg\" alt=\"\u0110\u00e1nh gi\u00e1 chi ti\u1ebft Galaxy S8 Plus\" data-original=\"https:\/\/cdn1.tgdd.vn\/Files\/2017\/05\/01\/978135\/img_0223_1280x720-800-resize.jpg\" \/><\/p>\n<p>M\u00e1y \u0111ang \u0111\u01b0\u1ee3c ch\u1ea1y tr\u00ean n\u1ec1n Android 7.0 c\u00f9ng giao di\u1ec7n Samsung Experience 8.1 tuy l\u1ea1 m\u00e0 quen. M\u1ecdi t\u00ednh n\u0103ng t\u1eeb Grace UX tr\u00ean S7 Edge \u0111\u1ec1u gi\u1ed1ng h\u1ec7t.<\/p>\n<p><img class=\"lazy\" title=\"\u0110\u00e1nh gi\u00e1 chi ti\u1ebft Galaxy S8 Plus\" src=\"https:\/\/cdn3.tgdd.vn\/Files\/2017\/05\/01\/978135\/img_0202_1280x720-800-resize.jpg\" alt=\"\u0110\u00e1nh gi\u00e1 chi ti\u1ebft Galaxy S8 Plus\" data-original=\"https:\/\/cdn3.tgdd.vn\/Files\/2017\/05\/01\/978135\/img_0202_1280x720-800-resize.jpg\" \/><\/p>\n<p>Ngo\u00e0i ra, v\u1ea5n \u0111\u1ec1 vi\u1ec7c t\u1ed1i \u01b0u m\u00e0n h\u00ecnh 18,5:9 tr\u00ean S8 Plus c\u0169ng kh\u00f4ng \u1ed5n \u0111\u1ecbnh nh\u01b0 k\u00ec v\u1ecdng. Nhi\u1ec1u \u1ee9ng d\u1ee5ng d\u00f9 \u0111\u00e3 cho ph\u00e9p ph\u00f3ng t\u1ec9 l\u1ec7 nh\u01b0ng v\u1eabn tr\u01a1 ra, v\u00ed d\u1ee5 nh\u01b0 game Dota truy\u1ec1n k\u00ec m\u00ecnh \u0111ang ch\u01a1i.<\/p>\n<p><img class=\"lazy\" title=\"\u0110\u00e1nh gi\u00e1 chi ti\u1ebft Galaxy S8 Plus\" src=\"https:\/\/cdn.tgdd.vn\/Files\/2017\/05\/01\/978135\/img_0204_1280x720-800-resize.jpg\" alt=\"\u0110\u00e1nh gi\u00e1 chi ti\u1ebft Galaxy S8 Plus\" data-original=\"https:\/\/cdn.tgdd.vn\/Files\/2017\/05\/01\/978135\/img_0204_1280x720-800-resize.jpg\" \/><\/p>\n<p>M\u1ed9t \u0111i\u1ec3m m\u1edbi tr\u00ean Galaxy S8 v\u00e0 S8 Plus ch\u00ednh l\u00e0 c\u00f4 tr\u1ee3 l\u00fd \u1ea3o Bixby, nghe c\u00f3 v\u1ebb hay nh\u01b0ng th\u1ef1c ch\u1ea5t kh\u00f4ng h\u1eefu \u00edch l\u1eafm \u1edf Vi\u1ec7t Nam.<\/p>\n<\/div>\n<div class=\"show-more\"><a class=\"read-more\">Thu g\u1ecdn n\u1ed9i dung<\/a><\/div>\n","protected":false},"excerpt":{"rendered":"<p>C\u01a1 h\u1ed9i tr\u00fang xe Honda SH150i<\/p>\n<p>Bao da Clear View ch\u00ednh h\u00e3ng<\/p>\n<p>Gi\u1ea3m ngay 2 tri\u1ec7u khi KH l\u00e0 ch\u1ee7 s\u1edf h\u1eefu Galaxy A, J, Note, S (l\u1ea5y m\u00e3 \u01b0u \u0111\u00e3i tr\u00ean Qu\u00e0 t\u1eb7ng Galaxy)<\/p>\n<p>S\u1ea1c d\u1ef1 ph\u00f2ng ch\u00ednh h\u00e3ng<\/p>\n<p>Vali \u2013 Size 20\u2033 c\u00f3 kh\u00f3a<\/p>\n","protected":false},"featured_media":445,"comment_status":"open","ping_status":"closed","template":"","meta":[],"product_cat":[53],"product_tag":[],"_links":{"self":[{"href":"https:\/\/demo.bmconnect.vn\/suadienthoai\/wp-json\/wp\/v2\/product\/444"}],"collection":[{"href":"https:\/\/demo.bmconnect.vn\/suadienthoai\/wp-json\/wp\/v2\/product"}],"about":[{"href":"https:\/\/demo.bmconnect.vn\/suadienthoai\/wp-json\/wp\/v2\/types\/product"}],"replies":[{"embeddable":true,"href":"https:\/\/demo.bmconnect.vn\/suadienthoai\/wp-json\/wp\/v2\/comments?post=444"}],"wp:featuredmedia":[{"embeddable":true,"href":"https:\/\/demo.bmconnect.vn\/suadienthoai\/wp-json\/wp\/v2\/media\/445"}],"wp:attachment":[{"href":"https:\/\/demo.bmconnect.vn\/suadienthoai\/wp-json\/wp\/v2\/media?parent=444"}],"wp:term":[{"taxonomy":"product_cat","embeddable":true,"href":"https:\/\/demo.bmconnect.vn\/suadienthoai\/wp-json\/wp\/v2\/product_cat?post=444"},{"taxonomy":"product_tag","embeddable":true,"href":"https:\/\/demo.bmconnect.vn\/suadienthoai\/wp-json\/wp\/v2\/product_tag?post=444"}],"curies":[{"name":"wp","href":"https:\/\/api.w.org\/{rel}","templated":true}]}}