{"id":440,"date":"2019-02-14T15:15:02","date_gmt":"2019-02-14T08:15:02","guid":{"rendered":"http:\/\/demo.bmconnect.vn\/suadienthoai\/?post_type=product&#038;p=440"},"modified":"2019-02-14T15:24:02","modified_gmt":"2019-02-14T08:24:02","slug":"dien-thoai-nokia-x6-nokia-6-1-plus","status":"publish","type":"product","link":"https:\/\/demo.bmconnect.vn\/suadienthoai\/san-pham\/dien-thoai-nokia-x6-nokia-6-1-plus\/","title":{"rendered":"\u0110i\u1ec7n tho\u1ea1i Nokia X6"},"content":{"rendered":"<div class=\"content showContent\">\n<h2>OPPO\u00a0A71 l\u00e0 b\u1ea3n n\u00e2ng c\u1ea5p m\u1ea1nh m\u1ebd c\u1ee7a chi\u1ebfc OPPO A39\u00a0\u0111\u00e3 ra m\u1eaft tr\u01b0\u1edbc \u0111\u00f3 v\u00e0 h\u1ee9a h\u1eb9n s\u1ebd l\u1ea1i l\u00e0 m\u1ed9t s\u1ea3n ph\u1ea9m mang v\u1ec1 nhi\u1ec1u th\u00e0nh c\u00f4ng cho OPPO trong n\u0103m 2017.<\/h2>\n<h3><strong>Thi\u1ebft k\u1ebf \u0111\u1eb9p m\u1eaft<\/strong><\/h3>\n<p>M\u1eb7c d\u00f9 v\u1eabn ch\u1ec9 \u0111\u01b0\u1ee3c l\u00e0m t\u1eeb ch\u1ea5t li\u1ec7u nh\u1ef1a nh\u01b0ng\u00a0OPPO A71 \u0111\u01b0\u1ee3c ho\u00e0n thi\u1ec7n kh\u00e1 ch\u1eafc ch\u1eafn v\u00e0 li\u1ec1n m\u1ea1ch.<\/p>\n<p><img class=\"lazy aligncenter\" title=\"OPPO A71\" src=\"https:\/\/cdn4.tgdd.vn\/Products\/Images\/42\/113259\/oppo-a714-1.jpg\" alt=\"OPPO A71\" data-original=\"https:\/\/cdn4.tgdd.vn\/Products\/Images\/42\/113259\/oppo-a714-1.jpg\" \/><\/p>\n<p><i>Thi\u1ebft k\u1ebf th\u1eddi trang, phong c\u00e1ch tr\u1ebb trung<\/i><\/p>\n<p>C\u00e1c g\u00f3c c\u1ea1nh \u0111\u01b0\u1ee3c bo cong m\u1ec1m m\u1ea1i cho c\u1ea3m gi\u00e1c c\u1ea7m n\u1eafm tho\u1ea3i m\u00e1i.<\/p>\n<p><img class=\"lazy aligncenter\" title=\"OPPO A71\" src=\"https:\/\/cdn1.tgdd.vn\/Products\/Images\/42\/113259\/oppo-a712-1.jpg\" alt=\"OPPO A71\" data-original=\"https:\/\/cdn1.tgdd.vn\/Products\/Images\/42\/113259\/oppo-a712-1.jpg\" \/><\/p>\n<p>C\u1ea3m gi\u00e1c c\u1ea7m n\u1eafm kh\u00e1 tho\u1ea3i m\u00e1i<\/p>\n<p>Ph\u1ea7n m\u1eb7t k\u00ednh \u1edf ph\u00eda tr\u01b0\u1edbc \u0111\u01b0\u1ee3c l\u00e0m cong 2.5D mang l\u1ea1i m\u1ed9t tr\u1ea3i nghi\u1ec7m m\u01b0\u1ee3t m\u00e0 khi vu\u1ed1t t\u1eeb c\u1ea1nh m\u00e0n h\u00ecnh.<\/p>\n<h3><strong>M\u00e0n h\u00ecnh \u0111\u1ee7 d\u00f9ng<\/strong><\/h3>\n<p>OPPO A71 s\u1edf h\u1eefu cho m\u00ecnh m\u1ed9t m\u00e0n h\u00ecnh c\u00f3 k\u00edch th\u01b0\u1edbc 5.2 inch \u0111\u1ed9 ph\u00e2n gi\u1ea3i HD cho ch\u1ea5t l\u01b0\u1ee3ng hi\u1ec3n th\u1ecb \u1edf m\u1ee9c kh\u00e1.<\/p>\n<p><img class=\"lazy aligncenter\" title=\"OPPO A71\" src=\"https:\/\/cdn3.tgdd.vn\/Products\/Images\/42\/113259\/oppo-a711-1.jpg\" alt=\"OPPO A71\" data-original=\"https:\/\/cdn3.tgdd.vn\/Products\/Images\/42\/113259\/oppo-a711-1.jpg\" \/><\/p>\n<p><i>M\u00e0n h\u00ecnh hi\u1ec3n th\u1ecb t\u1ed1t n\u1ed9i dung, s\u1ebd h\u01a1i r\u1ed7 nh\u1eb9 n\u1ebfu b\u1ea1n nh\u00ecn \u1edf kho\u1ea3ng c\u00e1ch g\u1ea7n<\/i><\/p>\n<p>M\u00e1y s\u1eed d\u1ee5ng\u00a0t\u1ea5m n\u1ec1n\u00a0IPS LCD\u00a0\u0111em l\u1ea1i kh\u1ea3 n\u0103ng t\u00e1i t\u1ea1o m\u00e0u s\u1eafc ch\u00e2n th\u1ef1c c\u00f9ng g\u00f3c nh\u00ecn r\u1ed9ng.<\/p>\n<h3><strong>C\u1ea5u h\u00ecnh n\u00e2ng c\u1ea5p m\u1ea1nh m\u1ebd<\/strong><\/h3>\n<p>So v\u1edbi ng\u01b0\u1eddi ti\u1ec1n nhi\u1ec7m th\u00ec\u00a0OPPO A71 \u0111\u00e3 mang l\u1ea1i m\u1ed9t s\u1ee9c m\u1ea1nh v\u01b0\u1ee3t tr\u1ed9i h\u01a1n kh\u00e1 nhi\u1ec1u.<\/p>\n<p><img class=\"lazy aligncenter\" title=\"OPPO A71\" src=\"https:\/\/cdn.tgdd.vn\/Products\/Images\/42\/113259\/oppo-a719-2.jpg\" alt=\"OPPO A71\" data-original=\"https:\/\/cdn.tgdd.vn\/Products\/Images\/42\/113259\/oppo-a719-2.jpg\" \/><\/p>\n<p><i>Hi\u1ec7u n\u0103ng \u0111\u00e3 t\u1ed1t h\u01a1n so v\u1edbi nh\u1eefng th\u1ebf h\u1ec7 c\u0169<\/i><\/p>\n<p>M\u00e1y s\u1eed d\u1ee5ng con chip\u00a0MT6750 8 nh\u00e2n xung nh\u1ecbp 1.5GHz c\u00f9ng v\u1edbi \u0111\u00f3 l\u00e0 3 RAM cho b\u1ea1n s\u1eed d\u1ee5ng tho\u1ea3i m\u00e1i nhi\u1ec1u \u1ee9ng d\u1ee5ng c\u00f9ng l\u00fac m\u00e0 kh\u00f4ng x\u1ea3y ra hi\u1ec7n t\u01b0\u1ee3ng gi\u1eadt lag.<\/p>\n<p>\u0110i\u1ec3m \u0111\u00e1ng khen l\u00e0 m\u00e1y \u0111\u00e3 \u0111\u01b0\u1ee3c c\u00e0i s\u1eb5n h\u1ec7 \u0111i\u1ec1u h\u00e0nh\u00a0Color 3.1 d\u1ef1 tr\u00ean Andriod 7.1 \u0111\u1ebfn t\u1eeb Google. M\u00e1y c\u0169ng h\u1ed7 tr\u1ee3 2 SIM 2 s\u00f3ng, k\u1ebft n\u1ed1i 4G t\u1ed1c \u0111\u1ed9 cao v\u00e0 khe c\u1eafm\u00a0th\u1ebb nh\u1edb\u00a0m\u1edf r\u1ed9ng v\u1edbi dung l\u01b0\u1ee3ng t\u1ed1i \u0111a l\u00ean t\u1edbi 256 GB.<\/p>\n<h3><strong>Camera selfie \u0111\u1eb9p<\/strong><\/h3>\n<p>Camera lu\u00f4n l\u00e0 m\u1ed9t trong nh\u1eefng th\u1ebf m\u1ea1nh c\u1ee7a OPPO v\u00e0 tr\u00ean chi\u1ebfc A71 l\u1ea7n n\u00e0y c\u0169ng kh\u00f4ng ph\u1ea3i l\u00e0 m\u1ed9t ngo\u1ea1i l\u1ec7.<\/p>\n<p><img class=\"lazy aligncenter\" title=\"OPPO A71\" src=\"https:\/\/cdn2.tgdd.vn\/Products\/Images\/42\/113259\/oppo-a715-1.jpg\" alt=\"OPPO A71\" data-original=\"https:\/\/cdn2.tgdd.vn\/Products\/Images\/42\/113259\/oppo-a715-1.jpg\" \/><\/p>\n<p><i>Camera ch\u00ednh v\u1edbi \u0111\u1ed9 ph\u00e2n gi\u1ea3i cao h\u01a1n cho h\u00ecnh \u1ea3nh s\u1eafc n\u00e9t h\u01a1n<\/i><\/p>\n<p>M\u00e1y \u0111\u01b0\u1ee3c n\u00e2ng c\u1ea5p camera ch\u00ednh l\u00ean \u0111\u1ed9 ph\u00e2n gi\u1ea3i 13 MP, kh\u1ea9u \u0111\u1ed9 F\/2.2 c\u00f9ng kh\u1ea3 n\u0103ng ch\u1ee5p v\u00e0 l\u01b0u \u1ea3nh nhanh ch\u00f3ng.<\/p>\n<p><img class=\"lazy aligncenter\" title=\"Giao di\u1ec7n camera quen thu\u1ed9c, nhi\u1ec1u ch\u1ebf \u0111\u1ed9 ch\u1ee5p cao c\u1ea5p\" src=\"https:\/\/cdn4.tgdd.vn\/Products\/Images\/42\/113259\/oppo-a713.jpg\" alt=\"Giao di\u1ec7n camera quen thu\u1ed9c, nhi\u1ec1u ch\u1ebf \u0111\u1ed9 ch\u1ee5p cao c\u1ea5p\" data-original=\"https:\/\/cdn4.tgdd.vn\/Products\/Images\/42\/113259\/oppo-a713.jpg\" \/><\/p>\n<p><i>Giao di\u1ec7n camera quen thu\u1ed9c, nhi\u1ec1u ch\u1ebf \u0111\u1ed9 ch\u1ee5p cao c\u1ea5p<\/i><\/p>\n<p>Camera tr\u01b0\u1edbc c\u0169ng c\u00f3 \u0111\u1ed9 ph\u00e2n gi\u1ea3i l\u1edbn 5 MP v\u00e0 \u0111\u01b0\u1ee3c trang b\u1ecb s\u1eb5n ch\u1ebf \u0111\u1ed9 l\u00e0m \u0111\u1eb9p v\u1edbi 6 c\u1ea5p \u0111\u1ed9 l\u00e0m \u0111\u1eb9p kh\u00e1c nhau cho b\u1ea1n th\u1ecfa th\u00edch selfie v\u1edbi b\u1ea1n b\u00e8 v\u00e0 ng\u01b0\u1eddi th\u00e2n.<\/p>\n<p><img class=\"lazy aligncenter\" title=\"Camera selfie cho h\u00ecnh \u1ea3nh \u0111\u1eb9p t\u1ef1 nhi\u00ean, c\u00f3 th\u1ec3 chia s\u1ebb l\u00ean m\u1ea1ng x\u00e3 h\u1ed9i ngay sau khi ch\u1ee5p\" src=\"https:\/\/cdn1.tgdd.vn\/Products\/Images\/42\/113259\/oppo-a714.jpg\" alt=\"Camera selfie cho h\u00ecnh \u1ea3nh \u0111\u1eb9p t\u1ef1 nhi\u00ean, c\u00f3 th\u1ec3 chia s\u1ebb l\u00ean m\u1ea1ng x\u00e3 h\u1ed9i ngay sau khi ch\u1ee5p\" data-original=\"https:\/\/cdn1.tgdd.vn\/Products\/Images\/42\/113259\/oppo-a714.jpg\" \/><\/p>\n<p><i>Camera selfie cho h\u00ecnh \u1ea3nh \u0111\u1eb9p t\u1ef1 nhi\u00ean, c\u00f3 th\u1ec3 chia s\u1ebb l\u00ean m\u1ea1ng x\u00e3 h\u1ed9i ngay sau khi ch\u1ee5p<\/i><\/p>\n<h3><strong>Dung l\u01b0\u1ee3ng pin l\u1edbn<\/strong><\/h3>\n<p>Vi\u00ean pin dung l\u01b0\u1ee3ng 3000 mAh cho b\u1ea1n s\u1eed d\u1ee5ng kh\u00e1 tho\u1ea3i m\u00e1i trong kho\u1ea3ng h\u01a1n 1 ng\u00e0y l\u00e0m vi\u1ec7c v\u00e0 gi\u1ea3i tr\u00ed.\u00a0Theo c\u00f4ng b\u1ed1 t\u1eeb nh\u00e0 s\u1ea3n xu\u1ea5t th\u00ec b\u1ea1n c\u00f3 th\u1ec3 \u0111\u1ea1t \u0111\u01b0\u1ee3c 11 gi\u1edd xem phim offline v\u00e0 nghe nh\u1ea1c li\u00ean t\u1ee5c trong h\u01a1n 43 gi\u1edd.<\/p>\n<\/div>\n","protected":false},"excerpt":{"rendered":"<p>T\u1eb7ng ngay phi\u1ebfu gi\u1ea3m gi\u00e1\u00a0<strong>100.000\u0111<\/strong>\u00a0khi mua h\u00e0ng<\/p>\n<p>H\u1ed7 tr\u1ee3 mua\u00a0<strong>d\u00e1n\u00a0c<\/strong><strong>\u01b0\u1eddng l\u1ef1c 5D full m\u00e0n<\/strong>\u00a0v\u1edbi gi\u00e1\u00a0<strong>90.000\u0111<\/strong><\/p>\n<p>H\u1ed7 tr\u1ee3 mua &#8220;<strong>C\u01b0\u1eddng l\u1ef1c 5D full m\u00e0n + \u1ed0p L\u01b0ng + Tai nghe cao c\u1ea5p<\/strong>&#8221; v\u1edbi\u00a0<strong>200.000\u0111<\/strong><\/p>\n<p>H\u1ed7 tr\u1ee3 mua\u00a0<strong>th\u1ebb nh\u1edb 16GB<\/strong>\u00a0class 10 gi\u00e1\u00a0<strong>250.000\u0111<\/strong><\/p>\n","protected":false},"featured_media":441,"comment_status":"open","ping_status":"closed","template":"","meta":[],"product_cat":[51],"product_tag":[],"_links":{"self":[{"href":"https:\/\/demo.bmconnect.vn\/suadienthoai\/wp-json\/wp\/v2\/product\/440"}],"collection":[{"href":"https:\/\/demo.bmconnect.vn\/suadienthoai\/wp-json\/wp\/v2\/product"}],"about":[{"href":"https:\/\/demo.bmconnect.vn\/suadienthoai\/wp-json\/wp\/v2\/types\/product"}],"replies":[{"embeddable":true,"href":"https:\/\/demo.bmconnect.vn\/suadienthoai\/wp-json\/wp\/v2\/comments?post=440"}],"wp:featuredmedia":[{"embeddable":true,"href":"https:\/\/demo.bmconnect.vn\/suadienthoai\/wp-json\/wp\/v2\/media\/441"}],"wp:attachment":[{"href":"https:\/\/demo.bmconnect.vn\/suadienthoai\/wp-json\/wp\/v2\/media?parent=440"}],"wp:term":[{"taxonomy":"product_cat","embeddable":true,"href":"https:\/\/demo.bmconnect.vn\/suadienthoai\/wp-json\/wp\/v2\/product_cat?post=440"},{"taxonomy":"product_tag","embeddable":true,"href":"https:\/\/demo.bmconnect.vn\/suadienthoai\/wp-json\/wp\/v2\/product_tag?post=440"}],"curies":[{"name":"wp","href":"https:\/\/api.w.org\/{rel}","templated":true}]}}