{"id":436,"date":"2019-02-14T15:11:30","date_gmt":"2019-02-14T08:11:30","guid":{"rendered":"http:\/\/demo.bmconnect.vn\/suadienthoai\/?post_type=product&#038;p=436"},"modified":"2019-02-14T15:11:38","modified_gmt":"2019-02-14T08:11:38","slug":"blackberry-z10","status":"publish","type":"product","link":"https:\/\/demo.bmconnect.vn\/suadienthoai\/san-pham\/blackberry-z10\/","title":{"rendered":"BLACKBERRY Z10"},"content":{"rendered":"<h2>V\u1ec1 thi\u1ebft k\u1ebf<\/h2>\n<p>\u0110\u00e1nh gi\u00e1 v\u1ec1 thi\u1ebft k\u1ebf, m\u00ecnh cho r\u1eb1ng m\u00e1y \u0111\u1eb9p, ch\u1eafc ch\u1eafn d\u00f9 kh\u00f4ng ph\u1ea3i thi\u1ebft k\u1ebf nguy\u00ean kh\u1ed1i. B\u1ed9 v\u1ecf nh\u1ef1a, m\u1eb7t l\u01b0ng c\u00f3 logo c\u1ee7a h\u00e3ng c\u00f9ng nh\u1eefng \u0111\u01b0\u1eddng ho\u1ea1 ti\u1ebft \u0111an ch\u00e9o nhau gi\u00fap b\u1ea1n c\u00f3 c\u1ea3m gi\u00e1c tay t\u1ed1t khi c\u1ea7m, kh\u00f4ng tr\u01a1n tr\u01b0\u1ee3t. \u0110\u1ed3ng th\u1eddi, thi\u1ebft k\u1ebf n\u00e0y gi\u00fap m\u00e1y nh\u1eb9 nh\u00e0ng h\u01a1n, g\u1ecdn g\u00e0ng h\u01a1n.<\/p>\n<p>D\u00f9 kh\u00f4ng mang m\u00e0u s\u1eafc \u0111\u1eb7c tr\u01b0ng c\u1ee7a BB truy\u1ec1n th\u1ed1ng, nh\u01b0ng v\u1ebb ngo\u00e0i c\u1ee7a Z10 c\u0169ng kh\u00f4ng ph\u1ea3i kh\u00f4ng t\u1ea1o \u0111\u01b0\u1ee3c \u1ea5n t\u01b0\u1ee3ng. C\u00f9ng v\u1edbi \u0111\u00f3 l\u00e0 \u0111\u1ed9 ho\u00e0n thi\u1ec7n cao, gi\u00fap m\u00e1y th\u00eam cao c\u1ea5p, sang tr\u1ecdng v\u00e0 l\u00e0m h\u00e0i l\u00f2ng nh\u1eefng ng\u01b0\u1eddi d\u00f9ng kh\u00f3 t\u00ednh.<\/p>\n<h2>V\u1ec1 m\u00e0n h\u00ecnh<\/h2>\n<p>C\u00f3 th\u1ec3 n\u00f3i m\u00e1y kh\u00e1 nh\u1ea1y, c\u1ea3m \u1ee9ng t\u1ed1t. B\u1ea1n c\u00f3 th\u1ec3 tr\u01b0\u1ee3t, l\u01b0\u1edbt nhanh, tr\u00ean m\u00e0n h\u00ecnh n\u00e0y, kh\u00f4ng c\u1ea3m nh\u1eadn th\u1ea5y \u0111\u1ed9 tr\u1ec5 r\u00f5 r\u1ec7t khi s\u1eed d\u1ee5ng. M\u1ed9t \u0111i\u1ec3m s\u00e1ng th\u1eadt s\u1ef1 v\u1edbi c\u00f4ng ngh\u1ec7 m\u00e0n h\u00ecnh, c\u1ea3m \u1ee9ng tr\u00ean Z10, c\u00f3 l\u1ebd kh\u00f3 t\u00ecm. Nh\u01b0ng n\u1ebfu \u0111\u1eb7t v\u1ea5n \u0111\u1ec1, m\u00e0n h\u00ecnh n\u00e0y c\u00f3 l\u00e0m b\u1ea1n ph\u1ea3i \u0111\u1eafn \u0111o v\u1ec1 ch\u1ea5t l\u01b0\u1ee3ng, tr\u1ea3i nghi\u1ec7m hay kh\u00f4ng, th\u00ec c\u00e2u tr\u1ea3 l\u1eddi l\u00e0 kh\u00f4ng.<\/p>\n","protected":false},"excerpt":{"rendered":"<ul class=\"parameter\">\n<li class=\"g6459_79_77\">M\u00e0n h\u00ecnh:LCD, 4.2\u2033,\u00a0HD<\/li>\n<li class=\"g72\">H\u1ec7 \u0111i\u1ec1u h\u00e0nh:BlackBerry 10.2<\/li>\n<li class=\"g27\">Camera sau:8 MP<\/li>\n<li class=\"g29\">Camera tr\u01b0\u1edbc:2 MP<\/li>\n<li class=\"g6059\">CPU:Qualcomm MSM8960<\/li>\n<li class=\"g49\">B\u1ed9 nh\u1edb trong:16 GB<\/li>\n<li class=\"g6339\">Th\u1ebb SIM:1 Micro SIM<\/li>\n<li class=\"g84\">Dung l\u01b0\u1ee3ng pin:1800 mAh<\/li>\n<\/ul>\n","protected":false},"featured_media":437,"comment_status":"open","ping_status":"closed","template":"","meta":[],"product_cat":[49],"product_tag":[],"_links":{"self":[{"href":"https:\/\/demo.bmconnect.vn\/suadienthoai\/wp-json\/wp\/v2\/product\/436"}],"collection":[{"href":"https:\/\/demo.bmconnect.vn\/suadienthoai\/wp-json\/wp\/v2\/product"}],"about":[{"href":"https:\/\/demo.bmconnect.vn\/suadienthoai\/wp-json\/wp\/v2\/types\/product"}],"replies":[{"embeddable":true,"href":"https:\/\/demo.bmconnect.vn\/suadienthoai\/wp-json\/wp\/v2\/comments?post=436"}],"wp:featuredmedia":[{"embeddable":true,"href":"https:\/\/demo.bmconnect.vn\/suadienthoai\/wp-json\/wp\/v2\/media\/437"}],"wp:attachment":[{"href":"https:\/\/demo.bmconnect.vn\/suadienthoai\/wp-json\/wp\/v2\/media?parent=436"}],"wp:term":[{"taxonomy":"product_cat","embeddable":true,"href":"https:\/\/demo.bmconnect.vn\/suadienthoai\/wp-json\/wp\/v2\/product_cat?post=436"},{"taxonomy":"product_tag","embeddable":true,"href":"https:\/\/demo.bmconnect.vn\/suadienthoai\/wp-json\/wp\/v2\/product_tag?post=436"}],"curies":[{"name":"wp","href":"https:\/\/api.w.org\/{rel}","templated":true}]}}