{"id":386,"date":"2019-01-17T11:11:49","date_gmt":"2019-01-17T04:11:49","guid":{"rendered":"http:\/\/demo.bmconnect.vn\/suadienthoai\/?page_id=386"},"modified":"2019-01-17T11:12:13","modified_gmt":"2019-01-17T04:12:13","slug":"dao-tao-day-nghe","status":"publish","type":"page","link":"https:\/\/demo.bmconnect.vn\/suadienthoai\/dao-tao-day-nghe\/","title":{"rendered":"\u0110\u00e0o t\u1ea1o d\u1ea1y ngh\u1ec1"},"content":{"rendered":"<div class=\"table-normal hidden-xs hidden-sm\">\n<table class=\"table-training tablesorter tablesorter-blue tablesorter1bf9acf4e1dc6 ui-table-reflow\" role=\"grid\">\n<thead>\n<tr role=\"row\" class=\"tablesorter-headerRow\">\n<th data-column=\"0\" class=\"tablesorter-header sorter-false tablesorter-headerUnSorted\" scope=\"col\" role=\"columnheader\" aria-disabled=\"true\" unselectable=\"on\" aria-sort=\"none\" aria-label=\"Ch\u01b0\u01a1ng tr\u00ecnh \u0111\u00e0o t\u1ea1o: No sort applied, sorting is disabled\" style=\"user-select: none;\">\n<div class=\"tablesorter-header-inner\">Ch\u01b0\u01a1ng tr\u00ecnh \u0111\u00e0o t\u1ea1o<i class=\"tablesorter-icon\"><\/i><\/div>\n<\/th>\n<th data-column=\"1\" class=\"tablesorter-header sorter-false tablesorter-headerUnSorted\" scope=\"col\" role=\"columnheader\" aria-disabled=\"true\" unselectable=\"on\" aria-sort=\"none\" aria-label=\"Khai gi\u1ea3ng: No sort applied, sorting is disabled\" style=\"user-select: none;\">\n<div class=\"tablesorter-header-inner\">Khai gi\u1ea3ng<i class=\"tablesorter-icon\"><\/i><\/div>\n<\/th>\n<th data-column=\"2\" class=\"tablesorter-header sorter-false tablesorter-headerUnSorted\" scope=\"col\" role=\"columnheader\" aria-disabled=\"true\" unselectable=\"on\" aria-sort=\"none\" aria-label=\"H\u1ecdc ph\u00ed (VND): No sort applied, sorting is disabled\" style=\"user-select: none;\">\n<div class=\"tablesorter-header-inner\">H\u1ecdc ph\u00ed <span>(VND)<\/span><i class=\"tablesorter-icon\"><\/i><\/div>\n<\/th>\n<th data-column=\"3\" class=\"tablesorter-header sorter-false tablesorter-headerUnSorted\" scope=\"col\" role=\"columnheader\" aria-disabled=\"true\" unselectable=\"on\" aria-sort=\"none\" aria-label=\"Th\u1eddi gian: No sort applied, sorting is disabled\" style=\"user-select: none;\">\n<div class=\"tablesorter-header-inner\">Th\u1eddi gian<i class=\"tablesorter-icon\"><\/i><\/div>\n<\/th>\n<\/tr>\n<\/thead>\n<tbody aria-live=\"polite\" aria-relevant=\"all\">\n<tr role=\"row\" class=\"odd\">\n<td data-title=\"Ch\u01b0\u01a1ng tr\u00ecnh \u0111\u00e0o t\u1ea1o\"><a href=\"https:\/\/www.viendidong.com\/training\/ktv-phan-mem-dien-thoai-chuyen-nghiep\" title=\"KTV Ph\u1ea7n m\u1ec1m \u0111i\u1ec7n tho\u1ea1i chuy\u00ean nghi\u1ec7p\">KTV Ph\u1ea7n m\u1ec1m \u0111i\u1ec7n tho\u1ea1i chuy\u00ean nghi\u1ec7p<br \/>\n\t\t\t\t\t\t\t\t\t\t\t<\/a><\/td>\n<td colspan=\"2\" class=\"cell-timeline\" data-title=\"Khai gi\u1ea3ng\">\n<div class=\"timeline\">\n<div class=\"date\"><span> 30-01-2019<\/span><\/div>\n<div class=\"price\"><span> 4.5 tri\u1ec7u<\/span><\/div>\n<\/p><\/div>\n<\/td>\n<td data-title=\"H\u1ecdc ph\u00ed (VND)\"><span> 120 ti\u1ebft (30 bu\u1ed5i)<\/span><\/td>\n<\/tr>\n<tr role=\"row\" class=\"even\">\n<td data-title=\"Ch\u01b0\u01a1ng tr\u00ecnh \u0111\u00e0o t\u1ea1o\"><a href=\"https:\/\/www.viendidong.com\/training\/ktv-sua-chua-dien-thoai-android\" title=\"KTV S\u1eeda ch\u1eefa \u0111i\u1ec7n tho\u1ea1i Android\">KTV S\u1eeda ch\u1eefa \u0111i\u1ec7n tho\u1ea1i Android<br \/>\n\t\t\t\t\t\t\t\t\t\t\t<\/a><\/td>\n<td colspan=\"2\" class=\"cell-timeline\" data-title=\"Khai gi\u1ea3ng\">\n<div class=\"timeline\">\n<div class=\"date\"><span> 30-01-2019<\/span><\/div>\n<div class=\"price\"><span> 15 tri\u1ec7u<\/span><\/div>\n<\/p><\/div>\n<\/td>\n<td data-title=\"H\u1ecdc ph\u00ed (VND)\"><span> 120 ti\u1ebft (20 bu\u1ed5i d\u1ea1y, 10 bu\u1ed5i th\u1ef1c h\u00e0nh)<\/span><\/td>\n<\/tr>\n<tr role=\"row\" class=\"odd\">\n<td data-title=\"Ch\u01b0\u01a1ng tr\u00ecnh \u0111\u00e0o t\u1ea1o\"><a href=\"https:\/\/www.viendidong.com\/training\/ktv-sua-chua-dien-thoai-ios\" title=\"KTV S\u1eeda ch\u1eefa \u0111i\u1ec7n tho\u1ea1i iOS\">KTV S\u1eeda ch\u1eefa \u0111i\u1ec7n tho\u1ea1i iOS<br \/>\n\t\t\t\t\t\t\t\t\t\t\t<\/a><\/td>\n<td colspan=\"2\" class=\"cell-timeline\" data-title=\"Khai gi\u1ea3ng\">\n<div class=\"timeline\">\n<div class=\"date\"><span> 30-01-2019<\/span><\/div>\n<div class=\"price\"><span> 15 tri\u1ec7u<\/span><\/div>\n<\/p><\/div>\n<\/td>\n<td data-title=\"H\u1ecdc ph\u00ed (VND)\"><span> 120 ti\u1ebft (20 bu\u1ed5i d\u1ea1y, 10 bu\u1ed5i th\u1ef1c h\u00e0nh)<\/span><\/td>\n<\/tr>\n<tr role=\"row\" class=\"even\">\n<td data-title=\"Ch\u01b0\u01a1ng tr\u00ecnh \u0111\u00e0o t\u1ea1o\"><a href=\"https:\/\/www.viendidong.com\/training\/ktv-sua-chua-dien-thoai-pho-thong\" title=\"KTV S\u1eeda ch\u1eefa \u0111i\u1ec7n tho\u1ea1i ph\u1ed5 th\u00f4ng\">KTV S\u1eeda ch\u1eefa \u0111i\u1ec7n tho\u1ea1i ph\u1ed5 th\u00f4ng<br \/>\n\t\t\t\t\t\t\t\t\t\t\t<\/a><\/td>\n<td colspan=\"2\" class=\"cell-timeline\" data-title=\"Khai gi\u1ea3ng\">\n<div class=\"timeline\">\n<div class=\"date\"><span> 30-01-2019<\/span><\/div>\n<div class=\"price\"><span> 4.5 tri\u1ec7u<\/span><\/div>\n<\/p><\/div>\n<\/td>\n<td data-title=\"H\u1ecdc ph\u00ed (VND)\"><span> 36 ti\u1ebft (8 bu\u1ed5i)<\/span><\/td>\n<\/tr>\n<tr role=\"row\" class=\"odd\">\n<td data-title=\"Ch\u01b0\u01a1ng tr\u00ecnh \u0111\u00e0o t\u1ea1o\"><a href=\"https:\/\/www.viendidong.com\/training\/ktv-sua-chua-dien-tu-can-ban-32-tiet\" title=\"KTV S\u1eeda ch\u1eefa \u0111i\u1ec7n t\u1eed c\u0103n b\u1ea3n\">KTV S\u1eeda ch\u1eefa \u0111i\u1ec7n t\u1eed c\u0103n b\u1ea3n<br \/>\n\t\t\t\t\t\t\t\t\t\t\t<\/a><\/td>\n<td colspan=\"2\" class=\"cell-timeline\" data-title=\"Khai gi\u1ea3ng\">\n<div class=\"timeline\">\n<div class=\"date\"><span> 30-01-2019<\/span><\/div>\n<div class=\"price\"><span> 4.5 tri\u1ec7u<\/span><\/div>\n<\/p><\/div>\n<\/td>\n<td data-title=\"H\u1ecdc ph\u00ed (VND)\"><span> 32 ti\u1ebft (8 bu\u1ed5i)<\/span><\/td>\n<\/tr>\n<tr role=\"row\" class=\"even\">\n<td data-title=\"Ch\u01b0\u01a1ng tr\u00ecnh \u0111\u00e0o t\u1ea1o\"><a href=\"https:\/\/www.viendidong.com\/training\/ktv-ep-co-smartphone\" title=\"KTV \u00c9p c\u1ed5 Smartphone\">KTV \u00c9p c\u1ed5 Smartphone<br \/>\n\t\t\t\t\t\t\t\t\t\t\t<\/a><\/td>\n<td colspan=\"2\" class=\"cell-timeline\" data-title=\"Khai gi\u1ea3ng\">\n<div class=\"timeline\">\n<div class=\"date\"><span> 30-01-2019<\/span><\/div>\n<div class=\"price\"><span> 15 tri\u1ec7u<\/span><\/div>\n<\/p><\/div>\n<\/td>\n<td data-title=\"H\u1ecdc ph\u00ed (VND)\"><span> 80 ti\u1ebft (20 bu\u1ed5i)<\/span><\/td>\n<\/tr>\n<tr role=\"row\" class=\"odd\">\n<td data-title=\"Ch\u01b0\u01a1ng tr\u00ecnh \u0111\u00e0o t\u1ea1o\"><a href=\"https:\/\/www.viendidong.com\/training\/ktv-ep-kinh-smartphone\" title=\"KTV \u00c9p k\u00ednh Smartphone\">KTV \u00c9p k\u00ednh Smartphone<br \/>\n\t\t\t\t\t\t\t\t\t\t\t<\/a><\/td>\n<td colspan=\"2\" class=\"cell-timeline\" data-title=\"Khai gi\u1ea3ng\">\n<div class=\"timeline\">\n<div class=\"date\"><span> 30-01-2019<\/span><\/div>\n<div class=\"price\"><span> 18 tri\u1ec7u<\/span><\/div>\n<\/p><\/div>\n<\/td>\n<td data-title=\"H\u1ecdc ph\u00ed (VND)\"><span> 208 ti\u1ebft (52 bu\u1ed5i)<\/span><\/td>\n<\/tr>\n<\/tbody>\n<\/table><\/div>\n","protected":false},"excerpt":{"rendered":"<p>Ch\u01b0\u01a1ng tr\u00ecnh \u0111\u00e0o t\u1ea1o Khai gi\u1ea3ng H\u1ecdc ph\u00ed (VND) Th\u1eddi gian KTV Ph\u1ea7n m\u1ec1m \u0111i\u1ec7n tho\u1ea1i chuy\u00ean nghi\u1ec7p 30-01-2019 4.5 tri\u1ec7u 120 ti\u1ebft (30 bu\u1ed5i) KTV S\u1eeda ch\u1eefa \u0111i\u1ec7n tho\u1ea1i Android 30-01-2019 15 tri\u1ec7u 120 ti\u1ebft (20 bu\u1ed5i d\u1ea1y, 10 bu\u1ed5i th\u1ef1c h\u00e0nh) KTV S\u1eeda ch\u1eefa \u0111i\u1ec7n tho\u1ea1i iOS 30-01-2019 15 tri\u1ec7u 120 ti\u1ebft (20 &#8230;<\/p>\n","protected":false},"author":1,"featured_media":0,"parent":0,"menu_order":0,"comment_status":"closed","ping_status":"closed","template":"page-right-sidebar.php","meta":[],"_links":{"self":[{"href":"https:\/\/demo.bmconnect.vn\/suadienthoai\/wp-json\/wp\/v2\/pages\/386"}],"collection":[{"href":"https:\/\/demo.bmconnect.vn\/suadienthoai\/wp-json\/wp\/v2\/pages"}],"about":[{"href":"https:\/\/demo.bmconnect.vn\/suadienthoai\/wp-json\/wp\/v2\/types\/page"}],"author":[{"embeddable":true,"href":"https:\/\/demo.bmconnect.vn\/suadienthoai\/wp-json\/wp\/v2\/users\/1"}],"replies":[{"embeddable":true,"href":"https:\/\/demo.bmconnect.vn\/suadienthoai\/wp-json\/wp\/v2\/comments?post=386"}],"version-history":[{"count":0,"href":"https:\/\/demo.bmconnect.vn\/suadienthoai\/wp-json\/wp\/v2\/pages\/386\/revisions"}],"wp:attachment":[{"href":"https:\/\/demo.bmconnect.vn\/suadienthoai\/wp-json\/wp\/v2\/media?parent=386"}],"curies":[{"name":"wp","href":"https:\/\/api.w.org\/{rel}","templated":true}]}}