{"id":14,"date":"2019-01-16T20:01:49","date_gmt":"2019-01-16T13:01:49","guid":{"rendered":"http:\/\/demo.bmconnect.vn\/suadienthoai\/?page_id=14"},"modified":"2021-09-05T11:37:08","modified_gmt":"2021-09-05T04:37:08","slug":"gioi-thieu","status":"publish","type":"page","link":"https:\/\/demo.bmconnect.vn\/suadienthoai\/gioi-thieu\/","title":{"rendered":"Gi\u1edbi thi\u1ec7u"},"content":{"rendered":"\n<p>Ch\u00fang t\u00f4i l\u00e0 m\u1ed9t t\u1eadp h\u1ee3p c\u1ee7a nh\u1eefng con ng\u01b0\u1eddi \u0111a m\u00e0u s\u1eafc \u0111\u00e3 t\u1eebng chinh chi\u1ebfn cho nhi\u1ec1u c\u00f4ng ty l\u1edbn v\u1ec1 digital marketing v\u00e0 c\u00e1c c\u00f4ng ty s\u1eed d\u1ee5ng h\u1ea1 t\u1ea7ng internet \u0111\u1ec3 kinh doanh t\u1ea1i Vi\u1ec7t Nam.<\/p>\n<p>Ph\u1ea7n l\u1edbn trong ch\u00fang t\u00f4i \u0111\u1ec1u l\u00e0 d\u00e2n Marketing v\u00e0 b\u00e1n h\u00e0ng n\u00ean ch\u00fang t\u00f4i th\u1ea5u hi\u1ec3u kh\u00e1ch h\u00e0ng c\u1ee7a m\u00ecnh mu\u1ed1n g\u00ec v\u00e0 l\u00e0m sao \u0111\u1ec3 \u0111\u01b0a s\u1ea3n ph\u1ea9m c\u1ee7a m\u00ecnh \u0111\u1ebfn cho kh\u00e1ch h\u00e0ng t\u1ed1t nh\u1ea5t.<\/p>\n<p>Ch\u00ednh v\u00ec v\u1eady h\u1ec7 th\u1ed1ng kinh doanh online ch\u00fang t\u00f4i thi\u1ebft l\u1eadp cho b\u1ea1n, ngo\u00e0i v\u1ea5n \u0111\u1ec1 v\u1ec1 k\u1ef9 thu\u1eadt th\u00ec ch\u00fang t\u00f4i thi\u00ean v\u1ec1 v\u1ea5n \u0111\u1ec1 l\u00e0m sao \u0111\u1ec3 b\u00e1n \u0111\u01b0\u1ee3c h\u00e0ng nh\u1eb1m m\u1ee5c \u0111\u00edch t\u0103ng l\u1ee3i nhu\u1eadn cho b\u1ea1n.<\/p>\n<p>Tr\u00e2n tr\u1ecdng.<\/p>\n\n","protected":false},"excerpt":{"rendered":"","protected":false},"author":1,"featured_media":0,"parent":0,"menu_order":0,"comment_status":"closed","ping_status":"closed","template":"page-right-sidebar.php","meta":[],"_links":{"self":[{"href":"https:\/\/demo.bmconnect.vn\/suadienthoai\/wp-json\/wp\/v2\/pages\/14"}],"collection":[{"href":"https:\/\/demo.bmconnect.vn\/suadienthoai\/wp-json\/wp\/v2\/pages"}],"about":[{"href":"https:\/\/demo.bmconnect.vn\/suadienthoai\/wp-json\/wp\/v2\/types\/page"}],"author":[{"embeddable":true,"href":"https:\/\/demo.bmconnect.vn\/suadienthoai\/wp-json\/wp\/v2\/users\/1"}],"replies":[{"embeddable":true,"href":"https:\/\/demo.bmconnect.vn\/suadienthoai\/wp-json\/wp\/v2\/comments?post=14"}],"version-history":[{"count":1,"href":"https:\/\/demo.bmconnect.vn\/suadienthoai\/wp-json\/wp\/v2\/pages\/14\/revisions"}],"predecessor-version":[{"id":546,"href":"https:\/\/demo.bmconnect.vn\/suadienthoai\/wp-json\/wp\/v2\/pages\/14\/revisions\/546"}],"wp:attachment":[{"href":"https:\/\/demo.bmconnect.vn\/suadienthoai\/wp-json\/wp\/v2\/media?parent=14"}],"curies":[{"name":"wp","href":"https:\/\/api.w.org\/{rel}","templated":true}]}}