{"id":477,"date":"2017-06-29T16:40:00","date_gmt":"2017-06-29T09:40:00","guid":{"rendered":"https:\/\/demo.bmconnect.vn\/shoptranh\/?post_type=product&#038;p=477"},"modified":"2017-06-29T16:42:46","modified_gmt":"2017-06-29T09:42:46","slug":"dien-thoai-lg-k10","status":"publish","type":"product","link":"https:\/\/demo.bmconnect.vn\/shoptranh\/san-pham\/dien-thoai-lg-k10\/","title":{"rendered":"\u0110i\u1ec7n tho\u1ea1i LG K10"},"content":{"rendered":"<p>Thi\u1ebft k\u1ebf \u0111\u1eb9p m\u1eaft c\u00f9ng c\u1ea5u h\u00ecnh b\u00ean trong m\u00e1y t\u1ed1t, \u0111\u1eb7c bi\u1ec7t m\u1ee9c gi\u00e1 d\u1ec5 ch\u1ecbu, LG K10 ch\u1eafc ch\u1eafn s\u1ebd l\u00e0 m\u1ed9t s\u1ef1 \u01b0u ti\u00ean trong l\u1ef1a ch\u1ecdn c\u1ee7a b\u1ea1n.<\/p>\n","protected":false},"excerpt":{"rendered":"<p>Thi\u1ebft k\u1ebf \u0111\u1eb9p m\u1eaft c\u00f9ng c\u1ea5u h\u00ecnh b\u00ean trong m\u00e1y t\u1ed1t, \u0111\u1eb7c bi\u1ec7t m\u1ee9c gi\u00e1 d\u1ec5 ch\u1ecbu, LG K10 ch\u1eafc ch\u1eafn s\u1ebd l\u00e0 m\u1ed9t s\u1ef1 \u01b0u ti\u00ean trong l\u1ef1a ch\u1ecdn c\u1ee7a b\u1ea1n.<\/p>\n","protected":false},"featured_media":478,"comment_status":"open","ping_status":"closed","template":"","meta":[],"product_cat":[17],"product_tag":[],"_links":{"self":[{"href":"https:\/\/demo.bmconnect.vn\/shoptranh\/wp-json\/wp\/v2\/product\/477"}],"collection":[{"href":"https:\/\/demo.bmconnect.vn\/shoptranh\/wp-json\/wp\/v2\/product"}],"about":[{"href":"https:\/\/demo.bmconnect.vn\/shoptranh\/wp-json\/wp\/v2\/types\/product"}],"replies":[{"embeddable":true,"href":"https:\/\/demo.bmconnect.vn\/shoptranh\/wp-json\/wp\/v2\/comments?post=477"}],"wp:featuredmedia":[{"embeddable":true,"href":"https:\/\/demo.bmconnect.vn\/shoptranh\/wp-json\/wp\/v2\/media\/478"}],"wp:attachment":[{"href":"https:\/\/demo.bmconnect.vn\/shoptranh\/wp-json\/wp\/v2\/media?parent=477"}],"wp:term":[{"taxonomy":"product_cat","embeddable":true,"href":"https:\/\/demo.bmconnect.vn\/shoptranh\/wp-json\/wp\/v2\/product_cat?post=477"},{"taxonomy":"product_tag","embeddable":true,"href":"https:\/\/demo.bmconnect.vn\/shoptranh\/wp-json\/wp\/v2\/product_tag?post=477"}],"curies":[{"name":"wp","href":"https:\/\/api.w.org\/{rel}","templated":true}]}}