{"id":473,"date":"2017-06-29T16:36:19","date_gmt":"2017-06-29T09:36:19","guid":{"rendered":"https:\/\/demo.bmconnect.vn\/shoptranh\/?post_type=product&#038;p=473"},"modified":"2017-06-29T16:36:43","modified_gmt":"2017-06-29T09:36:43","slug":"iphone-5s-64g-trang","status":"publish","type":"product","link":"https:\/\/demo.bmconnect.vn\/shoptranh\/san-pham\/iphone-5s-64g-trang\/","title":{"rendered":"Iphone 5s 64G tr\u1eafng"},"content":{"rendered":"<div>\n<p>Ti\u00ean phong trong vi\u1ec7c ph\u00e1t tri\u1ec3n c\u00f4ng ngh\u1ec7\u00a064 bit,\u00a0Apple\u00a0\u0111em \u0111\u1ebfn cho kh\u00e1ch h\u00e0ng m\u1ed9t tuy\u1ec7t ph\u1ea9m c\u00f4ng ngh\u1ec7 khi k\u1ebft h\u1ee3p gi\u1eefa thi\u1ebft k\u1ebf v\u1ecf ngo\u00e0i cao c\u1ea5p v\u00e0 b\u1ed9 x\u1eed l\u00fd b\u00ean trong m\u1ea1nh m\u1ebd. T\u00ednh n\u0103ng\u00a0nh\u1eadn di\u1ec7n d\u1ea5u v\u00e2n tay, c\u1ea3i ti\u1ebfn \u0111\u00e8n LED Flash \u0111\u00f4i &#8211; m\u1ed9t c\u00f4ng ngh\u1ec7 \u0111i tr\u01b0\u1edbc th\u1eddi \u0111\u1ea1i. Kh\u00f4ng gi\u1ed1ng nh\u01b0 h\u01b0\u1edbng ph\u00e1t tri\u1ec3n kh\u00e1c, \u0111\u00f3 kh\u00f4ng ph\u1ea3i l\u00e0 s\u1ef1 ph\u00e1t tri\u1ec3n tr\u00e0n lan. \u0110\u00f3 l\u00e0 m\u1ed9t s\u1ea3n ph\u1ea9m tuy\u1ec7t \u0111\u1eb9p &#8211; si\u00eau ph\u1ea9m\u00a0<strong>iPhone 5S<\/strong><\/p>\n<\/div>\n<div>\n<p><strong>M\u1ed9t s\u1ed1 thay \u0111\u1ed5i nh\u1ecf cho m\u1ed9t chu\u1ea9n m\u1ef1c m\u1edbi cao h\u01a1n<\/strong><\/p>\n<p>V\u1edbi mong mu\u1ed1n \u0111em l\u1ea1i nhi\u1ec1u t\u00ednh n\u0103ng h\u01a1n, c\u1ea5u h\u00ecnh m\u1ea1nh m\u1ebd h\u01a1n nh\u01b0ng kh\u00f4ng l\u00e0m t\u0103ng k\u00edch th\u01b0\u1edbc v\u00e0 tr\u1ecdng l\u01b0\u1ee3ng c\u1ee7a iPhone 5S. C\u00e1c k\u0129 s\u01b0 c\u1ee7a Apple \u0111\u00e3 th\u1ef1c hi\u1ec7n m\u1ed9t lo\u1ea1i c\u00f4ng ngh\u1ec7 gi\u00fap gi\u1ea3m thi\u1ec3u t\u1ed1i \u0111a di\u1ec7n t\u00edch b\u00ean trong \u0111\u1ec3 \u0111em \u0111\u1ebfn tuy\u1ec7t ph\u1ea9m iPhone 5S ch\u1ec9 n\u1eb7ng 112g v\u00e0 d\u00e0y kho\u1ea3ng 7.6mm. D\u1ef1a v\u00e0o c\u1ea5u t\u1ea1o c\u1ee7a iPhone 5, Apple \u0111\u00e3 t\u1ea1o ra m\u1ed9t b\u01b0\u1edbc ti\u1ebfn m\u1edbi v\u1edbi iPhone 5S. Nh\u1eb9 m\u1ed9t c\u00e1ch \u1ea5n t\u01b0\u1ee3ng, m\u1ecfng \u0111\u1ebfn ng\u1ea1c nhi\u00ean m\u00e0 v\u1eabn m\u1ea1nh m\u1ebd phi th\u01b0\u1eddng.<\/p>\n<\/div>\n","protected":false},"excerpt":{"rendered":"<p>Ti\u00ean phong trong vi\u1ec7c ph\u00e1t tri\u1ec3n c\u00f4ng ngh\u1ec7\u00a064 bit,\u00a0Apple\u00a0\u0111em \u0111\u1ebfn cho kh\u00e1ch h\u00e0ng m\u1ed9t tuy\u1ec7t ph\u1ea9m c\u00f4ng ngh\u1ec7 khi k\u1ebft h\u1ee3p gi\u1eefa thi\u1ebft k\u1ebf v\u1ecf ngo\u00e0i cao c\u1ea5p v\u00e0 b\u1ed9 x\u1eed l\u00fd b\u00ean trong m\u1ea1nh m\u1ebd.<\/p>\n","protected":false},"featured_media":467,"comment_status":"open","ping_status":"closed","template":"","meta":[],"product_cat":[22],"product_tag":[],"_links":{"self":[{"href":"https:\/\/demo.bmconnect.vn\/shoptranh\/wp-json\/wp\/v2\/product\/473"}],"collection":[{"href":"https:\/\/demo.bmconnect.vn\/shoptranh\/wp-json\/wp\/v2\/product"}],"about":[{"href":"https:\/\/demo.bmconnect.vn\/shoptranh\/wp-json\/wp\/v2\/types\/product"}],"replies":[{"embeddable":true,"href":"https:\/\/demo.bmconnect.vn\/shoptranh\/wp-json\/wp\/v2\/comments?post=473"}],"wp:featuredmedia":[{"embeddable":true,"href":"https:\/\/demo.bmconnect.vn\/shoptranh\/wp-json\/wp\/v2\/media\/467"}],"wp:attachment":[{"href":"https:\/\/demo.bmconnect.vn\/shoptranh\/wp-json\/wp\/v2\/media?parent=473"}],"wp:term":[{"taxonomy":"product_cat","embeddable":true,"href":"https:\/\/demo.bmconnect.vn\/shoptranh\/wp-json\/wp\/v2\/product_cat?post=473"},{"taxonomy":"product_tag","embeddable":true,"href":"https:\/\/demo.bmconnect.vn\/shoptranh\/wp-json\/wp\/v2\/product_tag?post=473"}],"curies":[{"name":"wp","href":"https:\/\/api.w.org\/{rel}","templated":true}]}}