{"id":466,"date":"2017-06-29T16:29:46","date_gmt":"2017-06-29T09:29:46","guid":{"rendered":"https:\/\/demo.bmconnect.vn\/shoptranh\/?post_type=product&#038;p=466"},"modified":"2017-06-29T16:29:46","modified_gmt":"2017-06-29T09:29:46","slug":"iphone-5s-32g-gold","status":"publish","type":"product","link":"https:\/\/demo.bmconnect.vn\/shoptranh\/san-pham\/iphone-5s-32g-gold\/","title":{"rendered":"Iphone 5s 32G Gold"},"content":{"rendered":"<p>IPhone 5S\u00a0trang b\u1ecb chip x\u1eed l\u00fd 64 bit. iPhone 5S c\u00f2n \u0111\u01b0\u1ee3c trang b\u1ecb m\u1ed9t chip x\u1eed l\u00fd ph\u1ee5 mang t\u00ean M7 s\u1ebd gi\u00fap vi\u1ec7c x\u1eed l\u00fd th\u00f4ng tin t\u1eeb c\u00e1c c\u1ea3m bi\u1ebfn v\u1ec1 v\u1edbi \u0111\u1ed9 ch\u00ednh x\u00e1c cao h\u01a1n, nhanh h\u01a1n \u0111\u1ed3ng th\u1eddi gi\u1ea3m t\u1ea3i cho chip A7, t\u1ea1o n\u00ean kh\u1ea3 n\u0103ng l\u00e0m vi\u1ec7c \u0111\u1ed3ng th\u1eddi t\u1ed1t h\u01a1n.<\/p>\n<p>V\u1edbi c\u00f4ng ngh\u1ec7 qu\u00e9t v\u00e2n tay n\u00e0y, b\u1ea1n kh\u00f4ng c\u00f2n c\u1ea7n ph\u1ea3i nh\u1eadp m\u1eadt kh\u1ea9u n\u1eefa, ch\u1ec9 c\u1ea7n ch\u1ea1m nh\u1eb9 v\u00e0o n\u00fat Home \u0111\u1ec3 m\u1edf m\u00e0 th\u00f4i, \u0111\u1ed3ng th\u1eddi t\u0103ng c\u01b0\u1eddng t\u00ednh an to\u00e0n b\u1ea3o m\u1eadt.<\/p>\n","protected":false},"excerpt":{"rendered":"<p>IPhone 5S\u00a0trang b\u1ecb chip x\u1eed l\u00fd 64 bit. iPhone 5S c\u00f2n \u0111\u01b0\u1ee3c trang b\u1ecb m\u1ed9t chip x\u1eed l\u00fd ph\u1ee5 mang t\u00ean M7 s\u1ebd gi\u00fap vi\u1ec7c x\u1eed l\u00fd th\u00f4ng tin t\u1eeb c\u00e1c c\u1ea3m bi\u1ebfn v\u1ec1 v\u1edbi \u0111\u1ed9 ch\u00ednh x\u00e1c cao h\u01a1n, nhanh h\u01a1n \u0111\u1ed3ng th\u1eddi gi\u1ea3m t\u1ea3i cho chip A7, t\u1ea1o n\u00ean kh\u1ea3 n\u0103ng l\u00e0m vi\u1ec7c \u0111\u1ed3ng th\u1eddi t\u1ed1t h\u01a1n.<\/p>\n","protected":false},"featured_media":467,"comment_status":"open","ping_status":"closed","template":"","meta":[],"product_cat":[22],"product_tag":[],"_links":{"self":[{"href":"https:\/\/demo.bmconnect.vn\/shoptranh\/wp-json\/wp\/v2\/product\/466"}],"collection":[{"href":"https:\/\/demo.bmconnect.vn\/shoptranh\/wp-json\/wp\/v2\/product"}],"about":[{"href":"https:\/\/demo.bmconnect.vn\/shoptranh\/wp-json\/wp\/v2\/types\/product"}],"replies":[{"embeddable":true,"href":"https:\/\/demo.bmconnect.vn\/shoptranh\/wp-json\/wp\/v2\/comments?post=466"}],"wp:featuredmedia":[{"embeddable":true,"href":"https:\/\/demo.bmconnect.vn\/shoptranh\/wp-json\/wp\/v2\/media\/467"}],"wp:attachment":[{"href":"https:\/\/demo.bmconnect.vn\/shoptranh\/wp-json\/wp\/v2\/media?parent=466"}],"wp:term":[{"taxonomy":"product_cat","embeddable":true,"href":"https:\/\/demo.bmconnect.vn\/shoptranh\/wp-json\/wp\/v2\/product_cat?post=466"},{"taxonomy":"product_tag","embeddable":true,"href":"https:\/\/demo.bmconnect.vn\/shoptranh\/wp-json\/wp\/v2\/product_tag?post=466"}],"curies":[{"name":"wp","href":"https:\/\/api.w.org\/{rel}","templated":true}]}}