{"id":458,"date":"2017-06-29T16:23:14","date_gmt":"2017-06-29T09:23:14","guid":{"rendered":"https:\/\/demo.bmconnect.vn\/shoptranh\/?post_type=product&#038;p=458"},"modified":"2017-06-29T18:18:31","modified_gmt":"2017-06-29T11:18:31","slug":"dien-thoai-htc-10","status":"publish","type":"product","link":"https:\/\/demo.bmconnect.vn\/shoptranh\/san-pham\/dien-thoai-htc-10\/","title":{"rendered":"HTC 10 Qu\u1ed1c t\u1ebf"},"content":{"rendered":"<p>M\u00e1y c\u0169ng s\u1eed d\u1ee5ng c\u1ed5ng k\u1ebft n\u1ed1i USB cho c\u1ea3 s\u1ea1c pin, truy\u1ec1n d\u1eef li\u1ec7u v\u00e0\u00a0tai nghe. HTC c\u0169ng t\u1eb7ng k\u00e8m cho ng\u01b0\u1eddi d\u00f9ng\u00a0m\u1ed9t chi\u1ebfc tai nghe ch\u1ea5t l\u01b0\u1ee3ng cao c\u1ee7a HTC v\u1edbi kh\u1ea3 n\u0103ng qu\u00e9t m\u00f4i tr\u01b0\u1eddng \u0111\u1ec3 \u0111i\u1ec1u ch\u1ec9nh \u00e2m thanh ph\u00f9 h\u1ee3p cho t\u1eebng tr\u01b0\u1eddng h\u1ee3p c\u1ee5 th\u1ec3.<\/p>\n<p>Nh\u00ecn chung th\u00ec\u00a0HTC 10 evo s\u1edf h\u1eefu r\u1ea5t nhi\u1ec1u n\u00e9t ri\u00eang c\u1ee7a HTC d\u00e0nh ri\u00eang cho c\u00e1c s\u1ea3n ph\u1ea9m cao c\u1ea5p nh\u01b0ng c\u00f3 m\u1ee9c gi\u00e1 b\u00e1n r\u1ea5t h\u1ea5p d\u1eabn, \u0111\u00e1ng \u0111\u1ec3 b\u1ea1n s\u1edf h\u1eefu v\u00e0 tr\u1ea3i nghi\u1ec7m.<\/p>\n","protected":false},"excerpt":{"rendered":"<p>M\u00e1y c\u0169ng s\u1eed d\u1ee5ng c\u1ed5ng k\u1ebft n\u1ed1i USB cho c\u1ea3 s\u1ea1c pin, truy\u1ec1n d\u1eef li\u1ec7u v\u00e0\u00a0tai nghe. HTC c\u0169ng t\u1eb7ng k\u00e8m cho ng\u01b0\u1eddi d\u00f9ng\u00a0m\u1ed9t chi\u1ebfc tai nghe ch\u1ea5t l\u01b0\u1ee3ng cao c\u1ee7a HTC v\u1edbi kh\u1ea3 n\u0103ng qu\u00e9t m\u00f4i tr\u01b0\u1eddng \u0111\u1ec3 \u0111i\u1ec1u ch\u1ec9nh \u00e2m thanh ph\u00f9 h\u1ee3p cho t\u1eebng tr\u01b0\u1eddng h\u1ee3p c\u1ee5 th\u1ec3.<\/p>\n","protected":false},"featured_media":459,"comment_status":"open","ping_status":"closed","template":"","meta":[],"product_cat":[19],"product_tag":[],"_links":{"self":[{"href":"https:\/\/demo.bmconnect.vn\/shoptranh\/wp-json\/wp\/v2\/product\/458"}],"collection":[{"href":"https:\/\/demo.bmconnect.vn\/shoptranh\/wp-json\/wp\/v2\/product"}],"about":[{"href":"https:\/\/demo.bmconnect.vn\/shoptranh\/wp-json\/wp\/v2\/types\/product"}],"replies":[{"embeddable":true,"href":"https:\/\/demo.bmconnect.vn\/shoptranh\/wp-json\/wp\/v2\/comments?post=458"}],"wp:featuredmedia":[{"embeddable":true,"href":"https:\/\/demo.bmconnect.vn\/shoptranh\/wp-json\/wp\/v2\/media\/459"}],"wp:attachment":[{"href":"https:\/\/demo.bmconnect.vn\/shoptranh\/wp-json\/wp\/v2\/media?parent=458"}],"wp:term":[{"taxonomy":"product_cat","embeddable":true,"href":"https:\/\/demo.bmconnect.vn\/shoptranh\/wp-json\/wp\/v2\/product_cat?post=458"},{"taxonomy":"product_tag","embeddable":true,"href":"https:\/\/demo.bmconnect.vn\/shoptranh\/wp-json\/wp\/v2\/product_tag?post=458"}],"curies":[{"name":"wp","href":"https:\/\/api.w.org\/{rel}","templated":true}]}}