{"id":189,"date":"2019-02-26T22:14:30","date_gmt":"2019-02-26T15:14:30","guid":{"rendered":"http:\/\/demo.bmconnect.vn\/shopruou\/?post_type=product&#038;p=189"},"modified":"2019-03-01T02:26:55","modified_gmt":"2019-02-28T19:26:55","slug":"ruou-vang-luccarelli-negroamaro","status":"publish","type":"product","link":"https:\/\/demo.bmconnect.vn\/shopruou\/san-pham\/ruou-vang-luccarelli-negroamaro\/","title":{"rendered":"R\u01af\u1ee2U VANG LUCCARELLI NEGROAMARO"},"content":{"rendered":"<p class=\"fr-tag\">R\u01b0\u1ee3u vang \u00dd 3 sao Luccarelli Negroamaro Puglia, \u00dd. Vintage: 2017<\/p>\n<p class=\"fr-tag\">R\u01b0\u1ee3u vang Luccarelli Negroamaro (R\u01b0\u1ee3u vang 3 sao Luccarelli) s\u1edf h\u1eefu h\u01b0\u01a1ng v\u1ecb \u0111\u1eb7c tr\u01b0ng c\u1ee7a tr\u00e1i c\u00e2y ch\u00edn, qu\u1ea3 m\u00e2m x\u00f4i, d\u00e2u \u0111en. R\u01b0\u1ee3u c\u00f3 m\u00f9i th\u01a1m \u0111\u1eb7c tr\u01b0ng, khi u\u1ed1ng s\u1ebd c\u1ea3m nh\u1eadn \u0111\u01b0\u1ee3c v\u1ecb ch\u00e1t nh\u1eb9 nh\u00e0ng, thanh tao nh\u01b0ng v\u1eabn \u0111\u1ecdng l\u1ea1i 1 \u00edt v\u1ecb ng\u1ecdt d\u1ecbu. \u0110\u00e2y l\u00e0 lo\u1ea1i vang ph\u00f9 h\u1ee3p d\u00f9ng \u0111\u1ec3 u\u1ed1ng h\u00e0ng ng\u00e0y v\u00ec gi\u00e1 th\u00e0nh r\u1ea5t m\u1ec1m.<\/p>\n<p class=\"fr-tag\">R\u01b0\u1ee3u Luccarelli Negroamaro c\u00f3 m\u00e0u \u0111\u1ecf t\u00edm s\u00e2u s\u1eafc. N\u00f3 ph\u1ea3n x\u1ea1 m\u00e0u t\u00edm \u0111en \u0111\u1ea7y b\u00ed \u1ea9n. N\u00f3 c\u00f3 m\u00f9i h\u01b0\u01a1ng m\u00e3nh li\u1ec7t v\u00e0 dai d\u1eb3ng, c\u00f3 nho \u0111en v\u00e0 m\u00f9i h\u01b0\u01a1ng tr\u00e1i c\u00e2y hoang d\u00e3, cay v\u1edbi th\u01a1m v\u00e0 ghi ch\u00fa b\u1edfi vani. H\u1eadu v\u1ecb r\u01b0\u1ee3u m\u1ec1m m\u1ea1i v\u00e0 c\u00e2n b\u1eb1ng.<\/p>\n<p class=\"fr-tag\">R\u01b0\u1ee3u \u0111\u01b0\u1ee3c \u1ee7 tron th\u00f9ng inox 6 th\u00e1ng, trong th\u00f9ng g\u1ed7 s\u1ed3i M\u1ef9 v\u00e0 Ph\u00e1p 4-5 th\u00e1ng.<\/p>\n<p class=\"fr-tag\">R\u01b0\u1ee3u vang \u00dd 3 sao Luccarelli Negroamaro Puglia, \u00dd. Vintage: 2017<\/p>\n<p class=\"fr-tag\">R\u01b0\u1ee3u vang Luccarelli Negroamaro (R\u01b0\u1ee3u vang 3 sao Luccarelli) s\u1edf h\u1eefu h\u01b0\u01a1ng v\u1ecb \u0111\u1eb7c tr\u01b0ng c\u1ee7a tr\u00e1i c\u00e2y ch\u00edn, qu\u1ea3 m\u00e2m x\u00f4i, d\u00e2u \u0111en. R\u01b0\u1ee3u c\u00f3 m\u00f9i th\u01a1m \u0111\u1eb7c tr\u01b0ng, khi u\u1ed1ng s\u1ebd c\u1ea3m nh\u1eadn \u0111\u01b0\u1ee3c v\u1ecb ch\u00e1t nh\u1eb9 nh\u00e0ng, thanh tao nh\u01b0ng v\u1eabn \u0111\u1ecdng l\u1ea1i 1 \u00edt v\u1ecb ng\u1ecdt d\u1ecbu. \u0110\u00e2y l\u00e0 lo\u1ea1i vang ph\u00f9 h\u1ee3p d\u00f9ng \u0111\u1ec3 u\u1ed1ng h\u00e0ng ng\u00e0y v\u00ec gi\u00e1 th\u00e0nh r\u1ea5t m\u1ec1m.<\/p>\n<p class=\"fr-tag\">R\u01b0\u1ee3u Luccarelli Negroamaro c\u00f3 m\u00e0u \u0111\u1ecf t\u00edm s\u00e2u s\u1eafc. N\u00f3 ph\u1ea3n x\u1ea1 m\u00e0u t\u00edm \u0111en \u0111\u1ea7y b\u00ed \u1ea9n. N\u00f3 c\u00f3 m\u00f9i h\u01b0\u01a1ng m\u00e3nh li\u1ec7t v\u00e0 dai d\u1eb3ng, c\u00f3 nho \u0111en v\u00e0 m\u00f9i h\u01b0\u01a1ng tr\u00e1i c\u00e2y hoang d\u00e3, cay v\u1edbi th\u01a1m v\u00e0 ghi ch\u00fa b\u1edfi vani. H\u1eadu v\u1ecb r\u01b0\u1ee3u m\u1ec1m m\u1ea1i v\u00e0 c\u00e2n b\u1eb1ng.<\/p>\n<p class=\"fr-tag\">R\u01b0\u1ee3u \u0111\u01b0\u1ee3c \u1ee7 tron th\u00f9ng inox 6 th\u00e1ng, trong th\u00f9ng g\u1ed7 s\u1ed3i M\u1ef9 v\u00e0 Ph\u00e1p 4-5 th\u00e1ng.<\/p>\n","protected":false},"excerpt":{"rendered":"<p>R\u01b0\u1ee3u vang \u00dd 3 sao Luccarelli Negroamaro Puglia, \u00dd. Vintage: 2017 R\u01b0\u1ee3u vang Luccarelli Negroamaro (R\u01b0\u1ee3u vang 3 sao Luccarelli) s\u1edf h\u1eefu h\u01b0\u01a1ng v\u1ecb \u0111\u1eb7c tr\u01b0ng c\u1ee7a tr\u00e1i c\u00e2y ch\u00edn, qu\u1ea3 m\u00e2m x\u00f4i, d\u00e2u \u0111en. R\u01b0\u1ee3u c\u00f3 m\u00f9i th\u01a1m \u0111\u1eb7c tr\u01b0ng, khi u\u1ed1ng s\u1ebd c\u1ea3m nh\u1eadn \u0111\u01b0\u1ee3c v\u1ecb ch\u00e1t nh\u1eb9 nh\u00e0ng, thanh tao nh\u01b0ng v\u1eabn &#8230;<\/p>\n","protected":false},"featured_media":207,"comment_status":"open","ping_status":"closed","template":"","meta":[],"product_cat":[17],"product_tag":[27],"brands":[{"id":30,"name":"GEORGE WYNDHAM","slug":"george-wyndham"}],"_links":{"self":[{"href":"https:\/\/demo.bmconnect.vn\/shopruou\/wp-json\/wp\/v2\/product\/189"}],"collection":[{"href":"https:\/\/demo.bmconnect.vn\/shopruou\/wp-json\/wp\/v2\/product"}],"about":[{"href":"https:\/\/demo.bmconnect.vn\/shopruou\/wp-json\/wp\/v2\/types\/product"}],"replies":[{"embeddable":true,"href":"https:\/\/demo.bmconnect.vn\/shopruou\/wp-json\/wp\/v2\/comments?post=189"}],"wp:featuredmedia":[{"embeddable":true,"href":"https:\/\/demo.bmconnect.vn\/shopruou\/wp-json\/wp\/v2\/media\/207"}],"wp:attachment":[{"href":"https:\/\/demo.bmconnect.vn\/shopruou\/wp-json\/wp\/v2\/media?parent=189"}],"wp:term":[{"taxonomy":"product_cat","embeddable":true,"href":"https:\/\/demo.bmconnect.vn\/shopruou\/wp-json\/wp\/v2\/product_cat?post=189"},{"taxonomy":"product_tag","embeddable":true,"href":"https:\/\/demo.bmconnect.vn\/shopruou\/wp-json\/wp\/v2\/product_tag?post=189"}],"curies":[{"name":"wp","href":"https:\/\/api.w.org\/{rel}","templated":true}]}}