{"id":187,"date":"2019-02-26T22:13:23","date_gmt":"2019-02-26T15:13:23","guid":{"rendered":"http:\/\/demo.bmconnect.vn\/shopruou\/?post_type=product&#038;p=187"},"modified":"2019-02-28T22:57:52","modified_gmt":"2019-02-28T15:57:52","slug":"ruou-champagne-veuve-clicquot-brut-yellow-vang","status":"publish","type":"product","link":"https:\/\/demo.bmconnect.vn\/shopruou\/san-pham\/ruou-champagne-veuve-clicquot-brut-yellow-vang\/","title":{"rendered":"R\u01af\u1ee2U CHAMPAGNE VEUVE CLICQUOT BRUT YELLOW &#8211; V\u00c0NG"},"content":{"rendered":"<p><strong>R\u01b0\u1ee3u Champagne Ph\u00e1p Veuve Clicquot V\u00e0ng (Brut &#8211; Champagne tr\u1eafng)<\/strong>\u00a0&#8211; Champagne Veuve Clicquot Brut Yellow Label l\u00e0 m\u1ed9t trong nh\u1eefng champagne ph\u1ed5 bi\u1ebfn nh\u1ea5t v\u00e0 d\u1ec5 nh\u1eadn bi\u1ebft nh\u1ea5t tr\u00ean to\u00e0n th\u1ebf gi\u1edbi. V\u1edbi nh\u00e3n m\u00e0u v\u00e0ng \u0111\u1eb7c bi\u1ec7t c\u1ee7a n\u00f3, R\u01b0\u1ee3u Champagne Veuve Clicquot Brut Yellow Label l\u00e0 s\u1ef1 k\u00ednh tr\u1ecdng l\u00e2u d\u00e0i \u0111\u1ed1i v\u1edbi c\u00e1c \u0111\u1ea1i Madame Barbe &#8211; Nicole Clicquot.<\/p>\n<p><img title=\"R\u01b0\u1ee3u Champagne Veuve Clicqout\" src=\"http:\/\/sanhruou.com\/media\/Uploaded\/Vang\/Veuve-Clicquot-Vang-Brut-rose.jpg\" \/><\/p>\n<p class=\"fr-tag\">R\u01b0\u1ee3u Champagne Veuve Clicquot Brut Yellow Label c\u00f3 h\u01b0\u01a1ng th\u01a1m d\u1ec5 ch\u1ecbu, \u0111\u1ea7u ti\u00ean ch\u00fang ta c\u1ea3m nh\u1eadn \u0111\u01b0\u1ee3c l\u00e0 m\u00f9i h\u01b0\u01a1ng g\u1ee3i nh\u1eafc tr\u00e1i c\u00e2y m\u00e0u tr\u1eafng v\u00e0 nho kh\u00f4, k\u1ebf \u0111\u1ebfn l\u00e0 h\u01b0\u01a1ng vani v\u00e0 sau \u0111\u00f3 l\u00e0 m\u00f9i th\u01a1m c\u1ee7a b\u00e1nh mi\u0300 n\u01b0\u1edbng. R\u01b0\u1ee3u Champagne Veuve Clicquot Brut Yellow Label n\u00e0y c\u00f3 s\u1ef1 c\u00e2n b\u1eb1ng tinh t\u1ebf gi\u1eefa h\u01b0\u01a1ng tr\u00e1i c\u00e2y \u0111\u1ebfn t\u1eeb c\u00e1c lo\u1ea1i nho kh\u00e1c nhau v\u00e0 h\u01b0\u01a1ng m\u00f9i n\u01b0\u1edbng khi \u0111\u01b0\u1ee3c \u1ee7 trong chai. \u0110\u00e2y l\u00e0 th\u00e0nh vi\u00ean \u0111\u00edch th\u1ef1c cu\u0309a gia \u0111\u00ecnh Brut m\u1ea1nh m\u1ebd, k\u1ebft c\u1ea5u tuy\u1ec7t v\u1eddi, x\u1ee9ng \u0111\u00e1ng \u0111\u01b0\u1ee3c ng\u01b0\u1ee1ng m\u1ed9. L\u00e0 lo\u1ea1i r\u01b0\u1ee3u khai v\u1ecb l\u00fd t\u01b0\u1edfng, v\u00e0 l\u00e0 m\u1ed9t lo\u1ea1i champage ho\u00e0n h\u1ea3o d\u1ec5 d\u00f9ng chung v\u1edbi c\u00e1c m\u00f3n c\u00e1 ho\u1eb7c h\u1ea3i s\u1ea3n.<\/p>\n<p class=\"fr-tag\">R\u01b0\u1ee3u Champagne Veuve Clicquot Brut Yellow Label l\u00e0 m\u1ed9t trong nh\u1eefng champagne n\u1ed5i ti\u1ebfng nh\u1ea5t tr\u00ean th\u1ebf gi\u1edbi. T\u1eeb khi th\u00e0nh l\u1eadp v\u00e0o n\u0103m 1772, Clicquot \u0111\u00e3 kh\u00f4ng ch\u1ec9 \u0111\u01b0\u1ee3c b\u00e1o tr\u01b0\u1edbc cho r\u01b0\u1ee3u vang c\u1ee7a m\u00ecnh, m\u00e0 c\u00f2n cho s\u1ef1 d\u0169ng c\u1ea3m v\u00e0 s\u00e1ng t\u1ea1o c\u1ee7a Madame Clicquot ng\u01b0\u1eddi \u0111\u01b0\u1ee3c coi nh\u01b0 l\u00e0 nh\u1eefng doanh nh\u00e2n \u0111\u1ea7u ti\u00ean c\u1ee7a k\u1ef7 nguy\u00ean hi\u1ec7n \u0111\u1ea1i. S\u1ef1 n\u1ed5i ti\u1ebfng &#8221; R\u01b0\u1ee3u Champagne Veuve Clicquot Brut Yellow Label &#8221; \u0111\u00e3 tr\u1edf n\u00ean ch\u1ea5t l\u01b0\u1ee3ng.<\/p>\n<p class=\"fr-tag\">Champagne Veuve Clicquot Brut Yellow \u0111\u01b0\u1ee3c l\u00e0m t\u1eeb 50-55% Pinot Noir, 15-20% Meunier v\u00e0 28-33% Chadonay.<\/p>\n","protected":false},"excerpt":{"rendered":"<ul class=\"product-specs__list\">\n<li class=\"meta\">Lo\u1ea1i vang:<a title=\"Champagne\" href=\"http:\/\/sanhruou.com\/vang-champagne\/champagne-vang-no.html\">Champagne<\/a><\/li>\n<li class=\"meta\">V\u00f9ng:<a title=\"Champagne\" href=\"http:\/\/sanhruou.com\/vang-champagne\/champagne-vang-no.html\">Champagne<\/a><\/li>\n<li class=\"meta\">Xu\u1ea5t x\u1ee9:<a title=\"Ph\u00e1p\" href=\"http:\/\/sanhruou.com\/vang-champagne\/vang-phap.html\">Ph\u00e1p<\/a><\/li>\n<li class=\"meta\">\u0110\u00f3ng chai:N\u00fat b\u1ea7n<\/li>\n<li class=\"meta\">Dung t\u00edch:750ml<\/li>\n<li class=\"meta\">N\u1ed3ng \u0111\u1ed9:12%<\/li>\n<li class=\"meta\">Th\u1eddi gian \u1ee7:36 th\u00e1ng<\/li>\n<\/ul>\n","protected":false},"featured_media":208,"comment_status":"open","ping_status":"closed","template":"","meta":[],"product_cat":[17],"product_tag":[25],"brands":[{"id":29,"name":"ELDERTON","slug":"elderton"}],"_links":{"self":[{"href":"https:\/\/demo.bmconnect.vn\/shopruou\/wp-json\/wp\/v2\/product\/187"}],"collection":[{"href":"https:\/\/demo.bmconnect.vn\/shopruou\/wp-json\/wp\/v2\/product"}],"about":[{"href":"https:\/\/demo.bmconnect.vn\/shopruou\/wp-json\/wp\/v2\/types\/product"}],"replies":[{"embeddable":true,"href":"https:\/\/demo.bmconnect.vn\/shopruou\/wp-json\/wp\/v2\/comments?post=187"}],"wp:featuredmedia":[{"embeddable":true,"href":"https:\/\/demo.bmconnect.vn\/shopruou\/wp-json\/wp\/v2\/media\/208"}],"wp:attachment":[{"href":"https:\/\/demo.bmconnect.vn\/shopruou\/wp-json\/wp\/v2\/media?parent=187"}],"wp:term":[{"taxonomy":"product_cat","embeddable":true,"href":"https:\/\/demo.bmconnect.vn\/shopruou\/wp-json\/wp\/v2\/product_cat?post=187"},{"taxonomy":"product_tag","embeddable":true,"href":"https:\/\/demo.bmconnect.vn\/shopruou\/wp-json\/wp\/v2\/product_tag?post=187"}],"curies":[{"name":"wp","href":"https:\/\/api.w.org\/{rel}","templated":true}]}}