{"id":183,"date":"2019-02-26T22:10:40","date_gmt":"2019-02-26T15:10:40","guid":{"rendered":"http:\/\/demo.bmconnect.vn\/shopruou\/?post_type=product&#038;p=183"},"modified":"2019-02-28T23:00:35","modified_gmt":"2019-02-28T16:00:35","slug":"ruou-vang-f-negroamaro","status":"publish","type":"product","link":"https:\/\/demo.bmconnect.vn\/shopruou\/san-pham\/ruou-vang-f-negroamaro\/","title":{"rendered":"R\u01af\u1ee2U VANG F NEGROAMARO"},"content":{"rendered":"<p class=\"fr-tag\"><strong>R\u01b0\u1ee3u vang \u0111\u1ecf \u00dd F Negro Amaro h\u1ed9p + t\u00fai gi\u1ea5y:<\/strong><\/p>\n<p class=\"fr-tag\"><img title=\"vang \u0111\u1ecf \u00dd F negro amaro\" src=\"http:\/\/sanhruou.com\/media\/Uploaded\/Vang\/f-negro-amaro-tui-va-hop.jpg\" \/><strong><br \/>\n<\/strong><\/p>\n<p class=\"fr-tag\"><strong>R\u01b0\u1ee3u Vang \u00dd F Negroamaro<\/strong>, m\u00e0u t\u00edm r\u1ea5t \u0111\u1ea7y \u0111\u1ee7 v\u00e0 s\u00e2u s\u1eafc, phong ph\u00fa v\u00e0 ph\u1ee9c h\u1ee3p v\u1ec1 h\u01b0\u01a1ng th\u01a1m v\u1edbi c\u00e1c ghi ch\u00fa tannin kh\u00e1 m\u1ec1m, x\u1ed1p v\u00e0 cho ra h\u01b0\u01a1ng v\u1ecb vani, m\u00f9i m\u1eadn ch\u00edn, sim t\u00edm, m\u1ee9t qu\u1ea3 \u0111en. R\u01b0\u1ee3u kh\u00e1 d\u00e0y tr\u00e0n \u0111\u1ea7y trong khoang mi\u1ec7ng, tr\u00f2n v\u1ecb, m\u1ec1m m\u1ea1i v\u00e0 h\u00e0i h\u00f2a, gi\u00e0u tannin, b\u00e9o ng\u1eady v\u1edbi h\u01b0\u01a1ng b\u01a1, kem kh\u00e1 tinh t\u1ebf, xen l\u1eabn m\u00f9i th\u01a1m c\u1ee7a cacao n\u1ed3ng n\u00e0n, m\u00f9i tuy\u1ebft t\u00f9ng quy\u1ebfn r\u0169. R\u01b0\u1ee3u lan t\u1ecfa trong khoang mi\u1ec7ng v\u00e0 m\u01b0\u1ee3t m\u00e0 d\u1ec5 ch\u1ecbu v\u1edbi m\u1ed9t k\u1ebft th\u00fac ng\u1ecdt ng\u00e0o v\u00e0 tinh t\u1ebf.<\/p>\n<p class=\"fr-tag\">Nho \u0111\u01b0\u1ee3c h\u00e1i b\u1eb1ng tay, \u0111\u01b0\u1ee3c h\u00e1i v\u00e0o s\u00e1ng s\u1edbm, l\u1ef1a ch\u1ecdn nh\u1eefng ch\u00f9m nho t\u1ed1t nh\u1ea5t. \u1ede nh\u00e0 m\u00e1y s\u1ebd l\u1ef1a ch\u1ecdn m\u1ed9t l\u1ea7n n\u1eefa \u0111\u1ec3 ch\u1ecdn ra nh\u1eefng tr\u00e1i nho t\u1ed1t nh\u1ea5t \u0111\u1ec3 l\u00e0m ra chai vang F.<\/p>\n<p class=\"fr-tag\">R\u01b0\u1ee3u \u0111\u01b0\u1ee3c l\u00ean men \u1edf nhi\u1ec7t \u0111\u1ed9 24 &#8211; 26\u00b0C trong th\u1eddi gian 25 ng\u00e0y sau \u0111\u00f3 r\u1ef1ou \u0111\u01b0\u1ee3c chuy\u1ec3n sang l\u00ean men malolactic trong th\u00f9ng g\u1ed7 s\u1ed3i m\u1edbi c\u1ee7a Ph\u00e1p. \u0110\u1ec3 t\u0103ng th\u00eam \u0111\u1ed9 \u0111\u1eb7c bi\u1ec7t r\u01b0\u1ee3u \u0111\u01b0\u1ee3c chuy\u1ec3n ti\u1ebfp sang th\u00f9ng g\u1ed7 s\u1ed3i Ph\u00e1p v\u00e0 Caucasian 12 th\u00e1ng. \u0110\u00e2y l\u00e0 b\u01b0\u1edbc \u0111\u1ed9t ph\u00e1 trong quy tr\u00ecnh l\u00e0m r\u01b0\u1ee3u khi s\u1eed d\u1ee5ng g\u1ed7 s\u1ed3i Caucasian c\u1ee7a Nga, C\u00e2y s\u1ed3i Nga tr\u1ed3ng \u1edf v\u00f9ng Siberi do \u0111i\u1ec1u ki\u1ec7n kh\u00ed h\u1eadu kh\u1eafc nghi\u1ec7t c\u00f3 th\u1eddi gian t\u0103ng tr\u01b0\u1edfng k\u00e9o d\u00e0i t\u1eeb 100 &#8211; 200 n\u0103m, c\u00e1c th\u1edb g\u1ed7 kh\u00e1 m\u1ecbn, v\u00ec v\u1eady r\u01b0\u1ee3u vang \u0111\u01b0\u1ee3c \u1ee7 t\u1eeb lo\u1ea1i th\u00f9ng n\u00e0y s\u1ebd cho ra m\u1ed9t chai vang v\u1edbi h\u01b0\u01a1ng v\u1ecb \u0111\u1eb7c bi\u1ec7t. R\u01b0\u1ee3u sau \u0111\u00f3 \u0111em \u0111i \u0111\u00f3ng chai v\u00e0 \u0111\u1ec3 \u1ed5n \u0111\u1ecbnh trong h\u1ea7m 6 &#8211; 12 th\u00e1ng tr\u01b0\u1edbc khi b\u00e1n ra th\u1ecb tr\u01b0\u1eddng.<\/p>\n<p class=\"fr-tag\"><img title=\"Th\u1eed r\u01b0\u1ee3u vang \u00dd F, Vang F\" src=\"http:\/\/sanhruou.com\/media\/Uploaded\/Vang\/F-Negro-Amaro-tasting.jpg\" \/><\/p>\n<p class=\"fr-tag\"><img title=\"Ti\u1ec7c gi\u1edbi thi\u1ec7u vang F, Vang \u00fd\" src=\"http:\/\/sanhruou.com\/media\/Uploaded\/Vang\/F-Negro-Amaro-thu-ruou.jpg\" \/><\/p>\n<p class=\"fr-tag\">H\u00ecnh \u1ea3nh S\u00e0nh R\u01b0\u1ee3u tasting chai vang F Negro Amaro t\u1ea1i ti\u1ec7c c\u1ee7a nh\u00e0 nh\u1eadp kh\u1ea9u v\u00e0 \u0111\u1ea1i di\u1ec7n h\u00e3ng s\u1ea3n xu\u1ea5t t\u1ed5 ch\u1ee9c.<\/p>\n<p class=\"fr-tag\">Vang F Negroamaro c\u00f2n c\u00e1c vintage: 2014 v\u00e0 2015 s\u1ed1 l\u01b0\u1ee3ng t\u1ed3n \u00edt, qu\u00fd v\u1ecb vui l\u00f2ng alo \u0111\u1ec3 check kho.<\/p>\n","protected":false},"excerpt":{"rendered":"<ul class=\"product-specs__list\">\n<li class=\"meta\">Lo\u1ea1i vang:<a title=\"Vang \u0111\u1ecf\" href=\"http:\/\/sanhruou.com\/vang-champagne\/vang-do.html\">Vang \u0111\u1ecf<\/a><\/li>\n<li class=\"meta\">V\u00f9ng:<a title=\"Puglia\" href=\"http:\/\/sanhruou.com\/vang-champagne\/puglia.html\">Puglia<\/a><\/li>\n<li class=\"meta\">Xu\u1ea5t x\u1ee9:<a title=\"\u00dd\" href=\"http:\/\/sanhruou.com\/vang-champagne\/vang-y.html\">\u00dd<\/a><\/li>\n<li class=\"meta\">Ph\u00e2n h\u1ea1ng:IGP<\/li>\n<li class=\"meta\">Gi\u1ed1ng nho:<a title=\"Negroamaro\" href=\"http:\/\/sanhruou.com\/vang-champagne\/negroamaro.html\">Negroamaro<\/a><\/li>\n<li class=\"meta\">Ni\u00ean v\u1ee5:2016<\/li>\n<li class=\"meta\">Th\u1eddi gian \u1ee7:12 th\u00e1ng<\/li>\n<li class=\"meta\">\u0110\u00f3ng chai:N\u00fat b\u1ea7n<\/li>\n<li class=\"meta\">Dung t\u00edch:750ml<\/li>\n<li class=\"meta\">N\u1ed3ng \u0111\u1ed9:15%<\/li>\n<\/ul>\n","protected":false},"featured_media":211,"comment_status":"open","ping_status":"closed","template":"","meta":[],"product_cat":[17],"product_tag":[28,25,26],"brands":[{"id":30,"name":"GEORGE WYNDHAM","slug":"george-wyndham"}],"_links":{"self":[{"href":"https:\/\/demo.bmconnect.vn\/shopruou\/wp-json\/wp\/v2\/product\/183"}],"collection":[{"href":"https:\/\/demo.bmconnect.vn\/shopruou\/wp-json\/wp\/v2\/product"}],"about":[{"href":"https:\/\/demo.bmconnect.vn\/shopruou\/wp-json\/wp\/v2\/types\/product"}],"replies":[{"embeddable":true,"href":"https:\/\/demo.bmconnect.vn\/shopruou\/wp-json\/wp\/v2\/comments?post=183"}],"wp:featuredmedia":[{"embeddable":true,"href":"https:\/\/demo.bmconnect.vn\/shopruou\/wp-json\/wp\/v2\/media\/211"}],"wp:attachment":[{"href":"https:\/\/demo.bmconnect.vn\/shopruou\/wp-json\/wp\/v2\/media?parent=183"}],"wp:term":[{"taxonomy":"product_cat","embeddable":true,"href":"https:\/\/demo.bmconnect.vn\/shopruou\/wp-json\/wp\/v2\/product_cat?post=183"},{"taxonomy":"product_tag","embeddable":true,"href":"https:\/\/demo.bmconnect.vn\/shopruou\/wp-json\/wp\/v2\/product_tag?post=183"}],"curies":[{"name":"wp","href":"https:\/\/api.w.org\/{rel}","templated":true}]}}