{"id":181,"date":"2019-02-26T22:09:17","date_gmt":"2019-02-26T15:09:17","guid":{"rendered":"http:\/\/demo.bmconnect.vn\/shopruou\/?post_type=product&#038;p=181"},"modified":"2019-03-01T02:27:34","modified_gmt":"2019-02-28T19:27:34","slug":"ruou-vang-bin-999","status":"publish","type":"product","link":"https:\/\/demo.bmconnect.vn\/shopruou\/san-pham\/ruou-vang-bin-999\/","title":{"rendered":"R\u01af\u1ee2U VANG BIN 999"},"content":{"rendered":"<p class=\"fr-tag\"><strong>R\u01b0\u1ee3u Vang \u0111\u1ecf\u00a0<\/strong><strong>\u00dac George Wyndham<\/strong><strong>\u00a0Bin 999 Merlot<\/strong>, mang m\u00e0u \u0111\u1ecf \u0111\u1eadm pha t\u00edm, v\u1edbi h\u01b0\u01a1ng th\u01a1m c\u1ee7a m\u1eadn ch\u00edn, gia v\u1ecb v\u00e0 c\u00e1c lo\u1ea1i tr\u00e1i c\u00e2y v\u00e0 ch\u00fat h\u01b0\u01a1ng g\u1ed7 s\u1ed3i m\u00f9i vani.<\/p>\n<p class=\"fr-tag\"><img title=\"Vang \u00dac Bin 999 h\u1ed9p qu\u00e0 t\u1ebft\" src=\"http:\/\/sanhruou.com\/media\/Uploaded\/Vang\/Bin-999-hop-qua-2019.jpg\" \/><\/p>\n<p class=\"fr-tag\">Vang \u0111\u1ecf \u00dac Bin 999 h\u1ed9p qu\u00e0 + 80.000vnd<\/p>\n<p class=\"fr-tag\">Lo\u1ea1i vang n\u00e0y mang phong c\u00e1ch \u00eam nh\u1eb9, thanh tho\u00e1t n\u01a1i v\u00f2m mi\u1ec7ng v\u1edbi t\u00ednh ph\u1ee9c h\u1ee3p t\u1ea1o n\u00ean nh\u1eefng c\u1ea3m x\u00fac th\u01b0\u1edfng th\u1ee9c \u0111a d\u1ea1ng, tr\u00f2n \u0111\u1ea7y n\u01a1i \u0111\u1ea7u l\u01b0\u1ee1i v\u00e0 k\u1ebft th\u00fac v\u1edbi v\u1ecb ch\u00e1t nh\u1eb9.<\/p>\n<p class=\"fr-tag\">R\u01b0\u1ee3u vang \u0111\u1ecf Bin 999, nho sau khi thu ho\u1ea1ch (kho\u1ea3ng th\u00e1ng 3 h\u00e0ng n\u0103m) mang v\u1ec1 nh\u00e0 m\u00e1y nghi\u1ec1n th\u00e0nh d\u1ecbch v\u00e0 ti\u1ebfng h\u00e0nh l\u00ean men trong c\u00e1c th\u00f9ng Inox. Nhi\u1ec7t \u0111\u1ed9 l\u00ean men ki\u1ec3m so\u00e1t \u1edf 28<sup>0<\/sup>C sau \u0111\u00f3 h\u1ea1 xu\u1ed1ng 19-22<sup>0<\/sup>C cho h\u01b0\u01a1ng v\u1ecb v\u00e0 m\u00e0u s\u1eafc t\u1ed1t nh\u1ea5t. Sau qu\u00e1 tr\u00ecnh l\u00ean men r\u01b0\u1ee3u \u0111\u01b0\u1ee3c \u1ee7 trong th\u00f9ng g\u1ed7 s\u1ed3i Ph\u00e1p v\u00e0 M\u1ef9 (6-8 th\u00e1ng), sau \u0111\u00f3 \u0111em tr\u1ed9n v\u1edbi nhau v\u00e0 \u0111i \u0111\u00f3ng chai.<\/p>\n<p class=\"fr-tag\">Th\u00e1ng 6\/2018 \u0111\u00e3 c\u00f3 ni\u00ean v\u1ee5 (vintage) 2017 v\u1ec1 kho S\u00e0nh r\u01b0\u1ee3u.<\/p>\n","protected":false},"excerpt":{"rendered":"<ul class=\"product-specs__list\">\n<li class=\"meta\">Lo\u1ea1i vang:<a title=\"Vang \u0111\u1ecf\" href=\"http:\/\/sanhruou.com\/vang-champagne\/vang-do.html\">Vang \u0111\u1ecf<\/a><\/li>\n<li class=\"meta\">Xu\u1ea5t x\u1ee9:<a title=\"\u00dac\" href=\"http:\/\/sanhruou.com\/vang-champagne\/vang-uc.html\">\u00dac<\/a><\/li>\n<li class=\"meta\">Gi\u1ed1ng nho:<a title=\"Merlot\" href=\"http:\/\/sanhruou.com\/vang-champagne\/merlot.html\">Merlot<\/a><\/li>\n<li class=\"meta\">Ni\u00ean v\u1ee5:2017<\/li>\n<li class=\"meta\">Th\u1eddi gian \u1ee7:6 th\u00e1ng<\/li>\n<li class=\"meta\">\u0110\u00f3ng chai:N\u1eafp v\u1eb7n<\/li>\n<li class=\"meta\">Dung t\u00edch:750ml<\/li>\n<li class=\"meta\">N\u1ed3ng \u0111\u1ed9:14%<\/li>\n<\/ul>\n","protected":false},"featured_media":212,"comment_status":"open","ping_status":"closed","template":"","meta":[],"product_cat":[17],"product_tag":[27,26],"brands":[{"id":29,"name":"ELDERTON","slug":"elderton"}],"_links":{"self":[{"href":"https:\/\/demo.bmconnect.vn\/shopruou\/wp-json\/wp\/v2\/product\/181"}],"collection":[{"href":"https:\/\/demo.bmconnect.vn\/shopruou\/wp-json\/wp\/v2\/product"}],"about":[{"href":"https:\/\/demo.bmconnect.vn\/shopruou\/wp-json\/wp\/v2\/types\/product"}],"replies":[{"embeddable":true,"href":"https:\/\/demo.bmconnect.vn\/shopruou\/wp-json\/wp\/v2\/comments?post=181"}],"wp:featuredmedia":[{"embeddable":true,"href":"https:\/\/demo.bmconnect.vn\/shopruou\/wp-json\/wp\/v2\/media\/212"}],"wp:attachment":[{"href":"https:\/\/demo.bmconnect.vn\/shopruou\/wp-json\/wp\/v2\/media?parent=181"}],"wp:term":[{"taxonomy":"product_cat","embeddable":true,"href":"https:\/\/demo.bmconnect.vn\/shopruou\/wp-json\/wp\/v2\/product_cat?post=181"},{"taxonomy":"product_tag","embeddable":true,"href":"https:\/\/demo.bmconnect.vn\/shopruou\/wp-json\/wp\/v2\/product_tag?post=181"}],"curies":[{"name":"wp","href":"https:\/\/api.w.org\/{rel}","templated":true}]}}