{"id":179,"date":"2019-02-26T22:07:59","date_gmt":"2019-02-26T15:07:59","guid":{"rendered":"http:\/\/demo.bmconnect.vn\/shopruou\/?post_type=product&#038;p=179"},"modified":"2019-02-28T23:52:34","modified_gmt":"2019-02-28T16:52:34","slug":"ruou-vang-bin-555","status":"publish","type":"product","link":"https:\/\/demo.bmconnect.vn\/shopruou\/san-pham\/ruou-vang-bin-555\/","title":{"rendered":"R\u01af\u1ee2U VANG BIN 555"},"content":{"rendered":"<p><strong>R\u01b0\u1ee3u vang<\/strong><strong>\u00a0<\/strong>\u00dac George Wyndham<strong>\u00a0Bin 555 Shiraz<\/strong>\u00a0l\u00e0 lo\u1ea1i vang n\u1ed5i ti\u1ebfng c\u1ee7a \u00dac. R\u1ea5t \u0111\u01b0\u1ee3c \u01b0a chu\u1ed9ng tr\u00ean th\u1ebf gi\u1edbi. Kh\u00f4ng ch\u1ec9 v\u00ec m\u00e0u s\u1eafc r\u01b0\u1ee3u m\u00e0 c\u00f2n m\u00f9i v\u1ecb ngon \u00eam d\u1ecbu s\u1ebd l\u01b0u l\u1ea1i kho\u1ea3nh kh\u1eafc n\u00e0y.<\/p>\n<p>BIN 555 Shiraz l\u00e0 lo\u1ea1i r\u01b0\u1ee3u vang \u0111\u1ecf l\u00e0m t\u1eeb gi\u1ed1ng nho n\u1ed5i ti\u1ebfng Shiraz (Syrah), \u00dac. Gi\u1ed1ng nho Shiraz nh\u01b0 \u0111\u01b0\u1ee3c th\u0103ng hoa khi tr\u1ed3ng t\u1ea1i \u00dac v\u00e0 cho ra \u0111\u1eddi nh\u1eefng chai r\u01b0\u1ee3u vang Shiraz h\u00e0ng \u0111\u1ea7u th\u1ebf gi\u1edbi.<\/p>\n<p class=\"fr-tag\">M\u1ed7i n\u01b0\u1edbc s\u1ea3n xu\u1ea5t\u00a0vang\u00a0\u0111\u1ec1u c\u00f3 v\u00e0i d\u00f2ng vang \u201cr\u1ea5t th\u00e2n thi\u1ec7n\u201d v\u1edbi th\u1ecb gi\u00e1c, kh\u1ee9u gi\u00e1c, v\u1ecb gi\u00e1c v\u00e0 c\u1ea3 t\u00fai ti\u1ec1n c\u1ee7a ng\u01b0\u1eddi ti\u00eau d\u00f9ng, cho n\u00ean khi n\u00f3i \u0111\u1ebfn vang \u00dac, gi\u1edbi s\u00e0nh \u0111i\u1ec7u nh\u1edb ngay \u0111\u1ebfn c\u00e1c nh\u00e3n vang l\u00e0m v\u1edbi gi\u1ed1ng nho Shiraz. V\u00e0 BIN 555 Shiraz l\u00e0 nh\u00e3n vang kh\u00f3 qu\u00ean.<\/p>\n<p class=\"fr-tag\">\u0110i\u1ec1u \u0111\u1eb7c bi\u1ec7t l\u00e0 tuy \u0111\u01b0\u1ee3c tr\u00ecnh l\u00e0ng c\u00e1ch nay 36 n\u0103m nh\u01b0ng nh\u00e3n vang n\u00e0y v\u1eabn kh\u00f4ng ch\u1ec9 l\u00e0 lo\u1ea1i vang n\u1ed5i ti\u1ebfng nh\u1ea5t c\u1ee7a nh\u00e0 Wyndham Estate m\u00e0 c\u00f2n \u0111\u01b0\u1ee3c c\u00f4ng nh\u1eadn l\u00e0 lo\u1ea1i vang \u00dac b\u00e1n ch\u1ea1y nh\u1ea5t. N\u0103m n\u00e0y qua n\u0103m n\u1ecd, r\u1ea5t nhi\u1ec1u nh\u00e0 ph\u00ea b\u00ecnh vang tr\u00ean th\u1ebf gi\u1edbi lu\u00f4n d\u00e0nh cho n\u00f3 \u0111i\u1ec3m b\u1ed1n ly vang (n\u0103m ly vang l\u00e0 \u0111i\u1ec3m t\u1ed1i \u0111a).<\/p>\n<p class=\"fr-tag\">T\u1eeb khi Goerge Wyndham tr\u1ed3ng v\u01b0\u1eddn nho Shiraz th\u01b0\u01a1ng ph\u1ea9m \u0111\u1ea7u ti\u00ean c\u1ee7a \u00dac n\u0103m 1830, ch\u00fang t\u00f4i \u0111\u00e3 t\u1eadn t\u00e2m ch\u1ebf bi\u1ebfn nh\u1eefng lo\u1ea1i r\u01b0\u1ee3u vang m\u1ea1nh. Nh\u1eefng lo\u1ea1i r\u01b0\u1ee3u vang l\u00e0m ph\u1ea5n ch\u1ea5n ng\u01b0\u1eddi th\u01b0\u1edfng th\u1ee9c b\u1eb1ng c\u00e1ch k\u00edch th\u00edch c\u00e1c gi\u00e1c quan v\u00e0 l\u00e0m d\u1eady l\u00ean m\u00f9i h\u01b0\u01a1ng t\u01b0\u01a1i m\u00e1t.<\/p>\n<p class=\"fr-tag\">Goerge Wyndham tr\u1edf th\u00e0nh cha \u0111\u1ebb c\u1ee7a Shiraz \u00dac khi \u00f4ng tr\u1ed3ng v\u01b0\u1eddn nho \u0111\u1ec3 ch\u1ebf bi\u1ebfn r\u01b0\u1ee3u Shiraz th\u01b0\u01a1ng m\u1ea1i \u0111\u1ea7u ti\u00ean c\u1ee7a \u00dac v\u00e0o n\u0103m 1830. Ch\u00ednh t\u1ea1i n\u01a1i n\u00e0y, trong v\u01b0\u1eddn nho v\u00e0 c\u0103n nh\u00e0 c\u1ee7a \u00f4ng, b\u00e2y gi\u1edd l\u00e0 kho b\u00e1u uy t\u00edn Qu\u1ed1c gia n\u1eb1m trong danh s\u00e1ch di s\u1ea3n, \u00f4ng \u0111\u00e3 c\u1ed1ng hi\u1ebfn c\u1ea3 \u0111\u1eddi m\u00ecnh \u0111\u1ec3 t\u1ea1o ra c\u00e1c lo\u1ea1i r\u01b0\u1ee3u vang c\u00f3 h\u01b0\u01a1ng v\u1ecb tr\u1ecdn v\u1eb9n. Di s\u1ea3n \u0111\u00e1ng t\u1ef1 h\u00e0o v\u1ec1 s\u1ef1 \u0111\u1ed5i m\u1edbi v\u00e0 c\u1ed1ng hi\u1ebfn t\u1ed3n t\u1ea1i c\u1ee7a v\u00f9ng Wyndham, v\u00f9ng \u0111\u1ea5t \u0111\u01b0\u1ee3c m\u1ed7i th\u1ebf h\u1ec7 c\u1ee7a nh\u1eefng ng\u01b0\u1eddi s\u1ea3n xu\u1ea5t r\u01b0\u1ee3u vang t\u00edch l\u0169y ki\u1ebfn th\u1ee9c v\u00e0 kinh nghi\u1ec7m. Ng\u00e0y nay c\u00f3 nhi\u1ec1u d\u00f2ng r\u01b0\u1ee3u vang c\u00f3 h\u01b0\u01a1ng v\u1ecb \u0111\u1eb7c tr\u01b0ng h\u01a1n. M\u1eb7c d\u00f9 v\u1eady, Shiraz v\u1eabn l\u00e0 s\u1ea3n ph\u1ea9m \u0111\u1eb7c tr\u01b0ng c\u1ee7a v\u00f9ng \u0111\u1ea5t Wyndham \u2013 n\u01a1i sinh ra Shiraz \u00dac.<\/p>\n","protected":false},"excerpt":{"rendered":"<ul class=\"product-specs__list\">\n<li class=\"meta\">Lo\u1ea1i vang:Vang \u0111\u1ecf<\/li>\n<li class=\"meta\">Xu\u1ea5t x\u1ee9:\u00dac<\/li>\n<li class=\"meta\">Gi\u1ed1ng nho:Shiraz\/Syrah<\/li>\n<li class=\"meta\">Ni\u00ean v\u1ee5:2015<\/li>\n<li class=\"meta\">Th\u1eddi gian \u1ee7:12 th\u00e1ng<\/li>\n<li class=\"meta\">\u0110\u00f3ng chai:N\u1eafp v\u1eb7n<\/li>\n<li class=\"meta\">Dung t\u00edch:750ml<\/li>\n<li class=\"meta\">N\u1ed3ng \u0111\u1ed9:14.5%<\/li>\n<\/ul>\n","protected":false},"featured_media":213,"comment_status":"open","ping_status":"closed","template":"","meta":[],"product_cat":[17],"product_tag":[26],"brands":[{"id":29,"name":"ELDERTON","slug":"elderton"}],"_links":{"self":[{"href":"https:\/\/demo.bmconnect.vn\/shopruou\/wp-json\/wp\/v2\/product\/179"}],"collection":[{"href":"https:\/\/demo.bmconnect.vn\/shopruou\/wp-json\/wp\/v2\/product"}],"about":[{"href":"https:\/\/demo.bmconnect.vn\/shopruou\/wp-json\/wp\/v2\/types\/product"}],"replies":[{"embeddable":true,"href":"https:\/\/demo.bmconnect.vn\/shopruou\/wp-json\/wp\/v2\/comments?post=179"}],"wp:featuredmedia":[{"embeddable":true,"href":"https:\/\/demo.bmconnect.vn\/shopruou\/wp-json\/wp\/v2\/media\/213"}],"wp:attachment":[{"href":"https:\/\/demo.bmconnect.vn\/shopruou\/wp-json\/wp\/v2\/media?parent=179"}],"wp:term":[{"taxonomy":"product_cat","embeddable":true,"href":"https:\/\/demo.bmconnect.vn\/shopruou\/wp-json\/wp\/v2\/product_cat?post=179"},{"taxonomy":"product_tag","embeddable":true,"href":"https:\/\/demo.bmconnect.vn\/shopruou\/wp-json\/wp\/v2\/product_tag?post=179"}],"curies":[{"name":"wp","href":"https:\/\/api.w.org\/{rel}","templated":true}]}}