{"id":177,"date":"2019-02-26T22:05:24","date_gmt":"2019-02-26T15:05:24","guid":{"rendered":"http:\/\/demo.bmconnect.vn\/shopruou\/?post_type=product&#038;p=177"},"modified":"2019-02-28T23:03:47","modified_gmt":"2019-02-28T16:03:47","slug":"ruou-vang-elderton-estate-shiraz","status":"publish","type":"product","link":"https:\/\/demo.bmconnect.vn\/shopruou\/san-pham\/ruou-vang-elderton-estate-shiraz\/","title":{"rendered":"R\u01af\u1ee2U VANG ELDERTON ESTATE SHIRAZ"},"content":{"rendered":"<p>R\u01b0\u1ee3u vang \u00dac Elderton Estate Shiraz, Barossa, Nam n\u01b0\u1edbc \u00dac. R\u01b0\u1ee3u vang \u0111\u1ecf Elderton Estate Shiraz \u0111\u01b0\u1ee3c l\u00e0m t\u1eeb nh\u1eefng v\u01b0\u1eddn nho t\u1eeb 21 -122 n\u0103m tu\u1ed5i c\u1ee7a nh\u00e0 Elderton t\u1ea1i Barossa, \u00dac.<\/p>\n<p>Vintage: 2014, r\u01b0\u1ee3u \u0111\u01b0\u1ee3c \u1ee7 24 th\u00e1ng trong th\u00f9ng g\u1ed7 s\u1ed3i M\u1ef9 v\u00e0 Ph\u00e1p v\u00e0 c\u00f3 th\u1ec3 l\u01b0u tr\u1eef 10-15 n\u0103m.<\/p>\n","protected":false},"excerpt":{"rendered":"<ul class=\"product-specs__list\">\n<li class=\"meta\">Lo\u1ea1i vang:<a title=\"Vang \u0111\u1ecf\" href=\"http:\/\/sanhruou.com\/vang-champagne\/vang-do.html\">Vang \u0111\u1ecf<\/a><\/li>\n<li class=\"meta\">V\u00f9ng:Barossa Valley<\/li>\n<li class=\"meta\">Xu\u1ea5t x\u1ee9:\u00dac<\/li>\n<li class=\"meta\">Gi\u1ed1ng nho:Shiraz\/Syrah<\/li>\n<li class=\"meta\">Ni\u00ean v\u1ee5:2014<\/li>\n<li class=\"meta\">Th\u1eddi gian \u1ee7:24 th\u00e1ng<\/li>\n<li class=\"meta\">\u0110\u00f3ng chai:N\u1eafp v\u1eb7n<\/li>\n<li class=\"meta\">Dung t\u00edch:750ml<\/li>\n<li class=\"meta\">N\u1ed3ng \u0111\u1ed9:14.5%<\/li>\n<\/ul>\n","protected":false},"featured_media":214,"comment_status":"open","ping_status":"closed","template":"","meta":[],"product_cat":[17],"product_tag":[25,24],"brands":[{"id":30,"name":"GEORGE WYNDHAM","slug":"george-wyndham"}],"_links":{"self":[{"href":"https:\/\/demo.bmconnect.vn\/shopruou\/wp-json\/wp\/v2\/product\/177"}],"collection":[{"href":"https:\/\/demo.bmconnect.vn\/shopruou\/wp-json\/wp\/v2\/product"}],"about":[{"href":"https:\/\/demo.bmconnect.vn\/shopruou\/wp-json\/wp\/v2\/types\/product"}],"replies":[{"embeddable":true,"href":"https:\/\/demo.bmconnect.vn\/shopruou\/wp-json\/wp\/v2\/comments?post=177"}],"wp:featuredmedia":[{"embeddable":true,"href":"https:\/\/demo.bmconnect.vn\/shopruou\/wp-json\/wp\/v2\/media\/214"}],"wp:attachment":[{"href":"https:\/\/demo.bmconnect.vn\/shopruou\/wp-json\/wp\/v2\/media?parent=177"}],"wp:term":[{"taxonomy":"product_cat","embeddable":true,"href":"https:\/\/demo.bmconnect.vn\/shopruou\/wp-json\/wp\/v2\/product_cat?post=177"},{"taxonomy":"product_tag","embeddable":true,"href":"https:\/\/demo.bmconnect.vn\/shopruou\/wp-json\/wp\/v2\/product_tag?post=177"}],"curies":[{"name":"wp","href":"https:\/\/api.w.org\/{rel}","templated":true}]}}