{"id":37,"date":"2019-02-26T17:31:09","date_gmt":"2019-02-26T10:31:09","guid":{"rendered":"http:\/\/demo.bmconnect.vn\/shopruou\/?page_id=37"},"modified":"2019-03-01T10:36:18","modified_gmt":"2019-03-01T03:36:18","slug":"dieu-khoan-su-dung","status":"publish","type":"page","link":"https:\/\/demo.bmconnect.vn\/shopruou\/dieu-khoan-su-dung\/","title":{"rendered":"\u0110i\u1ec1u kho\u1ea3n s\u1eed d\u1ee5ng"},"content":{"rendered":"<h2>C\u00e1c \u0111i\u1ec1u kho\u1ea3n s\u1eed d\u1ee5ng website<\/h2>\n<div class=\"InnerContent\">\n<div class=\"Body\">\n<p>Trang web n\u00e0y thu\u1ed9c quy\u1ec1n s\u1ee1 h\u1eefu v\u00e0 \u0111\u01b0\u1ee3c v\u1eadn h\u00e0nh b\u1edfi c\u00e1 nh\u00e2n L\u00ea V\u0103n Thi\u1ec7n. B\u1ea1n h\u00e3y xem k\u1ef9 c\u00e1c thu\u1eadt ng\u1eef v\u00e0 c\u00e1c \u0111i\u1ec1u kho\u1ea3n m\u1ed9t c\u00e1ch c\u1ea9n th\u1eadn, c\u00e1c \u0111i\u1ec1u kho\u1ea3n n\u00e0y \u0111\u01b0\u1ee3c bi\u00ean so\u1ea1n b\u1edfi t\u01b0 c\u00e1ch c\u00e1 nh\u00e2n t\u00f4i v\u00e0 \u0111\u01b0\u1ee3c \u00e1p d\u1ee5ng khi b\u1ea1n s\u1eed d\u1ee5ng trang web.<\/p>\n<h3>1. Ngh\u0129a v\u1ee5 c\u1ee7a ng\u01b0\u1eddi d\u00f9ng<\/h3>\n<p>Vi\u1ec7c s\u1eed d\u1ee5ng trang web n\u00e0y bao g\u1ed3m vi\u1ec7c b\u1ea1n ch\u1ea5p nh\u1eadn nh\u1eefng thu\u1eadt ng\u1eef v\u00e0 c\u00e1c \u0111i\u1ec1u kho\u1ea3n c\u1ee7a trang web, c\u00f3 hi\u1ec7u l\u1ef1c t\u1eeb n\u00e0y \u0111\u1ea7u ti\u00ean b\u1ea1n truy c\u1eadp trang web. N\u1ebfu b\u1ea1n truy xu\u1ea5t, s\u1eed d\u1ee5ng ho\u1eb7c t\u1ea3i v\u1ec1 nh\u1eefng t\u00e0i li\u1ec1u t\u1eeb trang web n\u00e0y, b\u1ea1n ph\u1ea3i tu\u00e2n theo nh\u1eefng \u0111i\u1ec1u kho\u1ea3n \u0111\u01b0\u1ee3c quy \u0111\u1ecbnh d\u01b0\u1edbi \u0111\u00e2y. T\u00f4i c\u00f3 quy\u1ec1n thay \u0111\u1ed5i c\u00e1c \u0111i\u1ec1u kho\u1ea3n n\u00e0y b\u1ea5t c\u1ee9 l\u00fac n\u00e0o b\u1eb1ng c\u00e1ch c\u1eadp nh\u1eadt n\u1ed9i dung c\u1ee7a trang web hi\u1ec7n t\u1ea1i v\u00e0 tr\u00e1ch nhi\u1ec7m c\u1ee7a b\u1ea1n l\u00e0 ph\u1ea3i tham kh\u1ea3o \u0111\u1ebfn khi truy c\u1eadp trang web. N\u1ebfu b\u1ea1n ti\u1ebfp t\u1ee5c s\u1eed d\u1ee5ng trang web n\u00e0y sau khi c\u00e1c thay \u0111\u1ed5i \u0111\u00e3 \u0111\u01b0\u1ee3c \u0111\u0103ng c\u00f3 ngh\u0129a l\u00e0 b\u1ea1n \u0111\u00e3 ch\u1ea5p nh\u1eadn nh\u1eefng \u0111i\u1ec1u kho\u1ea3n m\u1edbi \u0111\u01b0\u1ee3c thay \u0111\u1ed5i.<\/p>\n<p>N\u1ebfu b\u1ea1n kh\u00f4ng \u0111\u1ed3ng \u00fd v\u1edbi nh\u1eefng \u0111i\u1ec1u kho\u1ea3n n\u00e0y, b\u1ea1n kh\u00f4ng c\u00f3 quy\u1ec1n truy c\u1eadp n\u1ed9i dung c\u1ee7a trang web n\u00e0y v\u00e0 do \u0111\u00f3 b\u1ea1n n\u00eau r\u1eddi kh\u1ecfi trang web n\u00e0y ngay l\u1eadp t\u1ee9c.<\/p>\n<p>N\u1ebfu c\u00f3 b\u1ea5t c\u1ee9 nh\u1eefng m\u1eabu thu\u1eabn trong c\u00e1c \u0111i\u1ec1u kho\u1ea3n n\u00e0y th\u00ec nh\u1eefng \u0111i\u1ec1u kho\u1ea3n n\u00e0o \u0111\u01b0\u1ee3c \u0111\u1ec1 c\u1eadp sau s\u1ebd c\u00f3 hi\u1ec7u l\u1ef1c.<\/p>\n<h3>2. B\u1ea3n quy\u1ec1n v\u00e0 s\u1edf h\u1eefu tr\u00ed tu\u1ec7<\/h3>\n<p>T\u1ea5t c\u1ea3 nh\u1eefng t\u00e0i li\u1ec7u v\u00e0 n\u1ed9i dung \u0111\u01b0\u1ee3c cung c\u1ea5p l\u00e0 s\u1ea3n ph\u1ea9m s\u01b0u t\u1ea7m t\u1eeb nhi\u1ec1u ngu\u1ed3n c\u00f3 ph\u00ed ho\u1eb7c mi\u1ec5n ph\u00ed. Khi b\u1ea1n truy xu\u1ea5t trang web, b\u1ea1n \u0111\u1ed3ng \u00fd r\u1eb1ng b\u1ea1n th\u1ef1c hi\u1ec7n v\u1edbi m\u1ee5c \u0111\u00edch c\u00e1 nh\u00e2n v\u00e0 phi l\u1ee3i nhu\u1eadn. B\u1ea1n kh\u00f4ng \u0111\u01b0\u1ee3c ph\u00e9p b\u00e1n l\u1ea1i file \u0111\u00e3 t\u1ea3i v\u1ec1 ho\u1eb7c s\u1eed d\u1ee5ng v\u1edbi m\u1ee5c \u0111\u00edch kinh doanh khi ch\u01b0a xin ph\u00e9p t\u00f4i.<\/p>\n<h3>3. \u0110\u0103ng th\u00f4ng tin<\/h3>\n<p>B\u1ea5t c\u1ee9 th\u00f4ng tin hay d\u1eef li\u1ec7u n\u00e0o b\u1ea1n \u0111\u0103ng t\u1ea3i tr\u00ean trang web n\u00e0y ph\u1ea3i l\u00e0 th\u00f4ng tin c\u00f4ng khai (kh\u00f4ng ph\u1ea3i th\u00f4ng tin m\u1eadt) v\u00e0 s\u1ebd thu\u1ed9c quy\u1ec1n s\u1edf h\u1eefu c\u1ee7a ch\u1ee7 s\u1edf h\u1eefu website.<\/p>\n<h3>4. \u0110i\u1ec1u kho\u1ea3n s\u1eed d\u1ee5ng<\/h3>\n<p>M\u1ee5c \u0111\u00edch s\u1eed d\u1ee5ng trang web n\u00e0o ph\u1ea3i h\u1ee3p ph\u00e1p v\u00e0 kh\u00f4ng vi ph\u1ea1m c\u00e1c quy\u1ec1n h\u1ea1n\/r\u00e0ng bu\u1ed9c c\u1ee7a c\u00e1c h\u00e3ng th\u1ee9 ba.<\/p>\n<h3>5. Th\u00f4ng tin th\u00eam<\/h3>\n<p>\u0110\u1ec3 bi\u1ebft th\u00eam th\u00f4ng tin chi ti\u1ebft,\u00a0<a href=\"https:\/\/giuseart.com\/contact-us\">h\u00e3y li\u00ean l\u1ea1c v\u1edbi ch\u00fang t\u00f4i<\/a>.<\/p>\n<\/div>\n<\/div>\n","protected":false},"excerpt":{"rendered":"<p>C\u00e1c \u0111i\u1ec1u kho\u1ea3n s\u1eed d\u1ee5ng website Trang web n\u00e0y thu\u1ed9c quy\u1ec1n s\u1ee1 h\u1eefu v\u00e0 \u0111\u01b0\u1ee3c v\u1eadn h\u00e0nh b\u1edfi c\u00e1 nh\u00e2n L\u00ea V\u0103n Thi\u1ec7n. B\u1ea1n h\u00e3y xem k\u1ef9 c\u00e1c thu\u1eadt ng\u1eef v\u00e0 c\u00e1c \u0111i\u1ec1u kho\u1ea3n m\u1ed9t c\u00e1ch c\u1ea9n th\u1eadn, c\u00e1c \u0111i\u1ec1u kho\u1ea3n n\u00e0y \u0111\u01b0\u1ee3c bi\u00ean so\u1ea1n b\u1edfi t\u01b0 c\u00e1ch c\u00e1 nh\u00e2n t\u00f4i v\u00e0 \u0111\u01b0\u1ee3c \u00e1p d\u1ee5ng &#8230;<\/p>\n","protected":false},"author":1,"featured_media":0,"parent":0,"menu_order":0,"comment_status":"closed","ping_status":"closed","template":"page-right-sidebar.php","meta":[],"_links":{"self":[{"href":"https:\/\/demo.bmconnect.vn\/shopruou\/wp-json\/wp\/v2\/pages\/37"}],"collection":[{"href":"https:\/\/demo.bmconnect.vn\/shopruou\/wp-json\/wp\/v2\/pages"}],"about":[{"href":"https:\/\/demo.bmconnect.vn\/shopruou\/wp-json\/wp\/v2\/types\/page"}],"author":[{"embeddable":true,"href":"https:\/\/demo.bmconnect.vn\/shopruou\/wp-json\/wp\/v2\/users\/1"}],"replies":[{"embeddable":true,"href":"https:\/\/demo.bmconnect.vn\/shopruou\/wp-json\/wp\/v2\/comments?post=37"}],"version-history":[{"count":0,"href":"https:\/\/demo.bmconnect.vn\/shopruou\/wp-json\/wp\/v2\/pages\/37\/revisions"}],"wp:attachment":[{"href":"https:\/\/demo.bmconnect.vn\/shopruou\/wp-json\/wp\/v2\/media?parent=37"}],"curies":[{"name":"wp","href":"https:\/\/api.w.org\/{rel}","templated":true}]}}