{"id":276,"date":"2018-07-31T16:57:38","date_gmt":"2018-07-31T09:57:38","guid":{"rendered":"http:\/\/hoatuoifly.com\/?post_type=product&#038;p=276"},"modified":"2018-09-19T15:51:38","modified_gmt":"2018-09-19T08:51:38","slug":"balo-laptop-nam-nu-co-lon-sid59040","status":"publish","type":"product","link":"https:\/\/demo.bmconnect.vn\/shophoa\/san-pham\/balo-laptop-nam-nu-co-lon-sid59040\/","title":{"rendered":"Hoa sinh nh\u1eadt t\u1eb7ng ng\u01b0\u1eddi y\u00eau m\u1edbi nh\u1ea5t"},"content":{"rendered":"<p><strong>\u0110I\u1ec2M N\u1ed4I B\u1eacT<\/strong><\/p>\n<ul>\n<li>Balo laptop nam n\u1eef c\u1ee1 l\u1edbn thi\u1ebft k\u1ebf th\u1eddi trang, ph\u1ed1i m\u00e0u n\u1ed5i b\u1eadt cho ph\u00e1i \u0111\u1eb9p v\u00e0 ph\u00e1i m\u1ea1nh t\u1ef1 tin xu\u1ed1ng ph\u1ed1<\/li>\n<li>S\u1ea3n ph\u1ea9m c\u00f3 m\u1ed9t ng\u0103n r\u1ed9ng \u1edf gi\u1eefa v\u00e0 ng\u0103n nh\u1ecf \u1edf ngo\u00e0i cho b\u1ea1n tho\u1ea3i m\u00e1i \u0111\u1ef1ng \u0111\u1ed3 khi \u0111i l\u00e0m, \u0111i ch\u01a1i hay \u0111i du l\u1ecbch<\/li>\n<li>M\u00e0u xanh ph\u1ed1i \u0111\u1ecf n\u1ed5i b\u1eadt t\u1ea1o n\u00e9t c\u00e1 t\u00ednh, n\u0103ng \u0111\u1ed9ng nh\u01b0ng c\u0169ng kh\u00f4ng k\u00e9m ph\u1ea7n xinh x\u1eafn, ph\u00f9 h\u1ee3p c\u1ea3 n\u0103m v\u00e0 n\u1eef<\/li>\n<li>D\u00e2y \u0111eo \u0111\u01b0\u1ee3c may ch\u1eafc ch\u1eafn, t\u1ec9 m\u1ec9, c\u00f3 th\u1ec3 thay \u0111\u1ed5i \u0111\u1ed9 d\u00e0i k\u00edch th\u01b0\u1edbc, ph\u00f9 h\u1ee3p v\u1edbi nhi\u1ec1u k\u00edch c\u1ee1 ng\u01b0\u1eddi di\u1ec7n<\/li>\n<li>Ch\u1ea5t li\u1ec7u v\u1ea3i b\u1ed1 b\u1ec1n, ch\u1eafc ch\u1eafn, k\u00e9o d\u00e0i th\u1eddi gian s\u1eed d\u1ee5ng, \u0111em l\u1ea1i y\u00ean t\u00e2m cho ng\u01b0\u1eddi s\u1eed d\u1ee5ng<\/li>\n<li>K\u1ebft h\u1ee3p \u0111\u01b0\u1ee3c v\u1edbi t\u1ea5t c\u1ea3 trang ph\u1ee5c t\u1eeb \u0111\u1ea7m, v\u00e1y, qu\u1ea7n short cho \u0111\u1ebfn qu\u1ea7n d\u00e0i, qu\u1ea7n t\u00e2y\u2026<\/li>\n<\/ul>\n<p><img src=\"https:\/\/bizweb.dktcdn.net\/100\/296\/275\/files\/a1.jpg?v=1522255468198\" data-thumb=\"original\" \/><\/p>\n<p>Nh\u1eefng thi\u1ebft k\u1ebf \u0111\u01b0\u1ee3c ch\u0103m ch\u00fat c\u1ea9n th\u1eadn, nh\u1eefng ch\u1ea5t li\u1ec7u m\u1edbi v\u1edbi nh\u1eefng s\u1eafc m\u00e0u t\u01b0\u01a1i tr\u1ebb, ph\u00f9 h\u1ee3p th\u1ecb hi\u1ebfu th\u1ea9m m\u1ef9 \u0111\u00e3 b\u1eaft \u0111\u1ea7u ph\u1ed5 bi\u1ebfn h\u01a1n. V\u1edbi m\u1ed9t chi\u1ebfc balo laptop ti\u1ec7n d\u1ee5ng, ch\u1eafc h\u1eb3n b\u1ea1n s\u1ebd an t\u00e2m h\u01a1n khi chi\u1ebfc m\u00e1y th\u00e2n thu\u1ed9c c\u1ee7a m\u00ecnh \u0111\u01b0\u1ee3c b\u1ea3o v\u1ec7 t\u1ed1i \u01b0u. Ngo\u00e0i ra, m\u1ed9t chi\u1ebfc balo laptop th\u1eddi trang \u1ea5n t\u01b0\u1ee3ng s\u1ebd gi\u00fap b\u1ea1n th\u1eadt s\u1ef1 kh\u00e1c bi\u1ec7t trong m\u1eaft ng\u01b0\u1eddi nh\u00ecn. Tr\u00ean th\u1ecb tr\u01b0\u1eddng hi\u1ec7n nay c\u00f3 r\u1ea5t nhi\u1ec1u m\u1eabu balo \u0111\u1ef1ng laptop nh\u01b0ng \u0111\u1ec3 l\u1ef1a ch\u1ecdn cho m\u00ecnh m\u1ed9t chi\u1ebfc v\u1eeba ti\u1ec7n d\u1ee5ng l\u1ea1i v\u1eeba h\u1ee3p v\u1edbi phong c\u00e1ch th\u1eddi trang c\u1ee7a b\u1ea1n th\u00ec kh\u00f4ng ph\u1ea3i l\u00e0 m\u1ed9t \u0111i\u1ec1u \u0111\u01a1n gi\u1ea3n.<\/p>\n<p>Trong l\u01b0\u1ee3t deal m\u1edbi h\u00f4m nay, Zanado s\u1ebd gi\u1edbi thi\u1ec7u \u0111\u1ebfn c\u00e1c b\u1ea1n m\u1ed9t thi\u1ebft k\u1ebf m\u1edbi th\u1eddi trang &#8211; Balo laptop nam n\u1eef c\u1ee1 l\u1edbn c\u00f9ng xem s\u1ea3n ph\u1ea9m n\u00e0y c\u00f3 g\u00ec n\u1ed5i b\u1eadt nh\u00e9!<\/p>\n<p><strong>Thi\u1ebft k\u1ebf th\u1eddi trang, phong c\u00e1ch<\/strong><\/p>\n<p><strong><img src=\"https:\/\/bizweb.dktcdn.net\/100\/296\/275\/files\/a3.jpg?v=1522255482045\" data-thumb=\"original\" \/><\/strong><\/p>\n<p>Balo laptop nam n\u1eef c\u1ee1 l\u1edbn thi\u1ebft k\u1ebf th\u1eddi trang, ph\u1ed1i m\u00e0u n\u1ed5i b\u1eadt cho ph\u00e1i \u0111\u1eb9p v\u00e0 ph\u00e1i m\u1ea1nh t\u1ef1 tin xu\u1ed1ng ph\u1ed1. S\u1ea3n ph\u1ea9m c\u00f3 m\u1ed9t ng\u0103n r\u1ed9ng \u1edf gi\u1eefa v\u00e0 ng\u0103n nh\u1ecf \u1edf ngo\u00e0i cho b\u1ea1n tho\u1ea3i m\u00e1i \u0111\u1ef1ng \u0111\u1ed3 khi \u0111i l\u00e0m, \u0111i ch\u01a1i hay \u0111i du l\u1ecbch.<\/p>\n<p><strong>Ph\u1ed1i m\u00e0u tinh t\u1ebf, n\u1ed5i b\u1eadt<\/strong><\/p>\n<p><strong><img src=\"https:\/\/bizweb.dktcdn.net\/100\/296\/275\/files\/a8.jpg?v=1522255496449\" data-thumb=\"original\" \/><\/strong><\/p>\n<p>M\u00e0u xanh ph\u1ed1i \u0111\u1ecf n\u1ed5i b\u1eadt t\u1ea1o n\u00e9t c\u00e1 t\u00ednh, n\u0103ng \u0111\u1ed9ng nh\u01b0ng c\u0169ng kh\u00f4ng k\u00e9m ph\u1ea7n xinh x\u1eafn, ph\u00f9 h\u1ee3p c\u1ea3 n\u0103m v\u00e0 n\u1eef. D\u00e2y \u0111eo \u0111\u01b0\u1ee3c may ch\u1eafc ch\u1eafn, t\u1ec9 m\u1ec9, c\u00f3 th\u1ec3 thay \u0111\u1ed5i \u0111\u1ed9 d\u00e0i k\u00edch th\u01b0\u1edbc, ph\u00f9 h\u1ee3p v\u1edbi nhi\u1ec1u k\u00edch c\u1ee1 ng\u01b0\u1eddi di\u1ec7n. D\u00e2y k\u00e9o \u0111\u01b0\u1ee3c s\u1eed d\u1ee5ng \u0111\u1ec3 may balo th\u1eadt m\u01b0\u1ee3t m\u00e0 b\u1ec1n ch\u1eafc c\u00e0ng l\u00e0m t\u0103ng l\u00ean t\u00ednh th\u1ea9m m\u1ec9 cho s\u1ea3n ph\u1ea9m.<\/p>\n","protected":false},"excerpt":{"rendered":"<p><strong>Balo laptop nam n\u1eef c\u1ee1 l\u1edbn:\u00a0<\/strong>Ch\u1ea5t li\u1ec7u v\u1ea3i b\u1ed1 b\u1ec1n, ch\u1eafc ch\u1eafn, k\u00e9o d\u00e0i th\u1eddi gian s\u1eed d\u1ee5ng, \u0111em l\u1ea1i y\u00ean t\u00e2m cho ng\u01b0\u1eddi s\u1eed d\u1ee5ng. Thi\u1ebft k\u1ebf th\u1eddi trang, ph\u1ed1i m\u00e0u n\u1ed5i b\u1eadt cho ph\u00e1i \u0111\u1eb9p v\u00e0 ph\u00e1i m\u1ea1nh t\u1ef1 tin xu\u1ed1ng ph\u1ed1<\/p>\n","protected":false},"featured_media":1065,"comment_status":"open","ping_status":"closed","template":"","meta":[],"product_cat":[15,24,42,62,64,18,36,61,69,70,54,17,63,65,66,57,30],"product_tag":[94,95],"_links":{"self":[{"href":"https:\/\/demo.bmconnect.vn\/shophoa\/wp-json\/wp\/v2\/product\/276"}],"collection":[{"href":"https:\/\/demo.bmconnect.vn\/shophoa\/wp-json\/wp\/v2\/product"}],"about":[{"href":"https:\/\/demo.bmconnect.vn\/shophoa\/wp-json\/wp\/v2\/types\/product"}],"replies":[{"embeddable":true,"href":"https:\/\/demo.bmconnect.vn\/shophoa\/wp-json\/wp\/v2\/comments?post=276"}],"wp:featuredmedia":[{"embeddable":true,"href":"https:\/\/demo.bmconnect.vn\/shophoa\/wp-json\/wp\/v2\/media\/1065"}],"wp:attachment":[{"href":"https:\/\/demo.bmconnect.vn\/shophoa\/wp-json\/wp\/v2\/media?parent=276"}],"wp:term":[{"taxonomy":"product_cat","embeddable":true,"href":"https:\/\/demo.bmconnect.vn\/shophoa\/wp-json\/wp\/v2\/product_cat?post=276"},{"taxonomy":"product_tag","embeddable":true,"href":"https:\/\/demo.bmconnect.vn\/shophoa\/wp-json\/wp\/v2\/product_tag?post=276"}],"curies":[{"name":"wp","href":"https:\/\/api.w.org\/{rel}","templated":true}]}}