{"id":270,"date":"2018-07-31T16:55:34","date_gmt":"2018-07-31T09:55:34","guid":{"rendered":"http:\/\/hoatuoifly.com\/?post_type=product&#038;p=270"},"modified":"2018-09-19T15:54:14","modified_gmt":"2018-09-19T08:54:14","slug":"giay-cao-co-nam-phoi-da-aqua-m130-sid60452","status":"publish","type":"product","link":"https:\/\/demo.bmconnect.vn\/shophoa\/san-pham\/giay-cao-co-nam-phoi-da-aqua-m130-sid60452\/","title":{"rendered":"L\u1eb5ng hoa nh\u01b0 \u00fd \u0111\u1eb9p t\u1eb7ng s\u1ebfp"},"content":{"rendered":"<p><strong>\u0110I\u1ec2M N\u1ed4I B\u1eacT<\/strong><\/p>\n<ul>\n<li>Gi\u00e0y cao c\u1ed5 nam ph\u1ed1i da AQUA M130 \u0111\u01b0\u1ee3c thi\u1ebft k\u1ebf theo ki\u1ec3u gi\u00e0y cao c\u1ed5 \u00f4m tr\u1ecdn b\u00e0n ch\u00e2n mang l\u1ea1i s\u1ef1 sang tr\u1ebb trung v\u00e0 n\u0103ng \u0111\u1ed9ng cho c\u00e1c ch\u00e0ng trai<\/li>\n<li>M\u0169i gi\u00e0y thi\u1ebft k\u1ebf bo tr\u00f2n ph\u00f9 h\u1ee3p c\u00f3 m\u1ecdi l\u1ee9a tu\u1ed5i, t\u1ea1o n\u00ean phong c\u00e1ch c\u00e1 t\u00ednh, n\u1ed5i b\u1eadt v\u00e0 thu h\u00fat s\u1ef1 ch\u00fa \u00fd c\u1ee7a m\u1ecdi ng\u01b0\u1eddi.<\/li>\n<li>Ki\u1ec3u d\u00e1ng c\u1ed5 cao \u0111\u1ea7y phong c\u00e1ch ph\u1ed1i c\u00f9ng d\u00e2y c\u1ed9t ch\u00e9o c\u00f3 th\u1ec3 th\u00e1o r\u1eddi \u0111\u1ed3ng m\u00e0u cho ph\u00e1i m\u1ea1nh th\u00eam ph\u1ea7n ch\u1ea5t<\/li>\n<li>Ph\u1ed1i da v\u1edbi nh\u1eefng \u0111\u01b0\u1eddng vi\u1ec1n xuang quanh gi\u00e0y mang l\u1ea1i s\u1ef1 m\u1edbi l\u1ea1 v\u00e0 \u0111\u1ed9c \u0111\u00e1o<\/li>\n<li>M\u00e0u x\u00e1m v\u00e0 xanh r\u00eau ch\u1ea5t v\u00e0 phong c\u00e1ch, c\u00e1 t\u00ednh cho ph\u00e1i m\u1ea1nh c\u00f3 th\u1ec3 th\u1ecfa th\u00edch th\u1ec3 hi\u1ec7n phong c\u00e1ch c\u1ee7a m\u00ecnh c\u00f9ng item kh\u00e1c<\/li>\n<li>Ch\u1ea5t li\u1ec7u v\u1ea3i m\u1ec1m m\u1ea1i t\u1ea1o cho b\u1ea1n c\u1ea3m gi\u00e1c \u00eam ch\u00e2n, tho\u1ea3i m\u00e1i khi s\u1eed d\u1ee5ng cho b\u1ea1n y\u00ean t\u00e2m khi di\u1ec7n<\/li>\n<li>K\u1ebft h\u1ee3p d\u1ec5 d\u00e0ng c\u00f9ng nhi\u1ec1u trang ph\u1ee5 kh\u00e1c nhau v\u00e0 \u0111\u1eb7c bi\u1ec7t r\u1ea5t phong c\u00e1ch khi ph\u1ed1i c\u00f9ng qu\u1ea7n jeans, \u00e1o ph\u00f4ng&#8230;<\/li>\n<li>Th\u1eddi gian b\u1ea3o h\u00e0nh: 3 th\u00e1ng + h\u1ed9p<\/li>\n<\/ul>\n<p><img src=\"https:\/\/bizweb.dktcdn.net\/100\/296\/275\/files\/8a-f2f6bd9a-2b59-414c-97c4-8d9b57643817.jpg?v=1522253631413\" data-thumb=\"original\" \/><\/p>\n<p>N\u0103ng \u0111\u1ed9ng, c\u00e1 t\u00ednh v\u00e0 phong c\u00e1ch l\u00e0 nh\u1eefng g\u00ec m\u00e0 gi\u00e0y cao c\u1ed5 nam mang l\u1ea1i. \u0110\u1ed1i v\u1edbi ph\u00e1i m\u1ea1nh, n\u1ebfu nh\u01b0 nh\u1eefng \u0111\u00f4i gi\u00e0y t\u00e2y \u0111em l\u1ea1i s\u1ef1 l\u1ecbch l\u00e3m, ch\u1ec9n chu th\u00ec nh\u1eefng \u0111\u00f4i gi\u00e0y cao c\u1ed5 \u0111em l\u1ea1i n\u00e9t c\u00e1 t\u00ednh, th\u1ec3 hi\u1ec7n gu th\u1eddi trang n\u0103ng \u0111\u1ed9ng trong t\u1eebng b\u01b0\u1edbc ch\u00e2n. Thi\u1ebft k\u1ebf tinh t\u1ebf n\u00e0y \u0111\u01b0\u1ee3c l\u00f2ng bao ph\u00e1i m\u1ea1nh b\u1edfi d\u00e1ng v\u1ebb \u1ea5m \u00e1p nh\u01b0ng c\u0169ng t\u1ea1o c\u1ea3m gi\u00e1c th\u00f4ng tho\u00e1ng khi ho\u1ea1t \u0111\u1ed9ng. V\u1edbi \u0111\u00f4i gi\u00e0y n\u00e0y ch\u00e0ng c\u00f3 th\u1ec3 s\u1eed d\u1ee5ng khi \u0111i ph\u01b0\u1ee3t, \u0111i ch\u01a1i hay \u0111i d\u1ea1o ph\u1ed1 c\u00f9ng ng\u01b0\u1eddi \u1ea5y m\u1ed7i khi cu\u1ed1i tu\u1ea7n.<\/p>\n<p>Trong l\u01b0\u1ee3t deal m\u1edbi h\u00f4m nay, Zanado s\u1ebd gi\u1edbi thi\u1ec7u \u0111\u1ebfn c\u00e1c b\u1ea1n m\u1ed9t thi\u1ebft k\u1ebf m\u1edbi th\u1eddi trang &#8211; Gi\u00e0y cao c\u1ed5 nam ph\u1ed1i da AQUA M130 c\u00f9ng xem s\u1ea3n ph\u1ea9m n\u00e0y c\u00f3 g\u00ec n\u1ed5i b\u1eadt nh\u00e9!<\/p>\n<p><strong>Thi\u1ebft k\u1ebf th\u1eddi trang v\u00e0 phong c\u00e1ch<\/strong><\/p>\n<p><strong><img src=\"https:\/\/bizweb.dktcdn.net\/100\/296\/275\/files\/8.jpg?v=1522253657697\" data-thumb=\"original\" \/><\/strong><\/p>\n<p>Gi\u00e0y cao c\u1ed5 nam ph\u1ed1i da AQUA M130 \u0111\u01b0\u1ee3c thi\u1ebft k\u1ebf theo ki\u1ec3u gi\u00e0y cao c\u1ed5 \u00f4m tr\u1ecdn b\u00e0n ch\u00e2n mang l\u1ea1i s\u1ef1 sang tr\u1ebb trung v\u00e0 n\u0103ng \u0111\u1ed9ng cho c\u00e1c ch\u00e0ng trai. M\u0169i gi\u00e0y thi\u1ebft k\u1ebf bo tr\u00f2n ph\u00f9 h\u1ee3p c\u00f3 m\u1ecdi l\u1ee9a tu\u1ed5i, t\u1ea1o n\u00ean phong c\u00e1ch c\u00e1 t\u00ednh, n\u1ed5i b\u1eadt v\u00e0 thu h\u00fat s\u1ef1 ch\u00fa \u00fd c\u1ee7a m\u1ecdi ng\u01b0\u1eddi. Ki\u1ec3u d\u00e1ng c\u1ed5 cao \u0111\u1ea7y phong c\u00e1ch ph\u1ed1i c\u00f9ng d\u00e2y c\u1ed9t ch\u00e9o c\u00f3 th\u1ec3 th\u00e1o r\u1eddi \u0111\u1ed3ng m\u00e0u cho ph\u00e1i m\u1ea1nh th\u00eam ph\u1ea7n ch\u1ea5t.<\/p>\n<p><strong>Ph\u1ed1i da b\u1eaft m\u1eaft v\u00e0 n\u1ed5i b\u1eadt<\/strong><\/p>\n<p><strong><img src=\"https:\/\/bizweb.dktcdn.net\/100\/296\/275\/files\/12-5b74fbef-3bb7-45fb-9a60-f284a4655519.jpg?v=1522253674793\" data-thumb=\"original\" \/><\/strong><\/p>\n<p>Ph\u1ed1i da v\u1edbi nh\u1eefng \u0111\u01b0\u1eddng vi\u1ec1n xuang quanh gi\u00e0y mang l\u1ea1i s\u1ef1 m\u1edbi l\u1ea1 v\u00e0 \u0111\u1ed9c \u0111\u00e1o. M\u00e0u x\u00e1m v\u00e0 xanh r\u00eau ch\u1ea5t v\u00e0 phong c\u00e1ch, c\u00e1 t\u00ednh cho ph\u00e1i m\u1ea1nh c\u00f3 th\u1ec3 th\u1ecfa th\u00edch th\u1ec3 hi\u1ec7n phong c\u00e1ch c\u1ee7a m\u00ecnh c\u00f9ng item kh\u00e1c. M\u1ed9t m\u1eabu gi\u00e0y m\u1edbi v\u1edbi ki\u1ec3u d\u00e1ng v\u00e0 m\u00e0u s\u1eafc \u0111\u1ed9c \u0111\u00e1o, ch\u1ea5t v\u00e0 c\u00e1 t\u00ednh s\u1ebd l\u00e0 m\u1ed9t item m\u00e0 c\u00e1c anh ch\u00e0ng phong c\u00e1ch kh\u00f4ng th\u1ec3 b\u1ecf qua.<\/p>\n","protected":false},"excerpt":{"rendered":"<p><strong>Gi\u00e0y cao c\u1ed5 nam ph\u1ed1i da AQUA M130:\u00a0<\/strong>Ch\u1ea5t li\u1ec7u v\u1ea3i m\u1ec1m m\u1ecbn, \u0111\u1eb9p v\u00e0 b\u1ec1n m\u00e0u tho\u1ea3i m\u00e1i khi s\u1eed d\u1ee5ng. Thi\u1ebft k\u1ebf theo ki\u1ec3u gi\u00e0y cao c\u1ed5 \u00f4m tr\u1ecdn b\u00e0n ch\u00e2n, ph\u1ed1i da n\u1ed5i b\u1eadt mang l\u1ea1i s\u1ef1 tr\u1ebb trung v\u00e0 n\u0103ng cho c\u00e1c anh ch\u00e0ng<\/p>\n","protected":false},"featured_media":1067,"comment_status":"open","ping_status":"closed","template":"","meta":[],"product_cat":[69],"product_tag":[],"_links":{"self":[{"href":"https:\/\/demo.bmconnect.vn\/shophoa\/wp-json\/wp\/v2\/product\/270"}],"collection":[{"href":"https:\/\/demo.bmconnect.vn\/shophoa\/wp-json\/wp\/v2\/product"}],"about":[{"href":"https:\/\/demo.bmconnect.vn\/shophoa\/wp-json\/wp\/v2\/types\/product"}],"replies":[{"embeddable":true,"href":"https:\/\/demo.bmconnect.vn\/shophoa\/wp-json\/wp\/v2\/comments?post=270"}],"wp:featuredmedia":[{"embeddable":true,"href":"https:\/\/demo.bmconnect.vn\/shophoa\/wp-json\/wp\/v2\/media\/1067"}],"wp:attachment":[{"href":"https:\/\/demo.bmconnect.vn\/shophoa\/wp-json\/wp\/v2\/media?parent=270"}],"wp:term":[{"taxonomy":"product_cat","embeddable":true,"href":"https:\/\/demo.bmconnect.vn\/shophoa\/wp-json\/wp\/v2\/product_cat?post=270"},{"taxonomy":"product_tag","embeddable":true,"href":"https:\/\/demo.bmconnect.vn\/shophoa\/wp-json\/wp\/v2\/product_tag?post=270"}],"curies":[{"name":"wp","href":"https:\/\/api.w.org\/{rel}","templated":true}]}}