{"id":267,"date":"2018-07-31T16:53:42","date_gmt":"2018-07-31T09:53:42","guid":{"rendered":"http:\/\/hoatuoifly.com\/?post_type=product&#038;p=267"},"modified":"2018-09-19T15:55:30","modified_gmt":"2018-09-19T08:55:30","slug":"giay-sandal-got-vuong-sulily-sgv01-iv16-sid62882","status":"publish","type":"product","link":"https:\/\/demo.bmconnect.vn\/shophoa\/san-pham\/giay-sandal-got-vuong-sulily-sgv01-iv16-sid62882\/","title":{"rendered":"Hoa c\u1ea9m t\u00fa c\u1ea7u t\u1eb7ng b\u1ea1n g\u00e1i c\u1ef1c \u0111\u1eb9p"},"content":{"rendered":"<p><strong>\u0110I\u1ec2M N\u1ed4I B\u1eacT<\/strong><\/p>\n<ul>\n<li>Gi\u00e0y sandal g\u00f3t vu\u00f4ng SULILY SGV01-IV16 thi\u1ebft k\u1ebf sang tr\u1ecdng k\u1ebft h\u1ee3p \u0111\u1ebf xu\u1ed3ng ch\u1eafc ch\u1eafn, d\u1ec5 \u0111i, mang \u0111\u1ebfn cho b\u1ea1n g\u00e1i v\u1ebb ngo\u00e0i th\u1eadt n\u1eef t\u00ednh<\/li>\n<li>Quai ngang nh\u1eb9 nh\u00e0ng \u00f4m l\u1ea5y \u0111\u00f4i ch\u00e2n b\u1ea1n, mang \u0111\u1ebfn cho b\u1ea1n phong c\u00e1ch th\u1eddi trang \u0111\u1ed9c \u0111\u00e1o, tho\u1ea3i m\u00e1i v\u00e0 \u0111\u1ea7y xinh x\u1eafn<\/li>\n<li>Quai gi\u00e0y c\u00f3 th\u1ec3 d\u1ec5 d\u00e0ng mang v\u00e0o hay th\u00e1o ra, c\u1ed1 \u0111\u1ecbnh \u0111\u01b0\u1ee3c ch\u00e2n khi s\u1eed d\u1ee5ng, di chuy\u1ec3n d\u1ec5 d\u00e0ng m\u00e0 kh\u00f4ng lo b\u1ecb \u0111au hay m\u1ecfi ch\u00e2n<\/li>\n<li>M\u00e0u s\u1eafc \u0111a d\u1ea1ng t\u1ea1o n\u00ean phong c\u00e1ch th\u1eadt \u1ea5n t\u01b0\u1ee3ng, h\u00e0i h\u00f2a, d\u1ec5 ph\u1ed1i trang ph\u1ee5c m\u1ed7i khi xu\u1ed1ng ph\u1ed1<\/li>\n<li>Ch\u1ea5t li\u1ec7u da m\u1ec1m m\u1ea1i, b\u1ec1n ch\u1eafc, si\u00eau nh\u1eb9 v\u00e0 \u00eam \u00e1i, t\u1ea1o s\u1ef1 tho\u1ea3i m\u00e1i trong m\u1ed7i b\u01b0\u1edbc ch\u00e2n<\/li>\n<li>D\u1ec5 d\u00e0ng k\u1ebft h\u1ee3p v\u1edbi nhi\u1ec1u item kh\u00e1c nhau, t\u1ea1o n\u00ean phong c\u00e1ch th\u1eadt \u1ea5n t\u01b0\u1ee3ng, tr\u1ebb trung, c\u00f3 th\u1ec3 ph\u00e1 c\u00e1ch khi k\u1ebft h\u1ee3p v\u1edbi qu\u1ea7n short ng\u1eafn, \u00e1o thun&#8230;<\/li>\n<li>Th\u1eddi gian b\u1ea3o h\u00e0nh cho kh\u00e1ch h\u00e0ng: 3 th\u00e1ng (kh\u00e1ch h\u00e0ng gi\u1eef l\u1ea1i h\u00f3a \u0111\u01a1n \u0111\u1ec3 b\u1ea3o h\u00e0nh s\u1ea3n ph\u1ea9m)<\/li>\n<\/ul>\n<p><img src=\"https:\/\/bizweb.dktcdn.net\/100\/296\/275\/files\/30-e7b19d19-a01c-4850-8ac7-7e79215bdf13.jpg?v=1522252344196\" data-thumb=\"original\" \/><br \/>\nGi\u00e0y sandal l\u00e0 m\u1ed9t trong nh\u1eefng ph\u1ee5 ki\u1ec7n \u0111\u01b0\u1ee3c \u01b0u chu\u1ed9ng trong th\u1eddi gian g\u1ea7n \u0111\u00e2y. Nh\u1eefng \u0111\u00f4i sandal c\u00f3 \u0111\u1ebf cao v\u1eeba ph\u1ea3i v\u1edbi m\u00e0u s\u1eafc \u0111a d\u1ea1ng s\u1ebd \u0111em l\u1ea1i c\u1ea3m gi\u00e1c c\u1ed5 \u0111i\u1ec3n \u0111\u1ea7y s\u1ee9c h\u00fat cho ng\u01b0\u1eddi mang n\u00f3. \u0110\u01b0\u1ee3c thi\u1ebft k\u1ebf v\u1edbi ph\u1ea7n g\u00f3t \u0111\u1ebf xu\u1ed3ng hay \u0111\u1ebf vu\u00f4ng, nh\u1eefng \u0111\u00f4i sandal n\u00e0y mang l\u1ea1i s\u1ef1 d\u1ecbu d\u00e0ng, nh\u1eb9 nh\u00e0ng \u0111\u1ea7y n\u1eef t\u00ednh. Kh\u00f4ng gi\u1ed1ng nh\u01b0 gi\u00e0y b\u00fap b\u00ea hay gi\u00e0y cao g\u00f3t, gi\u00e0y sandal c\u00f3 th\u1ec3 bi\u1ebfn t\u1ea5u v\u1edbi t\u1ea5t c\u1ea3 m\u1ecdi trang ph\u1ee5c. \u0110\u00f3n xem m\u1eabu sandal m\u1edbi nh\u1ea5t m\u00e0 Zanado gi\u01b0\u1edbi thi\u1ec7u ngay sau \u0111\u00e2y n\u00e0o.<\/p>\n<p><img src=\"https:\/\/bizweb.dktcdn.net\/100\/296\/275\/files\/27-76b1aecc-34ce-4698-be7b-8f9f37684398.jpg?v=1522252360943\" data-thumb=\"original\" \/><\/p>\n<p>Trong l\u01b0\u1ee3t deal m\u1edbi h\u00f4m nay, Zanado s\u1ebd gi\u1edbi thi\u1ec7u \u0111\u1ebfn c\u00e1c b\u1ea1n m\u1ed9t thi\u1ebft k\u1ebf m\u1edbi th\u1eddi trang &#8211; Gi\u00e0y sandal g\u00f3t vu\u00f4ng SULILY SGV01-IV16 c\u00f9ng xem s\u1ea3n ph\u1ea9m n\u00e0y c\u00f3 g\u00ec n\u1ed5i b\u1eadt nh\u00e9!<br \/>\nThi\u1ebft k\u1ebf \u0111\u1ebf xu\u1ed3ng ch\u1eafc ch\u1eafn<\/p>\n<p>Gi\u00e0y sandal g\u00f3t vu\u00f4ng SULILY SGV01-IV16 thi\u1ebft k\u1ebf sang tr\u1ecdng k\u1ebft h\u1ee3p \u0111\u1ebf xu\u1ed3ng ch\u1eafc ch\u1eafn, d\u1ec5 \u0111i, mang \u0111\u1ebfn cho b\u1ea1n g\u00e1i v\u1ebb ngo\u00e0i th\u1eadt n\u1eef t\u00ednh. Quai ngang nh\u1eb9 nh\u00e0ng \u00f4m l\u1ea5y \u0111\u00f4i ch\u00e2n b\u1ea1n, mang \u0111\u1ebfn cho b\u1ea1n phong c\u00e1ch th\u1eddi trang \u0111\u1ed9c \u0111\u00e1o, tho\u1ea3i m\u00e1i v\u00e0 \u0111\u1ea7y xinh x\u1eafn. Quai gi\u00e0y c\u00f3 th\u1ec3 d\u1ec5 d\u00e0ng mang v\u00e0o hay th\u00e1o ra, c\u1ed1 \u0111\u1ecbnh \u0111\u01b0\u1ee3c ch\u00e2n khi s\u1eed d\u1ee5ng, di chuy\u1ec3n d\u1ec5 d\u00e0ng m\u00e0 kh\u00f4ng lo b\u1ecb \u0111au hay m\u1ecfi ch\u00e2n.<\/p>\n<p><strong>M\u00e0u s\u1eafc \u0111a d\u1ea1ng, d\u1ec5 ch\u1ecdn<\/strong><\/p>\n<p><strong><img src=\"https:\/\/bizweb.dktcdn.net\/100\/296\/275\/files\/29-d7a4f4b9-686d-4598-9eaa-56d1e789a934.jpg?v=1522252379882\" data-thumb=\"original\" \/><\/strong><\/p>\n<p>M\u00e0u s\u1eafc \u0111a d\u1ea1ng t\u1ea1o n\u00ean phong c\u00e1ch th\u1eadt \u1ea5n t\u01b0\u1ee3ng, h\u00e0i h\u00f2a, d\u1ec5 ph\u1ed1i trang ph\u1ee5c m\u1ed7i khi xu\u1ed1ng ph\u1ed1. Ngo\u00e0i gi\u00e0y b\u00fap b\u00ea th\u00ec gi\u00e0y sandal g\u00f3t vu\u00f4ng lu\u00f4n l\u00e0 s\u1ef1 l\u1ef1a ch\u1ecdn c\u1ee7a nhi\u1ec1u ph\u00e1i \u0111\u1eb9p, ch\u1eafc ch\u1eafn c\u00f4 n\u00e0ng n\u00e0o c\u0169ng c\u00f3 b\u1edfi s\u1ef1 tr\u1ebb trung, sang tr\u1ecdng m\u00e0 n\u00f3 mang l\u1ea1i. G\u00f3t vu\u00f4ng 5cm, n\u00e0ng c\u00f3 th\u1ec3 di\u1ec7n khi \u0111i l\u00e0m, \u0111i ch\u01a1i hay \u0111\u1ebfn c\u00e1c bu\u1ed5i ti\u1ec7c \u0111\u1ec1u cho n\u00e0ng th\u1eadt \u1ea5n t\u01b0\u1ee3ng v\u00e0 thu h\u00fat, l\u00e0m n\u1ed5i b\u1eadt l\u00e0n da tr\u1eafng.<br \/>\n<strong>Ch\u1ea5t li\u1ec7u da b\u1ec1n<\/strong><\/p>\n<p><strong><img src=\"https:\/\/bizweb.dktcdn.net\/100\/296\/275\/files\/28-34b3382c-532b-4853-8227-9769b2e3b3f0.jpg?v=1522252398438\" data-thumb=\"original\" \/><\/strong><\/p>\n<p>Ch\u1ea5t li\u1ec7u da m\u1ec1m m\u1ea1i, b\u1ec1n ch\u1eafc, si\u00eau nh\u1eb9 v\u00e0 \u00eam \u00e1i, t\u1ea1o s\u1ef1 tho\u1ea3i m\u00e1i trong m\u1ed7i b\u01b0\u1edbc ch\u00e2n. \u0110\u1ebf gi\u00e0y \u0111\u01b0\u1ee3c l\u00e0m b\u1eb1ng cao su ch\u1ed1ng tr\u01a1n tr\u01b0\u1ee3t. \u00a0\u0110\u00e2y \u0111\u01b0\u1ee3c xem l\u00e0 ch\u1ea5t li\u1ec7u lu\u00f4n \u0111\u01b0\u1ee3c l\u00f2ng c\u00e1c nh\u00e0 thi\u1ebft k\u1ebf v\u00e0 ng\u01b0\u1eddi ti\u00eau d\u00f9ng b\u1edfi t\u00ednh ch\u1ea5t \u00eam \u00e1i m\u00e0 n\u00f3 mang l\u1ea1i, c\u0169ng nh\u01b0 s\u1ef1 thanh l\u1ecbch, th\u1ea9m m\u1ef9 v\u00e0 \u0111\u1eb9p m\u1eaft m\u00e0 ch\u00fang to\u00e1t ra t\u1eeb nh\u1eefng s\u1ea3n ph\u1ea9m l\u00e0m t\u1eeb ch\u1ea5t li\u1ec7u n\u00e0y.<br \/>\nD\u1ec5 d\u00e0ng k\u1ebft h\u1ee3p v\u1edbi nhi\u1ec1u item kh\u00e1c nhau, t\u1ea1o n\u00ean phong c\u00e1ch th\u1eadt \u1ea5n t\u01b0\u1ee3ng, tr\u1ebb trung, c\u00f3 th\u1ec3 ph\u00e1 c\u00e1ch khi k\u1ebft h\u1ee3p v\u1edbi qu\u1ea7n short ng\u1eafn, \u00e1o thun&#8230;C\u00f2n ch\u1ea7n ch\u1eeb g\u00ec n\u1eefa m\u00e0 kh\u00f4ng nhanh tay click v\u00e0o MUA NGAY, Zanado cam k\u1ebft giao h\u00e0ng t\u1eadn tay \u0111\u1ebfn b\u1ea1n tr\u00ean ph\u1ea1m vi to\u00e0n qu\u1ed1c.<\/p>\n","protected":false},"excerpt":{"rendered":"<p><strong>Gi\u00e0y sandal g\u00f3t vu\u00f4ng SULILY SGV01-IV16:\u00a0<\/strong>Ch\u1ea5t li\u1ec7u da m\u1ec1m m\u1ea1i, b\u1ec1n ch\u1eafc, si\u00eau nh\u1eb9 v\u00e0 \u00eam \u00e1i, t\u1ea1o s\u1ef1 tho\u1ea3i m\u00e1i trong m\u1ed7i b\u01b0\u1edbc ch\u00e2n. Thi\u1ebft k\u1ebf sang tr\u1ecdng k\u1ebft h\u1ee3p \u0111\u1ebf xu\u1ed3ng ch\u1eafc ch\u1eafn, d\u1ec5 \u0111i, mang \u0111\u1ebfn cho b\u1ea1n g\u00e1i v\u1ebb ngo\u00e0i th\u1eadt n\u1eef t\u00ednh<\/p>\n","protected":false},"featured_media":1068,"comment_status":"open","ping_status":"closed","template":"","meta":[],"product_cat":[15,24,42,64,18,61,69,70,54,17,63,65,66],"product_tag":[],"_links":{"self":[{"href":"https:\/\/demo.bmconnect.vn\/shophoa\/wp-json\/wp\/v2\/product\/267"}],"collection":[{"href":"https:\/\/demo.bmconnect.vn\/shophoa\/wp-json\/wp\/v2\/product"}],"about":[{"href":"https:\/\/demo.bmconnect.vn\/shophoa\/wp-json\/wp\/v2\/types\/product"}],"replies":[{"embeddable":true,"href":"https:\/\/demo.bmconnect.vn\/shophoa\/wp-json\/wp\/v2\/comments?post=267"}],"wp:featuredmedia":[{"embeddable":true,"href":"https:\/\/demo.bmconnect.vn\/shophoa\/wp-json\/wp\/v2\/media\/1068"}],"wp:attachment":[{"href":"https:\/\/demo.bmconnect.vn\/shophoa\/wp-json\/wp\/v2\/media?parent=267"}],"wp:term":[{"taxonomy":"product_cat","embeddable":true,"href":"https:\/\/demo.bmconnect.vn\/shophoa\/wp-json\/wp\/v2\/product_cat?post=267"},{"taxonomy":"product_tag","embeddable":true,"href":"https:\/\/demo.bmconnect.vn\/shophoa\/wp-json\/wp\/v2\/product_tag?post=267"}],"curies":[{"name":"wp","href":"https:\/\/api.w.org\/{rel}","templated":true}]}}