{"id":260,"date":"2018-07-31T16:49:58","date_gmt":"2018-07-31T09:49:58","guid":{"rendered":"http:\/\/hoatuoifly.com\/?post_type=product&#038;p=260"},"modified":"2018-09-19T15:58:13","modified_gmt":"2018-09-19T08:58:13","slug":"dong-ho-dien-tu-nam-nu-skmei-da-sac-sid46665","status":"publish","type":"product","link":"https:\/\/demo.bmconnect.vn\/shophoa\/san-pham\/dong-ho-dien-tu-nam-nu-skmei-da-sac-sid46665\/","title":{"rendered":"Hoa b\u00ecnh c\u1eafm cao cao cho ch\u1ed3ng t\u1eb7ng v\u1ee3 c\u1ef1c \u0111\u1eb9p"},"content":{"rendered":"<p><strong>Th\u00f4ng tin s\u1ea3n ph\u1ea9m:<\/strong><\/p>\n<ul>\n<li>\u0110\u1ed3ng h\u1ed3 \u0111i\u1ec7n t\u1eed nam n\u1eef Skmei \u0111a s\u1eafc v\u1edbi thi\u1ebft k\u1ebf theo ki\u1ec3u d\u00e1ng th\u1ec3 thao, mang \u0111\u1ebfn phong c\u00e1ch n\u0103ng \u0111\u1ed9ng, c\u00e1 t\u00ednh, l\u00e0 m\u00f3n ph\u1ee5 ki\u1ec7n thu h\u00fat v\u00e0 n\u1ed5i b\u1eadt<\/li>\n<li>\u0110\u1ed3ng h\u1ed3 \u0111i\u1ec7n t\u1eed hi\u1ec3n th\u1ecb th\u1ee9, ng\u00e0y, gi\u1edd, ph\u00fat, gi\u00e2y r\u00f5 r\u00e0ng, gi\u00fap b\u1ea1n d\u1ec5 d\u00e0ng theo d\u00f5i th\u1eddi gian \u0111\u1ec3 s\u1eafp x\u1ebfp l\u1ecbch h\u1ecdc t\u1eadp v\u00e0 l\u00e0m vi\u1ec7c<\/li>\n<li>H\u1ecda ti\u1ebft v\u00e2n bao quanh v\u00f4 c\u00f9ng c\u00e1 t\u00ednh, th\u1ec3 hi\u1ec7n r\u00f5 s\u1ef1 hi\u1ec7n \u0111\u1ea1i v\u00e0 n\u00e9t ph\u00e1 c\u00e1ch, \u0111\u1ed9c \u0111\u00e1o c\u1ee7a s\u1ea3n ph\u1ea9m<\/li>\n<li>M\u00e0u \u0111en thanh l\u1ecbch t\u1ea1o \u0111i\u1ec3m nh\u1ea5n ri\u00eang n\u1ed5i b\u1eadt cho s\u1ea3n ph\u1ea9m, t\u1ea1o cho ph\u00e1i m\u1ea1nh phong c\u00e1ch ri\u00eang, n\u0103ng \u0111\u1ed9ng v\u00e0 nam t\u00ednh<\/li>\n<li>Ch\u1ea5t li\u1ec7u d\u00e2y b\u1eb1ng nh\u1ef1a c\u00f9ng v\u1edbi m\u1eb7t \u0111\u1ed3ng h\u1ed3 b\u1eb1ng k\u00ednh c\u1ee9ng v\u00e0 vi\u1ec1n th\u00e9p kh\u00f4ng g\u1ec9 s\u00e1ng b\u00f3ng, b\u1ec1n m\u00e0u, ch\u1eafc ch\u1eafn khi \u0111eo<\/li>\n<li>D\u1ec5 d\u00e0ng k\u1ebft h\u1ee3p c\u00f9ng c\u00e1c trang ph\u1ee5c kh\u00e1c nhau khi \u0111i ch\u01a1i, d\u1ef1 ti\u1ec7c, \u0111\u1ebfn c\u00f4ng s\u1edf,&#8230;<\/li>\n<li>\u0110\u1ed9 ch\u1ed1ng th\u1ea5m n\u01b0\u1edbc: 3ATM (ch\u1ecbu n\u01b0\u1edbc \u1edf m\u1ee9c r\u1eeda tay, \u0111i m\u01b0a, b\u01a1i l\u1ed9i)<\/li>\n<\/ul>\n<p><img src=\"https:\/\/bizweb.dktcdn.net\/100\/296\/275\/files\/11-4b737bbe-f871-42d4-b25d-d515e18e2e58.jpg?v=1522253096062\" data-thumb=\"original\" \/><\/p>\n<p>B\u00ean c\u1ea1nh c\u00e1c thi\u1ebft k\u1ebf \u0111\u1ed3ng h\u1ed3 d\u00e1ng tr\u01a1n, m\u1eb7t tr\u00f2n c\u1ed5 \u0111i\u1ec3n \u0111\u01a1n gi\u1ea3n nh\u01b0ng sang tr\u1ecdng, \u0111\u01b0\u1ee3c \u0111\u00f4ng \u0111\u1ea3o c\u00e1c t\u00edn \u0111\u1ed3 y\u00eau th\u00edch, th\u00ec m\u1ed9t chi\u1ebfc \u0111\u1ed3ng h\u1ed3 \u0111i\u1ec7n t\u1eed \u0111\u1ea7y hi\u1ec7n \u0111\u1ea1i v\u00e0 phong c\u00e1ch c\u0169ng l\u00e0 item kh\u00f4ng th\u1ec3 thi\u1ebfu \u0111\u01b0\u1ee3c cho t\u1ee7 ph\u1ee5 ki\u1ec7n c\u1ee7a c\u00e1c ch\u00e0ng trai hay c\u00f4 g\u00e1i. N\u00e9t cu\u1ed1n h\u00fat t\u1eeb nh\u1eefng chi\u1ebfc \u0111\u1ed3ng h\u1ed3 \u0111i\u1ec7n t\u1eed l\u00e0 kh\u00f4ng c\u1ea7n b\u00e0n c\u00e3i. Ch\u00fang lu\u00f4n mang \u0111\u1ebfn s\u1ef1 tr\u1ebb trung v\u00e0 n\u00e9t c\u00e1 t\u00ednh cho b\u1ea1n, c\u00f3 th\u1ec3 di\u1ec7n t\u1eeb n\u01a1i c\u00f4ng s\u1edf \u0111\u1ebfn nh\u1eefng bu\u1ed5i \u0111i ch\u01a1i, d\u00e3 ngo\u1ea1i, h\u1eb9n h\u00f2 c\u00f9ng ng\u01b0\u1eddi th\u00e2n y\u00eau. Ng\u00e0y h\u00f4m nay c\u00f9ng Zanado kh\u00e1m ph\u00e1 \u0111\u1ed3ng h\u1ed3 \u0111i\u1ec7n t\u1eed th\u1eddi trang ki\u1ec3u d\u00e1ng r\u1ea5t tuy\u1ec7t d\u01b0\u1edbi \u0111\u00e2y th\u00f4i nh\u00e9!<\/p>\n<p><img src=\"https:\/\/bizweb.dktcdn.net\/100\/296\/275\/files\/13-d8a92801-b19d-45f5-9ac8-b090779dd225.jpg?v=1522253124650\" data-thumb=\"original\" \/><\/p>\n<p><strong>Chi ti\u1ebft s\u1ea3n ph\u1ea9m:\u00a0<\/strong><\/p>\n<p>T\u00ean s\u1ea3n ph\u1ea9m: \u0110\u1ed3ng h\u1ed3 \u0111i\u1ec7n t\u1eed nam n\u1eef Skmei \u0111a s\u1eafc<\/p>\n<p>Ch\u1ea5t li\u1ec7u: Nh\u1ef1a + Th\u00e9p kh\u00f4ng g\u1ec9<\/p>\n<p>K\u00edch th\u01b0\u1edbc:<\/p>\n<p>D\u00e0i d\u00e2y 30 cm, \u0110\u01b0\u1eddng k\u00ednh m\u1eb7t 5 cm<\/p>\n<p>S\u1ea3n ph\u1ea9m c\u00f3 th\u1ec3 ch\u00eanh l\u1ec7ch +\/- 2 cm<\/p>\n<p>Xu\u1ea5t x\u1ee9: Hong Kong<\/p>\n<p>B\u1ea3o h\u00e0nh: 6 th\u00e1ng + H\u1ed9p<\/p>\n","protected":false},"excerpt":{"rendered":"<p><strong>\u0110\u1ed3ng h\u1ed3 \u0111i\u1ec7n t\u1eed nam n\u1eef Skmei \u0111a s\u1eafc SID46665:<\/strong>\u00a0\u0110\u1ed3ng h\u1ed3 \u0111i\u1ec7n t\u1eed nam n\u1eef Skmei \u0111a s\u1eafc: Ch\u1ea5t li\u1ec7u d\u00e2y b\u1eb1ng nh\u1ef1a c\u00f9ng v\u1edbi m\u1eb7t \u0111\u1ed3ng h\u1ed3 b\u1eb1ng k\u00ednh c\u1ee9ng v\u00e0 vi\u1ec1n th\u00e9p kh\u00f4ng g\u1ec9, b\u1ec1n m\u00e0u, ch\u1eafc ch\u1eafn khi \u0111eo. Thi\u1ebft k\u1ebf ki\u1ec3u d\u00e1ng th\u1ec3 thao, mang \u0111\u1ebfn phong c\u00e1ch n\u0103ng \u0111\u1ed9ng, c\u00e1 t\u00ednh,<\/p>\n","protected":false},"featured_media":1070,"comment_status":"open","ping_status":"closed","template":"","meta":[],"product_cat":[69],"product_tag":[],"_links":{"self":[{"href":"https:\/\/demo.bmconnect.vn\/shophoa\/wp-json\/wp\/v2\/product\/260"}],"collection":[{"href":"https:\/\/demo.bmconnect.vn\/shophoa\/wp-json\/wp\/v2\/product"}],"about":[{"href":"https:\/\/demo.bmconnect.vn\/shophoa\/wp-json\/wp\/v2\/types\/product"}],"replies":[{"embeddable":true,"href":"https:\/\/demo.bmconnect.vn\/shophoa\/wp-json\/wp\/v2\/comments?post=260"}],"wp:featuredmedia":[{"embeddable":true,"href":"https:\/\/demo.bmconnect.vn\/shophoa\/wp-json\/wp\/v2\/media\/1070"}],"wp:attachment":[{"href":"https:\/\/demo.bmconnect.vn\/shophoa\/wp-json\/wp\/v2\/media?parent=260"}],"wp:term":[{"taxonomy":"product_cat","embeddable":true,"href":"https:\/\/demo.bmconnect.vn\/shophoa\/wp-json\/wp\/v2\/product_cat?post=260"},{"taxonomy":"product_tag","embeddable":true,"href":"https:\/\/demo.bmconnect.vn\/shophoa\/wp-json\/wp\/v2\/product_tag?post=260"}],"curies":[{"name":"wp","href":"https:\/\/api.w.org\/{rel}","templated":true}]}}