{"id":257,"date":"2018-07-31T16:48:32","date_gmt":"2018-07-31T09:48:32","guid":{"rendered":"http:\/\/hoatuoifly.com\/?post_type=product&#038;p=257"},"modified":"2018-09-19T16:01:00","modified_gmt":"2018-09-19T09:01:00","slug":"giay-bet-thun-sulily-babe02-sid64526","status":"publish","type":"product","link":"https:\/\/demo.bmconnect.vn\/shophoa\/san-pham\/giay-bet-thun-sulily-babe02-sid64526\/","title":{"rendered":"Hoa l\u1eb5ng \u0111\u1eb9p cho \u0111\u00f4i t\u00ecnh nh\u1eadn k\u1ef7 ni\u1ec7m ng\u00e0y y\u00eau"},"content":{"rendered":"<p>Gi\u00e0y \u0111\u01b0\u1ee3c l\u00e0m b\u1eb1ng da m\u1ec1m m\u1ea1i, t\u1ef1 nhi\u00ean, b\u1ec1n ch\u1eafc, si\u00eau nh\u1eb9 v\u00e0 \u00eam \u00e1i, t\u1ea1o s\u1ef1 tho\u1ea3i m\u00e1i trong m\u1ed7i b\u01b0\u1edbc ch\u00e2n. Ch\u1ed1ng th\u1ea5m n\u01b0\u1edbc, \u0111\u00e2y l\u00e0 m\u1ed9t trong nh\u1eefng \u0111i\u1ec3m m\u1ea1nh r\u00f5 r\u1ec7t c\u1ee7a da, v\u1edbi kh\u1ea3 n\u0103ng n\u00e0y, s\u1ea3n ph\u1ea9m s\u1ebd d\u1ec5 d\u00e0ng lau ch\u00f9i b\u1ec1 m\u1eb7t h\u01a1n, ch\u1ed1ng th\u1ea5m t\u1ed1t h\u01a1n. Ch\u1ea5t li\u1ec7u t\u1ed1t lu\u00f4n \u0111\u01b0\u1ee3c ch\u1ecb em ph\u1ee5 n\u1eef l\u1ef1a ch\u1ecdn v\u00e0 tin d\u00f9ng.<br \/>\nD\u1ec5 d\u00e0ng k\u1ebft h\u1ee3p v\u1edbi nhi\u1ec1u item kh\u00e1c nhau, t\u1ea1o n\u00ean phong c\u00e1ch th\u1eadt \u1ea5n t\u01b0\u1ee3ng, tr\u1ebb trung, c\u00f3 th\u1ec3 ph\u00e1 c\u00e1ch khi k\u1ebft h\u1ee3p v\u1edbi qu\u1ea7n short ng\u1eafn, \u00e1o thun&#8230; N\u1ebfu b\u1ea1n \u0111ang t\u00ecm ki\u1ebfm m\u1ed9t m\u00f3n qu\u00e0 \u0111\u1ec3 d\u00e0nh t\u1eb7ng cho nh\u1eefng ng\u01b0\u1eddi ph\u1ee5 n\u1eef y\u00eau th\u01b0\u01a1ng c\u1ee7a m\u00ecnh th\u00ec \u0111\u00e2y ch\u1eafn ch\u1eafc s\u1ebd l\u00e0 m\u00f3n qu\u00e0 khi\u1ebfn h\u1ecd th\u1eadt b\u1ea5t ng\u1edd v\u00e0 th\u00edch th\u00fa. Ch\u1ec9 c\u1ea7n nh\u1ea5p v\u00e0o MUA NGAY l\u00e0 b\u1ea1n \u0111\u00e3 c\u00f3 th\u1ec3 s\u1edf h\u1eefu ngay s\u1ea3n ph\u1ea9m n\u00e0y r\u1ed3i, Zanado s\u1ebd giao h\u00e0ng \u0111\u1ebfn t\u1eadn n\u01a1i cho b\u1ea1n tr\u00ean ph\u1ea1m vi to\u00e0n qu\u1ed1c.<\/p>\n<p><img src=\"https:\/\/bizweb.dktcdn.net\/100\/296\/275\/files\/16-4c95bd8c-1026-4768-a992-8482c324d158.jpg?v=1522251981181\" data-thumb=\"original\" \/><\/p>\n<p>M\u00e0u s\u1eafc: N\u00e2u<\/p>\n<p>L\u01b0u \u00fd: B\u1ea3o h\u00e0nh 3 th\u00e1ng, kh\u00e1ch h\u00e0ng gi\u1eef l\u1ea1i h\u00f3a \u0111\u01a1n \u0111\u1ec3 \u0111\u01b0\u1ee3c b\u1ea3o h\u00e0nh s\u1ea3n ph\u1ea9m .<\/p>\n<p>\u0110i\u1ec1u ki\u1ec7n: b\u1ea3o h\u00e0nh b\u1ea3o h\u00e0nh mi\u1ec5n ph\u00ed n\u1ebfu s\u1ea3n ph\u1ea9m b\u1ecb l\u1ed7i k\u1ef9 thu\u1eadt.<\/p>\n<p>T\u1eeb ch\u1ed1i b\u1ea3o h\u00e0nh s\u1ea3n ph\u1ea9m \u0111\u1ed1i v\u1edbi c\u00e1c tr\u01b0\u1eddng h\u1ee3p:<\/p>\n<p>&#8211; S\u1ea3n ph\u1ea9m h\u1ebft h\u1ea1n b\u1ea3o h\u00e0nh.<\/p>\n<p>&#8211; Nh\u1eefng l\u1ed7i do b\u1ea3o qu\u1ea3n kh\u00f4ng \u0111\u00fang c\u00e1ch ho\u1eb7c do ng\u01b0\u1eddi s\u1eed d\u1ee5ng g\u00e2y ra.<\/p>\n<p>&#8211; S\u1ea3n ph\u1ea9m kh\u00f4ng c\u00f3 phi\u1ebfu b\u1ea3o h\u00e0ng khi mua h\u00e0ng n\u00ean kh\u00e1ch h\u00e0ng gi\u1eef l\u1ea1i h\u00f3a \u0111\u01a1n khi b\u1ea3o h\u00e0nh.<\/p>\n<p>L\u01b0u \u00fd: Ch\u00ednh s\u00e1ch b\u1ea3o h\u00e0nh kh\u00f4ng \u00e1p d\u1ee5ng cho c\u00e1c s\u1ea3n ph\u1ea9m khuy\u1ebfn m\u00e3i, gi\u1ea3m gi\u00e1<\/p>\n<p><img src=\"https:\/\/bizweb.dktcdn.net\/100\/296\/275\/files\/15-8d817926-0851-44cd-aba4-87f910d1e858.jpg?v=1522252012856\" data-thumb=\"original\" \/><br \/>\n<strong>\u0110\u00d4I N\u00c9T V\u1ec0 S\u1ea2N PH\u1ea8M GI\u00c0Y B\u00daP B\u00ca &#8211; GI\u00c0Y \u0110\u1ebe B\u1eb0NG N\u1eee<\/strong><br \/>\nGi\u00e0y b\u00fap b\u00ea \u2013 Gi\u00e0y \u0111\u1ebf b\u1eb1ng n\u1eef (Ballet flats), l\u00e0 lo\u1ea1i gi\u00e0y \u0111\u1ebf th\u1ea5p, c\u00f3 h\u00ecnh d\u1ea1ng t\u01b0\u01a1ng t\u1ef1 gi\u00e0y m\u00faa c\u1ee7a c\u00e1c v\u0169 c\u00f4ng ballet. Kh\u00f4ng c\u00f3 g\u00f3t, v\u1edbi nhi\u1ec1u ch\u1ea5t li\u1ec7u kh\u00e1c nhau, ti\u1ec7n d\u1ee5ng , gi\u00e0y b\u00fap b\u00ea th\u1eddi trang ng\u00e0y c\u00e0ng \u0111\u01b0\u1ee3c c\u00e1c b\u1ea1n tr\u1ebb y\u00eau th\u00edch. B\u00ean c\u1ea1nh nh\u1eefng \u0111\u00f4i gi\u00e0y cao g\u00f3t qu\u00fd ph\u00e1i, sang tr\u1ecdng nh\u01b0ng h\u01a1i kh\u00f3 mang n\u1ebfu kh\u00f4ng \u0111i th\u01b0\u1eddng xuy\u00ean th\u00ec b\u00fap b\u00ea ch\u00ednh l\u00e0 l\u1ef1a ch\u1ecdn thay th\u1ebf ho\u00e0n h\u1ea3o. Thi\u1ebft k\u1ebf c\u0169ng xinh x\u1eafn v\u00e0 hi\u1ec7n \u0111\u1ea1i kh\u00f4ng k\u00e9m b\u1ea5t c\u1ee9 \u0111\u00f4i cao g\u00f3t n\u00e0o.<\/p>\n<p><strong>PH\u1ed0I \u0110\u1ed2 S\u00c0NH \u0110I\u1ec6U C\u00d9NG GI\u00c0Y B\u00daP B\u00ca N\u1eee<\/strong><\/p>\n<p>Gi\u00e0y b\u00fap b\u00ea \u0111\u1eb9p lu\u00f4n ph\u00f9 h\u1ee3p v\u1edbi nhi\u1ec1u ki\u1ec3u qu\u1ea7n \u00e1o c\u00f9ng phong c\u00e1ch kh\u00e1c nhau. N\u1ebfu l\u00e0 c\u00f4 n\u00e0ng \u0111i\u1ec7u \u0111\u00e0, th\u00edch phong c\u00e1ch d\u1ecbu d\u00e0ng th\u00ec \u0111\u1eebng qu\u00ean ch\u1ecdn cho m\u00ecnh m\u1ed9t v\u00e0i b\u1ed9 v\u00e1y d\u00e0i ngang g\u1ed1i, ch\u1ea5t li\u1ec7u voan tho\u00e1ng m\u00e1t \u0111i c\u00f9ng b\u00fap b\u00ea v\u1ea3i thanh tho\u00e1t. Ho\u1eb7c n\u1ebfu l\u00e0 n\u00e0ng c\u00e1 t\u00ednh, n\u0103ng \u0111\u1ed9ng, n\u00ean thay b\u1eb1ng gi\u00e0y b\u00fap b\u00ea da v\u00e0 b\u1ed9 qu\u1ea7n jean, \u00e1o ph\u00f4ng tho\u1ea3i m\u00e1i. R\u1ea5t nhi\u1ec1u c\u00e1ch ph\u1ed1i \u0111\u1ed3, t\u1ea1o \u0111i\u1ec3m nh\u1ea5n xinh x\u1eafn c\u00f9ng gi\u00e0y \u0111\u1ebf b\u1eb1ng \u0111\u00fang kh\u00f4ng, c\u00f9ng Zanado kh\u00e1m ph\u00e1 th\u00eam nh\u00e9!<\/p>\n","protected":false},"excerpt":{"rendered":"<p><strong>Gi\u00e0y b\u1ec7t thun SULILY BABE02:\u00a0<\/strong>Ch\u1ea5t li\u1ec7u da m\u1ec1m m\u1ea1i, b\u1ec1n ch\u1eafc, si\u00eau nh\u1eb9 v\u00e0 \u00eam \u00e1i, ch\u1eafc ch\u1eafn t\u1ea1o s\u1ef1 tho\u1ea3i m\u00e1i khi di chuy\u1ec3n. Thi\u1ebft k\u1ebf tr\u01a1n \u0111\u01a1n gi\u1ea3n nh\u01b0ng th\u1eddi trang mang \u0111\u1ebfn v\u1ebb ngo\u00e0i th\u1eadt n\u1eef t\u00ednh v\u00e0 \u0111i\u1ec7u \u0111\u00e0 cho c\u00e1c b\u1ea1n g\u00e1i<\/p>\n","protected":false},"featured_media":1071,"comment_status":"open","ping_status":"closed","template":"","meta":[],"product_cat":[69],"product_tag":[],"_links":{"self":[{"href":"https:\/\/demo.bmconnect.vn\/shophoa\/wp-json\/wp\/v2\/product\/257"}],"collection":[{"href":"https:\/\/demo.bmconnect.vn\/shophoa\/wp-json\/wp\/v2\/product"}],"about":[{"href":"https:\/\/demo.bmconnect.vn\/shophoa\/wp-json\/wp\/v2\/types\/product"}],"replies":[{"embeddable":true,"href":"https:\/\/demo.bmconnect.vn\/shophoa\/wp-json\/wp\/v2\/comments?post=257"}],"wp:featuredmedia":[{"embeddable":true,"href":"https:\/\/demo.bmconnect.vn\/shophoa\/wp-json\/wp\/v2\/media\/1071"}],"wp:attachment":[{"href":"https:\/\/demo.bmconnect.vn\/shophoa\/wp-json\/wp\/v2\/media?parent=257"}],"wp:term":[{"taxonomy":"product_cat","embeddable":true,"href":"https:\/\/demo.bmconnect.vn\/shophoa\/wp-json\/wp\/v2\/product_cat?post=257"},{"taxonomy":"product_tag","embeddable":true,"href":"https:\/\/demo.bmconnect.vn\/shophoa\/wp-json\/wp\/v2\/product_tag?post=257"}],"curies":[{"name":"wp","href":"https:\/\/api.w.org\/{rel}","templated":true}]}}