{"id":254,"date":"2018-07-31T16:46:32","date_gmt":"2018-07-31T09:46:32","guid":{"rendered":"http:\/\/hoatuoifly.com\/?post_type=product&#038;p=254"},"modified":"2018-09-19T16:02:45","modified_gmt":"2018-09-19T09:02:45","slug":"lac-tay-ma-nao-an-do-giac-10ly-longgem-sid66645","status":"publish","type":"product","link":"https:\/\/demo.bmconnect.vn\/shophoa\/san-pham\/lac-tay-ma-nao-an-do-giac-10ly-longgem-sid66645\/","title":{"rendered":"Hoa c\u1eafm b\u00ecnh \u0111\u1eb9p \u0111\u1ec3 b\u00e0n ph\u00f9 h\u1ee3p cho t\u00e2n gia"},"content":{"rendered":"<p><strong>L\u1eafc tay m\u00e3 n\u00e3o \u1ea4n \u0110\u1ed9 gi\u00e1c 10ly Longgem:<\/strong>\u00a0Ch\u1ea5t li\u1ec7u \u0111\u00e1 b\u1ec1n \u0111\u1eb9p, ch\u1eafc ch\u1eafn k\u00e9o d\u00e0i tu\u1ed5i th\u1ecd s\u1ea3n ph\u1ea9m cho b\u1ea1n y\u00ean t\u00e2m khi s\u1eed d\u1ee5ng. Thi\u1ebft k\u1ebf d\u1ea1ng \u0111eo tay b\u1eaft m\u1eaft, k\u1ebft h\u1ee3p nh\u1eefng h\u1ea1t \u0111\u00e1 m\u00e3 n\u00e3o s\u1eafc m\u00e0u t\u1ea1o n\u00ean s\u1ef1 \u1ea5n t\u01b0\u1ee3ng cho b\u1ea1n khi \u0111eo.<\/p>\n<p><em>L\u1eafc tay m\u00e3 n\u00e3o \u1ea4n \u0110\u1ed9 gi\u00e1c 10ly Longgem: Ch\u1ea5t li\u1ec7u \u0111\u00e1 b\u1ec1n \u0111\u1eb9p, ch\u1eafc ch\u1eafn k\u00e9o d\u00e0i tu\u1ed5i th\u1ecd s\u1ea3n ph\u1ea9m cho b\u1ea1n y\u00ean t\u00e2m khi s\u1eed d\u1ee5ng. Thi\u1ebft k\u1ebf d\u1ea1ng \u0111eo tay b\u1eaft m\u1eaft, k\u1ebft h\u1ee3p nh\u1eefng h\u1ea1t \u0111\u00e1 m\u00e3 n\u00e3o s\u1eafc m\u00e0u t\u1ea1o n\u00ean s\u1ef1 \u1ea5n t\u01b0\u1ee3ng cho b\u1ea1n khi \u0111eo<\/em><\/p>\n<p><strong>\u0110I\u1ec2M N\u1ed4I B\u1eacT<\/strong><\/p>\n<ul>\n<li>L\u1eafc tay m\u00e3 n\u00e3o \u1ea4n \u0110\u1ed9 gi\u00e1c 10ly Longgem \u0111\u01b0\u1ee3c thi\u1ebft k\u1ebf d\u1ea1ng \u0111eo tay \u0111\u01a1n gi\u1ea3n, tinh t\u1ebf<\/li>\n<li>Nh\u1eefng h\u1ea1t \u0111\u00e1 \u0111\u01b0\u1ee3c ch\u1ea1m kh\u1eafc nh\u1eefng g\u00f3c c\u1ea1nh \u0111\u1ea7y s\u1eafc n\u00e9t k\u1ebft h\u1ee3p v\u1edbi nhau th\u00e0nh m\u1ed9t t\u1ed5ng th\u1ec3 v\u00f4 c\u00f9ng b\u1eaft m\u1eaft<\/li>\n<li>\u0110\u00e1 m\u00e3 n\u00e3o \u0111em l\u1ea1i s\u1ee9c kh\u1ecfe, s\u1ef1 h\u01b0ng th\u1ecbnh v\u00e0 tr\u01b0\u1eddng th\u1ecd. \u0110\u1ed3 trang s\u1ee9c \u0111\u00e1 M\u00e3 N\u00e3o l\u00e0m cho ch\u1ee7 c\u1ee7a n\u00f3 tr\u1edf n\u00ean d\u1ec5 m\u1ebfn trong giao ti\u1ebfp v\u00e0 bi\u1ebft \u0103n n\u00f3i, c\u0169ng nh\u01b0 b\u1ea3o v\u1ec7 ch\u1ee7 ch\u1ed1ng l\u1ea1i k\u1ebb th\u00f9 th\u00e2m \u0111\u1ed9c<\/li>\n<li>Ph\u00f9 h\u1ee3p v\u1edbi nh\u1eefng ng\u01b0\u1eddi c\u00f3 m\u1ec7nh H\u1ecfa, M\u1ed9c<\/li>\n<li>M\u00e0u xanh mang v\u1ebb \u0111\u1ea7y sang tr\u1ecdng, qu\u00fd ph\u00e1i v\u00e0 c\u00e1 t\u00ednh th\u00edch h\u1ee3p di\u1ec7n trong nhi\u1ec1u tr\u01b0\u1eddng h\u1ee3p<\/li>\n<li>Ch\u1ea5t li\u1ec7u \u0111\u00e1 \u0111\u1eb9p, b\u1ec1n c\u00f3 \u0111\u1ed9 b\u00f3ng \u0111em l\u1ea1i s\u1ef1 an t\u00e2m cho ng\u01b0\u1eddi s\u1eed d\u1ee5ng, k\u00e9o d\u00e0i tu\u1ed5i th\u1ecd s\u1ea3n ph\u1ea9m<\/li>\n<li>Mix c\u00f9ng t\u1ea5t c\u1ea3 c\u00e1c lo\u1ea1i trang ph\u1ee5c nh\u01b0 \u00e1o thun, qu\u1ea7n jean, gi\u00e0y th\u1eddi trang&#8230;\u0111\u1ec3 t\u1ea1o n\u00ean m\u1ed9t set \u0111\u1ed3 ho\u00e0n h\u1ea3o<\/li>\n<\/ul>\n<p><img src=\"https:\/\/bizweb.dktcdn.net\/100\/296\/275\/files\/19-975ea28e-4bc4-46a3-8817-84f808512da9.jpg?v=1522251219679\" data-thumb=\"original\" \/><\/p>\n<p>Nh\u1eefng chi\u1ebfc v\u00f2ng tay l\u00e0m t\u1eeb \u0111\u00e1 m\u00e3 n\u00e3o r\u1ea5t ph\u00f9 h\u1ee3p v\u1edbi nh\u1eefng ng\u01b0\u1eddi m\u1ec7nh H\u1ecfa, M\u1ed9c, c\u00f3 nhi\u1ec1u \u00fd ngh\u0129a t\u00e2m linh nh\u01b0 \u0111em l\u1ea1i may m\u1eafn, ph\u00fa qu\u00fd, c\u00e1t t\u01b0\u1eddng. \u0110\u01b0\u1ee3c thi\u1ebft k\u1ebf g\u1ed3m nhi\u1ec1u vi\u00ean \u0111\u00e1 \u0111\u01b0\u1ee3c g\u1eafn k\u1ebft v\u1edbi nhau ch\u1eafc ch\u1eafn ph\u00f9 h\u1ee3p v\u1edbi nhi\u1ec1u c\u1ed5 tay ng\u01b0\u1eddi \u0111eo, m\u1eabu v\u00f2ng tay phong th\u1ee7y m\u00e0 Zanado gi\u1edbi thi\u1ec7u h\u00f4m nay ch\u1eafc ch\u1eafn s\u1ebd l\u00e0m h\u00e0i l\u00f2ng bao kh\u00e1ch h\u00e0ng. C\u00f9ng \u0111\u00f3n xem nh\u00e9.<\/p>\n<p><img src=\"https:\/\/bizweb.dktcdn.net\/100\/296\/275\/files\/22-c65825f0-955c-4db6-b2f5-f918825300f7.jpg?v=1522251343680\" data-thumb=\"original\" \/><\/p>\n<p>Trong l\u01b0\u1ee3t deal m\u1edbi h\u00f4m nay, Zanado s\u1ebd gi\u1edbi thi\u1ec7u \u0111\u1ebfn c\u00e1c b\u1ea1n m\u1ed9t thi\u1ebft k\u1ebf m\u1edbi th\u1eddi trang &#8211; L\u1eafc tay m\u00e3 n\u00e3o \u1ea4n \u0110\u1ed9 gi\u00e1c 10ly Longgem c\u00f9ng xem s\u1ea3n ph\u1ea9m n\u00e0y c\u00f3 g\u00ec n\u1ed5i b\u1eadt nh\u00e9!<\/p>\n<p><strong>Thi\u1ebft k\u1ebf \u0111eo tay tinh t\u1ebf<\/strong><\/p>\n<p>L\u1eafc tay m\u00e3 n\u00e3o \u1ea4n \u0110\u1ed9 gi\u00e1c 10ly Longgem \u0111\u01b0\u1ee3c thi\u1ebft k\u1ebf d\u1ea1ng \u0111eo tay \u0111\u01a1n gi\u1ea3n, tinh t\u1ebf. G\u1ed3m 18 h\u1ea1t g\u1eafn k\u1ebft v\u1edbi nhau \u0111\u1ec1u \u0111\u1eb7n, b\u1eaft m\u1eaft v\u00e0 c\u1ef1c k\u00ec th\u1eddi trang. Ph\u00f9 h\u1ee3p v\u1edbi nh\u1eefng ng\u01b0\u1eddi c\u00f3 m\u1ec7nh H\u1ecfa, M\u1ed9c. M\u00e0u xanh mang v\u1ebb \u0111\u1ea7y sang tr\u1ecdng, qu\u00fd ph\u00e1i v\u00e0 c\u00e1 t\u00ednh th\u00edch h\u1ee3p di\u1ec7n trong nhi\u1ec1u tr\u01b0\u1eddng h\u1ee3p.<\/p>\n<p><img src=\"https:\/\/bizweb.dktcdn.net\/100\/296\/275\/files\/20-74889848-d407-48a1-87f7-ddd39d55f90a.jpg?v=1522251284447\" data-thumb=\"original\" \/><br \/>\n<strong>\u0110\u00e1 ch\u1ea1m kh\u1eafc s\u1eafc n\u00e9t, nhi\u1ec1u v\u00e2n \u0111\u00e1 \u0111\u1eb9p m\u1eaft<\/strong><\/p>\n<p>Nh\u1eefng h\u1ea1t \u0111\u00e1 \u0111\u01b0\u1ee3c ch\u1ea1m kh\u1eafc nh\u1eefng g\u00f3c c\u1ea1nh \u0111\u1ea7y s\u1eafc n\u00e9t k\u1ebft h\u1ee3p v\u1edbi nhau th\u00e0nh m\u1ed9t t\u1ed5ng th\u1ec3 v\u00f4 c\u00f9ng b\u1eaft m\u1eaft. \u0110\u00e1 m\u00e3 n\u00e3o \u0111em l\u1ea1i s\u1ee9c kh\u1ecfe, s\u1ef1 h\u01b0ng th\u1ecbnh v\u00e0 tr\u01b0\u1eddng th\u1ecd. \u0110\u1ed3 trang s\u1ee9c \u0111\u00e1 M\u00e3 N\u00e3o l\u00e0m cho ch\u1ee7 c\u1ee7a n\u00f3 tr\u1edf n\u00ean d\u1ec5 m\u1ebfn trong giao ti\u1ebfp v\u00e0 bi\u1ebft \u0103n n\u00f3i, c\u0169ng nh\u01b0 b\u1ea3o v\u1ec7 ch\u1ee7 ch\u1ed1ng l\u1ea1i k\u1ebb th\u00f9 th\u00e2m \u0111\u1ed9c.<\/p>\n<p><img src=\"https:\/\/bizweb.dktcdn.net\/100\/296\/275\/files\/21-594e3f99-e409-420e-9f3e-b134f1db9c9c.jpg?v=1522251323124\" data-thumb=\"original\" \/><\/p>\n<p><strong>Ch\u1ea5t li\u1ec7u \u0111\u00e1 t\u1ef1 nhi\u00ean, b\u1ec1n<\/strong><\/p>\n<p>Ch\u1ea5t li\u1ec7u \u0111\u00e1 \u0111\u1eb9p, c\u00f3 \u0111\u1ed9 b\u00f3ng \u0111em l\u1ea1i s\u1ef1 an t\u00e2m cho ng\u01b0\u1eddi s\u1eed d\u1ee5ng, k\u00e9o d\u00e0i tu\u1ed5i th\u1ecd s\u1ea3n ph\u1ea9m. \u0110\u00e1 l\u00e0 t\u1ed5 h\u1ee3p c\u00f3 quy lu\u1eadt c\u1ee7a c\u00e1c lo\u1ea1i kho\u00e1ng v\u1eadt, c\u00f3 th\u1ec3 l\u00e0 m\u1ed9t th\u1ec3 \u0111\u1ecba ch\u1ea5t c\u00f3 l\u1ecbch s\u1eed h\u00ecnh th\u00e0nh ri\u00eang bi\u1ec7t. C\u00e1ch ph\u00e2n lo\u1ea1i t\u1ed5ng qu\u00e1t nh\u1ea5t d\u1ef1a tr\u00ean ngu\u1ed3n g\u1ed1c th\u00e0nh t\u1ea1o n\u00ean \u0111\u00e1. \u0110\u00f4i khi thi\u00ean th\u1ea1ch \u0111\u01b0\u1ee3c xem l\u00e0 m\u1ed9t nh\u00f3m \u0111\u00e1 ri\u00eang c\u00f3 ngu\u1ed3n g\u1ed1c t\u1eeb v\u0169 tr\u1ee5.<\/p>\n","protected":false},"excerpt":{"rendered":"<p><strong>L\u1eafc tay m\u00e3 n\u00e3o \u1ea4n \u0110\u1ed9 gi\u00e1c 10ly Longgem:<\/strong>\u00a0Ch\u1ea5t li\u1ec7u \u0111\u00e1 b\u1ec1n \u0111\u1eb9p, ch\u1eafc ch\u1eafn k\u00e9o d\u00e0i tu\u1ed5i th\u1ecd s\u1ea3n ph\u1ea9m cho b\u1ea1n y\u00ean t\u00e2m khi s\u1eed d\u1ee5ng. Thi\u1ebft k\u1ebf d\u1ea1ng \u0111eo tay b\u1eaft m\u1eaft, k\u1ebft h\u1ee3p nh\u1eefng h\u1ea1t \u0111\u00e1 m\u00e3 n\u00e3o s\u1eafc m\u00e0u t\u1ea1o n\u00ean s\u1ef1 \u1ea5n t\u01b0\u1ee3ng cho b\u1ea1n khi \u0111eo<\/p>\n","protected":false},"featured_media":1072,"comment_status":"open","ping_status":"closed","template":"","meta":[],"product_cat":[62,36,61,69,70,17,63,57,30],"product_tag":[72,71,73],"_links":{"self":[{"href":"https:\/\/demo.bmconnect.vn\/shophoa\/wp-json\/wp\/v2\/product\/254"}],"collection":[{"href":"https:\/\/demo.bmconnect.vn\/shophoa\/wp-json\/wp\/v2\/product"}],"about":[{"href":"https:\/\/demo.bmconnect.vn\/shophoa\/wp-json\/wp\/v2\/types\/product"}],"replies":[{"embeddable":true,"href":"https:\/\/demo.bmconnect.vn\/shophoa\/wp-json\/wp\/v2\/comments?post=254"}],"wp:featuredmedia":[{"embeddable":true,"href":"https:\/\/demo.bmconnect.vn\/shophoa\/wp-json\/wp\/v2\/media\/1072"}],"wp:attachment":[{"href":"https:\/\/demo.bmconnect.vn\/shophoa\/wp-json\/wp\/v2\/media?parent=254"}],"wp:term":[{"taxonomy":"product_cat","embeddable":true,"href":"https:\/\/demo.bmconnect.vn\/shophoa\/wp-json\/wp\/v2\/product_cat?post=254"},{"taxonomy":"product_tag","embeddable":true,"href":"https:\/\/demo.bmconnect.vn\/shophoa\/wp-json\/wp\/v2\/product_tag?post=254"}],"curies":[{"name":"wp","href":"https:\/\/api.w.org\/{rel}","templated":true}]}}