{"id":98,"date":"2018-07-31T15:09:37","date_gmt":"2018-07-31T08:09:37","guid":{"rendered":"http:\/\/hoatuoifly.com\/?page_id=98"},"modified":"2018-09-20T09:53:00","modified_gmt":"2018-09-20T02:53:00","slug":"chinh-sach-dai-ly","status":"publish","type":"page","link":"https:\/\/demo.bmconnect.vn\/shophoa\/chinh-sach-dai-ly\/","title":{"rendered":"Ch\u00ednh s\u00e1ch \u0111\u1ea1i l\u00fd"},"content":{"rendered":"<p>Xin ch\u00e0o b\u1ea1n<\/p>\n<p>L\u1eddi \u0111\u1ea7u ti\u00ean, cho ph\u00e9p HoatuoiFly \u0111\u01b0\u1ee3c g\u1eedi t\u1edbi qu\u00fd kh\u00e1ch, qu\u00fd th\u00e2n nh\u00e2n v\u00e0 b\u1ea1n b\u00e8 l\u1eddi ch\u00fac s\u1ee9c kh\u1ecfe, th\u00e0nh \u0111\u1ea1t v\u00e0 h\u1ea1nh ph\u00fac.<\/p>\n<p>Xin c\u00e1m \u01a1n s\u1ef1 tin t\u01b0\u1edfng v\u00e0 \u1ee7ng h\u1ed9 c\u1ee7a qu\u00fd kh\u00e1ch trong th\u1eddi gian qua.<\/p>\n<p>Tr\u00e2n tr\u1ecdng.\/.<\/p>\n<p>Admin<\/p>\n","protected":false},"excerpt":{"rendered":"<p>Xin ch\u00e0o b\u1ea1n L\u1eddi \u0111\u1ea7u ti\u00ean, cho ph\u00e9p HoatuoiFly \u0111\u01b0\u1ee3c g\u1eedi t\u1edbi qu\u00fd kh\u00e1ch, qu\u00fd th\u00e2n nh\u00e2n v\u00e0 b\u1ea1n b\u00e8 l\u1eddi ch\u00fac s\u1ee9c kh\u1ecfe, th\u00e0nh \u0111\u1ea1t v\u00e0 h\u1ea1nh ph\u00fac. Xin c\u00e1m \u01a1n s\u1ef1 tin t\u01b0\u1edfng v\u00e0 \u1ee7ng h\u1ed9 c\u1ee7a qu\u00fd kh\u00e1ch trong th\u1eddi gian qua. Tr\u00e2n tr\u1ecdng.\/. Admin<\/p>\n","protected":false},"author":4,"featured_media":0,"parent":0,"menu_order":0,"comment_status":"closed","ping_status":"closed","template":"page-right-sidebar.php","meta":[],"yst_prominent_words":[],"_links":{"self":[{"href":"https:\/\/demo.bmconnect.vn\/shophoa\/wp-json\/wp\/v2\/pages\/98"}],"collection":[{"href":"https:\/\/demo.bmconnect.vn\/shophoa\/wp-json\/wp\/v2\/pages"}],"about":[{"href":"https:\/\/demo.bmconnect.vn\/shophoa\/wp-json\/wp\/v2\/types\/page"}],"author":[{"embeddable":true,"href":"https:\/\/demo.bmconnect.vn\/shophoa\/wp-json\/wp\/v2\/users\/4"}],"replies":[{"embeddable":true,"href":"https:\/\/demo.bmconnect.vn\/shophoa\/wp-json\/wp\/v2\/comments?post=98"}],"version-history":[{"count":2,"href":"https:\/\/demo.bmconnect.vn\/shophoa\/wp-json\/wp\/v2\/pages\/98\/revisions"}],"predecessor-version":[{"id":1104,"href":"https:\/\/demo.bmconnect.vn\/shophoa\/wp-json\/wp\/v2\/pages\/98\/revisions\/1104"}],"wp:attachment":[{"href":"https:\/\/demo.bmconnect.vn\/shophoa\/wp-json\/wp\/v2\/media?parent=98"}],"wp:term":[{"taxonomy":"yst_prominent_words","embeddable":true,"href":"https:\/\/demo.bmconnect.vn\/shophoa\/wp-json\/wp\/v2\/yst_prominent_words?post=98"}],"curies":[{"name":"wp","href":"https:\/\/api.w.org\/{rel}","templated":true}]}}