{"id":526,"date":"2019-02-27T11:37:19","date_gmt":"2019-02-27T11:37:19","guid":{"rendered":"http:\/\/demo.bmconnect.vn\/shop2\/?post_type=product&#038;p=526"},"modified":"2019-02-27T16:05:19","modified_gmt":"2019-02-27T16:05:19","slug":"son-li-maybelline-chilli-nude-3-9g-color-sensational-inti-matte-nudes-lipstick","status":"publish","type":"product","link":"https:\/\/demo.bmconnect.vn\/shop2\/san-pham\/son-li-maybelline-chilli-nude-3-9g-color-sensational-inti-matte-nudes-lipstick\/","title":{"rendered":"Son L\u00ec Maybelline Chilli Nude 3.9g Color Sensational Inti-Matte Nudes Lipstick"},"content":{"rendered":"<p><strong>Son L\u00ec Maybelline Color Sensational Inti-Matte Nudes Lipstick 3.9g<\/strong><\/p>\n<p><strong>Maybelline Color Sensational Inti-Matte Nudes Lipstick<\/strong>\u00a0l\u00e0 b\u1ed9 s\u01b0u t\u1eadp son Nude m\u1edbi nh\u1ea5t c\u00f9ng 10 m\u00e0u son nude th\u1eddi th\u01b0\u1ee3ng, ph\u00f9 h\u1ee3p v\u1edbi m\u1ecdi t\u00f4ng da c\u1ee7a c\u00e1c c\u00f4 n\u00e0ng Ch\u00e2u \u00c1. Son l\u00ec Maybelline xu\u1ea5t hi\u1ec7n \u0111\u00ecnh \u0111\u00e1m l\u00e0m khu\u1ea5y \u0111\u1ea3o c\u1ed9ng \u0111\u1ed3ng m\u1ea1ng, c\u00f2n \u0111\u01b0\u1ee3c v\u00ed nh\u01b0 Nars, hay MAC th\u1ea7n th\u00e1nh m\u00e0 gi\u00e1 c\u1ea3 l\u1ea1i v\u00f4 c\u00f9ng b\u00ecnh d\u00e2n. C\u00f2n ch\u1ea7n ch\u1edd g\u00ec n\u1eefa! Nhanh tay t\u1eadu cho m\u00ecnh m\u1ed9t em v\u1ec1 nh\u00e0 ngay nh\u00e9!.<\/p>\n<p><strong>Maybelline New York<\/strong>\u00a0l\u00e0 c\u00f4ng ty m\u1ef9 ph\u1ea9m h\u00e0ng \u0111\u1ea7u t\u1ea1i M\u1ef9. Kh\u1edfi ngu\u1ed3n t\u1eeb vi\u1ec7c b\u00e1n mascara qua th\u01b0 \u0111i\u1ec7n t\u1eed, mascara\u00a0<strong>Maybelline<\/strong>\u00a0nhanh ch\u00f3ng tr\u1edf th\u00e0nh m\u00f3n \u0111\u1ed3 kh\u00f4ng th\u1ec3 thi\u1ebfu \u0111\u01b0\u1ee3c c\u1ee7a c\u00e1c c\u00f4 g\u00e1i. Ng\u00e0y nay, mascara Maybelline l\u00e0 mascara \u0111\u01b0\u1ee3c y\u00eau th\u00edch c\u1ee7a n\u01b0\u1edbc M\u1ef9 v\u00e0 \u0111\u01b0\u1ee3c s\u1ef1 tin t\u01b0\u1edfng c\u1ee7a c\u00e1c chuy\u00ean gia trang \u0111i\u1ec3m h\u00e0ng \u0111\u1ea7u th\u1ebf gi\u1edbi. Kh\u00f4ng ch\u1ec9 d\u1eebng l\u1ea1i \u1edf \u0111\u1ea5y,\u00a0<strong>Maybelline<\/strong>\u00a0c\u00f2n m\u1edf r\u1ed9ng cung c\u1ea5p b\u1ed9 s\u01b0u t\u1eadp trang \u0111i\u1ec3m v\u1ec1 to\u00e0n ph\u01b0\u01a1ng di\u1ec7n. B\u1ea1n s\u1ebd lu\u00f4n t\u00ecm th\u1ea5y m\u1ecdi th\u1ee9 m\u1edbi m\u1ebb v\u00e0 h\u1eefu \u00edch t\u1eeb\u00a0<strong>Maybelline<\/strong>.<\/p>\n","protected":false},"excerpt":{"rendered":"<p>Son L\u00ec Maybelline Color Sensational Inti-Matte Nudes Lipstick 3.9g Maybelline Color Sensational Inti-Matte Nudes Lipstick\u00a0l\u00e0 b\u1ed9 s\u01b0u t\u1eadp son Nude m\u1edbi nh\u1ea5t c\u00f9ng 10 m\u00e0u son nude th\u1eddi th\u01b0\u1ee3ng, ph\u00f9 h\u1ee3p v\u1edbi m\u1ecdi t\u00f4ng da c\u1ee7a c\u00e1c c\u00f4 n\u00e0ng Ch\u00e2u \u00c1. Son l\u00ec Maybelline xu\u1ea5t hi\u1ec7n \u0111\u00ecnh \u0111\u00e1m l\u00e0m khu\u1ea5y \u0111\u1ea3o c\u1ed9ng \u0111\u1ed3ng m\u1ea1ng, c\u00f2n &#8230;<\/p>\n","protected":false},"featured_media":527,"comment_status":"open","ping_status":"closed","template":"","meta":[],"product_cat":[16],"product_tag":[],"brands":[{"id":33,"name":"3W clinic","slug":"3w-clinic"}],"_links":{"self":[{"href":"https:\/\/demo.bmconnect.vn\/shop2\/wp-json\/wp\/v2\/product\/526"}],"collection":[{"href":"https:\/\/demo.bmconnect.vn\/shop2\/wp-json\/wp\/v2\/product"}],"about":[{"href":"https:\/\/demo.bmconnect.vn\/shop2\/wp-json\/wp\/v2\/types\/product"}],"replies":[{"embeddable":true,"href":"https:\/\/demo.bmconnect.vn\/shop2\/wp-json\/wp\/v2\/comments?post=526"}],"wp:featuredmedia":[{"embeddable":true,"href":"https:\/\/demo.bmconnect.vn\/shop2\/wp-json\/wp\/v2\/media\/527"}],"wp:attachment":[{"href":"https:\/\/demo.bmconnect.vn\/shop2\/wp-json\/wp\/v2\/media?parent=526"}],"wp:term":[{"taxonomy":"product_cat","embeddable":true,"href":"https:\/\/demo.bmconnect.vn\/shop2\/wp-json\/wp\/v2\/product_cat?post=526"},{"taxonomy":"product_tag","embeddable":true,"href":"https:\/\/demo.bmconnect.vn\/shop2\/wp-json\/wp\/v2\/product_tag?post=526"}],"curies":[{"name":"wp","href":"https:\/\/api.w.org\/{rel}","templated":true}]}}