{"id":283,"date":"2019-02-27T08:14:29","date_gmt":"2019-02-27T08:14:29","guid":{"rendered":"http:\/\/demo.bmconnect.vn\/shop2\/?post_type=product&#038;p=283"},"modified":"2019-02-27T13:53:07","modified_gmt":"2019-02-27T13:53:07","slug":"mat-na-melano-cc-duong-sang-da-ho-tro-lam-mo-tham-nam-20-mieng","status":"publish","type":"product","link":"https:\/\/demo.bmconnect.vn\/shop2\/san-pham\/mat-na-melano-cc-duong-sang-da-ho-tro-lam-mo-tham-nam-20-mieng\/","title":{"rendered":"M\u1eb7t N\u1ea1 Melano CC D\u01b0\u1ee1ng S\u00e1ng Da, H\u1ed7 Tr\u1ee3 L\u00e0m M\u1edd Th\u00e2m N\u00e1m 20 Mi\u1ebfng"},"content":{"rendered":"<p><strong>M\u1eb7t N\u1ea1 D\u01b0\u1ee1ng S\u00e1ng Da, M\u1edd Th\u00e2m N\u00e1m\u00a0ROHTO\u00a0Melano CC Whitening Mask\u00a020 Mi\u1ebfng<\/strong><\/p>\n<p>Vitamin C c\u00f2n g\u1ecdi l\u00e0 Acid Ascorbic l\u00e0 m\u1ed9t ch\u1ea5t ch\u1ed1ng oxy h\u00f3a, c\u00f3 kh\u1ea3 n\u0103ng \u0111\u1ed1i \u1ee9ng v\u1edbi nhi\u1ec1u v\u1ea5n \u0111\u1ec1 c\u1ee7a da nh\u01b0 h\u1ed7 tr\u1ee3 l\u1ea5y \u0111i nh\u1eefng n\u1ed1t \u0111en tr\u00ean da (l\u1edbp s\u1eebng gi\u00e0), \u1ee9c ch\u1ebf vi\u1ec7c t\u1ea1o th\u00e0nh melanin v\u00e0 l\u00e0m m\u1edd s\u1eafc t\u1ed1 melanin gi\u00fap l\u00e0m s\u00e1ng da, h\u1ed7 tr\u1ee3 l\u00e0m m\u1edd v\u1ebft th\u00e2m, n\u00e1m. Vitamin C th\u00fac \u0111\u1ea9y qu\u00e1 tr\u00ecnh h\u00ecnh th\u00e0nh s\u1ee3i collagen n\u00e2ng l\u1edbp da \u1edf \u0111\u00e1y s\u1eb9o l\u00ean, l\u00e0m \u0111\u1ea7y s\u1eb9o l\u00f5m. Nh\u1edd nh\u1eefng \u01b0u \u0111i\u1ec3m n\u00e0y m\u00e0 Vitamin C \u0111\u01b0\u1ee3c v\u00ed nh\u01b0 v\u1ecb c\u1ee9u tinh c\u1ee7a l\u00e0n da \u0111\u1eb7c bi\u1ec7t \u0111\u1ed1i v\u1edbi v\u1ebft th\u00e2m v\u00e0 s\u1eb9o do m\u1ee5n. C\u00f2n Vitamin E v\u1ed1n \u0111\u01b0\u1ee3c xem l\u00e0 c\u1ee9u c\u00e1nh c\u1ee7a ch\u1ecb em ph\u1ee5 n\u1eef v\u00ec l\u00e0m ch\u1eadm qu\u00e1 tr\u00ecnh l\u00e3o h\u00f3a, d\u01b0\u1ee1ng s\u00e1ng da, x\u00f3a tan v\u1ebft th\u00e2m tr\u00ean da. B\u1ed5 sung d\u01b0\u1ee1ng ch\u1ea5t n\u00e0y, b\u1ea1n s\u1ebd c\u00f3 m\u1ed9t l\u00e0n da s\u00e1ng, m\u1ecbn m\u00e0ng v\u00e0 c\u0103ng tr\u00e0n s\u1ee9c s\u1ed1ng h\u01a1n. H\u00e3y h\u1ed3i ph\u1ee5c l\u00e0n da m\u1ec7t m\u1ecfi c\u1ee7a b\u1ea1n v\u1edbi 2 lo\u1ea1i Vitamin n\u00e0y b\u1eb1ng\u00a0<strong>M\u1eb7t N\u1ea1 D\u01b0\u1ee1ng S\u00e1ng Da, L\u00e0m M\u1edd Th\u00e2m N\u00e1m Melano CC Whitening Mask<\/strong>\u00a0\u2013 m\u1ed9t s\u1ea3n ph\u1ea9m cho l\u00e0n da \u0111ang b\u1ecb th\u00e2m v\u00ec m\u1ee5n ho\u1eb7c n\u00e1m do xu\u1ea5t hi\u1ec7n d\u1ea5u hi\u1ec7u l\u00e3o h\u00f3a.<\/p>\n","protected":false},"excerpt":{"rendered":"<p>M\u1eb7t N\u1ea1 D\u01b0\u1ee1ng S\u00e1ng Da, M\u1edd Th\u00e2m N\u00e1m\u00a0ROHTO\u00a0Melano CC Whitening Mask\u00a020 Mi\u1ebfng Vitamin C c\u00f2n g\u1ecdi l\u00e0 Acid Ascorbic l\u00e0 m\u1ed9t ch\u1ea5t ch\u1ed1ng oxy h\u00f3a, c\u00f3 kh\u1ea3 n\u0103ng \u0111\u1ed1i \u1ee9ng v\u1edbi nhi\u1ec1u v\u1ea5n \u0111\u1ec1 c\u1ee7a da nh\u01b0 h\u1ed7 tr\u1ee3 l\u1ea5y \u0111i nh\u1eefng n\u1ed1t \u0111en tr\u00ean da (l\u1edbp s\u1eebng gi\u00e0), \u1ee9c ch\u1ebf vi\u1ec7c t\u1ea1o th\u00e0nh melanin &#8230;<\/p>\n","protected":false},"featured_media":284,"comment_status":"open","ping_status":"closed","template":"","meta":[],"product_cat":[25,23,24],"product_tag":[31],"brands":[{"id":33,"name":"3W clinic","slug":"3w-clinic"}],"_links":{"self":[{"href":"https:\/\/demo.bmconnect.vn\/shop2\/wp-json\/wp\/v2\/product\/283"}],"collection":[{"href":"https:\/\/demo.bmconnect.vn\/shop2\/wp-json\/wp\/v2\/product"}],"about":[{"href":"https:\/\/demo.bmconnect.vn\/shop2\/wp-json\/wp\/v2\/types\/product"}],"replies":[{"embeddable":true,"href":"https:\/\/demo.bmconnect.vn\/shop2\/wp-json\/wp\/v2\/comments?post=283"}],"wp:featuredmedia":[{"embeddable":true,"href":"https:\/\/demo.bmconnect.vn\/shop2\/wp-json\/wp\/v2\/media\/284"}],"wp:attachment":[{"href":"https:\/\/demo.bmconnect.vn\/shop2\/wp-json\/wp\/v2\/media?parent=283"}],"wp:term":[{"taxonomy":"product_cat","embeddable":true,"href":"https:\/\/demo.bmconnect.vn\/shop2\/wp-json\/wp\/v2\/product_cat?post=283"},{"taxonomy":"product_tag","embeddable":true,"href":"https:\/\/demo.bmconnect.vn\/shop2\/wp-json\/wp\/v2\/product_tag?post=283"}],"curies":[{"name":"wp","href":"https:\/\/api.w.org\/{rel}","templated":true}]}}