{"id":275,"date":"2019-02-27T08:11:15","date_gmt":"2019-02-27T08:11:15","guid":{"rendered":"http:\/\/demo.bmconnect.vn\/shop2\/?post_type=product&#038;p=275"},"modified":"2019-02-27T13:57:58","modified_gmt":"2019-02-27T13:57:58","slug":"kem-lot-trang-diem-maybelline-baby-skin-22ml-baby-skin-pore-eraser","status":"publish","type":"product","link":"https:\/\/demo.bmconnect.vn\/shop2\/san-pham\/kem-lot-trang-diem-maybelline-baby-skin-22ml-baby-skin-pore-eraser\/","title":{"rendered":"Kem L\u00f3t Trang \u0110i\u1ec3m Maybelline Baby Skin 22ml Baby Skin Pore Eraser"},"content":{"rendered":"<p><strong>Kem L\u00f3t Trang \u0110i\u1ec3m Maybelline Baby Skin Instant Pore Eraser 22ml<\/strong><\/p>\n<p>S\u01b0\u0309 du\u0323ng kem lo\u0301t khi trang \u0111i\u00ea\u0309m la\u0300 m\u00f4\u0323t b\u01b0\u01a1\u0301c kh\u00f4ng th\u00ea\u0309 thi\u00ea\u0301u \u0111\u00ea\u0309 s\u01a1\u0309 h\u01b0\u0303u g\u01b0\u01a1ng m\u0103\u0323t \u0111e\u0323p hoa\u0300n ha\u0309o.\u00a0<strong>Maybelline Baby Skin Instant Pore Eraser<\/strong>\u00a0ch\u1eafc ch\u1eafn s\u1ebd l\u00e0 ph\u01b0\u01a1ng ph\u00e1p c\u1ee9u nguy cho l\u1edbp n\u1ec1n c\u1ee7a b\u1ea1n. Mau tr\u00f4i, nhanh xu\u1ed1ng t\u00f4ng, l\u1ed9 khuy\u1ebft \u0111i\u1ec3m: m\u1ee5n \u0111\u1ecf v\u00e0 l\u1ed7 ch\u00e2n l\u00f4ng to ch\u1ec9 c\u00f2 l\u00e0 chuy\u1ec7n nh\u1ecf n\u1ebfu b\u1ea1n s\u1eed d\u1ee5ng em kem l\u00f3t ki\u1ec1m d\u1ea7u\u00a0<strong>Maybelline Baby Skin Instant Pore Eraser<\/strong>\u00a0n\u00e0y!<\/p>\n<p><img loading=\"lazy\" class=\"loading\" src=\"https:\/\/media.hasaki.vn\/wysiwyg\/nhphuong\/PhuongSmall\/kem-lot-trang-diem-maybelline-baby-skin-instant-pore-eraser-22ml.jpg\" alt=\"\" width=\"500\" height=\"511\" data-was-processed=\"true\" \/><\/p>\n<p><strong>Maybelline New York l\u00e0 c\u00f4ng ty m\u1ef9 ph\u1ea9m h\u00e0ng \u0111\u1ea7u t\u1ea1i M\u1ef9.<\/strong>\u00a0Kh\u1edfi ngu\u1ed3n t\u1eeb vi\u1ec7c b\u00e1n mascara qua th\u01b0 \u0111i\u1ec7n t\u1eed, mascara Maybelline nhanh ch\u00f3ng tr\u1edf th\u00e0nh m\u00f3n \u0111\u1ed3 kh\u00f4ng th\u1ec3 thi\u1ebfu \u0111\u01b0\u1ee3c c\u1ee7a c\u00e1c c\u00f4 g\u00e1i. Ng\u00e0y nay, mascara Maybelline l\u00e0 mascara \u0111\u01b0\u1ee3c y\u00eau th\u00edch c\u1ee7a n\u01b0\u1edbc M\u1ef9 v\u00e0 \u0111\u01b0\u1ee3c s\u1ef1 tin t\u01b0\u1edfng c\u1ee7a c\u00e1c chuy\u00ean gia trang \u0111i\u1ec3m h\u00e0ng \u0111\u1ea7u th\u1ebf gi\u1edbi. Kh\u00f4ng ch\u1ec9 d\u1eebng l\u1ea1i \u1edf \u0111\u1ea5y, Maybelline c\u00f2n m\u1edf r\u1ed9ng cung c\u1ea5p b\u1ed9 s\u01b0u t\u1eadp trang \u0111i\u1ec3m v\u1ec1 to\u00e0n ph\u01b0\u01a1ng di\u1ec7n.\u00a0<strong>B\u1ea1n s\u1ebd lu\u00f4n t\u00ecm th\u1ea5y m\u1ecdi th\u1ee9 t\u1ed1t nh\u1ea5t t\u1eeb Maybelline.<\/strong><\/p>\n","protected":false},"excerpt":{"rendered":"<p>Kem L\u00f3t Trang \u0110i\u1ec3m Maybelline Baby Skin Instant Pore Eraser 22ml S\u01b0\u0309 du\u0323ng kem lo\u0301t khi trang \u0111i\u00ea\u0309m la\u0300 m\u00f4\u0323t b\u01b0\u01a1\u0301c kh\u00f4ng th\u00ea\u0309 thi\u00ea\u0301u \u0111\u00ea\u0309 s\u01a1\u0309 h\u01b0\u0303u g\u01b0\u01a1ng m\u0103\u0323t \u0111e\u0323p hoa\u0300n ha\u0309o.\u00a0Maybelline Baby Skin Instant Pore Eraser\u00a0ch\u1eafc ch\u1eafn s\u1ebd l\u00e0 ph\u01b0\u01a1ng ph\u00e1p c\u1ee9u nguy cho l\u1edbp n\u1ec1n c\u1ee7a b\u1ea1n. Mau tr\u00f4i, nhanh xu\u1ed1ng t\u00f4ng, l\u1ed9 &#8230;<\/p>\n","protected":false},"featured_media":276,"comment_status":"open","ping_status":"closed","template":"","meta":[],"product_cat":[17],"product_tag":[28],"brands":[{"id":48,"name":"COLLY","slug":"colly"}],"_links":{"self":[{"href":"https:\/\/demo.bmconnect.vn\/shop2\/wp-json\/wp\/v2\/product\/275"}],"collection":[{"href":"https:\/\/demo.bmconnect.vn\/shop2\/wp-json\/wp\/v2\/product"}],"about":[{"href":"https:\/\/demo.bmconnect.vn\/shop2\/wp-json\/wp\/v2\/types\/product"}],"replies":[{"embeddable":true,"href":"https:\/\/demo.bmconnect.vn\/shop2\/wp-json\/wp\/v2\/comments?post=275"}],"wp:featuredmedia":[{"embeddable":true,"href":"https:\/\/demo.bmconnect.vn\/shop2\/wp-json\/wp\/v2\/media\/276"}],"wp:attachment":[{"href":"https:\/\/demo.bmconnect.vn\/shop2\/wp-json\/wp\/v2\/media?parent=275"}],"wp:term":[{"taxonomy":"product_cat","embeddable":true,"href":"https:\/\/demo.bmconnect.vn\/shop2\/wp-json\/wp\/v2\/product_cat?post=275"},{"taxonomy":"product_tag","embeddable":true,"href":"https:\/\/demo.bmconnect.vn\/shop2\/wp-json\/wp\/v2\/product_tag?post=275"}],"curies":[{"name":"wp","href":"https:\/\/api.w.org\/{rel}","templated":true}]}}