{"id":271,"date":"2019-02-27T08:09:25","date_gmt":"2019-02-27T08:09:25","guid":{"rendered":"http:\/\/demo.bmconnect.vn\/shop2\/?post_type=product&#038;p=271"},"modified":"2019-02-27T13:52:44","modified_gmt":"2019-02-27T13:52:44","slug":"nuoc-tay-trang-tuoi-mat-loreal-3-in-1-danh-cho-da-dau-da-hon-hop-400ml","status":"publish","type":"product","link":"https:\/\/demo.bmconnect.vn\/shop2\/san-pham\/nuoc-tay-trang-tuoi-mat-loreal-3-in-1-danh-cho-da-dau-da-hon-hop-400ml\/","title":{"rendered":"N\u01b0\u1edbc T\u1ea9y Trang T\u01b0\u01a1i M\u00e1t L&#8217;Oreal 3-in-1 D\u00e0nh Cho Da D\u1ea7u &#038; Da H\u1ed7n H\u1ee3p 400ml"},"content":{"rendered":"<p><strong>N\u01b0\u1edbc T\u1ea9y Trang L&#8217;Oreal Micellar Water Refreshing Even For Sensitive Skin<\/strong><\/p>\n<p>N\u01b0\u1edbc t\u1ea9y trang Miccelar Water, m\u1ed9t kh\u00e1i ni\u1ec7m kh\u00f4ng m\u1edbi nh\u01b0ng ch\u01b0a c\u0169, c\u00e1c ng\u01b0\u1eddi m\u1eabu v\u00e0 c\u00e1c chuy\u00ean gia trang \u0111i\u1ec3m h\u00e0ng \u0111\u1ea7u tr\u00ean th\u1ebf gi\u1edbi lu\u00f4n s\u1eed d\u1ee5ng ch\u00fang. V\u1edbi t\u00ednh n\u0103ng kh\u00f4ng c\u1ea7n r\u1eeda l\u1ea1i d\u1ecbu nh\u1eb9.\u00a0Miccelar Water cho vi\u1ec7c mang theo du l\u1ecbch b\u1ea5t c\u1ee9 n\u01a1i \u0111\u00e2u.\u00a0<strong>N\u01b0\u1edbc T\u1ea9y Trang L&#8217;oreal 3 Trong 1\u00a0L&#8217;oreal\u00a0Moisturizing Micellar Water Cleanser<\/strong>\u00a0c\u00f3 t\u00e1c d\u1ee5ng l\u00e0m s\u1ea1ch, gi\u1eef \u1ea9m v\u00e0 d\u01b0\u1ee1ng m\u1ec1m da \u0111\u1ed3ng th\u1eddi ch\u1ec9 trong m\u1ed9t s\u1ea3n ph\u1ea9m. S\u1ea3n ph\u1ea9m gi\u00fap l\u1ea5y \u0111i s\u1ea1ch c\u1eb7n trang \u0111i\u1ec3m nh\u01b0ng kh\u00f4ng l\u00e0m kh\u00f4 da. H\u01a1n th\u1ebf, th\u00e0nh ph\u1ea7n an to\u00e0n, kh\u00f4ng ch\u1ee9a c\u1ed3n v\u00e0 c\u00f4ng ngh\u1ec7 ti\u00ean ti\u1ebfn gi\u00fap da gi\u1eef n\u01b0\u1edbc, th\u00f4ng tho\u00e1ng, m\u1ec1m m\u01b0\u1ee3t ch\u1ec9 trong m\u1ed9t b\u01b0\u1edbc.<\/p>\n","protected":false},"excerpt":{"rendered":"<p>N\u01b0\u1edbc T\u1ea9y Trang L&#8217;Oreal Micellar Water Refreshing Even For Sensitive Skin N\u01b0\u1edbc t\u1ea9y trang Miccelar Water, m\u1ed9t kh\u00e1i ni\u1ec7m kh\u00f4ng m\u1edbi nh\u01b0ng ch\u01b0a c\u0169, c\u00e1c ng\u01b0\u1eddi m\u1eabu v\u00e0 c\u00e1c chuy\u00ean gia trang \u0111i\u1ec3m h\u00e0ng \u0111\u1ea7u tr\u00ean th\u1ebf gi\u1edbi lu\u00f4n s\u1eed d\u1ee5ng ch\u00fang. V\u1edbi t\u00ednh n\u0103ng kh\u00f4ng c\u1ea7n r\u1eeda l\u1ea1i d\u1ecbu nh\u1eb9.\u00a0Miccelar Water cho vi\u1ec7c mang &#8230;<\/p>\n","protected":false},"featured_media":272,"comment_status":"open","ping_status":"closed","template":"","meta":[],"product_cat":[17],"product_tag":[32],"brands":[{"id":41,"name":"ARGUSSY","slug":"argussy"}],"_links":{"self":[{"href":"https:\/\/demo.bmconnect.vn\/shop2\/wp-json\/wp\/v2\/product\/271"}],"collection":[{"href":"https:\/\/demo.bmconnect.vn\/shop2\/wp-json\/wp\/v2\/product"}],"about":[{"href":"https:\/\/demo.bmconnect.vn\/shop2\/wp-json\/wp\/v2\/types\/product"}],"replies":[{"embeddable":true,"href":"https:\/\/demo.bmconnect.vn\/shop2\/wp-json\/wp\/v2\/comments?post=271"}],"wp:featuredmedia":[{"embeddable":true,"href":"https:\/\/demo.bmconnect.vn\/shop2\/wp-json\/wp\/v2\/media\/272"}],"wp:attachment":[{"href":"https:\/\/demo.bmconnect.vn\/shop2\/wp-json\/wp\/v2\/media?parent=271"}],"wp:term":[{"taxonomy":"product_cat","embeddable":true,"href":"https:\/\/demo.bmconnect.vn\/shop2\/wp-json\/wp\/v2\/product_cat?post=271"},{"taxonomy":"product_tag","embeddable":true,"href":"https:\/\/demo.bmconnect.vn\/shop2\/wp-json\/wp\/v2\/product_tag?post=271"}],"curies":[{"name":"wp","href":"https:\/\/api.w.org\/{rel}","templated":true}]}}