{"id":269,"date":"2019-02-27T08:07:48","date_gmt":"2019-02-27T08:07:48","guid":{"rendered":"http:\/\/demo.bmconnect.vn\/shop2\/?post_type=product&#038;p=269"},"modified":"2019-02-27T13:22:24","modified_gmt":"2019-02-27T13:22:24","slug":"tinh-chat-melano-cc-mo-tham-nam-tan-nhang-20ml-serum-vitamin-c","status":"publish","type":"product","link":"https:\/\/demo.bmconnect.vn\/shop2\/san-pham\/tinh-chat-melano-cc-mo-tham-nam-tan-nhang-20ml-serum-vitamin-c\/","title":{"rendered":"Tinh Ch\u1ea5t Melano CC M\u1edd Th\u00e2m, N\u00e1m T\u00e0n Nhang 20ml Serum Vitamin C"},"content":{"rendered":"<p><strong>Tinh Ch\u1ea5t H\u1ed7 Tr\u1ee3 M\u1edd Th\u00e2m N\u00e1m, T\u00e0n Nhang Serum Vitamin C Melano CC<\/strong><\/p>\n<p>Tinh ch\u1ea5t d\u01b0\u1ee1ng h\u1ed7 tr\u1ee3 l\u00e0m m\u1edd th\u00e2m n\u00e1m, t\u00e0n nhang<strong>\u00a0Serum Vitamin C Melano CC<\/strong>\u00a0\u0111ang nh\u1eadn \u0111\u01b0\u1ee3c nhi\u1ec1u s\u1ef1 y\u00eau th\u00edch c\u1ee7a ch\u1ecb em ph\u1ee5 n\u1eef v\u00e0 b\u00e1n r\u1ea5t ch\u1ea1y tr\u00ean th\u1ecb tr\u01b0\u1eddng nh\u1edd v\u00e0o kh\u1ea3 n\u0103ng ng\u1eeba m\u1ee5n, l\u00e0m m\u1edd n\u00e1m, t\u00e0n nhang m\u1ed9t c\u00e1ch hi\u1ec7u qu\u1ea3. \u0110\u1eb7c bi\u1ec7t, s\u1ea3n ph\u1ea9m \u0111\u01b0\u1ee3c b\u00e1n t\u1ea1i\u00a0<strong>Hasaki.vn<\/strong>\u00a0v\u1edbi gi\u00e1 c\u1ef1c \u01b0u \u0111\u00e3i.<\/p>\n<p>C\u00f4ng d\u1ee5ng n\u1ed5i b\u1eadt nh\u1ea5t ph\u1ea3i k\u1ec3 \u0111\u1ebfn \u0111\u1ea7u ti\u00ean c\u1ee7a\u00a0<strong>Serum Vitamin C Melano CC<\/strong>\u00a0l\u00e0 \u0111\u00e1nh bay n\u00e1m. S\u1ea3n ph\u1ea9m gi\u00fap ng\u0103n ch\u1eb7n s\u1ef1 h\u00ecnh th\u00e0nh s\u1eafc t\u1ed1 melanin g\u00e2y th\u00e2m n\u00e1m \u0111\u1ed3ng th\u1eddi \u0111\u00e1nh bay nh\u1eefng v\u1ebft n\u00e1m tr\u00ean da c\u1ef1c hi\u1ec7u qu\u1ea3. B\u00ean c\u1ea1nh \u0111\u00f3, s\u1ea3n ph\u1ea9m ng\u1eeba m\u1ee5n r\u1ea5t t\u1ed1t. \u0110\u1eb7c bi\u1ec7t l\u00e0 d\u01b0\u1ee1ng \u1ea9m cho da v\u00e0 gi\u00fap da kh\u1ecfe m\u1ea1nh t\u1eeb s\u00e2u b\u00ean trong, nh\u1eefng tinh ch\u1ea5t c\u00f3 trong s\u1ea3n ph\u1ea9m s\u1ebd gi\u00fap ng\u0103n ng\u1eeba l\u00e3o h\u00f3a da. T\u1eeb \u0111\u00f3 nu\u00f4i d\u01b0\u1ee1ng cho l\u00e0n da th\u00eam tr\u1ebb trung, c\u0103ng m\u1ecbn v\u00e0 \u0111\u1ec1u m\u00e0u cu\u1ed1n h\u00fat.<\/p>\n<p><img loading=\"lazy\" class=\"loaded\" src=\"https:\/\/media.hasaki.vn\/wysiwyg\/tho\/57-34.jpg\" alt=\"Tinh Ch\u1ea5t \u0110\u1eb7c Tr\u1ecb Th\u00e2m N\u00e1m, T\u00e0n Nhang Serum Vitamin C Melano CC\" width=\"500\" height=\"500\" data-was-processed=\"true\" \/><\/p>\n<p>C\u00f9ng v\u1edbi kh\u1ea3 n\u0103ng \u0111\u00e1nh bay n\u00e1m, t\u00e0n nhang, d\u01b0\u1ee1ng s\u00e1ng da th\u00ec s\u1ea3n ph\u1ea9m c\u00f2n c\u00f3 kh\u1ea3 n\u0103ng \u0111\u1ea9y l\u00f9i m\u1ee5n hi\u1ec7u qu\u1ea3 v\u00e0 ch\u1ed1ng l\u1ea1i c\u00e1c n\u1ebfp nh\u0103n kh\u00e1 t\u1ed1t.<\/p>\n<p><strong>C\u00f4ng ty Rohto Pharmaceutical Japan<\/strong>\u00a0c\u00f3 ngu\u1ed3n g\u1ed1c l\u00e2u \u0111\u1eddi t\u1eeb n\u0103m 1899 v\u1edbi h\u01a1n 115 n\u0103m th\u00e0nh l\u1eadp v\u00e0 hi\u1ec7n nay \u0111\u00e3 ph\u00e1t tri\u1ec3n kh\u1eafp to\u00e0n c\u1ea7u. V\u00e0o n\u0103m 1996 C\u00f4ng ty\u00a0<strong>Rohto Pharmaceutical Nh\u1eadt B\u1ea3n<\/strong>\u00a0\u0111\u1eb7t v\u0103n ph\u00f2ng \u0111\u1ea1i di\u1ec7n t\u1ea1i Vi\u1ec7t Nam v\u00e0 gi\u1edbi thi\u1ec7u s\u1ea3n ph\u1ea9m thu\u1ed1c nh\u1ecf m\u1eaft V. Rohto c\u00f9ng son d\u01b0\u1ee1ng m\u00f4i LipIce \u0111\u1ebfn ng\u01b0\u1eddi ti\u00eau d\u00f9ng Vi\u1ec7t Nam.\u00a0<strong>Rohto<\/strong>\u00a0tung ra r\u1ea5t nhi\u1ec1u nh\u1eefng d\u00f2ng s\u1ea3n ph\u1ea9m ph\u00f9 h\u1ee3p v\u1edbi nhu c\u1ea7u v\u00e0 th\u1ec3 tr\u1ea1ng ng\u01b0\u1eddi Vi\u1ec7t nh\u01b0 l\u00e0: Acnes hi\u1ec3u r\u00f5 v\u00e0 ch\u0103m s\u00f3c c\u00e1c v\u1ea5n \u0111\u1ec1 v\u1ec1 da, Lipice \u0111a d\u1ea1ng ch\u1ee7ng lo\u1ea1i son, OXY d\u00e0nh ri\u00eang cho ph\u00e1i m\u1ea1nh, Hada Labo d\u01b0\u1ee1ng da&#8230;<\/p>\n<p><img loading=\"lazy\" class=\"loaded\" src=\"https:\/\/media.hasaki.vn\/wysiwyg\/tho\/tinh-chat-tri-tham-vitamin-c-melano-cc-rohto-nhat-ban.jpg\" alt=\"Tinh Ch\u1ea5t \u0110\u1eb7c Tr\u1ecb Th\u00e2m N\u00e1m, T\u00e0n Nhang Serum Vitamin C Melano CC\" width=\"400\" height=\"204\" data-was-processed=\"true\" \/><\/p>\n<p><strong>C\u00f4ng d\u1ee5ng:<\/strong><\/p>\n<p>&#8211; K\u1ebft h\u1ee3p gi\u1eefa vitamin C v\u00e0 E gi\u00fap ng\u0103n ch\u1eb7n s\u1ef1 s\u1ea3n xu\u1ea5t melanin (t\u00e1c nh\u00e2n g\u00e2y ra v\u1ebft th\u00e2m n\u00e1m, t\u00e0n nhang).<\/p>\n<p>&#8211; Ng\u0103n ng\u1eeba m\u1ee5n, r\u00f4m s\u1ea3y.<\/p>\n<p>&#8211; Gi\u1eef cho l\u00e0n da s\u1ea1ch, gi\u00e0u \u1ea9m, kh\u1ecfe m\u1ea1nh.<\/p>\n<p>&#8211; Nghi\u00ean c\u1ee9u cho th\u1ea5y CC Melano t\u1ed1t h\u01a1n 10% so v\u1edbi s\u1ea3n ph\u1ea9m c\u00f9ng lo\u1ea1i th\u00f4ng th\u01b0\u1eddng kh\u00e1c.<\/p>\n<p>&nbsp;<\/p>\n<p><img loading=\"lazy\" class=\"loaded\" src=\"https:\/\/media.hasaki.vn\/wysiwyg\/tho\/s5.jpg\" alt=\"Tinh Ch\u1ea5t \u0110\u1eb7c Tr\u1ecb Th\u00e2m N\u00e1m, T\u00e0n Nhang Serum Vitamin C Melano CC\" width=\"605\" height=\"284\" data-was-processed=\"true\" \/><\/p>\n<p><strong>B\u1ea3o qu\u1ea3n:<\/strong><\/p>\n<p>N\u01a1i kh\u00f4 r\u00e1o, tho\u00e1ng m\u00e1t.<\/p>\n<p>Tr\u00e1nh \u00e1nh n\u1eafng tr\u1ef1c ti\u1ebfp.<\/p>\n<p>\u0110\u1ec3 xa t\u1ea7m tay tr\u1ebb em<\/p>\n<p><strong>Quy c\u00e1ch:<\/strong>\u00a020ml<\/p>\n<p><strong>Th\u01b0\u01a1ng hi\u1ec7u:<\/strong>\u00a0ROHTO<\/p>\n<p><strong>Xu\u1ea5t X\u1ee9:<\/strong>\u00a0Nh\u1eadt B\u1ea3n<\/p>\n","protected":false},"excerpt":{"rendered":"<p>Tinh Ch\u1ea5t H\u1ed7 Tr\u1ee3 M\u1edd Th\u00e2m N\u00e1m, T\u00e0n Nhang Serum Vitamin C Melano CC Tinh ch\u1ea5t d\u01b0\u1ee1ng h\u1ed7 tr\u1ee3 l\u00e0m m\u1edd th\u00e2m n\u00e1m, t\u00e0n nhang\u00a0Serum Vitamin C Melano CC\u00a0\u0111ang nh\u1eadn \u0111\u01b0\u1ee3c nhi\u1ec1u s\u1ef1 y\u00eau th\u00edch c\u1ee7a ch\u1ecb em ph\u1ee5 n\u1eef v\u00e0 b\u00e1n r\u1ea5t ch\u1ea1y tr\u00ean th\u1ecb tr\u01b0\u1eddng nh\u1edd v\u00e0o kh\u1ea3 n\u0103ng ng\u1eeba m\u1ee5n, l\u00e0m m\u1edd &#8230;<\/p>\n","protected":false},"featured_media":270,"comment_status":"open","ping_status":"closed","template":"","meta":[],"product_cat":[17],"product_tag":[31],"brands":[{"id":47,"name":"CETAPHIL","slug":"cetaphil"}],"_links":{"self":[{"href":"https:\/\/demo.bmconnect.vn\/shop2\/wp-json\/wp\/v2\/product\/269"}],"collection":[{"href":"https:\/\/demo.bmconnect.vn\/shop2\/wp-json\/wp\/v2\/product"}],"about":[{"href":"https:\/\/demo.bmconnect.vn\/shop2\/wp-json\/wp\/v2\/types\/product"}],"replies":[{"embeddable":true,"href":"https:\/\/demo.bmconnect.vn\/shop2\/wp-json\/wp\/v2\/comments?post=269"}],"wp:featuredmedia":[{"embeddable":true,"href":"https:\/\/demo.bmconnect.vn\/shop2\/wp-json\/wp\/v2\/media\/270"}],"wp:attachment":[{"href":"https:\/\/demo.bmconnect.vn\/shop2\/wp-json\/wp\/v2\/media?parent=269"}],"wp:term":[{"taxonomy":"product_cat","embeddable":true,"href":"https:\/\/demo.bmconnect.vn\/shop2\/wp-json\/wp\/v2\/product_cat?post=269"},{"taxonomy":"product_tag","embeddable":true,"href":"https:\/\/demo.bmconnect.vn\/shop2\/wp-json\/wp\/v2\/product_tag?post=269"}],"curies":[{"name":"wp","href":"https:\/\/api.w.org\/{rel}","templated":true}]}}