{"id":267,"date":"2019-02-27T08:06:50","date_gmt":"2019-02-27T08:06:50","guid":{"rendered":"http:\/\/demo.bmconnect.vn\/shop2\/?post_type=product&#038;p=267"},"modified":"2019-02-27T13:58:11","modified_gmt":"2019-02-27T13:58:11","slug":"mat-na-bnbg-duong-sang-da-vitamin-c-vita-genic-whitening-jelly-mask","status":"publish","type":"product","link":"https:\/\/demo.bmconnect.vn\/shop2\/san-pham\/mat-na-bnbg-duong-sang-da-vitamin-c-vita-genic-whitening-jelly-mask\/","title":{"rendered":"M\u1eb7t N\u1ea1 BNBG D\u01b0\u1ee1ng S\u00e1ng Da Vitamin C Vita Genic Whitening Jelly Mask"},"content":{"rendered":"<p><strong>M\u1eb7t N\u1ea1 D\u01b0\u1ee1ng S\u0103n Ch\u1eafc Da\u00a0BNBG\u00a0Vita Genic Jelly Mask 30ml<\/strong><\/p>\n<p>&#8220;M\u1eb7t n\u1ea1 \u0111\u01b0\u1ee3c xem nh\u01b0 v\u1ecb c\u1ee9u tinh \u0111\u1ed1i v\u1edbi l\u00e0n da b\u1ea1n&#8221;.\u00a0<strong>BNBG\u00a0<\/strong><strong>Vita Genic Jelly Mask<\/strong>\u00a0ch\u1ee9a d\u01b0\u1ee1ng ch\u1ea5t Vitamin d\u1ea1ng gel \u0111\u1eadm \u0111\u1eb7c, h\u00e0m l\u01b0\u1ee3ng l\u00ean \u0111\u1ebfn 20.000ppm \u0111\u01b0\u1ee3c chi\u1ebft xu\u1ea5t t\u1eeb c\u00e1c tr\u00e1i c\u00e2y t\u01b0\u01a1i \u1edf h\u00f2n \u0111\u1ea3o Jeju xinh \u0111\u1eb9p. Mang \u0111\u1ebfn l\u00e0n da kh\u1ecfe m\u1ea1nh, b\u00f3ng m\u01b0\u1ee3t \u0111\u1ea7y s\u1ee9c s\u1ed1ng, ph\u1ee5c h\u1ed3i \u0111\u1ed9 \u0111\u00e0n h\u1ed3i, ng\u0103n ng\u1eeba qu\u00e1 tr\u00ecnh l\u00e3o h\u00f3a \u0111\u1ed3ng th\u1eddi cung c\u1ea5p \u0111\u1ee7 \u1ea9m cho da lu\u00f4n m\u1ec1m, m\u1ecbn m\u00e0ng.\u00a0Khi s\u1eed d\u1ee5ng\u00a0<strong>BNBG\u00a0<\/strong><strong>Vita Genic Jelly Mask<\/strong>, b\u1ea1n s\u1ebd \u0111\u01b0\u1ee3c tr\u1ea3i nghi\u1ec7m c\u1ea3m gi\u00e1c th\u01b0 gi\u00e3n v\u00e0 s\u1ea3ng kho\u00e1i.<\/p>\n<p><strong>BNBG\u00a0<\/strong>\u0111\u01b0\u1ee3c bi\u1ebft \u0111\u1ebfn l\u00e0 m\u1ed9t b\u1ec7nh vi\u1ec7n th\u1ea9m m\u1ef9 n\u1ed5i ti\u1ebfng v\u1edbi \u0111\u1ed9i ng\u0169 b\u00e1c s\u0129 c\u00f3 tay ngh\u1ec1 h\u00e0ng \u0111\u1ea7u t\u1ea1i H\u00e0n Qu\u1ed1c. L\u00e0 b\u1ec7nh vi\u1ec7n \u1ee9ng d\u1ee5ng c\u00e1c c\u00f4ng ngh\u1ec7 hi\u1ec7n \u0111\u1ea1i t\u1ea1i Ch\u00e2u \u00c1 \u0111\u1ec3 nghi\u00ean c\u1ee9u ra c\u00e1c lo\u1ea1i m\u1ef9 ph\u1ea9m ch\u0103m s\u00f3c da c\u0169ng nh\u01b0 c\u00e1c ph\u01b0\u01a1ng ph\u00e1p ph\u1eabu thu\u1eadt m\u1edbi \u0111\u1ec3 mang l\u1ea1i v\u1ebb \u0111\u1eb9p ho\u00e0n thi\u1ec7n cho ph\u1ee5 n\u1eef.\u00a0Ch\u01b0\u01a1ng tr\u00ecnh l\u00e0m \u0111\u1eb9p uy t\u00edn t\u1ea1i H\u00e0n Qu\u1ed1c &#8220;Get It Beauty&#8221; \u0111\u00e3 \u0111\u1ea9y c\u01a1n s\u1ed1t m\u1eb7t n\u1ea1 jelly n\u00e0y l\u00ean \u0111\u1ec9nh \u0111i\u1ec3m khi c\u00f3 m\u1ed9t ch\u1ecb da \u0111\u1eb9p th\u1eadt \u0111\u1eb9p, c\u0103ng m\u1ecdng \u0111\u00e3 cho bi\u1ebft s\u1eed d\u1ee5ng m\u1eb7t n\u1ea1 n\u00e0y.<\/p>\n<p><img loading=\"lazy\" class=\"loading\" src=\"https:\/\/media.hasaki.vn\/wysiwyg\/nhphuong\/PhuongSmall\/mat-na-duong-san-chac-da-banobagi-vita-genic-jelly-mask-30ml-2_1.jpg\" alt=\"\" width=\"550\" height=\"550\" data-was-processed=\"true\" \/><\/p>\n<p><strong>BNBG\u00a0Vita Genic Jelly Mask<\/strong>\u00a0\u0111\u01b0\u1ee3c thi\u1ebft k\u1ebf r\u1ea5t b\u1eaft m\u1eaft v\u00e0 d\u1ec5 th\u01b0\u01a1ng. Nhi\u1ec1u b\u1ea1n c\u00f2n l\u1ea7m t\u01b0\u1edfng m\u1eb7t n\u1ea1 n\u00e0y c\u00f3 d\u1ea1ng b\u1ed9t hay h\u00ecnh vi\u00ean thu\u1ed1c n\u1eefa, nh\u01b0ng th\u1eadt ra kh\u00f4ng ph\u1ea3i nh\u00e9! M\u1eb7t n\u1ea1\u00a0c\u00f3 d\u1ea1ng mi\u1ebfng gi\u1ea5y cotton v\u00e0 k\u00e8m theo c\u00e1c lo\u1ea1i vitamins v\u00e0 kho\u00e1ng ch\u1ea5t thi\u1ebft y\u1ebfu cho l\u00e0n da\u00a0v\u1edbi h\u00e0m l\u01b0\u1ee3ng cao l\u00ean \u0111\u1ebfn 20000ppm \u0111\u01b0\u1ee3c chi\u1ebft xu\u1ea5t ho\u00e0n to\u00e0n t\u1eeb thi\u00ean nhi\u00ean.\u00a0Ngo\u00e0i ra, c\u00f2n ch\u1ee9a c\u00e1c tinh ch\u1ea5t t\u1eeb c\u00e2y, qu\u1ea3 thi\u00ean nhi\u00ean nh\u01b0 tinh ch\u1ea5t tr\u00e1i cam, l\u00f4 h\u1ed9i, vi\u1ec7t qu\u1ea5t&#8230; gi\u00fap h\u1ed7 tr\u1ee3 trong vi\u1ec7c t\u0103ng s\u1ee9c \u0111\u1ec1 kh\u00e1ng v\u00e0 h\u1ed7 tr\u1ee3 tr\u1ebb h\u00f3a l\u00e0n da.<\/p>\n<p>B\u00ean c\u1ea1nh \u0111\u00f3,\u00a0<strong>BNBG\u00a0<\/strong>c\u00f2n ch\u1ee9a m\u1ed9t l\u01b0\u1ee3ng l\u1edbn vi kho\u00e1ng \u2013 \u0111\u01b0\u1ee3c t\u00e1ch ch\u1ebf t\u1eeb n\u01b0\u1edbc bi\u1ec3n v\u1eeba gi\u00fap t\u0103ng s\u1ee9c \u0111\u1ec1 kh\u00e1ng, v\u1eeba b\u1ed5 sung kho\u00e1ng ch\u1ea5t \u0111\u1eb7c bi\u1ec7t khi\u1ebfn da lu\u00f4n c\u0103ng m\u1ecbn.\u00a0<strong>BNBG\u00a0<\/strong><strong>Vita Genic Jelly Mask<\/strong>\u00a0g\u1ed3m 4 lo\u1ea1i:<\/p>\n<p><strong>1. Vita Genic Lifting Jelly Mask (M\u00e0u \u0111\u1ecf):<\/strong><\/p>\n<p>B\u1ed5 sung Vitamin A h\u00e0m l\u01b0\u1ee3ng 20.000ppm \u0111\u01b0\u1ee3c chi\u1ebft xu\u1ea5t c\u00e2y x\u01b0\u01a1ng r\u1ed3ng t\u1ea1i \u0111\u1ea3o Jeju H\u00e0n Qu\u1ed1c, gi\u00fap n\u00e2ng c\u01a1, ch\u1ed1ng ch\u1ea3y x\u1ec7, l\u00e0m da s\u00e1ng h\u1ed3ng t\u1ef1 nhi\u00ean t\u1eeb b\u00ean trong. Ngo\u00e0i ra, s\u1ea3n ph\u1ea9m c\u00f2n b\u1ed5 sung h\u00e0m l\u01b0\u1ee3ng \u1ea9m, cho l\u00e0n da lu\u00f4n c\u0103ng m\u1ecbn v\u00e0 kh\u00f4ng b\u1ecb kh\u00f4 r\u00e1p do thi\u1ebfu n\u01b0\u1edbc v\u00e0 kho\u00e1ng ch\u1ea5t.<\/p>\n<p>S\u1ea3n ph\u1ea9m c\u1ef1c ph\u00f9 h\u1ee3p v\u1edbi c\u00e1c b\u1ea1n g\u00e1i t\u1eeb 25 tu\u1ed5i b\u1edfi ngo\u00e0i vi\u1ec7c d\u01b0\u1ee1ng s\u00e1ng v\u00e0 d\u01b0\u1ee1ng \u1ea9m,\u00a0<strong>m\u1eb7t n\u1ea1<\/strong>\u00a0<strong>Vita Genic Lifting Jelly Mask<\/strong>\u00a0c\u00f2n gi\u00fap h\u1ed7 tr\u1ee3 n\u00e2ng c\u01a1 v\u00e0 s\u0103n ch\u1eafc da. G\u00f3p ph\u1ea7n gi\u00fap da lu\u00f4n trong tr\u1ea1ng th\u00e1i \u0111\u00e0n h\u1ed3i, ng\u0103n ng\u1eeba nguy c\u01a1 l\u00e3o h\u00f3a v\u00e0 ch\u1ea3y x\u1ec7.<\/p>\n<p><img loading=\"lazy\" class=\"loading\" src=\"https:\/\/media.hasaki.vn\/wysiwyg\/nhphuong\/nhp\/mat-na-duong-san-chac-da-banobagi-vita-genic-jelly-mask-30ml.jpg\" alt=\"\" width=\"500\" height=\"443\" data-was-processed=\"true\" \/><img loading=\"lazy\" class=\"loading\" src=\"https:\/\/hasaki.vn\/hskadm\/cms\/wysiwyg\/directive\/___directive\/e3ttZWRpYSB1cmw9Ind5c2l3eWcvRGFpL21hdC1uYS1kdW9uZy1zYW4tY2hhYy1kYS12aXRhbWluLWExLmpwZyJ9fQ,,\/\" alt=\"\" width=\"500\" height=\"500\" data-was-processed=\"true\" \/><\/p>\n<p><strong>2. Vita Genic Relaxing Mask (M\u00e0u xanh l\u00e1)<\/strong>:<\/p>\n<p>\u0110\u00fang nh\u01b0 t\u00ean g\u1ecdi, lo\u1ea1i m\u1eb7t n\u1ea1 n\u00e0y c\u00f3 c\u00f4ng d\u1ee5ng th\u01b0 gi\u00e3n v\u00e0 l\u00e0m gi\u1ea3m stress cho c\u01a1 th\u1ec3.\u00a0B\u1ed5 sung Vitamin A h\u00e0m l\u01b0\u1ee3ng 20.000ppm \u0111\u01b0\u1ee3c chi\u1ebft xu\u1ea5t c\u00e2y l\u00f4 h\u1ed9i t\u1ea1i \u0111\u1ea3o Jeju H\u00e0n Qu\u1ed1c, c\u00f3 t\u00e1c d\u1ee5ng th\u01b0 gi\u00e3n, h\u1ed7 tr\u1ee3 ph\u1ee5c h\u1ed3i l\u00e0n da m\u1ec7t m\u1ecfi. \u0110\u1ed3ng th\u1eddi c\u00f2n\u00a0c\u00f3 c\u00f4ng d\u1ee5ng h\u1ed7 tr\u1ee3 trong vi\u1ec7c tr\u1ebb h\u00f3a da, gi\u00fap da lu\u00f4n trong tr\u1ea1ng th\u00e1i kh\u1ecfe m\u1ea1nh v\u00e0 c\u0103ng tr\u00e0n s\u1ee9c s\u1ed1ng.<\/p>\n<p><img loading=\"lazy\" class=\"loading\" src=\"https:\/\/hasaki.vn\/hskadm\/cms\/wysiwyg\/directive\/___directive\/e3ttZWRpYSB1cmw9Ind5c2l3eWcvRGFpL21hdC1uYS1kdW9uZy1kYS1jaG9uZy1sYW8taG9hLXZpdGFtaW4tYjIuanBnIn19\/\" alt=\"\" width=\"500\" height=\"500\" data-was-processed=\"true\" \/><\/p>\n<p><img loading=\"lazy\" class=\"loading\" src=\"https:\/\/media.hasaki.vn\/wysiwyg\/nhphuong\/nhp\/mat-na-duong-san-chac-da-banobagi-vita-genic-jelly-mask-30ml-1.jpg\" alt=\"\" width=\"470\" height=\"470\" data-was-processed=\"true\" \/><img loading=\"lazy\" class=\"loading\" src=\"https:\/\/hasaki.vn\/hskadm\/cms\/wysiwyg\/directive\/___directive\/e3ttZWRpYSB1cmw9Ind5c2l3eWcvbmhwaHVvbmcvUGh1b25nU21hbGwvbWF0LW5hLWR1b25nLXNhbi1jaGFjLWRhLWJhbm9iYWdpLXZpdGEtZ2VuaWMtamVsbHktbWFzay0zMG1sLTIuanBnIn19\/\" alt=\"\" width=\"500\" height=\"500\" data-was-processed=\"true\" \/><\/p>\n<p><strong>3. Vita Genic Hydrating Mask (M\u00e0u xanh d\u01b0\u01a1ng)<\/strong>:<\/p>\n<p>\u0110\u00e2y l\u00e0 lo\u1ea1i m\u1eb7t n\u1ea1 d\u00e0nh ri\u00eang cho c\u00e1c c\u00f4 n\u00e0ng da kh\u00f4 ho\u1eb7c th\u01b0\u1eddng xuy\u00ean ph\u1ea3i ti\u1ebfp x\u00fac v\u1edbi \u0111i\u1ec1u h\u00f2a g\u00e2y n\u00ean t\u00ecnh tr\u1ea1ng da m\u1ea5t n\u01b0\u1edbc, bong tr\u00f3c.\u00a0B\u1ed5 sung Vitamin E h\u00e0m l\u01b0\u1ee3ng 20.000ppm \u0111\u01b0\u1ee3c chi\u1ebft xu\u1ea5t t\u1eeb ngu\u1ed3n n\u01b0\u1edbc kho\u00e1ng t\u1ea1i \u0111\u1ea3o Jeju H\u00e0n Qu\u1ed1c,\u00a0c\u00f3 t\u00e1c d\u1ee5ng c\u1ea5p \u1ea9m cho l\u00e0n da thi\u1ebfu n\u01b0\u1edbc, da c\u0103ng m\u1ecdng tr\u1edf n\u00ean r\u1ea1ng r\u1ee1 h\u01a1n v\u00e0 ng\u1eeba l\u00e3o h\u00f3a.<\/p>\n<p>Ngo\u00e0i c\u00e1c c\u00f4ng d\u1ee5ng tr\u00ean, lo\u1ea1i m\u1eb7t n\u1ea1 n\u00e0y c\u00f2n r\u1ea5t ph\u00f9 h\u1ee3p khi s\u1eed d\u1ee5ng cho c\u00e1c l\u00e0n da c\u00f3 d\u1ea5u hi\u1ec7u b\u1ecb n\u00e1m, t\u00e0n nhang. Vitamin E s\u1ebd nu\u00f4i d\u01b0\u1ee1ng s\u00e2u trong l\u00e0n da gi\u00fap h\u1ed7 tr\u1ee3 l\u00e0m gi\u1ea3m c\u00e1c s\u1eafc t\u1ed1 s\u1eabm m\u00e0u, c\u1ea3n tr\u1edf qu\u00e1 tr\u00ecnh h\u00ecnh th\u00e0nh n\u00e1m da.<\/p>\n<p><img loading=\"lazy\" class=\"loading\" src=\"https:\/\/media.hasaki.vn\/wysiwyg\/nhphuong\/nhp\/mat-na-duong-san-chac-da-banobagi-vita-genic-jelly-mask-30ml-4.jpg\" alt=\"\" width=\"600\" height=\"344\" data-was-processed=\"true\" \/><img loading=\"lazy\" class=\"loading\" src=\"https:\/\/hasaki.vn\/hskadm\/cms\/wysiwyg\/directive\/___directive\/e3ttZWRpYSB1cmw9Ind5c2l3eWcvRGFpL21hdC1uYS1kdW9uZy1kYS12aXRhbWluLWUxLmpwZyJ9fQ,,\/\" alt=\"\" width=\"500\" height=\"500\" data-was-processed=\"true\" \/><\/p>\n<p><strong>4. Vita Genic Whitening Mask<\/strong>\u00a0<strong>(M\u00e0u v\u00e0ng):<\/strong><\/p>\n<p>N\u1ebfu n\u00f3i \u0111\u1ebfn H\u00e0n Qu\u1ed1c ta kh\u00f4ng th\u1ec3 kh\u00f4ng nh\u1eafc \u0111\u1ebfn c\u00e1c lo\u1ea1i m\u1eb7t n\u1ea1 l\u00e0m s\u00e1ng da th\u1ea7n th\u00e1nh. V\u00e0\u00a0<strong>Vita Genic\u00a0BNBG\u00a0Whitening Mask<\/strong>\u00a0ch\u00ednh l\u00e0 m\u1ed9t trong s\u1ed1 \u0111\u00f3.\u00a0<strong>Vita Genic Whitening Mask\u00a0<\/strong>b\u1ed5 sung Vitamin A h\u00e0m l\u01b0\u1ee3ng 20.000ppm \u0111\u01b0\u1ee3c chi\u1ebft xu\u1ea5t c\u00e2y x\u01b0\u01a1ng r\u1ed3ng t\u1ea1i \u0111\u1ea3o Jeju H\u00e0n Qu\u1ed1c v\u1edbi c\u00f4ng d\u1ee5ng l\u00e0m s\u00e1ng \u0111\u1eb7c bi\u1ec7t, m\u1eb7t n\u1ea1 s\u1ebd h\u1ed7 tr\u1ee3 v\u00e0 l\u00e0m gi\u1ea3m c\u00e1c s\u1eafc t\u1ed1 s\u1eadm m\u00e0u d\u01b0\u1edbi da, gi\u00fap da non ph\u00e1t tri\u1ec3n s\u00e1ng m\u1ecbn t\u1ef1 nhi\u00ean.\u00a0Vitamin C c\u00f2n c\u00f3 t\u00e1c d\u1ee5ng h\u1ed7 tr\u1ee3 t\u0103ng s\u1ee9c \u0111\u1ec1 kh\u00e1ng, l\u00e0m gi\u1ea3m c\u00e1c t\u00ecnh tr\u1ea1ng m\u1ee5n v\u00e0 t\u1ed5n th\u01b0\u01a1ng do c\u00e1c t\u00e1c \u0111\u1ed9ng th\u1eddi ti\u1ebft, n\u1ed9i ti\u1ebft l\u00ean b\u1ec1 m\u1eb7t da.<\/p>\n<p><img loading=\"lazy\" class=\"loading\" src=\"https:\/\/hasaki.vn\/hskadm\/cms\/wysiwyg\/directive\/___directive\/e3ttZWRpYSB1cmw9Ind5c2l3eWcvRGFpL21hdC1uYS1kdW9uZy1zYW5nLWRhLXZpdGFtaW4tYzEuanBnIn19\/\" alt=\"\" width=\"500\" height=\"500\" data-was-processed=\"true\" \/><\/p>\n<p><img loading=\"lazy\" class=\"loading\" src=\"https:\/\/media.hasaki.vn\/wysiwyg\/nhphuong\/nhp\/mat-na-duong-san-chac-da-banobagi-vita-genic-jelly-mask-30ml-3.jpg\" alt=\"\" width=\"600\" height=\"411\" data-was-processed=\"true\" \/>\u00a0<img loading=\"lazy\" class=\"loading\" src=\"https:\/\/hasaki.vn\/hskadm\/cms\/wysiwyg\/directive\/___directive\/e3ttZWRpYSB1cmw9Ind5c2l3eWcvbmhwaHVvbmcvUGh1b25nU21hbGwvbWF0LW5hLWR1b25nLXNhbi1jaGFjLWRhLWJhbm9iYWdpLXZpdGEtZ2VuaWMtamVsbHktbWFzay0zMG1sLTQuanBnIn19\/\" alt=\"\" width=\"500\" height=\"500\" data-was-processed=\"true\" \/><\/p>\n<p><strong>B\u1ea3o qu\u1ea3n:<\/strong><\/p>\n<p>N\u01a1i kh\u00f4 r\u00e1o, tho\u00e1ng m\u00e1t.<\/p>\n<p>Tr\u00e1nh \u00e1nh n\u1eafng tr\u1ef1c ti\u1ebfp.<\/p>\n<p>\u0110\u1eady n\u1eafp k\u00edn sau khi s\u1eed d\u1ee5ng.<\/p>\n<p><strong>Dung t\u00edch:<\/strong>\u00a030ml<\/p>\n<p><strong>Th\u01b0\u01a1ng hi\u1ec7u:<\/strong>\u00a0<strong>BNBG\u00a0<\/strong><\/p>\n<p><strong>Xu\u1ea5t x\u1ee9:<\/strong>\u00a0H\u00e0n Qu\u1ed1c<\/p>\n","protected":false},"excerpt":{"rendered":"<p>M\u1eb7t N\u1ea1 D\u01b0\u1ee1ng S\u0103n Ch\u1eafc Da\u00a0BNBG\u00a0Vita Genic Jelly Mask 30ml &#8220;M\u1eb7t n\u1ea1 \u0111\u01b0\u1ee3c xem nh\u01b0 v\u1ecb c\u1ee9u tinh \u0111\u1ed1i v\u1edbi l\u00e0n da b\u1ea1n&#8221;.\u00a0BNBG\u00a0Vita Genic Jelly Mask\u00a0ch\u1ee9a d\u01b0\u1ee1ng ch\u1ea5t Vitamin d\u1ea1ng gel \u0111\u1eadm \u0111\u1eb7c, h\u00e0m l\u01b0\u1ee3ng l\u00ean \u0111\u1ebfn 20.000ppm \u0111\u01b0\u1ee3c chi\u1ebft xu\u1ea5t t\u1eeb c\u00e1c tr\u00e1i c\u00e2y t\u01b0\u01a1i \u1edf h\u00f2n \u0111\u1ea3o Jeju xinh \u0111\u1eb9p. Mang \u0111\u1ebfn l\u00e0n &#8230;<\/p>\n","protected":false},"featured_media":268,"comment_status":"open","ping_status":"closed","template":"","meta":[],"product_cat":[17],"product_tag":[30],"brands":[{"id":38,"name":"Anessa","slug":"anessa"}],"_links":{"self":[{"href":"https:\/\/demo.bmconnect.vn\/shop2\/wp-json\/wp\/v2\/product\/267"}],"collection":[{"href":"https:\/\/demo.bmconnect.vn\/shop2\/wp-json\/wp\/v2\/product"}],"about":[{"href":"https:\/\/demo.bmconnect.vn\/shop2\/wp-json\/wp\/v2\/types\/product"}],"replies":[{"embeddable":true,"href":"https:\/\/demo.bmconnect.vn\/shop2\/wp-json\/wp\/v2\/comments?post=267"}],"wp:featuredmedia":[{"embeddable":true,"href":"https:\/\/demo.bmconnect.vn\/shop2\/wp-json\/wp\/v2\/media\/268"}],"wp:attachment":[{"href":"https:\/\/demo.bmconnect.vn\/shop2\/wp-json\/wp\/v2\/media?parent=267"}],"wp:term":[{"taxonomy":"product_cat","embeddable":true,"href":"https:\/\/demo.bmconnect.vn\/shop2\/wp-json\/wp\/v2\/product_cat?post=267"},{"taxonomy":"product_tag","embeddable":true,"href":"https:\/\/demo.bmconnect.vn\/shop2\/wp-json\/wp\/v2\/product_tag?post=267"}],"curies":[{"name":"wp","href":"https:\/\/api.w.org\/{rel}","templated":true}]}}