{"id":264,"date":"2019-02-27T06:35:54","date_gmt":"2019-02-27T06:35:54","guid":{"rendered":"http:\/\/demo.bmconnect.vn\/shop2\/?post_type=product&#038;p=264"},"modified":"2019-02-27T13:58:25","modified_gmt":"2019-02-27T13:58:25","slug":"nuoc-tay-trang-byphasse-cho-moi-loai-da-500ml-solution-micerallaire-face","status":"publish","type":"product","link":"https:\/\/demo.bmconnect.vn\/shop2\/san-pham\/nuoc-tay-trang-byphasse-cho-moi-loai-da-500ml-solution-micerallaire-face\/","title":{"rendered":"N\u01b0\u1edbc T\u1ea9y Trang Byphasse Cho M\u1ecdi Lo\u1ea1i Da 500ml Solution Micerallaire Face"},"content":{"rendered":"<h2><strong>N\u01b0\u1edbc T\u1ea9y Trang BYPHASSE\u00a0Solution Micerallaire Face<\/strong><\/h2>\n<p><strong>N\u01b0\u1edbc t\u1ea9y trang Byphasse Solution Micerallaire Face 500ml<\/strong>\u00a0c\u1ee7a T\u00e2y Ban Nha\u00a0\u0111\u01b0\u1ee3c xem l\u00e0 b\u1ea3n dupe c\u1ee7a t\u1ea9y trang\u00a0<strong>Bioderma<\/strong>\u00a0\u0111\u01b0\u1ee3c s\u1eed d\u1ee5ng c\u00f4ng ngh\u1ec7 Micellar facial cleanser, micellar cleansing water l\u1ea5y \u0111i t\u1ea5t c\u1ea3 b\u1ee5i b\u1ea9n, c\u1ea3 l\u1edbp makeup c\u1ee9ng \u0111\u1ea7u gi\u00fap da s\u1ea1ch hi\u1ec7u qu\u1ea3.\u00a0<strong>N\u01b0\u1edbc t\u1ea9y trang\u00a0Byphasse<\/strong>\u00a0gi\u00fap t\u1ea9y s\u1ea1ch hi\u1ec7u qu\u1ea3 c\u00e1c ch\u1ea5t b\u1ea9n v\u00e0 b\u00e3 nh\u1eddn s\u00e2u trong l\u1ed7 ch\u00e2n l\u00f4ng c\u00f9ng v\u1edbi l\u1edbp trang \u0111i\u1ec3m tr\u00ean da, c\u00f4ng ngh\u1ec7 ti\u00ean ti\u1ebfn Micellar v\u1edbi c\u00e1c h\u1ea1t d\u1ea7u c\u1ef1c nh\u1ecf gi\u00fap t\u1ea9y trang s\u1ea1ch kh\u00f4ng g\u00e2y b\u1ebft d\u00ednh sau khi s\u1eed d\u1ee5ng. C\u00f3 ch\u1ee9a n\u01b0\u1edbc kho\u00e1ng gi\u00fap r\u1eeda s\u1ea1ch c\u00e1c ch\u1ea5t b\u1ea9n c\u00f2n s\u00f3t l\u1ea1i tr\u01b0\u1edbc khi l\u00e0m s\u1ea1ch v\u1edbi n\u01b0\u1edbc<\/p>\n<p><strong>Byphasse<\/strong>\u00a0l\u00e0 th\u01b0\u01a1ng hi\u1ec7u chuy\u00ean v\u1ec1 c\u00e1c d\u00f2ng s\u1ea3n ph\u1ea9m l\u00e0m \u0111\u1eb9p da v\u00e0 t\u00f3c c\u1ee7a\u00a0<strong>T\u00e2y Ban Nha<\/strong>\u00a0ra \u0111\u1eddi t\u1eeb n\u0103m 1996 \u1edf Barcelona. Trong v\u00f2ng h\u01a1n 10 n\u0103m,\u00a0<strong>Byphasse\u00a0<\/strong>\u0111\u00e3 nhanh ch\u00f3ng \u0111\u01b0\u1ee3c ng\u01b0\u1eddi ti\u00eau d\u00f9ng tr\u00ean kh\u1eafp th\u1ebf gi\u1edbi bi\u1ebft \u0111\u1ebfn v\u00e0 tin d\u00f9ng. Hi\u1ec7n nay,\u00a0<strong>Byphasse<\/strong>\u00a0\u0111\u00e3 c\u00f3 m\u1eb7t tr\u00ean 50 qu\u1ed1c gia v\u1edbi h\u00e0ng tr\u0103m s\u1ea3n ph\u1ea9m ch\u1ea5t l\u01b0\u1ee3ng cao, m\u1eabu m\u00e3 \u0111a d\u1ea1ng nh\u01b0: d\u1ea7u g\u1ed9i, s\u1eefa t\u1eafm, gel t\u1eafm, m\u1eb7t n\u1ea1,\u2026<\/p>\n<p>Hi\u1ec7n\u00a0<strong>Hasaki<\/strong>\u00a0\u0111ang c\u00f3 c\u00e1c dung t\u00edch: 100ml; 500ml; 500&#215;12 chai\/th\u00f9ng<\/p>\n<p>&nbsp;<\/p>\n<p><img loading=\"lazy\" class=\"loading\" src=\"https:\/\/media.hasaki.vn\/wysiwyg\/HienThao\/byphasse_1_.jpg\" alt=\"Byphasse Solution Micerallaire Face 500ml\" width=\"650\" height=\"433\" data-was-processed=\"true\" \/><\/p>\n<p><strong><img loading=\"lazy\" class=\"loading\" src=\"https:\/\/media.hasaki.vn\/wysiwyg\/HienThao\/byphasse.jpg\" alt=\"Byphasse Solution Micerallaire Face 500ml\" width=\"700\" height=\"438\" data-was-processed=\"true\" \/><\/strong><\/p>\n<p>&nbsp;<\/p>\n<p><img loading=\"lazy\" class=\"loading\" src=\"https:\/\/media.hasaki.vn\/wysiwyg\/Dai\/nuoc-tay-trang---500ml1.jpg\" alt=\"\" width=\"600\" height=\"688\" data-was-processed=\"true\" \/><\/p>\n<p><img loading=\"lazy\" class=\"loading\" src=\"https:\/\/media.hasaki.vn\/wysiwyg\/Dai\/nuoc-tay-trang---500ml2.jpg\" alt=\"\" width=\"600\" height=\"425\" data-was-processed=\"true\" \/><\/p>\n<p><img loading=\"lazy\" class=\"loading\" src=\"https:\/\/media.hasaki.vn\/wysiwyg\/Dai\/nuoc-tay-trang---500ml3.jpg\" alt=\"\" width=\"600\" height=\"482\" data-was-processed=\"true\" \/><\/p>\n<p><strong>C\u00f4ng d\u1ee5ng:<\/strong><\/p>\n<p>&#8211; Nh\u1eb9 nh\u00e0ng l\u00e0m s\u1ea1ch l\u1edbp trang \u0111i\u1ec3m v\u00e0 b\u1ee5i b\u1ea9n tr\u00ean da<\/p>\n<p>&#8211; Gi\u00fap l\u1ed7 ch\u00e2n l\u00f4ng s\u1ea1ch tho\u00e1ng, t\u1eeb \u0111\u00f3 gi\u00fap ng\u0103n ng\u1eeba nguy c\u01a1 g\u00e2y ra m\u1ee5n.<\/p>\n<p><strong>B\u1ea3o qu\u1ea3n:<\/strong><\/p>\n<p>N\u01a1i kh\u00f4 r\u00e1o, tho\u00e1ng m\u00e1t<\/p>\n<p>Tr\u00e1nh \u00e1nh n\u1eafng tr\u1ef1c ti\u1ebfp<\/p>\n<p>\u0110\u1ec3 xa t\u1ea7m tay tr\u1ebb em<\/p>\n<p><strong>Th\u01b0\u01a1ng hi\u1ec7u:<\/strong>\u00a0Byphasse<\/p>\n<p><strong>Xu\u1ea5t x\u1ee9:\u00a0<\/strong>T\u00e2y Ban Nha<\/p>\n<p><strong>Dung t\u00edch : 100ml; 500 ml; 500mlx12 chai\/th\u00f9ng<\/strong><\/p>\n","protected":false},"excerpt":{"rendered":"<p>N\u01b0\u1edbc T\u1ea9y Trang BYPHASSE\u00a0Solution Micerallaire Face N\u01b0\u1edbc t\u1ea9y trang Byphasse Solution Micerallaire Face 500ml\u00a0c\u1ee7a T\u00e2y Ban Nha\u00a0\u0111\u01b0\u1ee3c xem l\u00e0 b\u1ea3n dupe c\u1ee7a t\u1ea9y trang\u00a0Bioderma\u00a0\u0111\u01b0\u1ee3c s\u1eed d\u1ee5ng c\u00f4ng ngh\u1ec7 Micellar facial cleanser, micellar cleansing water l\u1ea5y \u0111i t\u1ea5t c\u1ea3 b\u1ee5i b\u1ea9n, c\u1ea3 l\u1edbp makeup c\u1ee9ng \u0111\u1ea7u gi\u00fap da s\u1ea1ch hi\u1ec7u qu\u1ea3.\u00a0N\u01b0\u1edbc t\u1ea9y trang\u00a0Byphasse\u00a0gi\u00fap t\u1ea9y s\u1ea1ch hi\u1ec7u &#8230;<\/p>\n","protected":false},"featured_media":266,"comment_status":"open","ping_status":"closed","template":"","meta":[],"product_cat":[17],"product_tag":[29],"brands":[{"id":49,"name":"DEBORAH MILANO","slug":"deborah-milano"}],"_links":{"self":[{"href":"https:\/\/demo.bmconnect.vn\/shop2\/wp-json\/wp\/v2\/product\/264"}],"collection":[{"href":"https:\/\/demo.bmconnect.vn\/shop2\/wp-json\/wp\/v2\/product"}],"about":[{"href":"https:\/\/demo.bmconnect.vn\/shop2\/wp-json\/wp\/v2\/types\/product"}],"replies":[{"embeddable":true,"href":"https:\/\/demo.bmconnect.vn\/shop2\/wp-json\/wp\/v2\/comments?post=264"}],"wp:featuredmedia":[{"embeddable":true,"href":"https:\/\/demo.bmconnect.vn\/shop2\/wp-json\/wp\/v2\/media\/266"}],"wp:attachment":[{"href":"https:\/\/demo.bmconnect.vn\/shop2\/wp-json\/wp\/v2\/media?parent=264"}],"wp:term":[{"taxonomy":"product_cat","embeddable":true,"href":"https:\/\/demo.bmconnect.vn\/shop2\/wp-json\/wp\/v2\/product_cat?post=264"},{"taxonomy":"product_tag","embeddable":true,"href":"https:\/\/demo.bmconnect.vn\/shop2\/wp-json\/wp\/v2\/product_tag?post=264"}],"curies":[{"name":"wp","href":"https:\/\/api.w.org\/{rel}","templated":true}]}}