{"id":428,"date":"2018-02-02T09:15:29","date_gmt":"2018-02-02T02:15:29","guid":{"rendered":"https:\/\/demo.bmconnect.vn\/shop\/?post_type=product&#038;p=428"},"modified":"2018-02-02T09:15:29","modified_gmt":"2018-02-02T02:15:29","slug":"thue-bao-tron-goi-k-premium-hd-3-thang-dau-hd","status":"publish","type":"product","link":"https:\/\/demo.bmconnect.vn\/shop\/s\u1ea3n ph\u1ea9m\/thue-bao-tron-goi-k-premium-hd-3-thang-dau-hd\/","title":{"rendered":"Thu\u00ea bao tr\u1ecdn g\u00f3i K+ Premium HD+ 3 th\u00e1ng (\u0111\u1ea7u HD)"},"content":{"rendered":"<h3 class=\"pd-news-title\">Th\u00f4ng tin: Thu\u00ea bao tr\u1ecdn g\u00f3i K+ Premium HD+ 3 th\u00e1ng (\u0111\u1ea7u HD)<\/h3>\n<div class=\"pd-news-content\">\n<p>&#8211; \u0110\u1ea7u thu HD (technicolor) xem \u0111\u01b0\u1ee3c tr\u00ean 130 k\u00eanh SD v\u00e0 13 k\u00eanh HD <em>(<\/em><em>K+1, K+NS, K+PM, K+ PC, VTV1, VTV3, VTV6, HBO, AXN, StarMovies, Discovery, Fox Sport Plus, National Geographic)<\/em><\/p>\n<p>&#8211; C\u00f3 th\u1ec3 gia h\u1ea1n g\u00f3i k\u00eanh Premium HD+ th\u1eddi h\u1ea1n 3, 6 ho\u1eb7c 12 th\u00e1ng (c\u00f9ng m\u1ee9c ph\u00ed thu\u00ea bao 125.000 \u0111\/th\u00e1ng cho c\u1ea3 chu\u1ea9n SD v\u00e0 HD) b\u1eb1ng th\u1ebb c\u00e0o c\u00f3 b\u00e1n t\u1ea1i\u00a0K+ store, c\u00e1c \u0110\u1ea1i l\u00fd K+\u00a0v\u00e0\u00a0h\u1ec7 th\u1ed1ng ph\u00e2n ph\u1ed1i th\u1ebb c\u00e0o K+\u00a0tr\u00ean to\u00e0n qu\u1ed1c<\/p>\n<p>&#8211; C\u00f3 \u01b0u \u0111\u00e3i khi n\u00e2ng c\u1ea5p \u0111\u1ea7u thu SD l\u00ean HD.\u00a0Li\u00ean h\u1ec7 T\u1ed5ng \u0111\u00e0i 1900 1592 \u0111\u1ec3 \u0111\u01b0\u1ee3c h\u1ed7 tr\u1ee3.<\/p>\n<p>&#8211; T\u1ea5t c\u1ea3 c\u00e1c k\u00eanh \u0111\u1ec1u c\u00f3 b\u1ea3n quy\u1ec1n h\u1ee3p ph\u00e1p, t\u0103ng k\u00eanh theo l\u1ed9 tr\u00ecnh, gi\u00e1 thu\u00ea bao \u1ed5n \u0111\u1ecbnh<\/p>\n<p>&#8211; Gi\u00e1 tr\u00ean ch\u01b0a bao g\u1ed3m ph\u00ed l\u1eafp \u0111\u1eb7t, \u00e1p d\u1ee5ng t\u1eeb 08\/03\/2014. Ph\u00ed l\u1eafp \u0111\u1eb7t trung b\u00ecnh: 200.000\u0111\/l\u1ea7n.<\/p>\n<\/div>\n","protected":false},"excerpt":{"rendered":"<p>\u0110\u1ea7u thu HD xem \u0111\u01b0\u1ee3c tr\u00ean 130 k\u00eanh SD v\u00e0 13 k\u00eanh HD (K+1, K+NS, K+PM, K+ PC, &#8230;)<\/p>\n<p>C\u00f3 th\u1ec3 gia h\u1ea1n g\u00f3i k\u00eanh Premium HD+ th\u1eddi h\u1ea1n 3, 6 ho\u1eb7c 12 th\u00e1ng<\/p>\n<p>T\u1ea5t c\u1ea3 c\u00e1c k\u00eanh \u0111\u1ec1u c\u00f3 b\u1ea3n quy\u1ec1n h\u1ee3p ph\u00e1p, t\u0103ng k\u00eanh theo l\u1ed9 tr\u00ecnh, gi\u00e1 thu\u00ea bao<\/p>\n","protected":false},"featured_media":429,"comment_status":"open","ping_status":"closed","template":"","meta":[],"product_cat":[33],"product_tag":[],"_links":{"self":[{"href":"https:\/\/demo.bmconnect.vn\/shop\/wp-json\/wp\/v2\/product\/428"}],"collection":[{"href":"https:\/\/demo.bmconnect.vn\/shop\/wp-json\/wp\/v2\/product"}],"about":[{"href":"https:\/\/demo.bmconnect.vn\/shop\/wp-json\/wp\/v2\/types\/product"}],"replies":[{"embeddable":true,"href":"https:\/\/demo.bmconnect.vn\/shop\/wp-json\/wp\/v2\/comments?post=428"}],"wp:featuredmedia":[{"embeddable":true,"href":"https:\/\/demo.bmconnect.vn\/shop\/wp-json\/wp\/v2\/media\/429"}],"wp:attachment":[{"href":"https:\/\/demo.bmconnect.vn\/shop\/wp-json\/wp\/v2\/media?parent=428"}],"wp:term":[{"taxonomy":"product_cat","embeddable":true,"href":"https:\/\/demo.bmconnect.vn\/shop\/wp-json\/wp\/v2\/product_cat?post=428"},{"taxonomy":"product_tag","embeddable":true,"href":"https:\/\/demo.bmconnect.vn\/shop\/wp-json\/wp\/v2\/product_tag?post=428"}],"curies":[{"name":"wp","href":"https:\/\/api.w.org\/{rel}","templated":true}]}}