{"id":426,"date":"2018-02-02T09:14:18","date_gmt":"2018-02-02T02:14:18","guid":{"rendered":"https:\/\/demo.bmconnect.vn\/shop\/?post_type=product&#038;p=426"},"modified":"2023-03-12T20:12:04","modified_gmt":"2023-03-12T13:12:04","slug":"loa-keo-di-dong-acnos-beatbox-kb39u","status":"publish","type":"product","link":"https:\/\/demo.bmconnect.vn\/shop\/s\u1ea3n ph\u1ea9m\/loa-keo-di-dong-acnos-beatbox-kb39u\/","title":{"rendered":"Loa k\u00e9o di \u0111\u1ed9ng Acnos Beatbox KB39U"},"content":{"rendered":"<p><strong>Loa k\u00e9o di \u0111\u1ed9ng ACNOS Beatbox KB39U l\u00e0 m\u1eabu s\u1ea3n ph\u1ea9m v\u1edbi nhi\u1ec1u t\u00ednh n\u0103ng \u0111\u1ed9c \u0111\u00e1o m\u1edbi m\u1ebb, s\u1ebd \u0111em l\u1ea1i cho ng\u01b0\u1eddi d\u00f9ng nh\u1eefng tr\u1ea3i nghi\u1ec7p tuy\u1ec7t v\u1eddi nh\u1ea5t.<\/strong><\/p>\n<p><img class=\"lazy\" src=\"https:\/\/cdn.mediamart.vn\/Upload\/download\/2017-6\/kb39u-FobBL5.jpg\" data-original=\"https:\/\/cdn.mediamart.vn\/Upload\/download\/2017-6\/kb39u-FobBL5.jpg\" \/><\/p>\n<p><strong>Th\u00f4ng s\u1ed1 k\u1ef9 thu\u1eadt:<\/strong><\/p>\n<p>Loa k\u00e9o di \u0111\u1ed9ng ACNOS Beatbox KB39U<\/p>\n<p>Th\u00f4ng s\u1ed1 k\u1ef9 thu\u1eadt:<\/p>\n<p>Model: Beatbox KB39U<\/p>\n<p>Ch\u1ea5t li\u1ec7u: plastic ABS<\/p>\n<p>Bass: 37cm<\/p>\n<p>K\u1ebft n\u1ed1i : Bluetooth V3.0<\/p>\n<p>C\u00f4ng su\u1ea5t: 400W<\/p>\n<p>\u0110\u00e8n LED b\u00e1o pin<\/p>\n<p>FM: Kh\u00f4ng<\/p>\n<p>AUX IN: C\u00f3<\/p>\n<p>HDMI k\u1ebft n\u1ed1i v\u1edbi tivi<\/p>\n<p>USB ph\u00e1t wifi: k\u1ebft n\u1ed1i ph\u1ea7n m\u1ec1m karaoke v\u1edbi 10.000 b\u00e0i h\u00e1t MIDI v\u00e0 KTV<\/p>\n<p>AUDIO OUT : k\u1ebft n\u1ed1i \u00e2m thanh v\u1edbi loa SUB \u0111\u1ec3 t\u0103ng c\u00f4ng su\u1ea5t ph\u00e1t<\/p>\n<p>Jack 6.5mm: 02 micro c\u00f3 d\u00e2y<\/p>\n<p>Jack n\u1ed1i th\u00eam b\u00ecnh 12V<\/p>\n<p>B\u00ecnh: 20A<\/p>\n<p>\u0110i\u1ec7n \u00e1p s\u1ea1c: DC 15V \/ 6A<\/p>\n<p>K\u00edch th\u01b0\u1edbc th\u00f9ng ( DxRxC): \u00a047 x 41 x 79 (cm)<\/p>\n<p>K\u00edch th\u01b0\u1edbc s\u1ea3n ph\u1ea9m (DxRxC) 43 x 34 x 70 (cm)<\/p>\n<p>Tr\u1ecdng l\u01b0\u1ee3ng: 21kg<\/p>\n<p>B\u1ea3o h\u00e0nh: 12 th\u00e1ng<\/p>\n","protected":false},"excerpt":{"rendered":"<p><strong>Loa k\u00e9o di \u0111\u1ed9ng ACNOS Beatbox KB39U l\u00e0 m\u1eabu s\u1ea3n ph\u1ea9m v\u1edbi nhi\u1ec1u t\u00ednh n\u0103ng \u0111\u1ed9c \u0111\u00e1o m\u1edbi m\u1ebb, s\u1ebd \u0111em l\u1ea1i cho ng\u01b0\u1eddi d\u00f9ng nh\u1eefng tr\u1ea3i nghi\u1ec7p tuy\u1ec7t v\u1eddi nh\u1ea5t.<\/strong><\/p>\n","protected":false},"featured_media":427,"comment_status":"open","ping_status":"closed","template":"","meta":[],"product_cat":[33],"product_tag":[],"_links":{"self":[{"href":"https:\/\/demo.bmconnect.vn\/shop\/wp-json\/wp\/v2\/product\/426"}],"collection":[{"href":"https:\/\/demo.bmconnect.vn\/shop\/wp-json\/wp\/v2\/product"}],"about":[{"href":"https:\/\/demo.bmconnect.vn\/shop\/wp-json\/wp\/v2\/types\/product"}],"replies":[{"embeddable":true,"href":"https:\/\/demo.bmconnect.vn\/shop\/wp-json\/wp\/v2\/comments?post=426"}],"wp:featuredmedia":[{"embeddable":true,"href":"https:\/\/demo.bmconnect.vn\/shop\/wp-json\/wp\/v2\/media\/427"}],"wp:attachment":[{"href":"https:\/\/demo.bmconnect.vn\/shop\/wp-json\/wp\/v2\/media?parent=426"}],"wp:term":[{"taxonomy":"product_cat","embeddable":true,"href":"https:\/\/demo.bmconnect.vn\/shop\/wp-json\/wp\/v2\/product_cat?post=426"},{"taxonomy":"product_tag","embeddable":true,"href":"https:\/\/demo.bmconnect.vn\/shop\/wp-json\/wp\/v2\/product_tag?post=426"}],"curies":[{"name":"wp","href":"https:\/\/api.w.org\/{rel}","templated":true}]}}