{"id":424,"date":"2018-02-02T09:13:23","date_gmt":"2018-02-02T02:13:23","guid":{"rendered":"https:\/\/demo.bmconnect.vn\/shop\/?post_type=product&#038;p=424"},"modified":"2018-02-02T09:18:22","modified_gmt":"2018-02-02T02:18:22","slug":"dan-am-thanh-hifi-sony-gtk-xb5lc","status":"publish","type":"product","link":"https:\/\/demo.bmconnect.vn\/shop\/s\u1ea3n ph\u1ea9m\/dan-am-thanh-hifi-sony-gtk-xb5lc\/","title":{"rendered":"D\u00e0n \u00e2m thanh Hifi Sony GTK-XB5\/LC nh\u1eadp kh\u1ea9u H\u00e0n Qu\u1ed1c"},"content":{"rendered":"<p class=\"pd-news-title\">H\u00ecnh \u1ea3nh tham kh\u1ea3o: D\u00e0n \u00e2m thanh Hifi Sony GTK-XB5\/LC<\/p>\n<div id=\"pd-gallery\" class=\"pd-gallery\">\n<div class=\"pdg_slideshow owl-carousel owl-theme\">\n<div class=\"owl-wrapper-outer\">\n<div class=\"owl-wrapper\">\n<div class=\"owl-item\">\n<div class=\"g_item\"><a class=\"active\" data-img=\"https:\/\/cdn.mediamart.vn\/Product\/dan-am-thanh-hifi-sony-gtkxb5lc-W2st72.jpg\" data-bigimg=\"https:\/\/cdn.mediamart.vn\/Product\/dan-am-thanh-hifi-sony-gtkxb5lc-W2st72.jpg\"><img class=\"lazyOwl\" src=\"https:\/\/cdn.mediamart.vn\/Product\/dan-am-thanh-hifi-sony-gtkxb5lc-W2st72.jpg\" alt=\"D\u00e0n \u00e2m thanh Hifi Sony GTK-XB5\/LC\" data-small=\"https:\/\/cdn.mediamart.vn\/Product\/small_dan-am-thanh-hifi-sony-gtkxb5lc-W2st72.jpg\" \/><\/a><\/div>\n<\/div>\n<div class=\"owl-item loading\"><\/div>\n<div class=\"owl-item loading\"><\/div>\n<div class=\"owl-item loading\"><\/div>\n<div class=\"owl-item loading\"><\/div>\n<\/div>\n<\/div>\n<div class=\"owl-controls clickable\">\n<div class=\"owl-pagination\">\n<div class=\"owl-page active\"><img src=\"https:\/\/cdn.mediamart.vn\/Product\/small_dan-am-thanh-hifi-sony-gtkxb5lc-W2st72.jpg\" \/><\/div>\n<div class=\"owl-page\"><img src=\"https:\/\/cdn.mediamart.vn\/Product\/small_dan-am-thanh-hifi-sony-gtkxb5lc-J6f429.png\" \/><\/div>\n<div class=\"owl-page\"><img src=\"https:\/\/cdn.mediamart.vn\/Product\/small_dan-am-thanh-hifi-sony-gtkxb5lc-7z1j2m.png\" \/><\/div>\n<div class=\"owl-page\"><img src=\"https:\/\/cdn.mediamart.vn\/Product\/small_dan-am-thanh-hifi-sony-gtkxb5lc-E7jy02.png\" \/><\/div>\n<div class=\"owl-page\"><img src=\"https:\/\/cdn.mediamart.vn\/Product\/small_dan-am-thanh-hifi-sony-gtkxb5lc-NkobKf.png\" \/><\/div>\n<\/div>\n<div class=\"owl-buttons\"><\/div>\n<\/div>\n<\/div>\n<div class=\"cl\"><\/div>\n<\/div>\n<div class=\"cl\"><\/div>\n<div id=\"pd-special\"><\/div>\n<p class=\"pd-news-title\">Th\u00f4ng s\u1ed1 k\u1ef9 thu\u1eadt: D\u00e0n \u00e2m thanh Hifi Sony GTK-XB5\/LC<\/p>\n<div class=\"pd-news-content\"><\/div>\n<div class=\"cl\"><\/div>\n<h3 class=\"pd-news-title\">Th\u00f4ng tin: D\u00e0n \u00e2m thanh Hifi Sony GTK-XB5\/LC<\/h3>\n<div class=\"pd-news-content\">\n<p>\u0110\u00e3 c\u00f3 r\u1ea5t nhi\u1ec1u ng\u01b0\u1eddi d\u00f9ng y\u00eau m\u1ebfn th\u01b0\u01a1ng hi\u1ec7u Sony v\u00e0 mu\u1ed1n t\u00ecm cho m\u00ecnh m\u1ed9t chi\u1ebfc loa di \u0111\u1ed9ng t\u1ea7m trung ph\u00f9 h\u1ee3p nh\u01b0ng l\u1ea1i g\u1eb7p kh\u00f3 kh\u0103n v\u00ec v\u1ed1n d\u0129 Sony\u00a0SRS-XB3\u00a0kh\u00e1 nh\u1ecf trong khi\u00a0GTK-XB7\u00a0l\u1ea1i qu\u00e1 to. B\u00e2y gi\u1edd th\u00ec ch\u00fang ta \u0111\u00e3 c\u00f3 GTK-XB5 \u0111\u1ec3 gi\u1ea3i quy\u1ebft c\u00e2u h\u1ecfi \u0111\u00f3 &#8211; M\u1ed9t chi\u1ebfc loa k\u1ebft h\u1ee3p gi\u1eefa s\u1eafc m\u00e0u tr\u1ebb trung, \u00e2m thanh s\u1ed1ng \u0111\u1ed9ng, thi\u1ebft k\u1ebf kh\u1ecfe kho\u1eafn c\u1ee7a\u00a0XB7\u00a0nh\u01b0ng l\u1ea1i trong th\u00e2n h\u00ecnh nh\u1ecf g\u1ecdn h\u01a1n kh\u00e1 nhi\u1ec1u &#8230;<\/p>\n<p><img class=\"lazy\" src=\"https:\/\/cdn.mediamart.vn\/Upload\/download\/2017-6\/gtkxb5-G5ziyq.jpg\" data-original=\"https:\/\/cdn.mediamart.vn\/Upload\/download\/2017-6\/gtkxb5-G5ziyq.jpg\" \/><\/p>\n<p>V\u1eabn gi\u1eef nguy\u00ean to\u00e0n b\u1ed9 \u0111\u01b0\u1eddng n\u00e9t \u0111\u1eb7c tr\u01b0ng ho\u1eb7c c\u00f3 th\u1ec3 g\u1ecdi l\u00e0 tinh t\u1ebf c\u1ee7a\u00a0GTK-XB7, Sony\u00a0GTK-XB5\u00a0c\u00f3 thi\u1ebft k\u1ebf kh\u00e1 to b\u1ea3n v\u1edbi m\u1eb7t tr\u01b0\u1edbc b\u1ecdc m\u00e0n kim lo\u1ea1i, 2 \u0111\u1ea7u \u0111\u1ec1u c\u00f3 quai x\u00e1ch \u0111\u1ec3 ng\u01b0\u1eddi d\u00f9ng c\u1ea7m v\u00e0 2 v\u1ecb tr\u00ed \u0111\u1ee9ng\/n\u1eb1m ph\u1ee5c v\u1ee5 cho vi\u1ec7c b\u00e0y tr\u00ed v\u00e0 ch\u01a1i nh\u1ea1c c\u1ee7a ch\u1ee7 nh\u00e2n chi\u1ebfc loa.<\/p>\n<p><img class=\"lazy\" src=\"https:\/\/cdn.mediamart.vn\/Upload\/download\/2017-6\/gtkxb5-F8o8ro.jpg\" data-original=\"https:\/\/cdn.mediamart.vn\/Upload\/download\/2017-6\/gtkxb5-F8o8ro.jpg\" \/><\/p>\n<p>GTK-XB5 c\u00f3 c\u00e1c k\u1ebft n\u1ed1i th\u00f4ng d\u1ee5ng hi\u1ec7n nay nh\u01b0 bluetooth (h\u1ed7 tr\u1ee3 LDAC), AUX hay optical \u0111\u1ec3 m\u1edf r\u1ed9ng \u00e2m l\u01b0\u1ee3ng c\u1ee7a TV nh\u00e0 b\u1ea1n v\u00e0 \u0111\u1eb7c bi\u1ec7t l\u00e0 t\u00ednh n\u0103ng NFC gi\u00fap k\u1ebft n\u1ed1i v\u1edbi c\u00e1c \u0111i\u1ec7n tho\u1ea1i d\u1ec5 d\u00e0ng h\u01a1n. \u0110\u1ec3 \u0111i\u1ec1u khi\u1ec3n chi\u1ebfc loa n\u00e0y t\u1eeb c\u00e1c m\u1eabu \u0111i\u1ec7n tho\u1ea1i Android, b\u1ea1n c\u00f3 th\u1ec3 t\u1ea3i \u1ee9ng d\u1ee5ng mi\u1ec5n ph\u00ed Song Pal &amp; Fiestable v\u1ec1.<\/p>\n<\/div>\n","protected":false},"excerpt":{"rendered":"<p>H\u1ec7 th\u1ed1ng \u00e2m thanh Hifi v\u1edbi c\u00f4ng su\u1ea5t l\u1edbn 200W (RMS).<\/p>\n<p>Thi\u1ebft k\u1ebf nh\u1ecf g\u1ecdn, tinh t\u1ebf.<\/p>\n<p>\u200bC\u00f4ng ngh\u1ec7 Extra Bass t\u0103ng c\u01b0\u1eddng \u00e2m Bass, t\u1ed1i \u0111a tr\u1ea3i nghi\u1ec7m nghe nh\u1ea1c EDM s\u00f4i \u0111\u1ed9ng.<\/p>\n","protected":false},"featured_media":425,"comment_status":"open","ping_status":"closed","template":"","meta":[],"product_cat":[33],"product_tag":[],"_links":{"self":[{"href":"https:\/\/demo.bmconnect.vn\/shop\/wp-json\/wp\/v2\/product\/424"}],"collection":[{"href":"https:\/\/demo.bmconnect.vn\/shop\/wp-json\/wp\/v2\/product"}],"about":[{"href":"https:\/\/demo.bmconnect.vn\/shop\/wp-json\/wp\/v2\/types\/product"}],"replies":[{"embeddable":true,"href":"https:\/\/demo.bmconnect.vn\/shop\/wp-json\/wp\/v2\/comments?post=424"}],"wp:featuredmedia":[{"embeddable":true,"href":"https:\/\/demo.bmconnect.vn\/shop\/wp-json\/wp\/v2\/media\/425"}],"wp:attachment":[{"href":"https:\/\/demo.bmconnect.vn\/shop\/wp-json\/wp\/v2\/media?parent=424"}],"wp:term":[{"taxonomy":"product_cat","embeddable":true,"href":"https:\/\/demo.bmconnect.vn\/shop\/wp-json\/wp\/v2\/product_cat?post=424"},{"taxonomy":"product_tag","embeddable":true,"href":"https:\/\/demo.bmconnect.vn\/shop\/wp-json\/wp\/v2\/product_tag?post=424"}],"curies":[{"name":"wp","href":"https:\/\/api.w.org\/{rel}","templated":true}]}}