{"id":421,"date":"2018-02-02T09:10:30","date_gmt":"2018-02-02T02:10:30","guid":{"rendered":"https:\/\/demo.bmconnect.vn\/shop\/?post_type=product&#038;p=421"},"modified":"2018-02-02T09:10:30","modified_gmt":"2018-02-02T02:10:30","slug":"dien-thoai-ip-panasonic-kx-hdv100-tien-ich","status":"publish","type":"product","link":"https:\/\/demo.bmconnect.vn\/shop\/s\u1ea3n ph\u1ea9m\/dien-thoai-ip-panasonic-kx-hdv100-tien-ich\/","title":{"rendered":"\u0110i\u1ec7n tho\u1ea1i IP Panasonic KX-HDV100 ti\u1ec7n \u00edch"},"content":{"rendered":"<p>&#8211; 1 t\u00e0i kho\u1ea3n SIP, M\u00e0n h\u00ecnh LCD \u0111\u1ed3 h\u1ecda 132 x 64 pixel 2.3 inch, Ti\u1ebfng HD (G.722)<\/p>\n<p>&#8211; L\u00ean \u0111\u1ebfn 500 danh b\u1ea1, H\u1ed7 tr\u1ee3 cu\u1ed9c g\u1ecdi h\u1ed9i ngh\u1ecb 3 chi\u1ec1u, T\u01b0\u01a1ng th\u00edch v\u1edbi Broadsoft UC m\u1ed9t 1 x 10 \/ 100M c\u1ed5ng<\/p>\n<p>&#8211; Ti\u00eau th\u1ee5 \u0111i\u1ec7n n\u0103ng th\u1ea5p, Giao di\u1ec7n \u1ee9ng d\u1ee5ng XML, 2 ph\u00edm l\u1eadp tr\u00ecnh \u0111\u01b0\u1ee3c<\/p>\n","protected":false},"excerpt":{"rendered":"<p>&#8211; 1 t\u00e0i kho\u1ea3n SIP, M\u00e0n h\u00ecnh LCD \u0111\u1ed3 h\u1ecda 132 x 64 pixel 2.3 inch, Ti\u1ebfng HD (G.722)<\/p>\n<p>&#8211; L\u00ean \u0111\u1ebfn 500 danh b\u1ea1, H\u1ed7 tr\u1ee3 cu\u1ed9c g\u1ecdi h\u1ed9i ngh\u1ecb 3 chi\u1ec1u, T\u01b0\u01a1ng th\u00edch v\u1edbi Broadsoft UC m\u1ed9t 1 x 10 \/ 100M c\u1ed5ng<\/p>\n<p>&#8211; Ti\u00eau th\u1ee5 \u0111i\u1ec7n n\u0103ng th\u1ea5p, Giao di\u1ec7n \u1ee9ng d\u1ee5ng XML, 2 ph\u00edm l\u1eadp tr\u00ecnh \u0111\u01b0\u1ee3c<\/p>\n","protected":false},"featured_media":422,"comment_status":"open","ping_status":"closed","template":"","meta":[],"product_cat":[32],"product_tag":[],"_links":{"self":[{"href":"https:\/\/demo.bmconnect.vn\/shop\/wp-json\/wp\/v2\/product\/421"}],"collection":[{"href":"https:\/\/demo.bmconnect.vn\/shop\/wp-json\/wp\/v2\/product"}],"about":[{"href":"https:\/\/demo.bmconnect.vn\/shop\/wp-json\/wp\/v2\/types\/product"}],"replies":[{"embeddable":true,"href":"https:\/\/demo.bmconnect.vn\/shop\/wp-json\/wp\/v2\/comments?post=421"}],"wp:featuredmedia":[{"embeddable":true,"href":"https:\/\/demo.bmconnect.vn\/shop\/wp-json\/wp\/v2\/media\/422"}],"wp:attachment":[{"href":"https:\/\/demo.bmconnect.vn\/shop\/wp-json\/wp\/v2\/media?parent=421"}],"wp:term":[{"taxonomy":"product_cat","embeddable":true,"href":"https:\/\/demo.bmconnect.vn\/shop\/wp-json\/wp\/v2\/product_cat?post=421"},{"taxonomy":"product_tag","embeddable":true,"href":"https:\/\/demo.bmconnect.vn\/shop\/wp-json\/wp\/v2\/product_tag?post=421"}],"curies":[{"name":"wp","href":"https:\/\/api.w.org\/{rel}","templated":true}]}}