{"id":419,"date":"2018-02-02T09:09:26","date_gmt":"2018-02-02T02:09:26","guid":{"rendered":"https:\/\/demo.bmconnect.vn\/shop\/?post_type=product&#038;p=419"},"modified":"2018-02-02T09:09:26","modified_gmt":"2018-02-02T02:09:26","slug":"may-fax-panasonic-kx-mb-2085-in-scan-copy-thoai","status":"publish","type":"product","link":"https:\/\/demo.bmconnect.vn\/shop\/s\u1ea3n ph\u1ea9m\/may-fax-panasonic-kx-mb-2085-in-scan-copy-thoai\/","title":{"rendered":"M\u00e1y fax Panasonic KX-MB 2085 ( In &#8211; scan &#8211; copy &#8211; tho\u1ea1i )"},"content":{"rendered":"<p><strong>3. Quy tr\u00ecnh b\u1ea3o h\u00e0nh \u01b0u vi\u1ec7t:<\/strong><\/p>\n<p>* Khi s\u1ea3n ph\u1ea9m x\u1ea3y ra l\u1ed7i, kh\u00e1ch h\u00e0ng li\u00ean h\u1ec7 theo s\u1ed1 Hotline: 1900.545.416 \u0111\u1ec3 ghi nh\u1eadn th\u00f4ng tin. * T\u1ea5t c\u1ea3 c\u00e1c v\u1ea5n \u0111\u1ec1 ph\u00e1t sinh c\u1ee7a s\u1ea3n ph\u1ea9m s\u1ebd \u0111\u01b0\u1ee3c x\u1eed l\u00fd trong v\u00f2ng 24 gi\u1edd l\u00e0m vi\u1ec7c, k\u1ec3 t\u1eeb khi nh\u1eadn \u0111\u01b0\u1ee3c th\u00f4ng b\u00e1o t\u1eeb kh\u00e1ch h\u00e0ng qua h\u1ec7 th\u1ed1ng Hotline ho\u1eb7c ghi nh\u1eadn tr\u1ef1c ti\u1ebfp. * H\u1ed7 tr\u1ee3 thay th\u1ebf m\u1ef1c \u0111\u1ed5 t\u1eadn n\u01a1i trong n\u1ed9i th\u00e0nh H\u00e0 N\u1ed9i.<\/p>\n<p><strong>III. \u0110I\u1ec0U\u00a0KI\u1ec6N \u00c1P D\u1ee4NG.<\/strong><\/p>\n<p>1. Ch\u01b0\u01a1ng tr\u00ecnh B\u1ea3o h\u00e0nh \u01b0u vi\u1ec7t \u00e1p d\u1ee5ng cho khu v\u1ef1c n\u1ed9i th\u00e0nh H\u00e0 N\u1ed9i (b\u00e1n k\u00ednh 20km t\u00ednh t\u1eeb Trung t\u00e2m b\u1ea3o h\u00e0nh c\u1ee7a Panasonic) v\u00e0 ch\u1ec9 \u00e1p d\u1ee5ng cho c\u00e1c s\u1ea3n ph\u1ea9m M\u00e1y in \/ M\u00e1y Fax \u0111a ch\u1ee9c n\u0103ng Panasonic \u0111\u01b0\u1ee3c mua t\u1ea1i <strong>H\u1ec7 th\u1ed1ng si\u00eau th\u1ecb \u0111i\u1ec7n m\u00e1y Mediamart<\/strong><\/p>\n<p>2. Tr\u01b0\u1eddng h\u1ee3p kh\u00e1ch h\u00e0ng ngo\u00e0i khu v\u1ef1c n\u1ed9i th\u00e0nh, Panasonic s\u1ebd h\u1ed7 tr\u1ee3 chi ph\u00ed chuy\u1ec3n h\u00e0ng cho kh\u00e1ch \u0111\u1ec3 chuy\u1ec3n h\u00e0ng \u0111\u1ebfn trung t\u00e2m b\u1ea3o h\u00e0nh Panasonic. H\u00e3ng s\u1ebd cam k\u1ebft g\u1eedi tr\u1ea3 h\u00e0ng trong v\u00f2ng 8 gi\u1edd l\u00e0m vi\u1ec7c t\u1eeb khi nh\u1eadn \u0111\u01b0\u1ee3c h\u00e0ng.<\/p>\n<p><strong>IV. TH\u00d4NG TIN.<\/strong><\/p>\n<p><strong>Trung t\u00e2m b\u1ea3o h\u00e0nh c\u00e1c s\u1ea3n ph\u1ea9m Panasonic t\u1ea1i H\u00e0 N\u1ed9i:<\/strong><\/p>\n<p><strong>\u0110\u1ecba ch\u1ec9: 24 H\u00f2a M\u00e3 &#8211; H\u00e0 N\u1ed9i<\/strong><\/p>\n<p><strong>Th\u00f4ng s\u1ed1 k\u1ef9 thu\u1eadt:\u00a0<\/strong><\/p>\n","protected":false},"excerpt":{"rendered":"<p>&#8211; Ki\u1ec3u M\u00e1y in: Laser \u0111a ch\u1ee9c n\u0103ng.<\/p>\n<p>&#8211; T\u1ed1c \u0111\u1ed9 in:24 trang \/ph\u00fat.<\/p>\n<p>&#8211; \u0110\u1ed9 ph\u00e2n gi\u1ea3i: 600 x 600dpi<\/p>\n<p>&#8211; B\u1ed9 nh\u1edb trong: 32 MB.<\/p>\n","protected":false},"featured_media":420,"comment_status":"open","ping_status":"closed","template":"","meta":[],"product_cat":[32],"product_tag":[],"_links":{"self":[{"href":"https:\/\/demo.bmconnect.vn\/shop\/wp-json\/wp\/v2\/product\/419"}],"collection":[{"href":"https:\/\/demo.bmconnect.vn\/shop\/wp-json\/wp\/v2\/product"}],"about":[{"href":"https:\/\/demo.bmconnect.vn\/shop\/wp-json\/wp\/v2\/types\/product"}],"replies":[{"embeddable":true,"href":"https:\/\/demo.bmconnect.vn\/shop\/wp-json\/wp\/v2\/comments?post=419"}],"wp:featuredmedia":[{"embeddable":true,"href":"https:\/\/demo.bmconnect.vn\/shop\/wp-json\/wp\/v2\/media\/420"}],"wp:attachment":[{"href":"https:\/\/demo.bmconnect.vn\/shop\/wp-json\/wp\/v2\/media?parent=419"}],"wp:term":[{"taxonomy":"product_cat","embeddable":true,"href":"https:\/\/demo.bmconnect.vn\/shop\/wp-json\/wp\/v2\/product_cat?post=419"},{"taxonomy":"product_tag","embeddable":true,"href":"https:\/\/demo.bmconnect.vn\/shop\/wp-json\/wp\/v2\/product_tag?post=419"}],"curies":[{"name":"wp","href":"https:\/\/api.w.org\/{rel}","templated":true}]}}