{"id":412,"date":"2018-02-02T09:04:28","date_gmt":"2018-02-02T02:04:28","guid":{"rendered":"https:\/\/demo.bmconnect.vn\/shop\/?post_type=product&#038;p=412"},"modified":"2018-02-02T09:04:28","modified_gmt":"2018-02-02T02:04:28","slug":"may-hut-bui-electrolux-zlux1811-cong-suat-1100w-nhap-khau","status":"publish","type":"product","link":"https:\/\/demo.bmconnect.vn\/shop\/s\u1ea3n ph\u1ea9m\/may-hut-bui-electrolux-zlux1811-cong-suat-1100w-nhap-khau\/","title":{"rendered":"M\u00e1y h\u00fat b\u1ee5i Electrolux ZLUX1811 c\u00f4ng su\u1ea5t 1100w nh\u1eadp kh\u1ea9u"},"content":{"rendered":"<p><strong>\u0110\u1eb7c \u0111i\u1ec3m n\u1ed5i b\u1eadt<\/strong><\/p>\n<p><img class=\"lazy\" src=\"https:\/\/cdn.mediamart.vn\/Upload\/download\/2017-3-News\/L3qjVKFf2p5ldmg.jpg\" data-original=\"https:\/\/cdn.mediamart.vn\/Upload\/download\/2017-3-News\/L3qjVKFf2p5ldmg.jpg\" \/><\/p>\n<p>&nbsp;<\/p>\n<p><strong>Thi\u1ebft k\u1ebf\u00a0nh\u1ecf g\u1ecdn<\/strong><\/p>\n<p>M\u00e1y h\u00fat b\u1ee5i Electrolux ZLUX1811\u00a0nh\u1ecf g\u1ecdn, v\u1edbi gam m\u00e0u t\u00edm tr\u1ebb trung,\u00a0thi\u1ebft k\u1ebf b\u1eaft m\u1eaft, th\u00eam v\u00e0o \u0111\u00f3 l\u00e0 b\u00e1nh xe b\u1eb1ng cao su kh\u00f4ng g\u00e2y tr\u1ea7y x\u01b0\u1edbc s\u00e0n nh\u00e0, \u0111\u1ea3m b\u1ea3o cho b\u1ea1n di chuy\u1ec3n d\u1ec5 d\u00e0ng.<\/p>\n<p><img class=\"lazy\" src=\"https:\/\/cdn.mediamart.vn\/Upload\/download\/2015-6\/may-hutelectrolux-zlux1811_2c35ddf0-ad4b-414a-907e-c27559544cb3.png\" data-original=\"https:\/\/cdn.mediamart.vn\/Upload\/download\/2015-6\/may-hutelectrolux-zlux1811_2c35ddf0-ad4b-414a-907e-c27559544cb3.png\" \/><\/p>\n<p>&nbsp;<\/p>\n<p><strong>C\u00f4ng ngh\u1ec7 l\u1ecdc HEPA ti\u00ean ti\u1ebfn<\/strong><\/p>\n<p>V\u1edbi c\u00f4ng ngh\u1ec7 l\u1ecdc HEPA ti\u00ean ti\u1ebfn,\u00a0m\u00e1y h\u00fat b\u1ee5i\u00a0Electrolux ZLUX1811\u00a0gi\u00fap kh\u00f4ng kh\u00ed th\u1ea3i ra khi h\u00fat b\u1ee5i \u0111\u01b0\u1ee3c l\u1ecdc s\u1ea1ch, \u0111\u1ea3m b\u1ea3o v\u1ec7 sinh an to\u00e0n cho nh\u00e0 b\u1ea1n.<\/p>\n<p><img class=\"lazy\" src=\"https:\/\/cdn.mediamart.vn\/Upload\/download\/2015-6\/may-hutelectrolux-zlux1811_d1ecba72-de6f-4eb9-96ac-6d7c1a5e0842.png\" data-original=\"https:\/\/cdn.mediamart.vn\/Upload\/download\/2015-6\/may-hutelectrolux-zlux1811_d1ecba72-de6f-4eb9-96ac-6d7c1a5e0842.png\" \/><\/p>\n<p>&nbsp;<\/p>\n<p><strong>C\u00f4ng su\u1ea5t m\u00e1y 1800W v\u1edbi nhi\u1ec1u m\u1ee9c \u0111i\u1ec1u ch\u1ec9nh<\/strong><\/p>\n<p>C\u00f4ng su\u1ea5t m\u00e1y 1800W cho kh\u1ea3 n\u0103ng ho\u1ea1t \u0111\u1ed9ng b\u1ec1n b\u1ec9\u00a0v\u1edbi nhi\u1ec1u m\u1ee9c \u0111i\u1ec1u ch\u1ec9nh l\u1ef1c h\u00fat linh ho\u1ea1t khi c\u1ea7n thay \u0111\u1ed5i.<\/p>\n<p><img class=\"lazy\" src=\"https:\/\/cdn.mediamart.vn\/Upload\/download\/2015-6\/may-hutelectrolux-zlux1811_0b739422-054f-40d1-96a5-3afaf020eaa9.png\" data-original=\"https:\/\/cdn.mediamart.vn\/Upload\/download\/2015-6\/may-hutelectrolux-zlux1811_0b739422-054f-40d1-96a5-3afaf020eaa9.png\" \/><\/p>\n<p>&nbsp;<\/p>\n<p><strong>Dung t\u00edch t\u00fai ch\u1ee9a b\u1ee5i 1.0L<\/strong><\/p>\n<p>Dung t\u00edch t\u00fai ch\u1ee9a b\u1ee5i c\u1ee7a m\u00e1y 1.0L,\u00a0gi\u00fap b\u1ea1n c\u00f3 th\u1ec3 h\u00fat li\u00ean t\u1ee5c m\u00e0 kh\u00f4ng c\u1ea7n ph\u1ea3i v\u1ec7 sinh n\u1eeda ch\u1eebng.<\/p>\n<p><img class=\"lazy\" src=\"https:\/\/cdn.mediamart.vn\/Upload\/download\/2015-6\/may-hutelectrolux-zlux1811_5aebef07-baad-42d3-9ca9-7d51ae16786a.png\" data-original=\"https:\/\/cdn.mediamart.vn\/Upload\/download\/2015-6\/may-hutelectrolux-zlux1811_5aebef07-baad-42d3-9ca9-7d51ae16786a.png\" \/><\/p>\n<p>&nbsp;<\/p>\n<p><strong>K\u1ebft h\u1ee3p t\u00fai b\u1ee5i v\u00e0 h\u1ed9p ch\u1ee9a<\/strong><\/p>\n<p>M\u00e1y h\u00fat b\u1ee5i Electrolux ZLUX1811\u00a0c\u00f3 th\u1ec3 d\u00f9ng t\u00fai b\u1ee5i\u00a0ho\u1eb7c d\u00f9ng h\u1ed9p \u0111\u1ef1ng \u0111\u01b0\u1ee3c thi\u1ebft k\u1ebf nh\u1eb1m mang l\u1ea1i s\u1ef1 ti\u1ec7n l\u1ee3i v\u00e0 linh \u0111\u1ed9ng cho b\u1ea1n.<\/p>\n","protected":false},"excerpt":{"rendered":"<p>&#8211; C\u00f4ng su\u1ea5t m\u00e1y 1800W<\/p>\n<p>&#8211; T\u00fai b\u1ee5i 1L<\/p>\n<p>&#8211; Kh\u1eed m\u00f9i di\u1ec7t khu\u1ea9n, l\u1ecdc b\u1ee5i<\/p>\n<p>&#8211; D\u00e2y \u0111i\u1ec7n t\u1ef1 thu h\u1ed3i<\/p>\n","protected":false},"featured_media":413,"comment_status":"open","ping_status":"closed","template":"","meta":[],"product_cat":[31],"product_tag":[],"_links":{"self":[{"href":"https:\/\/demo.bmconnect.vn\/shop\/wp-json\/wp\/v2\/product\/412"}],"collection":[{"href":"https:\/\/demo.bmconnect.vn\/shop\/wp-json\/wp\/v2\/product"}],"about":[{"href":"https:\/\/demo.bmconnect.vn\/shop\/wp-json\/wp\/v2\/types\/product"}],"replies":[{"embeddable":true,"href":"https:\/\/demo.bmconnect.vn\/shop\/wp-json\/wp\/v2\/comments?post=412"}],"wp:featuredmedia":[{"embeddable":true,"href":"https:\/\/demo.bmconnect.vn\/shop\/wp-json\/wp\/v2\/media\/413"}],"wp:attachment":[{"href":"https:\/\/demo.bmconnect.vn\/shop\/wp-json\/wp\/v2\/media?parent=412"}],"wp:term":[{"taxonomy":"product_cat","embeddable":true,"href":"https:\/\/demo.bmconnect.vn\/shop\/wp-json\/wp\/v2\/product_cat?post=412"},{"taxonomy":"product_tag","embeddable":true,"href":"https:\/\/demo.bmconnect.vn\/shop\/wp-json\/wp\/v2\/product_tag?post=412"}],"curies":[{"name":"wp","href":"https:\/\/api.w.org\/{rel}","templated":true}]}}