{"id":408,"date":"2018-02-02T09:02:37","date_gmt":"2018-02-02T02:02:37","guid":{"rendered":"https:\/\/demo.bmconnect.vn\/shop\/?post_type=product&#038;p=408"},"modified":"2018-02-02T09:02:37","modified_gmt":"2018-02-02T02:02:37","slug":"smart-tivi-lg-43-inch-43uj632t-4k-hdr-webos-3-5","status":"publish","type":"product","link":"https:\/\/demo.bmconnect.vn\/shop\/s\u1ea3n ph\u1ea9m\/smart-tivi-lg-43-inch-43uj632t-4k-hdr-webos-3-5\/","title":{"rendered":"Smart Tivi LG 43 inch 43UJ632T, 4K HDR, WebOS 3.5"},"content":{"rendered":"<p><strong>Smart Tivi LG 43 inch\u00a043UJ632T\u00a04K Active HDR \u00a0&#8211; Thi\u1ebft k\u1ebf si\u00eau m\u1ecfng, \u1ea5n t\u01b0\u1ee3ng<\/strong><\/p>\n<p><strong>\u0110\u1ed9 ph\u00e2n gi\u1ea3i cao\u00a04K UHD<\/strong><\/p>\n<p>\u0110\u1ed9 ph\u00e2n gi\u1ea3i ULTRA HD l\u00e0 \u0111\u1ed9 ph\u00e2n gi\u1ea3i g\u1ea5p b\u1ed1n l\u1ea7n so v\u1edbi Full HD, \u0111em l\u1ea1i ch\u1ea5t l\u01b0\u1ee3ng h\u00ecnh \u1ea3nh s\u1eafc n\u00e9t v\u00e0 c\u00e1c chi ti\u1ebft s\u00e2u \u0111\u00e1ng ng\u1ea1c nhi\u00ean, t\u1ea1o n\u00ean nh\u1eefng khung h\u00ecnh ho\u00e0n m\u1ef9 ngay c\u1ea3 khi xem \u1edf kho\u1ea3ng c\u00e1ch g\u1ea7n ho\u1eb7c r\u1ea5t g\u1ea7n.<\/p>\n<p><img class=\"lazy\" src=\"https:\/\/cdn.mediamart.vn\/Upload\/images\/01_65_60_55_49_43UJ65_B_IPS%204K%20(main).jpg\" data-original=\"https:\/\/cdn.mediamart.vn\/Upload\/images\/01_65_60_55_49_43UJ65_B_IPS%204K%20(main).jpg\" \/><\/p>\n<p><strong>+ T\u1ea5m n\u1ec1n 4K\u00a0IPS<\/strong><\/p>\n<p>M\u1ed9t trong nh\u1eefng b\u00ed m\u1eadt t\u1ea1o n\u00ean s\u1ef1 kh\u00e1c bi\u1ec7t c\u1ee7a TV LG 4K l\u00e0 t\u1ea5m n\u1ec1n IPS. IPS 4K mang \u0111\u1ebfn m\u00e0u s\u1eafc ch\u00e2n th\u1eadt ho\u00e0n h\u1ea3o so v\u1edbi nguy\u00ean b\u1ea3n t\u1eeb m\u1ecdi g\u00f3c nh\u00ecn v\u1edbi \u0111\u1ed9 ph\u00e2n gi\u1ea3i g\u1ea5p 4 l\u1ea7n Full HD. V\u1edbi IPS 4K, b\u1ea1n c\u00f3 th\u1ec3 th\u01b0\u1edfng th\u1ee9c ch\u01b0\u01a1ng tr\u00ecnh gi\u1ea3i tr\u00ed \u1edf c\u1ea5t c\u1ee9 v\u1ecb tr\u00ed ng\u1ed3i n\u00e0o.<\/p>\n<p><img class=\"lazy\" src=\"https:\/\/cdn.mediamart.vn\/Upload\/images\/03_65_60_55_49_43UJ65_B_HDR-Effect-desk.jpg\" data-original=\"https:\/\/cdn.mediamart.vn\/Upload\/images\/03_65_60_55_49_43UJ65_B_HDR-Effect-desk.jpg\" \/><\/p>\n<p><strong>+ Active HDR<\/strong><\/p>\n<p>Sau s\u1ef1 xu\u1ea5t hi\u1ec7n c\u1ee7a nh\u1eefng ph\u00e1t tri\u1ec3n kh\u00f4ng ng\u1eebng c\u1ee7a Tivi t\u1eeb\u00a0m\u00e0n h\u00ecnh l\u1edbn h\u01a1n, m\u1ecfng h\u01a1n r\u1ed3i m\u00e0n h\u00ecnh 3D, m\u00e0n h\u00ecnh cong, m\u00e0n h\u00ecnh 4K, th\u00ec HDR ch\u00ednh b\u01b0\u1edbc ti\u1ebfn c\u00f4ng ngh\u1ec7 h\u00ecnh \u1ea3nh m\u1edbi nh\u1ea5t tr\u00ean Tivi.<\/p>\n<p><img class=\"lazy\" src=\"https:\/\/cdn.mediamart.vn\/Upload\/images\/02_65_60_55_49_43UJ65_B_Active%20HDR%20(main).jpg\" data-original=\"https:\/\/cdn.mediamart.vn\/Upload\/images\/02_65_60_55_49_43UJ65_B_Active%20HDR%20(main).jpg\" \/><\/p>\n<p>HDR l\u00e0 vi\u1ebft t\u1eaft c\u1ee7a High Dynamic Range (t\u1ea1m d\u1ecbch l\u00e0 d\u1ea3i t\u01b0\u01a1ng ph\u1ea3n \u0111\u1ed9ng m\u1edf r\u1ed9ng). Dynamic Range l\u00e0 kh\u00e1i ni\u1ec7m d\u00f9ng \u0111\u1ec3 ch\u1ec9 s\u1ef1 kh\u00e1c bi\u1ec7t cao nh\u1ea5t gi\u1eefa v\u00f9ng s\u00e1ng v\u00e0 v\u00f9ng t\u1ed1i m\u00e0 c\u00e1c thi\u1ebft b\u1ecb c\u00f3 th\u1ec3 ghi nh\u1eadn ho\u1eb7c th\u1ec3 hi\u1ec7n l\u1ea1i. HDR cho ph\u00e9p tivi hi\u1ec3n th\u1ecb m\u1ed9t d\u1ea3i \u0111\u1ed9ng r\u1ed9ng h\u01a1n, \u0111\u1ea1t \u0111\u1ed9 t\u1ed1i s\u00e2u h\u01a1n v\u00e0 \u0111\u1ed9 tr\u1eafng s\u00e1ng nhi\u1ec1u h\u01a1n.\u00a0HDR \u0111\u1ea1i di\u1ec7n cho m\u1ed9t c\u1ea3i ti\u1ebfn \u0111\u00e1ng ch\u00fa \u00fd \u0111\u1ebfn ch\u1ea5t l\u01b0\u1ee3ng h\u00ecnh \u1ea3nh \u0111\u1ea1t chu\u1ea9n 4K Ultra HD.<\/p>\n<p><img class=\"lazy\" src=\"https:\/\/cdn.mediamart.vn\/Upload\/images\/05_65_60_55_49_43UJ65_B_4K-Upscaler-(main)-desk.jpg\" data-original=\"https:\/\/cdn.mediamart.vn\/Upload\/images\/05_65_60_55_49_43UJ65_B_4K-Upscaler-(main)-desk.jpg\" \/><\/p>\n<p><strong>4K Upscaler<\/strong><\/p>\n<p>N\u00e2ng c\u1ea5p ch\u1ea5t l\u01b0\u1ee3ng h\u00ecnh \u1ea3nh g\u1ea7n v\u1edbi 4K nh\u1ea5t v\u00e0 b\u00e2y gi\u1edd b\u1ea1n c\u00f3 th\u1ec3 th\u01b0\u1edfng th\u1ee9c h\u00ecnh \u1ea3nh 4K t\u1eeb nhi\u1ec1u ngu\u1ed3n kh\u00e1c nhau. V\u1edbi b\u1ed9 n\u00e2ng c\u1ea5p ch\u1ea5t l\u01b0\u1ee3ng h\u00ecnh \u1ea3nh 4K s\u1ebd gi\u00fap t\u0103ng c\u01b0\u1eddng c\u00e1c chi ti\u1ebft c\u1ee7a ch\u01b0\u01a1ng tr\u00ecnh ph\u00e1t s\u00f3ng, phim \u1ea3nh v\u00e0 th\u1ec3 thao \u0111\u1ebfn g\u1ea7n chu\u1ea9n c\u1ee7a ch\u1ea5t l\u01b0\u1ee3ng h\u00ecnh \u1ea3nh 4K nh\u1ea5t t\u1eeb b\u1ea5t k\u00ec ngu\u1ed3n ph\u00e1t n\u00e0o, mang \u0111\u1ebfn c\u01a1 h\u1ed9i tr\u1ea3i nghi\u1ec7m h\u00ecnh \u1ea3nh 4K theo c\u00e1ch c\u1ee7a b\u1ea1n.<\/p>\n<p><img class=\"lazy\" src=\"https:\/\/cdn.mediamart.vn\/Upload\/images\/06_65_60_55_49_43UJ65_B_Ultra%20Surround.jpg\" data-original=\"https:\/\/cdn.mediamart.vn\/Upload\/images\/06_65_60_55_49_43UJ65_B_Ultra%20Surround.jpg\" \/><\/p>\n<p><strong>+ \u0110\u1eafm tr\u00ecm trong \u00e2m thanh s\u1ed1ng \u0111\u1ed9ng<\/strong><\/p>\n<p>\u00c2m thanh v\u00f2m \u0111a k\u00eanh Ultra Surround s\u1ebd khi\u1ebfn b\u1ea1n h\u00f2an t\u00f2an \u0111\u1eafm ch\u00ecm trong th\u1ebf gi\u1edbi \u00e2m thanh t\u1eeb tr\u00ean xu\u1ed1ng d\u01b0\u1edbi, tr\u00e1i v\u00e0 ph\u1ea3i, ph\u00eda tr\u01b0\u1edbc v\u00e0 trung t\u00e2m. B\u00e2y gi\u1edd, h\u00e3y t\u1ed1i \u0111a h\u00f3a tr\u1ea3i nghi\u1ec7m h\u00ecnh \u1ea3nh 4K c\u1ee7a b\u1ea1n v\u1edbi \u00e2m thanh v\u00f2m cao c\u1ea5p Ultra Surround.<\/p>\n<p><strong>Smart Tivi 2016 &#8211; H\u1ec7 \u0111i\u1ec1u h\u00e0nh WebOS 3.5<\/strong><\/p>\n<p>N\u1ec1n t\u1ea3ng h\u1ec7 \u0111i\u1ec1u h\u00e0nh n\u00e0y \u0111\u01b0\u1ee3c LG \u00e1p d\u1ee5ng cho t\u1ea5t c\u1ea3 d\u00f2ng TV th\u00f4ng minh n\u0103m 2017. Ngo\u00e0i nh\u1eefng t\u00ednh n\u0103ng s\u1eb5n c\u00f3, LG nh\u1ea5n m\u1ea1nh m\u1ed9t s\u1ed1 ti\u1ec7n \u00edch tr\u00ean d\u00f2ng OLED v\u00e0 Tivi LG 4K\u00a0nh\u01b0 kh\u1ea3 n\u0103ng ph\u00f3ng to \u0111i\u1ec3m \u1ea3nh l\u00ean 150%, 200%\u2026 gi\u00fap ng\u01b0\u1eddi xem \u2018s\u0103m soi\u2019 chi ti\u1ebft h\u00ecnh \u1ea3nh r\u00f5 h\u01a1n, \u0111\u1eb7c bi\u1ec7t l\u00e0 khi ph\u00e1t n\u1ed9i dung 4K ho\u1eb7c l\u01b0\u1edbt web. Ti\u1ebfp \u0111\u1ebfn l\u00e0 t\u00ednh n\u0103ng chia \u0111\u00f4i m\u00e0n h\u00ecnh v\u1edbi c\u00e1c ngu\u1ed3n t\u00edn hi\u1ec7u \u0111\u1ea7u v\u00e0o c\u00f3 s\u1eb5n nh\u01b0 truy\u1ec1n h\u00ecnh, HDMI\u2026 Cu\u1ed1i c\u00f9ng, TV c\u00f3 kh\u1ea3 n\u0103ng ph\u00e1t nh\u1ea1c trong khi m\u00e0n h\u00ecnh c\u00f3 th\u1ec3 t\u1eaft \u0111i, ti\u1ec7n \u00edch n\u00e0y kh\u00e1 th\u00edch h\u1ee3p khi s\u1eed d\u1ee5ng ch\u00ednh TV \u0111\u1ec3 nghe nh\u1ea1c v\u1edbi d\u00e0n loa \u00e2m thanh do Harman Kardon hi\u1ec7u ch\u1ec9nh.<\/p>\n","protected":false},"excerpt":{"rendered":"<p>C\u00f4ng ngh\u1ec7 HDR t\u0103ng c\u01b0\u1eddng \u0111\u1ed9 t\u01b0\u01a1ng ph\u1ea3n v\u00e0 m\u1edf r\u1ed9ng d\u1ea3i m\u00e0u tivi.<\/p>\n<p>Magic remote h\u1ed7 tr\u1ee3 t\u00ecm ki\u1ebfm b\u1eb1ng gi\u1ecdng n\u00f3i, ph\u00f3ng to m\u00e0n h\u00ecnh.<\/p>\n<p>C\u00f4ng ngh\u1ec7 h\u00ecnh \u1ea3nh:, 4K HDR, ULTRA Luminance, Local Dimming, 4K Upscaler.<\/p>\n<p>C\u00f4ng ngh\u1ec7 \u00e2m thanh: Dolby\u00a0Digital, DTS Decoder, Clear Voice, Ultra Surround s\u1ed1ng<\/p>\n","protected":false},"featured_media":409,"comment_status":"open","ping_status":"closed","template":"","meta":[],"product_cat":[31],"product_tag":[],"_links":{"self":[{"href":"https:\/\/demo.bmconnect.vn\/shop\/wp-json\/wp\/v2\/product\/408"}],"collection":[{"href":"https:\/\/demo.bmconnect.vn\/shop\/wp-json\/wp\/v2\/product"}],"about":[{"href":"https:\/\/demo.bmconnect.vn\/shop\/wp-json\/wp\/v2\/types\/product"}],"replies":[{"embeddable":true,"href":"https:\/\/demo.bmconnect.vn\/shop\/wp-json\/wp\/v2\/comments?post=408"}],"wp:featuredmedia":[{"embeddable":true,"href":"https:\/\/demo.bmconnect.vn\/shop\/wp-json\/wp\/v2\/media\/409"}],"wp:attachment":[{"href":"https:\/\/demo.bmconnect.vn\/shop\/wp-json\/wp\/v2\/media?parent=408"}],"wp:term":[{"taxonomy":"product_cat","embeddable":true,"href":"https:\/\/demo.bmconnect.vn\/shop\/wp-json\/wp\/v2\/product_cat?post=408"},{"taxonomy":"product_tag","embeddable":true,"href":"https:\/\/demo.bmconnect.vn\/shop\/wp-json\/wp\/v2\/product_tag?post=408"}],"curies":[{"name":"wp","href":"https:\/\/api.w.org\/{rel}","templated":true}]}}